{"id":22303,"date":"2025-03-26T12:11:28","date_gmt":"2025-03-26T11:11:28","guid":{"rendered":"https:\/\/metropolevsech.eu\/?page_id=22303"},"modified":"2025-03-26T12:11:28","modified_gmt":"2025-03-26T11:11:28","slug":"domy","status":"publish","type":"page","link":"https:\/\/metropolevsech.eu\/cs\/domy\/","title":{"rendered":"Domy"},"content":{"rendered":"<p><\/p>\n<h4>N\u00e1rodn\u00ed divadlo<\/h4>\n<img loading=\"lazy\" class=\"alignnone wp-image-9206 size-content-image article-img\" src=\"\/\/metropolevsech.eu\/wp-content\/uploads\/2019\/04\/narodni-divadlo-motiv-Prague-city-tourism-670x209.jpg\" alt=\"\" width=\"670\" height=\"209\" srcset=\"https:\/\/metropolevsech.eu\/wp-content\/uploads\/2019\/04\/narodni-divadlo-motiv-Prague-city-tourism-670x209.jpg 670w, https:\/\/metropolevsech.eu\/wp-content\/uploads\/2019\/04\/narodni-divadlo-motiv-Prague-city-tourism-300x94.jpg 300w, https:\/\/metropolevsech.eu\/wp-content\/uploads\/2019\/04\/narodni-divadlo-motiv-Prague-city-tourism-768x240.jpg 768w, https:\/\/metropolevsech.eu\/wp-content\/uploads\/2019\/04\/narodni-divadlo-motiv-Prague-city-tourism-1040x325.jpg 1040w, https:\/\/metropolevsech.eu\/wp-content\/uploads\/2019\/04\/narodni-divadlo-motiv-Prague-city-tourism.jpg 1920w\" sizes=\"(max-width: 670px) 100vw, 670px\" \/>\n<p><em>foto \u00a9 Prague City Tourism<\/em><\/p>\n<p>N\u00e1rodn\u00ed divadlo je reprezentativn\u00ed sc\u00e9nou \u010cesk\u00e9 republiky, vybudovanou z celon\u00e1rodn\u00edch sb\u00edrek a otev\u0159enou poprv\u00e9 roku 1881, po po\u017e\u00e1ru podruh\u00e9 1883. Honosnou vn\u011bj\u0161\u00ed i vnit\u0159n\u00ed v\u00fdzdobu, kter\u00e1 zaujme zejm\u00e9na sv\u00fdm bohat\u00fdm zlacen\u00edm, tvo\u0159\u00ed vrcholn\u00e1 d\u00edla \u010desk\u00fdch autor\u016f 19. stolet\u00ed \u2013 M. Al\u0161e, F. \u017den\u00ed\u0161ka, V. Hynaise, J. V. Myslbeka aj. N\u00e1v\u0161t\u011bva \u010dinohern\u00edho, opern\u00edho \u010di baletn\u00edho p\u0159edstaven\u00ed tvo\u0159\u00ed spolu s p\u0159ekr\u00e1sn\u00fdmi prostory divadla nezapomenuteln\u00fd z\u00e1\u017eitek.<\/p>\n<p>V\u00edce se dozv\u00edte na <a href=\"\/\/www.prague.eu\/cs\/objekt\/mista\/202\/narodni-divadlo\">ofici\u00e1ln\u00edm turistick\u00e9m port\u00e1lu Prahy Prague.eu<\/a><\/p>\n<h4>Obecn\u00ed d\u016fm<\/h4>\n<img loading=\"lazy\" class=\"alignnone wp-image-7885 size-content-image article-img\" src=\"\/\/metropolevsech.eu\/wp-content\/uploads\/2018\/12\/F5A9917-670x161.jpg\" alt=\"\" width=\"670\" height=\"161\" srcset=\"https:\/\/metropolevsech.eu\/wp-content\/uploads\/2018\/12\/F5A9917-670x161.jpg 670w, https:\/\/metropolevsech.eu\/wp-content\/uploads\/2018\/12\/F5A9917-300x72.jpg 300w, https:\/\/metropolevsech.eu\/wp-content\/uploads\/2018\/12\/F5A9917-768x185.jpg 768w, https:\/\/metropolevsech.eu\/wp-content\/uploads\/2018\/12\/F5A9917.jpg 1040w\" sizes=\"(max-width: 670px) 100vw, 670px\" \/>\n<p>Secesn\u00ed stavba z let 1905 \u2013 1911 je dokladem nev\u00eddan\u00e9 um\u011bleck\u00e9 i \u0159emesln\u00e9 dovednosti a kvality. Kav\u00e1rna, Francouzsk\u00e1 a Plze\u0148sk\u00e1 restaurace, Americk\u00fd bar stejn\u011b jako Prim\u00e1torsk\u00fd salonek \u010di koncertn\u00ed Smetanova s\u00ed\u0148 jsou dokonal\u00fdmi secesn\u00edmi interi\u00e9ry, kter\u00e9 zdobili p\u0159edn\u00ed mal\u00ed\u0159i a socha\u0159i jako A. Mucha, J. Preisler, L. \u0160aloun aj. Milovn\u00edk\u016fm secese jsou ur\u010deny komentovan\u00e9 prohl\u00eddky cel\u00e9 budovy.<\/p>\n<p>V\u00edce se dozv\u00edte na <a href=\"\/\/www.prague.eu\/cs\/objekt\/mista\/417\/obecni-dum\">ofici\u00e1ln\u00edm turistick\u00e9m port\u00e1lu Prahy Prague.eu<\/a><\/p>","protected":false},"excerpt":{"rendered":"<p>N\u00e1rodn\u00ed divadlo foto \u00a9 Prague City Tourism N\u00e1rodn\u00ed divadlo je reprezentativn\u00ed sc\u00e9nou \u010cesk\u00e9 republiky, vybudovanou z celon\u00e1rodn\u00edch sb\u00edrek a otev\u0159enou poprv\u00e9 roku 1881, po po\u017e\u00e1ru podruh\u00e9 1883. Honosnou vn\u011bj\u0161\u00ed i vnit\u0159n\u00ed v\u00fdzdobu, kter\u00e1 zaujme zejm\u00e9na sv\u00fdm bohat\u00fdm zlacen\u00edm, tvo\u0159\u00ed vrcholn\u00e1&#8230;<\/p>\n<a class=\"more-block\" href=\"https:\/\/metropolevsech.eu\/cs\/domy\/\">\u010c\u00edst v\u00edce<\/a>","protected":false},"author":7,"featured_media":0,"parent":0,"menu_order":0,"comment_status":"closed","ping_status":"closed","template":"","meta":[],"acf":[],"_links":{"self":[{"href":"https:\/\/metropolevsech.eu\/cs\/wp-json\/wp\/v2\/pages\/22303"}],"collection":[{"href":"https:\/\/metropolevsech.eu\/cs\/wp-json\/wp\/v2\/pages"}],"about":[{"href":"https:\/\/metropolevsech.eu\/cs\/wp-json\/wp\/v2\/types\/page"}],"author":[{"embeddable":true,"href":"https:\/\/metropolevsech.eu\/cs\/wp-json\/wp\/v2\/users\/7"}],"replies":[{"embeddable":true,"href":"https:\/\/metropolevsech.eu\/cs\/wp-json\/wp\/v2\/comments?post=22303"}],"version-history":[{"count":1,"href":"https:\/\/metropolevsech.eu\/cs\/wp-json\/wp\/v2\/pages\/22303\/revisions"}],"predecessor-version":[{"id":22306,"href":"https:\/\/metropolevsech.eu\/cs\/wp-json\/wp\/v2\/pages\/22303\/revisions\/22306"}],"wp:attachment":[{"href":"https:\/\/metropolevsech.eu\/cs\/wp-json\/wp\/v2\/media?parent=22303"}],"curies":[{"name":"wp","href":"https:\/\/api.w.org\/{rel}","templated":true}]}}