{"id":22330,"date":"2025-03-27T12:47:11","date_gmt":"2025-03-27T11:47:11","guid":{"rendered":"https:\/\/metropolevsech.eu\/?page_id=22330"},"modified":"2026-02-02T18:04:12","modified_gmt":"2026-02-02T17:04:12","slug":"hlaseni-mista-pobytu-cizince","status":"publish","type":"page","link":"https:\/\/metropolevsech.eu\/cs\/hlaseni-mista-pobytu-cizince\/","title":{"rendered":"Hl\u00e1\u0161en\u00ed m\u00edsta pobytu cizince"},"content":{"rendered":"<p><\/p>\n<p style=\"font-weight: 400;\"><span style=\"font-weight: 400;\">Prvn\u00ed hl\u00e1\u0161en\u00ed pobytu na \u00fazem\u00ed \u010cR mus\u00ed ka\u017ed\u00fd cizinec ze t\u0159et\u00ed zem\u011b splnit do 3 pracovn\u00edch dn\u016f na Cizineck\u00e9 policii, odboru pobytov\u00fdch agend. Ob\u010dan\u00e9 EU a jejich rodinn\u00ed p\u0159\u00edslu\u0161n\u00edci m\u016fs\u00ed ohl\u00e1sit sv\u016fj pobyt na \u00fazem\u00ed \u010cR do 30 dn\u016f, a to pouze v p\u0159\u00edpad\u011b, \u017ee jejich p\u0159edpokl\u00e1dan\u00fd pobyt bude del\u0161\u00ed ne\u017e 30 dn\u016f. <\/span><span style=\"font-weight: 400;\">V p\u0159\u00edpad\u011b va\u0161eho ubytov\u00e1n\u00ed v hotelu, na studentsk\u00fdch kolej\u00edch nebo na ubytovn\u011b, m\u00e1 povinnost ozn\u00e1mit tuto skute\u010dnost v\u00e1\u0161 ubytovatel. <\/span><span style=\"font-weight: 400;\">Ubytovatelem se rozum\u00ed ka\u017ed\u00fd, kdo poskytuje ubytov\u00e1n\u00ed za \u00fahradu<\/span> <span style=\"font-weight: 400;\">nebo ubytov\u00e1v\u00e1 v\u00edce ne\u017e 5 cizinc\u016f, s v\u00fdjimkou p\u0159\u00edpadu, kdy lze ubytovan\u00e9 cizince a ubytovatele pova\u017eovat za osoby bl\u00edzk\u00e9. <\/span><span style=\"font-weight: 400;\">Ubytovatel mus\u00ed v\u00e9st tzv.domovn\u00ed knihu, co\u017e je <\/span><span style=\"font-weight: 400;\">\u00a0dokument, do kter\u00e9ho ubytovatel zapisuje \u00fadaje o cizinci a jeho po\u010d\u00e1tek a konec ubytov\u00e1n\u00ed.<\/span><\/p>\n<p style=\"font-weight: 400;\"><span style=\"font-weight: 400;\">V\u00edce viz <\/span><a href=\"\/\/www.policie.cz\/clanek\/hlaseni-pobytu-cizincu.aspx\"><span style=\"font-weight: 400;\">\/\/www.policie.cz\/clanek\/hlaseni-pobytu-cizincu.aspx<\/span><\/a><span style=\"font-weight: 400;\">\u00a0<\/span><\/p>\n<p style=\"font-weight: 400;\"><span style=\"font-weight: 400;\">V\u0161echny n\u00e1sledn\u00e9 zm\u011bny t\u00fdkaj\u00edc\u00ed se va\u0161eho bydli\u0161t\u011b ji\u017e budete hl\u00e1sit Ministerstvu vnitra \u010cR, odboru azylov\u00e9 a migra\u010dn\u00ed politiky (OAMP). <\/span>Jakmile se p\u0159est\u011bhujete, m\u00e1te lh\u016ftu 30 dn\u016f na to, abyste o zm\u011bn\u011b bydli\u0161t\u011b informovali <span style=\"font-weight: 400;\">OAMP<\/span>. <span style=\"font-size: medium;\">Majitel v\u00e1m v p\u0159\u00edpad\u011b pron\u00e1jmu nem\u016f\u017ee zak\u00e1zat si danou adresu na <span style=\"font-weight: 400;\">OAMP <\/span>MV\u00a0<\/span><span style=\"font-size: medium;\"><span lang=\"cs-CZ\">\u010cR<\/span><\/span><span style=\"font-size: medium;\"> nahl\u00e1sit. Pokud byste tak neu\u010dinili, nesplnili byste svou z\u00e1konnou povinnost, co\u017e by mohlo m\u00edt vliv na va\u0161e pobytov\u00e9 opr\u00e1vn\u011bn\u00ed.<\/span><\/p>\n<p><div class=\"box-fixa\"><em>Nezapome\u0148te si co nejd\u0159\u00edve ozna\u010dit zvonek a po\u0161tovn\u00ed schr\u00e1nku sv\u00fdm jm\u00e9nem, abyste se ujistili, \u017ee v\u00e1m bude doru\u010dena ve\u0161ker\u00e1 \u00fa\u0159edn\u00ed korespondence. \u00da\u0159ady toti\u017e \u010dasto pos\u00edlaj\u00ed d\u016fle\u017eit\u00e1 sd\u011blen\u00ed doporu\u010denou po\u0161tou, kterou mus\u00edte p\u0159evz\u00edt do sv\u00fdch rukou. Pokud nebudete po\u0161tovn\u00edm doru\u010dovatelem zasti\u017eeni doma, naleznete ve sv\u00e9 po\u0161tovn\u00ed schr\u00e1nce v\u00fdzvu k p\u0159evzet\u00ed doporu\u010den\u00e9ho psan\u00ed na nejbli\u017e\u0161\u00ed <i><span style=\"font-weight: 400;\">pobo\u010dce \u010cesk\u00e9 <\/span><\/i>po\u0161ty<i><span style=\"font-weight: 400;\">, pod kterou spad\u00e1te dle m\u00edsta sv\u00e9ho bydli\u0161t\u011b<\/span><\/i>. Pokud psan\u00ed nep\u0159evezmete do 10 dn\u016f, m\u00e1 se za to, \u017ee bylo \u0159\u00e1dn\u011b doru\u010deno. <i><span style=\"font-weight: 400;\">Prodlu\u017eujete-li si povolen\u00ed k pobytu v \u010cesk\u00e9 republice, obzvl\u00e1\u0161\u0165 dbejte na v\u010dasn\u00e9 p\u0159evzet\u00ed z\u00e1silek! OAMP MV \u010cR v\u00e1m m\u016f\u017ee nap\u0159. zaslat v\u00fdzvu k dolo\u017een\u00ed pot\u0159ebn\u00fdch dokument\u016f a pokud si z\u00e1silku nep\u0159evezmete v\u010das, bude v\u00fdzva i p\u0159es to pova\u017eov\u00e1na za doru\u010denou a vy m\u016f\u017eete zme\u0161kat svou lh\u016ftu k dopln\u011bn\u00ed \u017e\u00e1dosti. Informujte OAMP MV \u010cR o sv\u00e9 nep\u0159\u00edtomnosti na \u00fazem\u00ed \u010cR p\u0159edem, p\u0159\u00edpadn\u011b ud\u011blte sv\u00fdm bl\u00edzk\u00fdm plnou moc pro vyzvednut\u00ed doporu\u010den\u00e9 po\u0161ty na va\u0161\u00ed pobo\u010dce \u010cesk\u00e9 po\u0161ty.<\/span><\/i><\/em><\/p>\n<p><em><i><span style=\"font-weight: 400;\"><img class=\"alignleft\" src=\"\/\/metropolevsech.eu\/wp-content\/uploads\/2020\/11\/CS.jpg\" \/><\/span><\/i><\/em><\/p>\n<p><em><img src=\"\/\/metropolevsech.eu\/wp-content\/uploads\/2020\/11\/Vyzva-papir-na-webv.png\" \/><\/em><\/p>\n<p><\/div><br \/>\n<a><\/a><\/p>\n<p style=\"font-weight: 400;\"><span style=\"font-weight: 400;\">Stejn\u011b tak v\u00e1m doporu\u010dujeme pos\u00edlat ve\u0161kerou d\u016fle\u017eitou korespondenci doporu\u010den\u011b. P\u0159i komunikaci s \u00fa\u0159ady pos\u00edlejte v\u0161echny dokumenty doporu\u010den\u011b v\u017edy! Pro odesl\u00e1n\u00ed p\u00edsemnost\u00ed doporu\u010den\u011b vypl\u0148te tzv. podac\u00ed l\u00edstek \u010cesk\u00e9 po\u0161ty, kter\u00fd v\u00e1m pracovn\u00edk po\u0161ty potvrd\u00ed a kter\u00fd si po odesl\u00e1n\u00ed z\u00e1silky uschov\u00e1te pro Va\u0161i evidenci o odesl\u00e1n\u00ed d\u016fle\u017eit\u00e9ho psan\u00ed.<\/span><\/p>\n<h4><img src=\"\/\/metropolevsech.eu\/wp-content\/uploads\/2020\/11\/podaci-listek-vzor.png.jpg\" \/><\/h4>\n<p style=\"text-align: right;\"><em>Posledn\u00ed aktualizace: 4. b\u0159ezen 2025<\/em><\/p>\n<p><\/p>","protected":false},"excerpt":{"rendered":"<p>Prvn\u00ed hl\u00e1\u0161en\u00ed pobytu na \u00fazem\u00ed \u010cR mus\u00ed ka\u017ed\u00fd cizinec ze t\u0159et\u00ed zem\u011b splnit do 3 pracovn\u00edch dn\u016f na Cizineck\u00e9 policii, odboru pobytov\u00fdch agend. Ob\u010dan\u00e9 EU a jejich rodinn\u00ed p\u0159\u00edslu\u0161n\u00edci m\u016fs\u00ed ohl\u00e1sit sv\u016fj pobyt na \u00fazem\u00ed \u010cR do 30 dn\u016f, a&#8230;<\/p>\n<a class=\"more-block\" href=\"https:\/\/metropolevsech.eu\/cs\/hlaseni-mista-pobytu-cizince\/\">\u010c\u00edst v\u00edce<\/a>","protected":false},"author":7,"featured_media":0,"parent":0,"menu_order":0,"comment_status":"closed","ping_status":"closed","template":"","meta":[],"acf":[],"_links":{"self":[{"href":"https:\/\/metropolevsech.eu\/cs\/wp-json\/wp\/v2\/pages\/22330"}],"collection":[{"href":"https:\/\/metropolevsech.eu\/cs\/wp-json\/wp\/v2\/pages"}],"about":[{"href":"https:\/\/metropolevsech.eu\/cs\/wp-json\/wp\/v2\/types\/page"}],"author":[{"embeddable":true,"href":"https:\/\/metropolevsech.eu\/cs\/wp-json\/wp\/v2\/users\/7"}],"replies":[{"embeddable":true,"href":"https:\/\/metropolevsech.eu\/cs\/wp-json\/wp\/v2\/comments?post=22330"}],"version-history":[{"count":8,"href":"https:\/\/metropolevsech.eu\/cs\/wp-json\/wp\/v2\/pages\/22330\/revisions"}],"predecessor-version":[{"id":22807,"href":"https:\/\/metropolevsech.eu\/cs\/wp-json\/wp\/v2\/pages\/22330\/revisions\/22807"}],"wp:attachment":[{"href":"https:\/\/metropolevsech.eu\/cs\/wp-json\/wp\/v2\/media?parent=22330"}],"curies":[{"name":"wp","href":"https:\/\/api.w.org\/{rel}","templated":true}]}}