{"id":22339,"date":"2025-03-27T13:55:40","date_gmt":"2025-03-27T12:55:40","guid":{"rendered":"https:\/\/metropolevsech.eu\/?page_id=22339"},"modified":"2026-02-02T18:57:04","modified_gmt":"2026-02-02T17:57:04","slug":"vymena-ridicskeho-prukazu","status":"publish","type":"page","link":"https:\/\/metropolevsech.eu\/cs\/vymena-ridicskeho-prukazu\/","title":{"rendered":"V\u00fdm\u011bna \u0159idi\u010dsk\u00e9ho pr\u016fkazu"},"content":{"rendered":"<p>Za\u017e\u00e1dat o v\u00fdm\u011bnu cizozemsk\u00e9ho \u0159idi\u010dsk\u00e9ho pr\u016fkazu (vydan\u00e9ho st\u00e1ty mimo Evropskou unii) za \u010desk\u00fd \u0159idi\u010dsk\u00fd pr\u016fkaz mus\u00ed ka\u017ed\u00fd, kdo nen\u00ed p\u0159\u00edslu\u0161n\u00edkem st\u00e1tu Evropsk\u00e9 unie, Norska, Islandu a Lichten\u0161tejnska kter\u00fd m\u00e1 na \u00fazem\u00ed \u010cesk\u00e9 republiky trval\u00fd, nebo p\u0159echodn\u00fd pobyt na dlouhodob\u00e9 v\u00edzum na dobu del\u0161\u00ed ne\u017e jeden rok. O v\u00fdm\u011bnu je t\u0159eba po\u017e\u00e1dat do t\u0159ech m\u011bs\u00edc\u016f ode dne pr\u00e1vn\u00ed moci povolen\u00ed trval\u00e9ho pobytu nebo p\u0159echodn\u00e9ho pobytu na dlouhodob\u00e9 v\u00edzum.<\/p>\n<p>Vym\u011bnit za \u010desk\u00fd \u0159idi\u010dsk\u00fd pr\u016fkaz lze pouze platn\u00fd \u0159idi\u010dsk\u00fd pr\u016fkaz vydan\u00fd ciz\u00edm st\u00e1tem podle \u00damluvy o silni\u010dn\u00edm provozu (V\u00edde\u0148 1968) nebo \u00damluvy o silni\u010dn\u00edm provozu (\u017deneva 1949). Na registru \u0159idi\u010d\u016f Magistr\u00e1tu hl. m. Prahy je nutn\u00e9 se dot\u00e1zat, zda v\u00e1\u0161 \u0159idi\u010dsk\u00fd pr\u016fkaz je mo\u017en\u00e9 vym\u011bnit za \u010desk\u00fd, nebo zda budete muset absolvovat auto\u0161kolu a n\u00e1sledn\u011b slo\u017eit zkou\u0161ku z \u0159\u00edzen\u00ed motorov\u00fdch vozidel.<\/p>\n<p>\u017dadatel o v\u00fdm\u011bnu \u0159idi\u010dsk\u00e9ho pr\u016fkazu je povinen osobn\u011b (zastoupen\u00ed nen\u00ed mo\u017en\u00e9) \u00fa\u0159adu p\u0159edlo\u017eit:<\/p>\n<ul class=\"bullet\">\n<li>\u017e\u00e1dost o vyd\u00e1n\u00ed \u0159idi\u010dsk\u00e9ho pr\u016fkazu \u2013 tiskopis s ji\u017e vyti\u0161t\u011bn\u00fdmi osobn\u00edmi \u00fadaji obdr\u017e\u00ed \u017eadatel u odbavovac\u00ed p\u0159ep\u00e1\u017eky registru \u0159idi\u010d\u016f (\u017e\u00e1dost je jedine\u010dn\u00fd tiskopis opat\u0159en\u00fd z v\u00fdroby eviden\u010dn\u00edm \u010d\u00edslem a bar k\u00f3dem, nelze ji proto kop\u00edrovat ani stahovat z webu, \u017e\u00e1dost se st\u00e1v\u00e1 \u017e\u00e1dost\u00ed a\u017e po vyti\u0161t\u011bn\u00ed osobn\u00edch a jin\u00fdch \u00fadaj\u016f na v\u00fdpo\u010detn\u00ed technice registru \u0159idi\u010d\u016f a podpisu \u0159idi\u010de, kter\u00fdm \u0159idi\u010d potvrzuje spr\u00e1vnost vyti\u0161t\u011bn\u00fdch \u00fadaj\u016f),<\/li>\n<li>platn\u00fd doklad toto\u017enosti \u017eadatele (migrant p\u0159edkl\u00e1d\u00e1 povolen\u00ed k pobytu a dal\u0161\u00ed doklady prokazuj\u00edc\u00ed obvykl\u00e9 bydli\u0161t\u011b na \u00fazem\u00ed \u010cR, obvykl\u00e9 bydli\u0161t\u011b je m\u00edsto trval\u00e9ho pobytu fyzick\u00e9 osoby na \u00fazem\u00ed \u010cesk\u00e9 republiky, nebo m\u00edsto, kde se doty\u010dn\u00fd obvykle zdr\u017euje),<\/li>\n<li>jednu fotografii rozm\u011bru 35 \u00d7 45 mm,<\/li>\n<li>cizozemsk\u00fd \u0159idi\u010dsk\u00fd pr\u016fkaz.<\/li>\n<\/ul>\n<p>V\u00e1\u0161 nov\u00fd \u0159idi\u010dsk\u00fd pr\u016fkaz bude vyd\u00e1n do 20 dn\u016f.<\/p>\n<p><i><em><div class=\"box-ok\"><\/em>Pro vyzvednut\u00ed \u0159idi\u010dsk\u00e9ho pr\u016fkazu m\u016f\u017eete vyu\u017e\u00edt <a href=\"\/\/www.praha.eu\/jnp\/cz\/potrebuji_resit\/elektronicke_sluzby\/online_rezervace\/registr_ridicu\/rezervace_navstev\/index.html\">on-line registraci<\/a>. Ne\u010dekejte zbyte\u010dn\u011b na \u00fa\u0159ad\u011b a objednejte se dop\u0159edu. <em><\/div><\/em><\/i><\/p>","protected":false},"excerpt":{"rendered":"<p>Za\u017e\u00e1dat o v\u00fdm\u011bnu cizozemsk\u00e9ho \u0159idi\u010dsk\u00e9ho pr\u016fkazu (vydan\u00e9ho st\u00e1ty mimo Evropskou unii) za \u010desk\u00fd \u0159idi\u010dsk\u00fd pr\u016fkaz mus\u00ed ka\u017ed\u00fd, kdo nen\u00ed p\u0159\u00edslu\u0161n\u00edkem st\u00e1tu Evropsk\u00e9 unie, Norska, Islandu a Lichten\u0161tejnska kter\u00fd m\u00e1 na \u00fazem\u00ed \u010cesk\u00e9 republiky trval\u00fd, nebo p\u0159echodn\u00fd pobyt na dlouhodob\u00e9 v\u00edzum&#8230;<\/p>\n<a class=\"more-block\" href=\"https:\/\/metropolevsech.eu\/cs\/vymena-ridicskeho-prukazu\/\">\u010c\u00edst v\u00edce<\/a>","protected":false},"author":7,"featured_media":0,"parent":0,"menu_order":0,"comment_status":"closed","ping_status":"closed","template":"","meta":[],"acf":[],"_links":{"self":[{"href":"https:\/\/metropolevsech.eu\/cs\/wp-json\/wp\/v2\/pages\/22339"}],"collection":[{"href":"https:\/\/metropolevsech.eu\/cs\/wp-json\/wp\/v2\/pages"}],"about":[{"href":"https:\/\/metropolevsech.eu\/cs\/wp-json\/wp\/v2\/types\/page"}],"author":[{"embeddable":true,"href":"https:\/\/metropolevsech.eu\/cs\/wp-json\/wp\/v2\/users\/7"}],"replies":[{"embeddable":true,"href":"https:\/\/metropolevsech.eu\/cs\/wp-json\/wp\/v2\/comments?post=22339"}],"version-history":[{"count":5,"href":"https:\/\/metropolevsech.eu\/cs\/wp-json\/wp\/v2\/pages\/22339\/revisions"}],"predecessor-version":[{"id":24861,"href":"https:\/\/metropolevsech.eu\/cs\/wp-json\/wp\/v2\/pages\/22339\/revisions\/24861"}],"wp:attachment":[{"href":"https:\/\/metropolevsech.eu\/cs\/wp-json\/wp\/v2\/media?parent=22339"}],"curies":[{"name":"wp","href":"https:\/\/api.w.org\/{rel}","templated":true}]}}