{"id":22343,"date":"2025-03-27T13:59:40","date_gmt":"2025-03-27T12:59:40","guid":{"rendered":"https:\/\/metropolevsech.eu\/?page_id=22343"},"modified":"2026-02-02T19:01:40","modified_gmt":"2026-02-02T18:01:40","slug":"registr-vozidel","status":"publish","type":"page","link":"https:\/\/metropolevsech.eu\/cs\/registr-vozidel\/","title":{"rendered":"Registr vozidel"},"content":{"rendered":"<p>Vozidla mus\u00ed b\u00fdt v \u010cR registrov\u00e1na na p\u0159\u00edslu\u0161n\u00e9m \u00fa\u0159adu obce. Je t\u0159eba za\u0159\u00eddit jak registraci nov\u011b zakoupen\u00e9ho vozidla, tak i p\u0159epis vozidla z p\u016fvodn\u00edho na nov\u00e9ho majitele p\u0159i prodeji.<\/p>\n<ol>\n<li>1. \u010dervna 2017 nabyla \u00fa\u010dinnosti novela z\u00e1kona o podm\u00ednk\u00e1ch provozu vozidel na pozemn\u00edch komunikac\u00edch, kter\u00e1 umo\u017e\u0148uje na jak\u00e9mkoliv \u00fa\u0159ad\u011b obce s roz\u0161\u00ed\u0159enou p\u016fsobnost\u00ed nov\u011b vy\u0159\u00eddit nejen zm\u011bnu vlastn\u00edka nebo provozovatele registrovan\u00e9ho vozidla, ale i registraci nov\u00e9ho \u010di dovezen\u00e9ho vozidla, vy\u0159azen\u00ed vozidla z provozu (tzv. depozit), nahl\u00e1\u0161en\u00ed z\u00e1niku vozidla, \u017e\u00e1dost o registra\u010dn\u00ed zna\u010dku na p\u0159\u00e1n\u00ed \u010di na nosi\u010d kol nebo z\u00e1pis ta\u017en\u00e9ho za\u0159\u00edzen\u00ed \u010di p\u0159\u00edpojn\u00e9ho vozidla.<\/li>\n<\/ol>\n<p><i><em><div class=\"box-ok\"><\/em>Ministerstvo dopravy p\u0159ipravilo pro motoristy jednoduchou mapu, na n\u00ed\u017e jsou uvedeny v\u0161echny \u00fa\u0159ady obc\u00ed s roz\u0161\u00ed\u0159enou p\u016fsobnost\u00ed, jejich adresy a kontakty. Na webu ministerstva si tak m\u016f\u017ee ka\u017ed\u00fd vyhledat nejvhodn\u011bj\u0161\u00ed m\u00edsto k n\u00e1v\u0161t\u011bv\u011b registru vozidel a napl\u00e1novat si ji. Odkaz na mapu naleznete<\/i><a href=\"\/\/www.mdcr.cz\/Dokumenty\/Silnicni-doprava\/Registrace-vozidel\/Obecni-urady-s-rozsirenou-pusobnosti\"><i><u> zde<\/u><\/i><\/a><i>.<em><\/div><\/em><\/i><\/p>\n<p>V p\u0159\u00edpad\u011b p\u0159episu star\u00e9ho vozidla na nov\u00e9ho majitele se p\u016fvodn\u00ed vlastn\u00edk i nabyvatel dostav\u00ed na \u00fa\u0159ad osobn\u011b a podaj\u00ed \u017e\u00e1dost o z\u00e1pis zm\u011bny vlastn\u00edka na jednotn\u00e9m formul\u00e1\u0159i \u017e\u00e1dosti, k n\u00ed\u017e p\u0159ilo\u017e\u00ed:<\/p>\n<ul class=\"bullet\">\n<li>technick\u00fd pr\u016fkaz a osv\u011bd\u010den\u00ed o registraci vozidla,<\/li>\n<li>protokol o eviden\u010dn\u00ed kontrole, kter\u00fd nen\u00ed star\u0161\u00ed ne\u017e 30 dn\u00ed,<\/li>\n<li>zelenou kartu (doklad o poji\u0161t\u011bn\u00ed).<\/li>\n<\/ul>\n<p>V p\u0159\u00edpad\u011b zastoupen\u00ed jedn\u00e9 z osob na z\u00e1klad\u011b p\u00edsemn\u00e9 pln\u00e9 moci mus\u00ed b\u00fdt pln\u00e1 moc opat\u0159ena \u00fa\u0159edn\u011b ov\u011b\u0159en\u00fdmi podpisy.<\/p>\n<p>&nbsp;<\/p>\n<p><i><em><div class=\"box-ok\"><\/em>P\u0159epis vozidla \u2013 z\u00e1pis zm\u011bny vlastn\u00edka \u2013 prov\u00e1d\u00ed spole\u010dn\u011b kupuj\u00edc\u00ed a prod\u00e1vaj\u00edc\u00ed, nebo jeden z nich na z\u00e1klad\u011b \u00fa\u0159edn\u011b ov\u011b\u0159en\u00e9 pln\u00e9 moci druh\u00e9 strany. V p\u0159\u00edpad\u011b, \u017ee kupuj\u00edc\u00ed p\u0159i registraci vozidla nespolupracuje, umo\u017e\u0148uje novela platn\u00e1 od 1. \u010dervna 2017 po uplynut\u00ed 10denn\u00ed lh\u016fty po\u017e\u00e1dat o proveden\u00ed zm\u011bny pouze jedn\u00edm z \u00fa\u010dastn\u00edk\u016f smluvn\u00edho vztahu.<em><\/div><\/em><\/i><\/p>\n<p>&nbsp;<\/p>\n<p>Proveden\u00e1 zm\u011bna provozovatele \u010di vlastn\u00edka se zapisuje do Osv\u011bd\u010den\u00ed o registraci \u010d\u00e1st II. (technick\u00fd pr\u016fkaz), vozidlu je vyd\u00e1no nov\u00e9 Osv\u011bd\u010den\u00ed o registraci \u010d\u00e1st I.<\/p>\n<p>Na registr vozidel Magistr\u00e1tu hl. m. Prahy se m\u016f\u017eete p\u0159edem objednat online (rezervace) na datum a hodinu, kterou si sami v online syst\u00e9mu vyberete u p\u0159\u00edslu\u0161n\u00e9ho pracovi\u0161t\u011b.<\/p>\n<p>&nbsp;<\/p>\n<p><i><em><div class=\"box-ok\"><\/em>Ka\u017ed\u00e9 motorov\u00e9 vozidlo mus\u00ed b\u00fdt v \u010cR poji\u0161t\u011bno, jedn\u00e1 se o tzv. poji\u0161t\u011bn\u00ed odpov\u011bdnosti z provozu vozidla (tzv. povinn\u00e9 ru\u010den\u00ed, nebo tak\u00e9 zelen\u00e1 karta). Vozidla d\u00e1le podl\u00e9haj\u00ed pravideln\u00fdm technick\u00fdm prohl\u00eddk\u00e1m a m\u011b\u0159en\u00edm emis\u00ed. P\u0159i vyu\u017e\u00edv\u00e1n\u00ed d\u00e1lnic v \u010cR je nutn\u00e9 m\u00edt zakoupenou a na vozidle vylepenou d\u00e1lni\u010dn\u00ed zn\u00e1mku.<em><\/div><\/em><\/i><\/p>\n<p><span style=\"font-family: Times New Roman, serif;\"><span style=\"font-size: medium;\"><span lang=\"en-US\">\u00a0<\/span><\/span><\/span><\/p>\n<h4><b>Odkaz: <\/b><\/h4>\n<ul class=\"bullet-links\">\n<li><a href=\"\/\/www.praha.eu\/jnp\/cz\/potrebuji_resit\/zivotni_situace\/dopravnespravni_cinnosti\/registr_vozidel\/registr_vozidel-motorova_a_pripojna_vozidla.html\"><u>Pracovi\u0161t\u011b registru vozidel Magistr\u00e1tu hl. m. Prahy<\/u><\/a><\/li>\n<li><a href=\"\/\/www.praha.eu\/jnp\/cz\/potrebuji_resit\/elektronicke_sluzby\/online_rezervace\/registr_ridicu\/rezervace_navstev\/index.html\">On-line registrace<\/a><\/li>\n<\/ul>\n<p style=\"text-align: right;\"><em>Posledn\u00ed aktualizace: 4. b\u0159ezen 2025<\/em><\/p>\n<p><\/p>","protected":false},"excerpt":{"rendered":"<p>Vozidla mus\u00ed b\u00fdt v \u010cR registrov\u00e1na na p\u0159\u00edslu\u0161n\u00e9m \u00fa\u0159adu obce. Je t\u0159eba za\u0159\u00eddit jak registraci nov\u011b zakoupen\u00e9ho vozidla, tak i p\u0159epis vozidla z p\u016fvodn\u00edho na nov\u00e9ho majitele p\u0159i prodeji. 1. \u010dervna 2017 nabyla \u00fa\u010dinnosti novela z\u00e1kona o podm\u00ednk\u00e1ch provozu vozidel&#8230;<\/p>\n<a class=\"more-block\" href=\"https:\/\/metropolevsech.eu\/cs\/registr-vozidel\/\">\u010c\u00edst v\u00edce<\/a>","protected":false},"author":7,"featured_media":0,"parent":0,"menu_order":0,"comment_status":"closed","ping_status":"closed","template":"","meta":[],"acf":[],"_links":{"self":[{"href":"https:\/\/metropolevsech.eu\/cs\/wp-json\/wp\/v2\/pages\/22343"}],"collection":[{"href":"https:\/\/metropolevsech.eu\/cs\/wp-json\/wp\/v2\/pages"}],"about":[{"href":"https:\/\/metropolevsech.eu\/cs\/wp-json\/wp\/v2\/types\/page"}],"author":[{"embeddable":true,"href":"https:\/\/metropolevsech.eu\/cs\/wp-json\/wp\/v2\/users\/7"}],"replies":[{"embeddable":true,"href":"https:\/\/metropolevsech.eu\/cs\/wp-json\/wp\/v2\/comments?post=22343"}],"version-history":[{"count":8,"href":"https:\/\/metropolevsech.eu\/cs\/wp-json\/wp\/v2\/pages\/22343\/revisions"}],"predecessor-version":[{"id":24873,"href":"https:\/\/metropolevsech.eu\/cs\/wp-json\/wp\/v2\/pages\/22343\/revisions\/24873"}],"wp:attachment":[{"href":"https:\/\/metropolevsech.eu\/cs\/wp-json\/wp\/v2\/media?parent=22343"}],"curies":[{"name":"wp","href":"https:\/\/api.w.org\/{rel}","templated":true}]}}