{"id":22532,"date":"2025-04-22T08:00:37","date_gmt":"2025-04-22T06:00:37","guid":{"rendered":"https:\/\/metropolevsech.eu\/?page_id=22532"},"modified":"2026-04-15T08:38:32","modified_gmt":"2026-04-15T06:38:32","slug":"ockovani","status":"publish","type":"page","link":"https:\/\/metropolevsech.eu\/cs\/zdravotni-informace-pro-drzitele-docasne-ochrany\/ockovani\/","title":{"rendered":"O\u010dkov\u00e1n\u00ed"},"content":{"rendered":"<p><img loading=\"lazy\" class=\"aligncenter size-full wp-image-22664\" src=\"https:\/\/metropolevsech.eu\/wp-content\/uploads\/2025\/05\/ockovani.png\" alt=\"\" width=\"1200\" height=\"630\" srcset=\"https:\/\/metropolevsech.eu\/wp-content\/uploads\/2025\/05\/ockovani.png 1200w, https:\/\/metropolevsech.eu\/wp-content\/uploads\/2025\/05\/ockovani-300x158.png 300w, https:\/\/metropolevsech.eu\/wp-content\/uploads\/2025\/05\/ockovani-1040x546.png 1040w, https:\/\/metropolevsech.eu\/wp-content\/uploads\/2025\/05\/ockovani-768x403.png 768w, https:\/\/metropolevsech.eu\/wp-content\/uploads\/2025\/05\/ockovani-670x352.png 670w\" sizes=\"(max-width: 1200px) 100vw, 1200px\" \/><\/p>\n<p><b>Z\u00e1kladn\u00ed informace<\/b><\/p>\n<p>O\u010dkov\u00e1n\u00ed pom\u00e1h\u00e1 p\u0159edch\u00e1zet infek\u010dn\u00edm nemocem a pat\u0159\u00ed mezi nej\u00fa\u010dinn\u011bj\u0161\u00ed preventivn\u00ed opat\u0159en\u00ed.<\/p>\n<p>T\u00edm, \u017ee napodobuje p\u0159irozenou infekci, tr\u00e9nuje V\u00e1\u0161 imunitn\u00ed syst\u00e9m a pom\u00e1h\u00e1 tvo\u0159it ochrann\u00e9 protil\u00e1tky a je to tak bezpe\u010dn\u00fd a \u00fa\u010dinn\u00fd zp\u016fsob, jak se chr\u00e1nit p\u0159ed infekcemi je\u0161t\u011b p\u0159edt\u00edm, ne\u017e s nimi opravdu p\u0159ijdete do kontaktu. Proto\u017ee v\u0161ak vakc\u00edny obsahuj\u00ed pouze oslaben\u00e9 nebo inaktivovan\u00e9 formy viru nebo bakterie, nebo jejich malou \u010d\u00e1st, tzv. antigen, nezp\u016fsobuj\u00ed onemocn\u011bn\u00ed ani V\u00e1s, pop\u0159. Va\u0161e d\u00edt\u011b, nevystavuj\u00ed riziku jeho komplikac\u00ed. Po pod\u00e1n\u00ed vakc\u00edny imunitn\u00ed syst\u00e9m o\u010dkovan\u00e9 osoby rozpozn\u00e1 tento antigen jako cizorod\u00fd, to aktivuje imunitn\u00ed bu\u0148ky k produkci protil\u00e1tek a \u201ezapamatov\u00e1n\u00ed\u201c viru \u010di bakterie.<\/p>\n<p>Webovou str\u00e1nku v ukrajinsk\u00e9m jazyce zam\u011b\u0159enou na o\u010dkov\u00e1n\u00ed spustila nap\u0159. neziskov\u00e1 organizace <a href=\"https:\/\/www.loono.cz\/prevence\/ockovani\"><b>Loono<\/b><\/a>.<\/p>\n<p>O\u010dkov\u00e1n\u00edm ale nechr\u00e1n\u00edte pouze sebe nebo sv\u00e9 d\u00edt\u011b, chr\u00e1n\u00edte t\u00edm i nap\u0159. nov\u011b narozen\u00e1 miminka a mal\u00e9 d\u011bti, kter\u00e9 se je\u0161t\u011b nestihly nao\u010dkovat, nebo d\u011bti a osoby, kter\u00e9 se kv\u016fli z\u00e1va\u017en\u00fdm onemocn\u011bn\u00edm \u010di individu\u00e1ln\u00edm kontraindikac\u00edm o\u010dkovat nemohou. Pokud je v populaci o\u010dkov\u00e1na v\u011bt\u0161ina jedinc\u016f, vznik\u00e1 tzv. \u201ekolektivn\u00ed imunita\u201c, kter\u00e1 tak br\u00e1n\u00ed vzniku a \u0161\u00ed\u0159en\u00ed nemoci, \u010d\u00edm\u017e jsou chr\u00e1n\u011bni i ti, kte\u0159\u00ed se z r\u016fzn\u00fdch d\u016fvod\u016f o\u010dkov\u00e1n\u00ed podrobit nem\u016f\u017eou. Ve st\u00e1tech, kde do\u0161lo ke sn\u00ed\u017een\u00ed proo\u010dkovanosti (nap\u0159. z d\u016fvod\u016f dezinforma\u010dn\u00edch kampan\u00ed, n\u00e1bo\u017eensk\u00fdch, ekonomick\u00fdch, jin\u00fdch), vznikly v d\u011btsk\u00e9 populaci op\u011bt epidemie infek\u010dn\u00edch onemocn\u011bn\u00ed s n\u011bkolika \u00famrt\u00edmi.<\/p>\n<p>Zodpov\u011bdn\u00fdm chov\u00e1n\u00edm chr\u00e1n\u00edte nejen sebe a sv\u00e9 d\u00edt\u011b, o\u010dkov\u00e1n\u00ed je tak\u00e9 v\u00fdrazem solidarity.<\/p>\n<p>O\u010dkov\u00e1n\u00ed zachra\u0148uje lidsk\u00e9 \u017eivoty!<\/p>\n<h4><b>O\u010dkov\u00e1n\u00ed d\u011bt\u00ed<\/b><\/h4>\n<p>Po registraci u d\u011btsk\u00e9ho l\u00e9ka\u0159e s V\u00e1mi stejn\u00fd l\u00e9ka\u0159 probere i ot\u00e1zku o\u010dkov\u00e1n\u00ed Va\u0161eho d\u00edt\u011bte v r\u00e1mci preventivn\u00edch prohl\u00eddek.\u00a0 L\u00e9ka\u0159 V\u00e1s pou\u010d\u00ed o tom, co je sou\u010d\u00e1st\u00ed povinn\u00e9ho o\u010dkov\u00e1n\u00ed a jak\u00e1 dal\u0161\u00ed o\u010dkov\u00e1n\u00ed jsou vhodn\u00e1 s ohledem na v\u011bk d\u00edt\u011bte a mo\u017en\u00e1 rizika. L\u00e9ka\u0159 v\u017edy ve sv\u00fdch doporu\u010den\u00edch a p\u0159ed ka\u017ed\u00fdm o\u010dkov\u00e1n\u00edm zohledn\u00ed zdravotn\u00ed stav Va\u0161eho d\u00edt\u011bte a p\u0159ihl\u00e9dne k rizikov\u00fdm faktor\u016fm.<\/p>\n<p>O\u010dkov\u00e1n\u00ed se v \u010cesk\u00e9 republice d\u011bl\u00ed na povinn\u00e9, kter\u00e9 by m\u011bli absolvovat v\u0161ichni, a nepovinn\u00e9 \u2013 u toho se m\u016f\u017eete rozhodnout, zda jej budete cht\u00edt pro sebe, pop\u0159. pro sv\u00e9 d\u00edt\u011b, \u010di nikoliv.<\/p>\n<p>Povinn\u00e1 pravideln\u00e1 o\u010dkov\u00e1n\u00ed v\u010detn\u011b p\u0159eo\u010dkov\u00e1n\u00ed jsou zdravotn\u00ed poji\u0161\u0165ovnou pln\u011b hrazena, pokud je d\u00edt\u011b o\u010dkov\u00e1no stanovenou vakc\u00ednou. Mezi pravideln\u00e1 o\u010dkov\u00e1n\u00ed d\u011bt\u00ed podle vyhl\u00e1\u0161ky o o\u010dkov\u00e1n\u00ed proti infek\u010dn\u00edm nemocem pat\u0159\u00ed o\u010dkov\u00e1n\u00ed proti z\u00e1\u0161krtu, tetanu, d\u00e1viv\u00e9mu ka\u0161li, invazivn\u00edmu onemocn\u011bn\u00ed vyvolan\u00e9mu p\u016fvodcem Haemophilus influenzae b, p\u0159enosn\u00e9 d\u011btsk\u00e9 obrn\u011b a virov\u00e9 hepatitid\u011b B, proti spalni\u010dk\u00e1m, zard\u011bnk\u00e1m a p\u0159\u00edu\u0161nic\u00edm, a u rizikov\u00fdch d\u011bt\u00ed rovn\u011b\u017e proti tuberkul\u00f3ze.<\/p>\n<p>Povinnost podrobit se stanoven\u00e9mu druhu pravideln\u00e9ho o\u010dkov\u00e1n\u00ed upravuje <a href=\"https:\/\/www.zakonyprolidi.cz\/cs\/2000-258?text=258\/2000#cast1-hlava3-dil1\"><b>Z\u00e1kon \u010d. 258\/2000 Sb.<\/b><\/a>, \u00a7 46.<\/p>\n<p>O\u010dkov\u00e1n\u00ed prob\u00edhaj\u00ed u praktick\u00e9ho l\u00e9ka\u0159e pro d\u011bti a dorost podle o\u010dkovac\u00edho kalend\u00e1\u0159e v term\u00ednech stanoven\u00fdch vyhl\u00e1\u0161kou. Nen\u00ed-li mo\u017en\u00e9 prov\u00e9st pravideln\u00e9 o\u010dkov\u00e1n\u00ed ve stanoven\u00fdch term\u00ednech z d\u016fvodu takov\u00e9ho zdravotn\u00edho stavu d\u00edt\u011bte, kter\u00fd vylu\u010duje pod\u00e1n\u00ed o\u010dkovac\u00ed l\u00e1tky, provede se dan\u00e9 o\u010dkov\u00e1n\u00ed v pozd\u011bj\u0161\u00edm v\u011bku d\u00edt\u011bte.<\/p>\n<p>Jednoduch\u00fd a stru\u010dn\u00fd p\u0159ehled povinn\u00e9ho i nepovinn\u00e9ho o\u010dkov\u00e1n\u00ed d\u011bt\u00ed v \u010cR uv\u00e1d\u00ed <a href=\"https:\/\/www.nzip.cz\/clanek\/215-ockovaci-kalendar-pro-deti\"><b>d\u011btsk\u00fd o\u010dkovac\u00ed kalend\u00e1\u0159<\/b><\/a>.<\/p>\n<p>I n\u011bkter\u00e1 nepovinn\u00e1 d\u011btsk\u00e1 o\u010dkov\u00e1n\u00ed jsou poji\u0161\u0165ovnou hrazena a jejich seznam naleznete tak\u00e9 v kalend\u00e1\u0159i viz v\u00fd\u0161e. Stejn\u011b tak na odkazu naleznete seznam dal\u0161\u00edch dobrovoln\u00fdch o\u010dkov\u00e1n\u00ed, pro kter\u00e1 se m\u016f\u017eete rozhodnout, ale kter\u00e1 poji\u0161\u0165ovna nehrad\u00ed. Pro d\u011bti je to nap\u0159\u00edklad vakc\u00edna proti \u017eloutence typu A \u010di proti kl\u00ed\u0161\u0165ov\u00e9 encefalitid\u011b. Ale jeliko\u017e je o\u010dkovan\u00ed nej\u00fa\u010dinn\u011bj\u0161\u00ed ochranou proti \u0159ad\u011b nemoc\u00ed, zdravotn\u00ed poji\u0161\u0165ovny p\u0159isp\u00edvaj\u00ed sv\u00fdm poji\u0161t\u011bnc\u016fm i na n\u011bkter\u00e9 vakc\u00edny, kter\u00e9 nejsou pln\u011b hrazeny z ve\u0159ejn\u00e9ho zdravotn\u00edho poji\u0161t\u011bn\u00ed.<\/p>\n<p>Ov\u011b\u0159te si proto p\u0159\u00edmo u sv\u00e9 zdravotn\u00ed poji\u0161\u0165ovny, na jak\u00e1 o\u010dkov\u00e1n\u00ed p\u0159isp\u00edv\u00e1 a jak\u00e9 jsou p\u0159esn\u00e9 podm\u00ednky pro \u010derp\u00e1n\u00ed p\u0159\u00edsp\u011bvku. Stru\u010dn\u00fd p\u0159ehled p\u0159\u00edsp\u011bvk\u016f je mo\u017en\u00e9 naj\u00edt nap\u0159\u00edklad na <a href=\"https:\/\/www.ockovacicentrum.cz\/cz\/prispevky-zdravotnich-pojistoven\"><b>tomto odkazu<\/b><\/a>.<\/p>\n<p>Dal\u0161\u00ed zaj\u00edmav\u00e9 informace v ukrajinsk\u00e9m jazyce nejenom k o\u010dkov\u00e1n\u00ed jsou k nalezen\u00ed <a href=\"https:\/\/zrozumilo.org\/vac-general-tips\/\"><b>zde<\/b><\/a>.<\/p>\n<h4><b>O\u010dkov\u00e1n\u00ed pot\u0159ebuj\u00ed i dosp\u011bl\u00ed<\/b><\/h4>\n<p>Pro dosp\u011bl\u00e9 je v \u010cR povinn\u00e9 pouze o\u010dkov\u00e1n\u00ed proti tetanu. To je v \u010cesk\u00e9 republice sou\u010d\u00e1st\u00ed povinn\u00e9ho o\u010dkov\u00e1n\u00ed a je pln\u011b hrazeno z ve\u0159ejn\u00e9ho zdravotn\u00edho poji\u0161t\u011bn\u00ed. D\u011bti jsou proti tetanu o\u010dkov\u00e1ny spolu s dal\u0161\u00edmi onemocn\u011bn\u00edmi v r\u00e1mci kombinovan\u00fdch vakc\u00edn. V dosp\u011blosti je povinn\u00e9 pravideln\u00e9 p\u0159eo\u010dkov\u00e1n\u00ed proti tetanu ka\u017ed\u00fdch 10\u201315 let. Hl\u00eddejte si tedy term\u00edn posledn\u00edho o\u010dkov\u00e1n\u00ed na tetanus. Pokud p\u0159ij\u00ed\u017ed\u00edte do \u010cR a registrujete se zde u praktick\u00e9ho l\u00e9ka\u0159e, ur\u010dit\u011b se V\u00e1s bude na tyto \u00fadaje pt\u00e1t a pom\u016f\u017ee, pokud budete zn\u00e1t term\u00edn Va\u0161eho posledn\u00edho o\u010dkov\u00e1n\u00ed proti tetanu.<\/p>\n<p>O\u010dkov\u00e1n\u00ed je stejn\u011b d\u016fle\u017eit\u00e9 i v dosp\u011blosti a v seniorn\u00edm v\u011bku. V\u00e1\u0161 imunitn\u00ed syst\u00e9m s p\u0159ib\u00fdvaj\u00edc\u00edm v\u011bkem sl\u00e1bne a st\u00e1v\u00e1 se n\u00e1chyln\u011bj\u0161\u00edm k infek\u010dn\u00edm onemocn\u011bn\u00edm, nebo se s nemoc\u00ed h\u016f\u0159 vypo\u0159\u00e1d\u00e1v\u00e1, nav\u00edc, n\u011bkter\u00e9 o\u010dkovac\u00ed l\u00e1tky neposkytuj\u00ed celo\u017eivotn\u00ed ochranu (nap\u0159\u00edklad o\u010dkovac\u00ed l\u00e1tky proti ch\u0159ipce, kl\u00ed\u0161\u0165ov\u00e9 encefalitid\u011b, tetanu, z\u00e1\u0161krtu nebo \u010dern\u00e9mu ka\u0161li), proto je nutn\u00e9 o\u010dkov\u00e1n\u00ed pravideln\u011b opakovat. Velk\u00fd v\u00fdznam m\u00e1 tak\u00e9 o\u010dkov\u00e1n\u00ed vybran\u00fdch skupin chronicky nemocn\u00fdch pacient\u016f, jako jsou nap\u0159\u00edklad pacienti s onemocn\u011bn\u00edm srdce, plic, ledvin, c\u00e9v, jater, sleziny, diabetici, onkologi\u010dt\u00ed pacienti, pacienti s poruchou imunity a transplantovan\u00ed pacienti.<\/p>\n<p>Jednoduch\u00fd a stru\u010dn\u00fd p\u0159ehled povinn\u00e9ho i nepovinn\u00e9ho o\u010dkov\u00e1n\u00ed dosp\u011bl\u00fdch v \u010cR p\u0159in\u00e1\u0161\u00ed <a href=\"https:\/\/www.nzip.cz\/clanek\/217-ockovaci-kalendar-pro-dospele\"><b>o\u010dkovac\u00ed kalend\u00e1\u0159 pro dosp\u011bl\u00e9<\/b><\/a>. Ur\u010dit\u00e9 v\u011bkov\u00e9 skupiny maj\u00ed i n\u011bkter\u00e1 <a href=\"https:\/\/www.vzp.cz\/pojistenci\/prevence\/ockovani\/nepovinna-hrazena-ockovani\"><b>nepovinn\u00e1 o\u010dkov\u00e1n\u00ed<\/b><\/a> zdarma, nap\u0159\u00edklad lid\u00e9 nad 65 let maj\u00ed zdarma o\u010dkov\u00e1n\u00ed proti ch\u0159ipce, stejn\u011b tak je zdarma i vakc\u00edna proti pneumokokov\u00e9 infekci u poji\u0161t\u011bnc\u016f nad 65 let v\u011bku. Na jin\u00e1 o\u010dkov\u00e1n\u00ed <a href=\"https:\/\/www.ockovacicentrum.cz\/cz\/prispevky-zdravotnich-pojistoven\"><b>zdravotn\u00ed poji\u0161\u0165ovny dosp\u011bl\u00fdm osob\u00e1m p\u0159isp\u00edvaj\u00ed<\/b><\/a><b> v r\u00e1mci sv\u00fdch benefitn\u00edch program\u016f<\/b>.<\/p>\n<h4><b>O\u010dkov\u00e1n\u00ed v t\u011bhotenstv\u00ed<\/b><\/h4>\n<p>O\u010dkov\u00e1n\u00ed vybran\u00fdmi o\u010dkovac\u00edmi l\u00e1tkami v t\u011bhotenstv\u00ed se st\u00e1v\u00e1 d\u016fle\u017eit\u00fdm prvkem prenat\u00e1ln\u00ed (p\u0159edporodn\u00ed) p\u00e9\u010de, je\u017e m\u00e1 ochr\u00e1nit zdrav\u00ed \u017een a d\u011bt\u00ed. P\u0159\u00ednos <a href=\"https:\/\/www.nzip.cz\/kategorie\/8-ockovani-tehotnych\"><b>o\u010dkov\u00e1n\u00ed t\u011bhotn\u00fdch<\/b><\/a><b> \u017een<\/b> jednozna\u010dn\u011b p\u0159eva\u017euje rizika, kter\u00e1 hroz\u00ed matce i d\u00edt\u011bti, pokud by onemocn\u011bly infek\u010dn\u00ed chorobou. Doporu\u010deno je nap\u0159\u00edklad o\u010dkov\u00e1n\u00ed proti \u010dern\u00e9mu ka\u0161li, kter\u00e9 chr\u00e1n\u00ed matky i nov\u011b narozen\u00e9 d\u011bti. D\u011bti narozen\u00e9 o\u010dkovan\u00fdm matk\u00e1m maj\u00ed v\u00fdznamn\u011b ni\u017e\u0161\u00ed riziko onemocn\u011bn\u00ed, a pokud p\u0159esto onemocn\u00ed, je pr\u016fb\u011bh m\u00e9n\u011b komplikovan\u00fd. K dal\u0161\u00edm z doporu\u010den\u00fdch se \u0159ad\u00ed nap\u0159. o\u010dkov\u00e1n\u00ed proti ch\u0159ipce, RS vir\u016fm nebo covid-19.<b>Konzultace a<\/b> <a href=\"https:\/\/bulovka.reservio.com\/ockovaci-centrum\/services\/c0267dff-a321-44df-9f97-0c25cb596b52\"><b>o\u010dkov\u00e1n\u00ed pro gravidn\u00ed a graviditu pl\u00e1nuj\u00edc\u00ed \u017eeny<\/b><\/a> nab\u00edz\u00ed nap\u0159. <a href=\"https:\/\/bulovka.reservio.com\/ockovaci-centrum\/services\"><b>O\u010dkovac\u00ed centrum Fakultn\u00ed nemocnice Bulovka<\/b>.<\/a><\/p>\n<h3><b>PRAKTICK\u00c9 RADY<\/b><\/h3>\n<h4><b>O\u010dkovac\u00ed pr\u016fkaz (d\u00edt\u011bte)<\/b><\/h4>\n<p>V p\u0159\u00edpad\u011b, \u017ee d\u00edt\u011b m\u00e1 o\u010dkovac\u00ed pr\u016fkaz z Ukrajiny a tento je dostupn\u00fd (origin\u00e1l, kopie, nebo t\u0159eba alespo\u0148 fotka v mobilu), p\u0159ineste jej na prvn\u00ed vstupn\u00ed prohl\u00eddku k d\u011btsk\u00e9mu l\u00e9ka\u0159i. L\u00e9ka\u0159 p\u0159i nejbli\u017e\u0161\u00ed zdravotn\u00ed prohl\u00eddce po vstupu do \u010cesk\u00e9 republiky provede jeho kontrolu, v\u0161echny zdokumentovan\u00e9 d\u00e1vky budou uzn\u00e1ny a v o\u010dkov\u00e1n\u00ed se bude pokra\u010dovat podle <a href=\"https:\/\/www.nzip.cz\/clanek\/215-ockovaci-kalendar-pro-deti\"><b>o\u010dkovac\u00edho kalend\u00e1\u0159e platn\u00e9ho v \u010cesk\u00e9 republice<\/b><\/a>. Ve zdravotn\u00ed dokumentaci d\u00edt\u011bte bude proveden z\u00e1znam o kontrole o\u010dkovac\u00edho pr\u016fkazu a proveden\u00e9 vakcinaci. Pro porovn\u00e1n\u00ed je mo\u017en\u00e9 pod\u00edvat se na <a href=\"https:\/\/szu.gov.cz\/temata-zdravi-a-bezpecnosti\/nemoci-a-jejich-prevence\/infekcni-nemoci\/infekcni-onemocneni-migrace\/ukrajina\/ukrajina-ockovaci-kalendar\/\"><b>ukrajinsk\u00fd o\u010dkovac\u00ed kalend\u00e1\u0159<\/b><\/a>.<\/p>\n<h4><b>Co kdy\u017e o\u010dkovac\u00ed pr\u016fkaz d\u00edt\u011bte nem\u00e1m?<\/b><\/h4>\n<p>Podle informac\u00ed uveden\u00fdch na odkazu na str\u00e1nce <a href=\"https:\/\/edu.gov.cz\/dokladani-ockovani-ukrajinskych-deti-bez-ockovaciho-prukazu-vcetne-informaci-v-ukrajinstine\/\"><b>edu.gov.cz<\/b><\/a> ukrajinsk\u00e9 ministerstvo zdravotnictv\u00ed p\u0159ipravilo n\u00e1vod, jak mohou rodi\u010de &#8222;d\u00e1lkov\u011b&#8220; z\u00edskat potvrzen\u00ed o o\u010dkov\u00e1n\u00ed sv\u00e9ho d\u00edt\u011bte. Certifik\u00e1t o proveden\u00e9m o\u010dkov\u00e1n\u00ed m\u016f\u017ee b\u00fdt vy\u017e\u00e1d\u00e1n od l\u00e9ka\u0159e na Ukrajin\u011b, kter\u00fd o\u010dkov\u00e1n\u00ed provedl, nebo p\u0159\u00edmo od zdravotnick\u00e9ho za\u0159\u00edzen\u00ed, ve kter\u00e9m l\u00e9ka\u0159 p\u016fsobil, \u010di prost\u0159ednictv\u00edm on-line formul\u00e1\u0159e, a bude V\u00e1m zasl\u00e1n v elektronick\u00e9 podob\u011b.\u00a0V\u00edce informac\u00ed v ukrajin\u0161tin\u011b na webu <a href=\"https:\/\/moz.gov.ua\/uk\/jak-otrimati-dani-pro-provedeni-scheplennja-rekomendacii-moz-dlja-bizhenciv-i-pereselenciv\"><b>ukrajinsk\u00e9ho ministerstva zdravotnictv\u00ed<\/b><\/a>.<\/p>\n<h4><b>Co kdy\u017e o\u010dkovac\u00ed pr\u016fkaz nem\u00e1m a ani nen\u00ed mo\u017en\u00e9 ho z\u00edskat?<\/b><\/h4>\n<p>Nic se ned\u011bje. I s touto variantou se po\u010d\u00edt\u00e1. Pokud rodi\u010de nebo jin\u00fd z\u00e1konn\u00fd z\u00e1stupce d\u00edt\u011bte nedolo\u017e\u00ed dokumentaci o o\u010dkov\u00e1n\u00ed nebo jej\u00ed kopii a tvrd\u00ed, \u017ee o\u010dkov\u00e1n\u00ed prob\u011bhlo, nebo v p\u0159\u00edpad\u011b, kdy rodi\u010de nebo jin\u00fd doprovod tvrd\u00ed, \u017ee o\u010dkov\u00e1n\u00ed neprob\u011bhlo v\u016fbec, \u010cesk\u00e1 vakcinologick\u00e1 spole\u010dnost vydala doporu\u010den\u00ed pro doo\u010dkov\u00e1n\u00ed d\u011bt\u00ed z Ukrajiny, podle kter\u00e9ho praktick\u00fd l\u00e9ka\u0159 postupuje a pot\u0159ebn\u00e1 o\u010dkov\u00e1n\u00ed dopln\u00ed. D\u00edt\u011bti bez dokumentace bude vystaven nov\u00fd \u010desk\u00fd o\u010dkovac\u00ed pr\u016fkaz.<\/p>\n<h4><b>O\u010dkov\u00e1n\u00ed p\u0159ed n\u00e1stupem do \u0161kolky\u00a0<\/b><\/h4>\n<p>U d\u011bt\u00ed mlad\u0161\u00edch p\u011bti let mate\u0159sk\u00e1 \u0161kola vy\u017eaduje <a href=\"https:\/\/www.vzp.cz\/o-nas\/tiskove-centrum\/otazky-tydne\/potvrzeni-pldd-k-zapisu-do-materske-skolky\"><b>l\u00e9ka\u0159sk\u00fd posudek<\/b><\/a>, kter\u00fd dokl\u00e1d\u00e1 informaci, \u017ee d\u00edt\u011b bylo o\u010dkov\u00e1no v r\u00e1mci pravideln\u00fdch povinn\u00fdch o\u010dkov\u00e1n\u00ed, je proti n\u00e1kaze imunn\u00ed nebo nem\u016f\u017ee b\u00fdt o\u010dkov\u00e1no z d\u016fvodu kontraindikac\u00ed. V p\u0159\u00edpad\u011b, \u017ee je pro d\u00edt\u011b (star\u0161\u00ed p\u011bti let) p\u0159ed\u0161koln\u00ed vzd\u011bl\u00e1v\u00e1n\u00ed povinn\u00e9, mate\u0159sk\u00e1 \u0161kola toto potvrzen\u00ed o o\u010dkov\u00e1n\u00ed nepo\u017eaduje.<\/p>\n<p>Stanovuje to \u0161kolsk\u00fd z\u00e1kon, \u010d. 561\/2004 Sb., a z\u00e1kon o ochran\u011b ve\u0159ejn\u00e9ho zdrav\u00ed, \u010d. 258\/2000 Sb.<\/p>\n<p>Posudek o zdravotn\u00ed zp\u016fsobilosti (s informac\u00ed, jestli se d\u00edt\u011b podrobilo pravideln\u00fdm povinn\u00fdm o\u010dkov\u00e1n\u00edm), je nap\u0159\u00edklad vy\u017eadov\u00e1n nejen p\u0159ed n\u00e1stupem do mate\u0159sk\u00e9 \u0161koly, ale tak\u00e9 nap\u0159. p\u0159ed odjezdem na zotavovac\u00ed akci (typicky nap\u0159. letn\u00ed t\u00e1bory apod.).<\/p>\n<p>L\u00e9ka\u0159 <b>potvrzen\u00ed<\/b> vystav\u00ed na z\u00e1klad\u011b \u017e\u00e1dosti z\u00e1konn\u00e9ho z\u00e1stupce (rodi\u010de), p\u0159\u00edpadn\u011b poru\u010dn\u00edka nebo p\u011bstouna. Vyd\u00e1n\u00ed l\u00e9ka\u0159sk\u00e9ho posudku nen\u00ed hrazeno z ve\u0159ejn\u00e9ho zdravotn\u00edho poji\u0161t\u011bn\u00ed a je zpoplatn\u011bno.<\/p>\n<h4><b>Kde se nechat o\u010dkovat<\/b><\/h4>\n<p>Nej\u010dast\u011bji V\u00e1s o\u010dkuje V\u00e1\u0161 praktick\u00fd l\u00e9ka\u0159 \u010di pediatr, o\u010dkovat se m\u016f\u017eete nechat i ve specializovan\u00fdch o\u010dkovac\u00edch centrech, nap\u0159.:<\/p>\n<ul class=\"bullet\">\n<li><a href=\"https:\/\/bulovka.cz\/kliniky-a-oddeleni\/ockovaci-centrum\">O\u010dkovac\u00ed centrum Fakultn\u00ed nemocnice Bulovka<\/a><\/li>\n<li><a href=\"https:\/\/www.ftn.cz\/centrum-ockovani-a-cestovni-mediciny-689\/\">Centrum o\u010dkov\u00e1n\u00ed a cestovn\u00ed medic\u00edny Fakultn\u00ed Thomayerovy nemocnice<\/a><\/li>\n<li><a href=\"https:\/\/www.ftn.cz\/ockovaci-centrum-pro-deti-1143\/\">O\u010dkovac\u00ed centrum pro d\u011bti Fakultn\u00ed Thomayerovy nemocnice<\/a><\/li>\n<li><a href=\"https:\/\/www.fnmotol.cz\/kliniky-a-ambulance\/klinika-infekcnich-nemoci-a-cestovni-mediciny-2-lf-uk-a-fn-motol\/#ockovaci-centrum-a-centrum-cestovni-mediciny\">O\u010dkovac\u00ed centrum FN Motol<\/a><\/li>\n<\/ul>\n<p>V posledn\u00edm zm\u00edn\u011bn\u00e9m nab\u00edz\u00ed k dispozici term\u00edny p\u0159\u00edmo vyhrazen\u00e9 pro o\u010dkov\u00e1n\u00ed ukrajinsk\u00fdch d\u011bt\u00ed. <span style=\"font-weight: 400;\">Vyu\u017eijte kontaktn\u00ed telefon:\u00a0224 43 2336, 224 43 2330 (pracovn\u00ed dny 8:00 \u2013 15:00 hod) anebo e-mail <\/span><a href=\"mailto:ockovani@fnmotol.cz\"><span style=\"font-weight: 400;\">ockovani@fnmotol.cz<\/span><\/a><span style=\"font-weight: 400;\"> a domluvte si term\u00edn Va\u0161\u00ed n\u00e1v\u0161t\u011bvy za \u00fa\u010delem povinn\u00fdch \u010di doporu\u010den\u00fdch o\u010dkov\u00e1n\u00ed. O\u010dkov\u00e1n\u00ed (ukrajinsk\u00fdch d\u011bt\u00ed) je ur\u010deno pouze pro tyto d\u011bti, kter\u00e9 zat\u00edm nemaj\u00ed sv\u00e9ho praktick\u00e9ho l\u00e9ka\u0159e, zaji\u0161\u0165uj\u00ed pouze o\u010dkov\u00e1n\u00ed, event. vystaven\u00ed potvrzen\u00ed o zdravotn\u00ed zp\u016fsobilosti, pokud zde bylo Va\u0161e d\u00edt\u011b sou\u010dasn\u011b o\u010dkov\u00e1no.<\/span><\/p>\n<p>Seznam dal\u0161\u00edch o\u010dkovac\u00edch center najdete nap\u0159. na <a href=\"https:\/\/infektologie.cz\/ockcentra\/praha.htm\"><b>tomto odkazu<\/b><\/a>.<\/p>\n<h4><b>Uveden\u00e9 informace poch\u00e1z\u00ed z n\u00e1sleduj\u00edc\u00edch zdroj\u016f:<\/b><\/h4>\n<ul class=\"bullet-links\">\n<li><a href=\"https:\/\/szu.gov.cz\/temata-zdravi-a-bezpecnosti\/vakciny-a-ockovani\/\">https:\/\/szu.gov.cz\/temata-zdravi-a-bezpecnosti\/vakciny-a-ockovani\/<\/a><\/li>\n<li><a href=\"https:\/\/www.vzp.cz\/pojistenci\/prevence\/ockovani\">https:\/\/www.vzp.cz\/pojistenci\/prevence\/ockovani<\/a><\/li>\n<li><a href=\"https:\/\/www.vzp.cz\/pojistenci\/prevence\/ockovani\/nepovinna-hrazena-ockovani\">https:\/\/www.vzp.cz\/pojistenci\/prevence\/ockovani\/nepovinna-hrazena-ockovani<\/a><\/li>\n<li><a href=\"https:\/\/www.vzp.cz\/pojistenci\/vyhody-a-prispevky\/ockovani\/dospely\">https:\/\/www.vzp.cz\/pojistenci\/vyhody-a-prispevky\/ockovani\/dospely<\/a><\/li>\n<li><a href=\"https:\/\/www.vzp.cz\/pojistenci\/vyhody-a-prispevky\/ockovani\/deti\">https:\/\/www.vzp.cz\/pojistenci\/vyhody-a-prispevky\/ockovani\/deti<\/a><\/li>\n<li><a href=\"https:\/\/www.ockovacicentrum.cz\/cz\/prispevky-zdravotnich-pojistoven\">https:\/\/www.ockovacicentrum.cz\/cz\/prispevky-zdravotnich-pojistoven<\/a><\/li>\n<li><a href=\"https:\/\/www.ockovacicentrum.cz\/cz\/praha-ordinacni-hodiny\">https:\/\/www.ockovacicentrum.cz\/cz\/praha-ordinacni-hodiny<\/a><\/li>\n<li><a href=\"https:\/\/www.nzip.cz\/kategorie\/2-ockovani\">https:\/\/www.nzip.cz\/kategorie\/2-ockovani<\/a><\/li>\n<li><a href=\"https:\/\/www.nzip.cz\/clanek\/215-ockovaci-kalendar-pro-deti\">https:\/\/www.nzip.cz\/clanek\/215-ockovaci-kalendar-pro-deti<\/a><\/li>\n<li><a href=\"https:\/\/www.nzip.cz\/clanek\/217-ockovaci-kalendar-pro-dospele\">https:\/\/www.nzip.cz\/clanek\/217-ockovaci-kalendar-pro-dospele<\/a><\/li>\n<li><a href=\"https:\/\/www.nzip.cz\/kategorie\/8-ockovani-tehotnych\">https:\/\/www.nzip.cz\/kategorie\/8-ockovani-tehotnych<\/a><\/li>\n<li><a href=\"https:\/\/infektologie.cz\/ockcentra\/praha.htm\">https:\/\/infektologie.cz\/ockcentra\/praha.htm<\/a><\/li>\n<li><a href=\"https:\/\/www.loono.cz\/uk\/prevention\/vakcinaciyi\">https:\/\/www.loono.cz\/uk\/prevention\/vakcinaciyi<\/a><\/li>\n<li><a href=\"https:\/\/zrozumilo.org\/library\/\">https:\/\/zrozumilo.org\/library\/<\/a><\/li>\n<li><a href=\"https:\/\/bulovka.reservio.com\/ockovaci-centrum\/services\/c0267dff-a321-44df-9f97-0c25cb596b52\">https:\/\/bulovka.reservio.com\/ockovaci-centrum\/services\/c0267dff-a321-44df-9f97-0c25cb596b52<\/a><\/li>\n<li><a href=\"https:\/\/bulovka.reservio.com\/ockovaci-centrum\">https:\/\/bulovka.reservio.com\/ockovaci-centrum<\/a><\/li>\n<li><a href=\"https:\/\/szu.gov.cz\/temata-zdravi-a-bezpecnosti\/nemoci-a-jejich-prevence\/infekcni-nemoci\/infekcni-onemocneni-migrace\/ukrajina\/ukrajina-ockovaci-kalendar\/\">https:\/\/szu.gov.cz\/temata-zdravi-a-bezpecnosti\/nemoci-a-jejich-prevence\/infekcni-nemoci\/infekcni-onemocneni-migrace\/ukrajina\/ukrajina-ockovaci-kalendar\/<\/a><\/li>\n<li><a href=\"https:\/\/edu.gov.cz\/dokladani-ockovani-ukrajinskych-deti-bez-ockovaciho-prukazu-vcetne-informaci-v-ukrajinstine\/\">https:\/\/edu.gov.cz\/dokladani-ockovani-ukrajinskych-deti-bez-ockovaciho-prukazu-vcetne-informaci-v-ukrajinstine\/<\/a><\/li>\n<li><a href=\"https:\/\/moz.gov.ua\/uk\/jak-otrimati-dani-pro-provedeni-scheplennja-rekomendacii-moz-dlja-bizhenciv-i-pereselenciv\">https:\/\/moz.gov.ua\/uk\/jak-otrimati-dani-pro-provedeni-scheplennja-rekomendacii-moz-dlja-bizhenciv-i-pereselenciv<\/a><\/li>\n<li><a href=\"https:\/\/www.vzp.cz\/o-nas\/tiskove-centrum\/otazky-tydne\/potvrzeni-pldd-k-zapisu-do-materske-skolky\">https:\/\/www.vzp.cz\/o-nas\/tiskove-centrum\/otazky-tydne\/potvrzeni-pldd-k-zapisu-do-materske-skolky<\/a><\/li>\n<li><a href=\"https:\/\/bulovka.cz\/kliniky-a-oddeleni\/ockovaci-centrum\">https:\/\/bulovka.cz\/kliniky-a-oddeleni\/ockovaci-centrum<\/a><\/li>\n<li><a href=\"https:\/\/www.ftn.cz\/centrum-ockovani-a-cestovni-mediciny-689\/\">https:\/\/www.ftn.cz\/centrum-ockovani-a-cestovni-mediciny-689\/<\/a><\/li>\n<li><a href=\"https:\/\/www.ftn.cz\/ockovaci-centrum-pro-deti-1143\/\">https:\/\/www.ftn.cz\/ockovaci-centrum-pro-deti-1143\/<\/a><\/li>\n<li><a href=\"https:\/\/www.fnmotol.cz\/kliniky-a-ambulance\/klinika-infekcnich-nemoci-a-cestovni-mediciny-2-lf-uk-a-fn-motol\/\">https:\/\/www.fnmotol.cz\/kliniky-a-ambulance\/klinika-infekcnich-nemoci-a-cestovni-mediciny-2-lf-uk-a-fn-motol\/<\/a><\/li>\n<\/ul>\n<p><\/p>","protected":false},"excerpt":{"rendered":"<p>Z\u00e1kladn\u00ed informace O\u010dkov\u00e1n\u00ed pom\u00e1h\u00e1 p\u0159edch\u00e1zet infek\u010dn\u00edm nemocem a pat\u0159\u00ed mezi nej\u00fa\u010dinn\u011bj\u0161\u00ed preventivn\u00ed opat\u0159en\u00ed. T\u00edm, \u017ee napodobuje p\u0159irozenou infekci, tr\u00e9nuje V\u00e1\u0161 imunitn\u00ed syst\u00e9m a pom\u00e1h\u00e1 tvo\u0159it ochrann\u00e9 protil\u00e1tky a je to tak bezpe\u010dn\u00fd a \u00fa\u010dinn\u00fd zp\u016fsob, jak se chr\u00e1nit p\u0159ed infekcemi&#8230;<\/p>\n<a class=\"more-block\" href=\"https:\/\/metropolevsech.eu\/cs\/zdravotni-informace-pro-drzitele-docasne-ochrany\/ockovani\/\">\u010c\u00edst v\u00edce<\/a>","protected":false},"author":7,"featured_media":0,"parent":19936,"menu_order":7,"comment_status":"closed","ping_status":"closed","template":"","meta":[],"acf":[],"_links":{"self":[{"href":"https:\/\/metropolevsech.eu\/cs\/wp-json\/wp\/v2\/pages\/22532"}],"collection":[{"href":"https:\/\/metropolevsech.eu\/cs\/wp-json\/wp\/v2\/pages"}],"about":[{"href":"https:\/\/metropolevsech.eu\/cs\/wp-json\/wp\/v2\/types\/page"}],"author":[{"embeddable":true,"href":"https:\/\/metropolevsech.eu\/cs\/wp-json\/wp\/v2\/users\/7"}],"replies":[{"embeddable":true,"href":"https:\/\/metropolevsech.eu\/cs\/wp-json\/wp\/v2\/comments?post=22532"}],"version-history":[{"count":12,"href":"https:\/\/metropolevsech.eu\/cs\/wp-json\/wp\/v2\/pages\/22532\/revisions"}],"predecessor-version":[{"id":25259,"href":"https:\/\/metropolevsech.eu\/cs\/wp-json\/wp\/v2\/pages\/22532\/revisions\/25259"}],"up":[{"embeddable":true,"href":"https:\/\/metropolevsech.eu\/cs\/wp-json\/wp\/v2\/pages\/19936"}],"wp:attachment":[{"href":"https:\/\/metropolevsech.eu\/cs\/wp-json\/wp\/v2\/media?parent=22532"}],"curies":[{"name":"wp","href":"https:\/\/api.w.org\/{rel}","templated":true}]}}