{"id":22582,"date":"2025-04-24T10:01:19","date_gmt":"2025-04-24T08:01:19","guid":{"rendered":"https:\/\/metropolevsech.eu\/?page_id=22582"},"modified":"2025-07-16T10:28:35","modified_gmt":"2025-07-16T08:28:35","slug":"praha-pro-ukrajinu","status":"publish","type":"page","link":"https:\/\/metropolevsech.eu\/cs\/praha-pro-ukrajinu\/","title":{"rendered":"Praha pro Ukrajinu"},"content":{"rendered":"<p>Tato sekce je ur\u010dena pro ob\u010dany Ukrajiny, kte\u0159\u00ed \u017eij\u00ed v Praze nebo sem nov\u011b p\u0159ich\u00e1zej\u00ed. Najdete tu p\u0159ehledn\u00e9 a aktu\u00e1ln\u00ed informace, kter\u00e9 v\u00e1m pomohou l\u00e9pe se orientovat a zvl\u00e1dnout prvn\u00ed kroky v nov\u00e9m prost\u0159ed\u00ed.<\/p>\n<div class=\"box-ok\">Pro z\u00e1kladn\u00ed informace o Va\u0161ich pr\u00e1vech a povinnostech v kl\u00ed\u010dovy\u0301ch oblastech \u017eivota v Praze, zejm\u00e9na informace o pobytu, zdravotn\u00edm poji\u0161t\u011bn\u00ed, zam\u011bstn\u00e1n\u00ed, \u0161kolstv\u00ed a mo\u017enostech podpory, si st\u00e1hn\u011bte tento p\u0159ehledn\u00fd <a href=\"https:\/\/metropolevsech.eu\/wp-content\/uploads\/2025\/07\/ICP_MHMP_skladaci-letak-cerven_UKR_net.pdf\"><\/a><a href=\"https:\/\/metropolevsech.eu\/wp-content\/uploads\/2025\/07\/informac\u030cni\u0301-leta\u0301k.pdf\">informac\u030cni\u0301 leta\u0301k<\/a>.<\/div>\n<h3>Aktu\u00e1ln\u011b k pobytu v \u010cR<\/h3>\n<p>V t\u00e9to \u010d\u00e1sti najdete p\u0159ehled aktualit, kter\u00e9 se t\u00fdkaj\u00ed Ukrajinc\u016f s do\u010dasnou ochranou nebo jinou formou pobytu. Dozv\u00edte se nap\u0159\u00edklad, jak\u00e9 zm\u011bny se chystaj\u00ed, co je pot\u0159eba p\u0159i prodlu\u017eov\u00e1n\u00ed ochrany nebo vyjad\u0159ov\u00e1n\u00ed zajmu o zvl\u00e1\u0161tn\u00ed dlouhodob\u00fd pobyt nebo jak\u00e9 jsou nov\u00e9 postupy a povinnosti.<\/p>\n<p><a href=\"https:\/\/metropolevsech.eu\/cs\/praha-pro-ukrajinu\/aktualne-k-pobytu-v-cr\/\"><section class=\"centered-container link link--arrowed\">\u010c\u00edst v\u00edce<svg class=\"arrow-icon\" xmlns=\"http:\/\/www.w3.org\/2000\/svg\" width=\"32\" height=\"32\" viewBox=\"0 0 32 32\">\n      <g fill=\"none\" stroke=\"#e4061f\" stroke-width=\"1.5\" stroke-linejoin=\"round\" stroke-miterlimit=\"10\">\n        <circle class=\"arrow-icon--circle\" cx=\"16\" cy=\"16\" r=\"15.12\"><\/circle>\n        <path class=\"arrow-icon--arrow\" d=\"M16.14 9.93L22.21 16l-6.07 6.07M8.23 16h13.98\"><\/path>\n      <\/g>\n    <\/svg><\/section><\/a><\/p>\n<h3>Zdravotn\u00ed p\u00e9\u010de<\/h3>\n<p>V t\u00e9to \u010d\u00e1sti se dozv\u00edte v\u00edc o zdravotn\u00ed p\u00e9\u010di v\u00a0Praze. Zjist\u00edte, kdo je praktick\u00fd l\u00e9ka\u0159, jak si praktick\u00e9ho l\u00e9ka\u0159e \u010di zuba\u0159e naj\u00edt, jak se na n\u00e1v\u0161t\u011bvu l\u00e9ka\u0159e p\u0159ipravit. V\u011bnujeme se tak\u00e9 t\u00e9mat\u016fm jako preventivn\u00ed prohl\u00eddky, screeningov\u00e9 programy \u010di o\u010dkov\u00e1n\u00ed a p\u0159ineseme dal\u0161\u00ed zaj\u00edmav\u00e1 t\u00e9mata z\u00a0oblasti zdravotnictv\u00ed a zdravotn\u00ed p\u00e9\u010de pro dr\u017eitele do\u010dasn\u00e9 ochrany v\u00a0Praze.<br \/>\n<a href=\"https:\/\/metropolevsech.eu\/cs\/zdravotni-informace-pro-drzitele-docasne-ochrany\/\"><section class=\"centered-container link link--arrowed\">\u010c\u00edst v\u00edce<svg class=\"arrow-icon\" xmlns=\"http:\/\/www.w3.org\/2000\/svg\" width=\"32\" height=\"32\" viewBox=\"0 0 32 32\">\n      <g fill=\"none\" stroke=\"#e4061f\" stroke-width=\"1.5\" stroke-linejoin=\"round\" stroke-miterlimit=\"10\">\n        <circle class=\"arrow-icon--circle\" cx=\"16\" cy=\"16\" r=\"15.12\"><\/circle>\n        <path class=\"arrow-icon--arrow\" d=\"M16.14 9.93L22.21 16l-6.07 6.07M8.23 16h13.98\"><\/path>\n      <\/g>\n    <\/svg><\/section><\/a><\/p>\n<h3>Pr\u00e1ce, bydlen\u00ed a soci\u00e1ln\u00ed pomoc<\/h3>\n<p>Informace o pomoci, kter\u00e1 je dostupn\u00e1 Ukrajinc\u016fm v Praze \u2013 nap\u0159\u00edklad praktick\u00e9 n\u00e1vody jak hledat ubytov\u00e1n\u00ed, jak\u00e1 podpora je k dispozici pro osoby v t\u00ed\u017eiv\u00e9 soci\u00e1ln\u00ed situaci. Nechyb\u00ed ani informace o mo\u017enostech pr\u00e1ce a brig\u00e1d v Praze.\u00a0<\/p>\n<p><a href=\"https:\/\/metropolevsech.eu\/praha-pro-ukrajinu\/prace-bydleni-a-statni-podpora\/\"><section class=\"centered-container link link--arrowed\">\u010c\u00edst v\u00edce<svg class=\"arrow-icon\" xmlns=\"http:\/\/www.w3.org\/2000\/svg\" width=\"32\" height=\"32\" viewBox=\"0 0 32 32\">\n      <g fill=\"none\" stroke=\"#e4061f\" stroke-width=\"1.5\" stroke-linejoin=\"round\" stroke-miterlimit=\"10\">\n        <circle class=\"arrow-icon--circle\" cx=\"16\" cy=\"16\" r=\"15.12\"><\/circle>\n        <path class=\"arrow-icon--arrow\" d=\"M16.14 9.93L22.21 16l-6.07 6.07M8.23 16h13.98\"><\/path>\n      <\/g>\n    <\/svg><\/section><\/a><\/p>\n<h3>Vzd\u011bl\u00e1v\u00e1n\u00ed a kurzy\u00a0<\/h3>\n<p>Tato sekce je v\u011bnovan\u00e1 vzd\u011bl\u00e1vac\u00edm mo\u017enostem p\u0159\u00edmo pro ukrajinsk\u00e9 d\u011bti a dosp\u011bl\u00e9 v Praze. Najdete zde informace o z\u00e1pisu do \u0161kol, p\u0159\u00edpravn\u00fdch t\u0159\u00edd\u00e1ch, bezplatn\u00fdch kurzech \u010de\u0161tiny a dal\u0161\u00edch podp\u016frn\u00fdch programech ur\u010den\u00fdch pro ukrajinskou komunitu.<\/p>\n<p><a href=\"\/\/ipc.gov.cz\/docasna-ochrana\/\"><section class=\"centered-container link link--arrowed\">\u010c\u00edst v\u00edce<svg class=\"arrow-icon\" xmlns=\"http:\/\/www.w3.org\/2000\/svg\" width=\"32\" height=\"32\" viewBox=\"0 0 32 32\">\n      <g fill=\"none\" stroke=\"#e4061f\" stroke-width=\"1.5\" stroke-linejoin=\"round\" stroke-miterlimit=\"10\">\n        <circle class=\"arrow-icon--circle\" cx=\"16\" cy=\"16\" r=\"15.12\"><\/circle>\n        <path class=\"arrow-icon--arrow\" d=\"M16.14 9.93L22.21 16l-6.07 6.07M8.23 16h13.98\"><\/path>\n      <\/g>\n    <\/svg><\/section><\/a><\/p>\n<h3>Projekty a aktuality z Magistr\u00e1tu hl. m. Prahy<\/h3>\n<p>P\u0159ehled aktu\u00e1ln\u00edch informac\u00ed a projekt\u016f, kter\u00e9 m\u011bsto Praha p\u0159ipravuje nebo podporuje speci\u00e1ln\u011b pro Ukrajince. Najdete zde i informace o dlouhodob\u00e9 pomoci a mo\u017enostech zapojen\u00ed do integra\u010dn\u00edch program\u016f.<\/p>\n<p><a href=\"\/\/ipc.gov.cz\/docasna-ochrana\/\"><section class=\"centered-container link link--arrowed\">\u010c\u00edst v\u00edce<svg class=\"arrow-icon\" xmlns=\"http:\/\/www.w3.org\/2000\/svg\" width=\"32\" height=\"32\" viewBox=\"0 0 32 32\">\n      <g fill=\"none\" stroke=\"#e4061f\" stroke-width=\"1.5\" stroke-linejoin=\"round\" stroke-miterlimit=\"10\">\n        <circle class=\"arrow-icon--circle\" cx=\"16\" cy=\"16\" r=\"15.12\"><\/circle>\n        <path class=\"arrow-icon--arrow\" d=\"M16.14 9.93L22.21 16l-6.07 6.07M8.23 16h13.98\"><\/path>\n      <\/g>\n    <\/svg><\/section><\/a><\/p>\n<h3>U\u017eite\u010dn\u00e9 odkazy a kontakty<\/h3>\n<p>Kontakty na d\u016fle\u017eit\u00e1 m\u00edsta, organizace a slu\u017eby v Praze, kter\u00e9 se p\u0159\u00edmo zam\u011b\u0159uj\u00ed na pomoc Ukrajinc\u016fm. Najdete zde i odkazy na weby a port\u00e1ly, kde se dozv\u00edte v\u00edc nebo si m\u016f\u017eete st\u00e1hnout pot\u0159ebn\u00e9 dokumenty a materi\u00e1ly.<\/p>\n<p><a href=\"\/\/metropolevsech.eu\/cs\/potrebuji-resit\/pobyt-na-uzemi-ceske-republiky\/informace-pro-nove-prichozi-z-ukrajiny\/\"><section class=\"centered-container link link--arrowed\">\u010c\u00edst v\u00edce<svg class=\"arrow-icon\" xmlns=\"http:\/\/www.w3.org\/2000\/svg\" width=\"32\" height=\"32\" viewBox=\"0 0 32 32\">\n      <g fill=\"none\" stroke=\"#e4061f\" stroke-width=\"1.5\" stroke-linejoin=\"round\" stroke-miterlimit=\"10\">\n        <circle class=\"arrow-icon--circle\" cx=\"16\" cy=\"16\" r=\"15.12\"><\/circle>\n        <path class=\"arrow-icon--arrow\" d=\"M16.14 9.93L22.21 16l-6.07 6.07M8.23 16h13.98\"><\/path>\n      <\/g>\n    <\/svg><\/section><\/a><\/p>","protected":false},"excerpt":{"rendered":"<p>Tato sekce je ur\u010dena pro ob\u010dany Ukrajiny, kte\u0159\u00ed \u017eij\u00ed v Praze nebo sem nov\u011b p\u0159ich\u00e1zej\u00ed. Najdete tu p\u0159ehledn\u00e9 a aktu\u00e1ln\u00ed informace, kter\u00e9 v\u00e1m pomohou l\u00e9pe se orientovat a zvl\u00e1dnout prvn\u00ed kroky v nov\u00e9m prost\u0159ed\u00ed. Aktu\u00e1ln\u011b k pobytu v \u010cR V&#8230;<\/p>\n<a class=\"more-block\" href=\"https:\/\/metropolevsech.eu\/cs\/praha-pro-ukrajinu\/\">\u010c\u00edst v\u00edce<\/a>","protected":false},"author":7,"featured_media":0,"parent":0,"menu_order":0,"comment_status":"closed","ping_status":"closed","template":"","meta":[],"acf":[],"_links":{"self":[{"href":"https:\/\/metropolevsech.eu\/cs\/wp-json\/wp\/v2\/pages\/22582"}],"collection":[{"href":"https:\/\/metropolevsech.eu\/cs\/wp-json\/wp\/v2\/pages"}],"about":[{"href":"https:\/\/metropolevsech.eu\/cs\/wp-json\/wp\/v2\/types\/page"}],"author":[{"embeddable":true,"href":"https:\/\/metropolevsech.eu\/cs\/wp-json\/wp\/v2\/users\/7"}],"replies":[{"embeddable":true,"href":"https:\/\/metropolevsech.eu\/cs\/wp-json\/wp\/v2\/comments?post=22582"}],"version-history":[{"count":22,"href":"https:\/\/metropolevsech.eu\/cs\/wp-json\/wp\/v2\/pages\/22582\/revisions"}],"predecessor-version":[{"id":23451,"href":"https:\/\/metropolevsech.eu\/cs\/wp-json\/wp\/v2\/pages\/22582\/revisions\/23451"}],"wp:attachment":[{"href":"https:\/\/metropolevsech.eu\/cs\/wp-json\/wp\/v2\/media?parent=22582"}],"curies":[{"name":"wp","href":"https:\/\/api.w.org\/{rel}","templated":true}]}}