{"id":22770,"date":"2025-05-12T10:13:05","date_gmt":"2025-05-12T08:13:05","guid":{"rendered":"https:\/\/metropolevsech.eu\/?page_id=22770"},"modified":"2025-11-13T15:03:47","modified_gmt":"2025-11-13T14:03:47","slug":"prace-vzdelavani-a-kurzy","status":"publish","type":"page","link":"https:\/\/metropolevsech.eu\/cs\/praha-pro-ukrajinu\/prace-vzdelavani-a-kurzy\/","title":{"rendered":"Vzd\u011bl\u00e1v\u00e1n\u00ed a kurzy"},"content":{"rendered":"<p><i><span style=\"font-weight: 400;\">posledn\u00ed aktualizace: 14. kv\u011bten 2025<\/span><\/i><\/p>\n<h3>Povinn\u00e1 \u0161koln\u00ed doch\u00e1zka<\/h3>\n<p>V \u010cesku je povinn\u00e1 <strong>dev\u00edtilet\u00e1 \u0161koln\u00ed doch\u00e1zka<\/strong> pro v\u0161echny d\u011bti, v\u010detn\u011b t\u011bch s do\u010dasnou ochranou. Povinn\u00fd je rovn\u011b\u017e posledn\u00ed ro\u010dn\u00edk mate\u0159sk\u00e9 \u0161koly (od dovr\u0161en\u00ed 5 let v\u011bku). D\u011bti mus\u00ed za\u010d\u00edt chodit do \u0161koly <strong>do 90 dn\u016f od obdr\u017een\u00ed v\u00edza<\/strong>. Obvykle d\u00edt\u011b chod\u00ed do \u0161koly, kter\u00e1 je ur\u010dena podle m\u00edsta jeho pobytu (sp\u00e1dov\u00e1 \u0161kola). Va\u0161i sp\u00e1dovou \u0161kolu v\u00e1m mohou sd\u011blit na \u00fa\u0159ad\u011b m\u011bstsk\u00e9 \u010d\u00e1sti, kde m\u00e1te hl\u00e1\u0161enou adresu.<\/p>\n<p>Postup p\u0159ihl\u00e1\u0161en\u00ed v pr\u016fb\u011bhu \u0161koln\u00edho roku:<\/p>\n<ul class=\"bullet\">\n<li>rodi\u010d pos\u00edl\u00e1 p\u00edsemnou \u017e\u00e1dost o p\u0159ijet\u00ed do sp\u00e1dov\u00e9 \u0161koly<\/li>\n<li>\u0161kola mus\u00ed d\u00edt\u011b p\u0159ijmout, pokud m\u00e1 volnou kapacitu<\/li>\n<li>pokud je \u0161kola pln\u00e1, \u0159editel vyd\u00e1v\u00e1 rodi\u010d\u016fm p\u00edsemn\u00e9 rozhodnut\u00ed o nep\u0159ijet\u00ed z kapacitn\u00edch d\u016fvod\u016f a z\u00e1rove\u0148 informuje \u00fa\u0159ad m\u011bstsk\u00e9 \u010d\u00e1sti<\/li>\n<li>\u00fa\u0159ad m\u011bstsk\u00e9 \u010d\u00e1sti hled\u00e1 pro \u017e\u00e1ka m\u00edsto v dal\u0161\u00edch \u0161kol\u00e1ch, kter\u00e9 z\u0159izuje, nebo v p\u0159ilehl\u00fdch m\u011bstsk\u00fdch \u010d\u00e1stech<\/li>\n<\/ul>\n<div class=\"box-fixa\"> Online v\u00fduka na ukrajinsk\u00e9 \u0161kole nenahrazuje povinnou \u0161koln\u00ed doch\u00e1zku v \u010cR! <\/div>\n<div class=\"box-ok\"> Pro v\u00edce informac\u00ed o \u010desk\u00e9m \u0161kolsk\u00e9m syst\u00e9mu a vzd\u011bl\u00e1v\u00e1n\u00ed d\u011bt\u00ed, ale i dosp\u011bl\u00fdch a o kurzech \u010desk\u00e9ho jazyka nav\u0161tivte sekci <a href=\"https:\/\/metropolevsech.eu\/cs\/potrebuji-resit\/vzdelavani-a-nostrifikace-diplomu\/\">Pot\u0159ebuji \u0159e\u0161it &#8211; vzd\u011bl\u00e1v\u00e1n\u00ed<\/a>. <\/div>\n<h3>Uzn\u00e1n\u00ed zahrani\u010dn\u00edho vzd\u011bl\u00e1n\u00ed<\/h3>\n<p>O nostrifikaci zahrani\u010dn\u00edho vzd\u011bl\u00e1n\u00ed m\u016f\u017eete jako absolvent zahrani\u010dn\u00ed z\u00e1kladn\u00ed, st\u0159edn\u00ed nebo vy\u0161\u0161\u00ed odborn\u00e9 \u0161koly po\u017e\u00e1dat odbor \u0161kolstv\u00ed na Magistr\u00e1tu.<\/p>\n<p>O uzn\u00e1n\u00ed vysoko\u0161kolsk\u00e9ho vzd\u011bl\u00e1v\u00e1n\u00ed budete \u017e\u00e1dat na vysok\u00e9 \u0161kole, kter\u00e1 nab\u00edz\u00ed obdobn\u00fd studijn\u00ed program. Postup a n\u00e1le\u017eitosti \u017e\u00e1dosti naleznete <a href=\"http:\/\/metropolevsech.eu\/cs\/potrebuji-resit\/ vzdelavani-a-nostrifikace-diplomu\/ nostrifikace\">zde<\/a>.<\/p>\n<p>Nostrifikace je zpoplatn\u011bna spr\u00e1vn\u00edm poplatkem ve v\u00fd\u0161i 3 000 K\u010d, pro nov\u011b p\u0159\u00edchoz\u00ed zdarma po 12 za sebou jdouc\u00edch m\u011bs\u00edc\u016f ode dne ud\u011blen\u00ed do\u010dasn\u00e9 ochrany.<\/p>\n<p><span style=\"font-weight: 400;\">Dle v\u00fdkladu M\u0160MT ze dne 28.4.2025 ve spr\u00e1vn\u00edch \u0159\u00edzen\u00edch veden\u00fdch ve smyslu <\/span><span style=\"font-weight: 400;\">\u00a7 108 \u0161kolsk\u00e9ho z\u00e1kona Magistr\u00e1t Hlavn\u00edho m\u011bsta Prahy p\u0159istupuje s okam\u017eitou platnost\u00ed p\u0159i p\u0159edkl\u00e1d\u00e1n\u00ed doklad\u016f o vzd\u011bl\u00e1n\u00ed k nutnosti spln\u011bn\u00ed po\u017eadavku\u00a0 ov\u011b\u0159en\u00ed pravosti podpis\u016f a otisk\u016f raz\u00edtek na origin\u00e1lech zahrani\u010dn\u00edch vysv\u011bd\u010den\u00ed <\/span><span style=\"font-weight: 400;\">a doklad\u016f o skute\u010dnosti, \u017ee \u0161kola je uzn\u00e1na st\u00e1tem, podle jeho\u017e pr\u00e1vn\u00edho \u0159\u00e1du bylo zahrani\u010dn\u00ed vysv\u011bd\u010den\u00ed vyd\u00e1no, a to apostilou (raz\u00edtko vypl\u00fdvaj\u00edc\u00ed z Haagsk\u00e9 \u00famluvy z r. 1961) nebo superlegalizac\u00ed (raz\u00edtko ministerstva zahrani\u010dn\u00edch v\u011bc\u00ed ov\u011b\u0159en\u00e9 \u010desk\u00fdm zastupitelstv\u00edm) se z\u0159etelem ke st\u00e1tu p\u016fvodu zahrani\u010dn\u00edho vysv\u011bd\u010den\u00ed (nevztahuje se na doklady o vzd\u011bl\u00e1n\u00ed vydan\u00e9 ve st\u00e1t\u011b Rakousk\u00e1 republika).<\/span><\/p>","protected":false},"excerpt":{"rendered":"<p>posledn\u00ed aktualizace: 14. kv\u011bten 2025 Povinn\u00e1 \u0161koln\u00ed doch\u00e1zka V \u010cesku je povinn\u00e1 dev\u00edtilet\u00e1 \u0161koln\u00ed doch\u00e1zka pro v\u0161echny d\u011bti, v\u010detn\u011b t\u011bch s do\u010dasnou ochranou. Povinn\u00fd je rovn\u011b\u017e posledn\u00ed ro\u010dn\u00edk mate\u0159sk\u00e9 \u0161koly (od dovr\u0161en\u00ed 5 let v\u011bku). D\u011bti mus\u00ed za\u010d\u00edt chodit do&#8230;<\/p>\n<a class=\"more-block\" href=\"https:\/\/metropolevsech.eu\/cs\/praha-pro-ukrajinu\/prace-vzdelavani-a-kurzy\/\">\u010c\u00edst v\u00edce<\/a>","protected":false},"author":7,"featured_media":0,"parent":22582,"menu_order":2,"comment_status":"closed","ping_status":"closed","template":"","meta":[],"acf":[],"_links":{"self":[{"href":"https:\/\/metropolevsech.eu\/cs\/wp-json\/wp\/v2\/pages\/22770"}],"collection":[{"href":"https:\/\/metropolevsech.eu\/cs\/wp-json\/wp\/v2\/pages"}],"about":[{"href":"https:\/\/metropolevsech.eu\/cs\/wp-json\/wp\/v2\/types\/page"}],"author":[{"embeddable":true,"href":"https:\/\/metropolevsech.eu\/cs\/wp-json\/wp\/v2\/users\/7"}],"replies":[{"embeddable":true,"href":"https:\/\/metropolevsech.eu\/cs\/wp-json\/wp\/v2\/comments?post=22770"}],"version-history":[{"count":18,"href":"https:\/\/metropolevsech.eu\/cs\/wp-json\/wp\/v2\/pages\/22770\/revisions"}],"predecessor-version":[{"id":23998,"href":"https:\/\/metropolevsech.eu\/cs\/wp-json\/wp\/v2\/pages\/22770\/revisions\/23998"}],"up":[{"embeddable":true,"href":"https:\/\/metropolevsech.eu\/cs\/wp-json\/wp\/v2\/pages\/22582"}],"wp:attachment":[{"href":"https:\/\/metropolevsech.eu\/cs\/wp-json\/wp\/v2\/media?parent=22770"}],"curies":[{"name":"wp","href":"https:\/\/api.w.org\/{rel}","templated":true}]}}