{"id":22781,"date":"2025-05-12T11:06:33","date_gmt":"2025-05-12T09:06:33","guid":{"rendered":"https:\/\/metropolevsech.eu\/?page_id=22781"},"modified":"2025-07-20T19:52:59","modified_gmt":"2025-07-20T17:52:59","slug":"aktualne-k-pobytu-v-cr","status":"publish","type":"page","link":"https:\/\/metropolevsech.eu\/cs\/praha-pro-ukrajinu\/aktualne-k-pobytu-v-cr\/","title":{"rendered":"Aktu\u00e1ln\u011b k pobytu v \u010cR"},"content":{"rendered":"<p>Po p\u0159\u00edjezdu do \u010cesk\u00e9 republiky mus\u00edte do 3 pracovn\u00edch dn\u016f ozn\u00e1mit m\u00edsto sv\u00e9ho pobytu na \u00fazem\u00ed \u010cesk\u00e9 republiky odboru cizineck\u00e9 policie: <strong>Ol\u0161ansk\u00e1 2176\/2, 130 51 Praha 3.<\/strong><\/p>\n<div class=\"box-ok\"> Pokud bydl\u00edte v hotelu nebo jin\u00e9m hromadn\u00e9m ubytovac\u00edm za\u0159\u00edzen\u00ed tuto povinnost vy\u0159izuje ubytovatel. <\/div>\n<p>O ud\u011blen\u00ed do\u010dasn\u00e9 ochrany po\u017e\u00e1dejte osobn\u011b na Krajsk\u00e9m asisten\u010dn\u00edm centru pomoci Ukrajin\u011b (KACPU): <strong>Kolbenova 942\/38a, 190 00 Praha \u2013 Vyso\u010dany<\/strong> (bo\u010dn\u00ed vstup).<\/p>\n<div class=\"box-fixa\">K \u017e\u00e1dosti o do\u010dasnou ochranu pot\u0159ebujete dolo\u017eit doklad o zaji\u0161t\u011bn\u00ed ubytov\u00e1n\u00ed. <span style=\"font-weight: 400;\">Potvrzen\u00ed o zaji\u0161t\u011bn\u00ed ubytov\u00e1n\u00ed mus\u00ed m\u00edt \u00fa\u0159edn\u011b ov\u011b\u0159en\u00fd podpis. N\u00e1jemn\u00ed \u010di podn\u00e1jemn\u00ed smlouva nemus\u00ed. <\/span>V\u00edce informac\u00ed se dozv\u00edte <a href=\"https:\/\/ipc.gov.cz\/docasna-ochrana\/\">zde<\/a>. <\/div>\n<p>Pokud se p\u0159est\u011bhujete, do 3 pracovn\u00edch dn\u016f oznamte zm\u011bnu adresy na<br \/>\nsp\u00e1dov\u00e9 pobo\u010dce OAMP MV \u010cR. Kontakty pobo\u010dek naleznete <a href=\"http:\/\/ipc.gov.cz\/kontakty\/\">zde<\/a>.<\/p>\n<p><span style=\"font-weight: 400;\">Zkontrolujte, \u017ee \u00fadaje v\u00a0dokladu o ubytov\u00e1n\u00ed odpov\u00eddaj\u00ed skute\u010dn\u00e9mu m\u00edstu, kde se zdr\u017eujete. Adresu si m\u016f\u017eete ov\u011b\u0159it nap\u0159. <\/span><span style=\"font-weight: 400;\">na\u00a0<\/span><a href=\"https:\/\/obcan.portal.gov.cz\/\"><span style=\"font-weight: 400;\">Port\u00e1lu ob\u010dana<\/span><\/a><span style=\"font-weight: 400;\">.<\/span><\/p>\n<p><span style=\"font-weight: 400;\">V p\u0159\u00edpad\u011b, \u017ee nen\u00ed adresa \u0159\u00e1dn\u011b nahl\u00e1\u0161ena, hroz\u00ed z\u00e1nik do\u010dasn\u00e9 ochrany po 90 dnech, pokud jste vedeni na \u00fa\u0159edn\u00ed adrese Ministerstva vnitra \u010cR. V\u00a0p\u0159\u00edpad\u011b Prahy jedn\u00e1 se o adresu Cig\u00e1nkova 1861\/2, 148 00 Praha 11 \u2013 Chodov.<\/span><\/p>\n<p><span style=\"font-weight: 400;\">Pokud nap\u0159. odj\u00ed\u017ed\u00edte na dovolenou nebo do\u010dasn\u011b opou\u0161t\u00edte m\u00edsto sv\u00e9ho pobytu, v\u017edy informujte <\/span><b>ubytovatele.\u00a0<\/b><\/p>\n<p><span style=\"font-weight: 400;\">V\u00edce informac\u00ed o tom, jak spr\u00e1vn\u011b nahl\u00e1sit zm\u011bnu adresy, naleznete na <a href=\"https:\/\/ipc.gov.cz\/docasna-ochrana\/hlaseni-zmen-u-drzitelu-docasne-ochrany\/zmena-adresy-u-drzitelu-docasne-ochrany\/\">Ofici\u00e1ln\u00edm informa\u010dn\u00edm port\u00e1le pro cizince Ministerstva vnitra \u010cesk\u00e9 republiky<\/a>.<\/span><\/p>\n<p><b><div class=\"box-fixa\"> POZOR \u2013 Zm\u011bna fungov\u00e1n\u00ed KACPU Praha od 1. 7. 2025!<\/b><\/p>\n<p><span style=\"font-weight: 400;\">Od 1. \u010dervence 2025 slou\u017e\u00ed <\/span><b>KACPU Praha<\/b><span style=\"font-weight: 400;\"> v\u00fdhradn\u011b pro <\/span><b>\u00fakony spojen\u00e9 s pod\u00e1n\u00edm \u017e\u00e1dosti o do\u010dasnou ochranu<\/b><span style=\"font-weight: 400;\">.<\/span><\/p>\n<p><span style=\"font-weight: 400;\">Ve\u0161ker\u00e9 <\/span><b>n\u00e1sledn\u00e9 \u00fakony<\/b><span style=\"font-weight: 400;\"> t\u00fdkaj\u00edc\u00ed se <\/span><b>dr\u017eitel\u016f do\u010dasn\u00e9 ochrany<\/b><span style=\"font-weight: 400;\"> budou od tohoto data vy\u0159izovat v\u00fdhradn\u011b <\/span><b>kontaktn\u00ed pracovi\u0161t\u011b Ministerstva vnitra dle obvykl\u00e9 sp\u00e1dovosti<\/b><span style=\"font-weight: 400;\">:<\/span><\/p>\n<ul class=\"bullet\">\n<li><b>\u017dukovsk\u00e9ho (Praha) &#8211;<\/b>\u00a0Praha 1, 2, 3, 6, 7, 8, 9<\/li>\n<li><b>Chodov (Praha) &#8211; <\/b><span style=\"font-weight: 400;\">Praha 4, 5, 10<\/span><\/li>\n<li><b>Peka\u0159sk\u00e1 (Praha) &#8211; <\/b><span style=\"font-weight: 400;\">Praha-v\u00fdchod, Praha-z\u00e1pad<\/span><\/li>\n<li><b>Bene\u0161ov &#8211; <\/b><span style=\"font-weight: 400;\">Bene\u0161ov, T\u00e1bor<\/span><\/li>\n<li><b>Kladno &#8211; <\/b><span style=\"font-weight: 400;\">Kladno, Rakovn\u00edk<\/span><\/li>\n<li><b>Kutn\u00e1 Hora &#8211; <\/b><span style=\"font-weight: 400;\">Kol\u00edn, Kutn\u00e1 Hora, Nymburk<\/span><\/li>\n<li><b>Mlad\u00e1 Boleslav &#8211; <\/b><span style=\"font-weight: 400;\">M\u011bln\u00edk, Mlad\u00e1 Boleslav<\/span><\/li>\n<li><b>P\u0159\u00edbram &#8211; <\/b><span style=\"font-weight: 400;\">Beroun, P\u0159\u00edbram<\/span><\/li>\n<\/ul>\n<p><b><\/div><\/b><\/p>\n<p>Podrobn\u011bj\u0161\u00ed informace o do\u010dasn\u00e9 ochran\u011b v\u010detn\u011b va\u0161ich pr\u00e1v a povinnost\u00ed naleznete na <a href=\"https:\/\/ipc.gov.cz\/docasna-ochrana\/\">Ofici\u00e1ln\u00edm informa\u010dn\u00edm port\u00e1lu pro cizince Ministerstva vnitra \u010cesk\u00e9 republiky<\/a>. Zde tak\u00e9 najdete informace o <a href=\"https:\/\/ipc.gov.cz\/docasna-ochrana\/docasna-ochrana-a-moznost-prechodu-na-zvlastni-dlouhodoby-pobyt-v-roce-2025\/\">zvl\u00e1\u0161tn\u00edm dlouhodob\u00e9m pobytu<\/a>.<\/p>\n<p><span style=\"font-weight: 400;\">Pro p\u0159ehled pobytov\u00fdch opr\u00e1vn\u011bn\u00ed cizinc\u016f \u017eij\u00edc\u00edch v \u010cR nav\u0161tivte str\u00e1nku<\/span><a href=\"https:\/\/metropolevsech.eu\/cs\/potrebuji-resit\/pobyt-na-uzemi-ceske-republiky\/obcane-tretich-zemi\/\"> <span style=\"font-weight: 400;\">Ob\u010dan\u00e9 t\u0159et\u00edch zem\u00ed<\/span><\/a><span style=\"font-weight: 400;\"> v sekci Pot\u0159ebuji \u0159e\u0161it. <\/span><\/p>","protected":false},"excerpt":{"rendered":"<p>Po p\u0159\u00edjezdu do \u010cesk\u00e9 republiky mus\u00edte do 3 pracovn\u00edch dn\u016f ozn\u00e1mit m\u00edsto sv\u00e9ho pobytu na \u00fazem\u00ed \u010cesk\u00e9 republiky odboru cizineck\u00e9 policie: Ol\u0161ansk\u00e1 2176\/2, 130 51 Praha 3. O ud\u011blen\u00ed do\u010dasn\u00e9 ochrany po\u017e\u00e1dejte osobn\u011b na Krajsk\u00e9m asisten\u010dn\u00edm centru pomoci Ukrajin\u011b (KACPU):&#8230;<\/p>\n<a class=\"more-block\" href=\"https:\/\/metropolevsech.eu\/cs\/praha-pro-ukrajinu\/aktualne-k-pobytu-v-cr\/\">\u010c\u00edst v\u00edce<\/a>","protected":false},"author":7,"featured_media":0,"parent":22582,"menu_order":1,"comment_status":"closed","ping_status":"closed","template":"","meta":[],"acf":[],"_links":{"self":[{"href":"https:\/\/metropolevsech.eu\/cs\/wp-json\/wp\/v2\/pages\/22781"}],"collection":[{"href":"https:\/\/metropolevsech.eu\/cs\/wp-json\/wp\/v2\/pages"}],"about":[{"href":"https:\/\/metropolevsech.eu\/cs\/wp-json\/wp\/v2\/types\/page"}],"author":[{"embeddable":true,"href":"https:\/\/metropolevsech.eu\/cs\/wp-json\/wp\/v2\/users\/7"}],"replies":[{"embeddable":true,"href":"https:\/\/metropolevsech.eu\/cs\/wp-json\/wp\/v2\/comments?post=22781"}],"version-history":[{"count":18,"href":"https:\/\/metropolevsech.eu\/cs\/wp-json\/wp\/v2\/pages\/22781\/revisions"}],"predecessor-version":[{"id":23473,"href":"https:\/\/metropolevsech.eu\/cs\/wp-json\/wp\/v2\/pages\/22781\/revisions\/23473"}],"up":[{"embeddable":true,"href":"https:\/\/metropolevsech.eu\/cs\/wp-json\/wp\/v2\/pages\/22582"}],"wp:attachment":[{"href":"https:\/\/metropolevsech.eu\/cs\/wp-json\/wp\/v2\/media?parent=22781"}],"curies":[{"name":"wp","href":"https:\/\/api.w.org\/{rel}","templated":true}]}}