{"id":22817,"date":"2025-05-12T12:09:05","date_gmt":"2025-05-12T10:09:05","guid":{"rendered":"https:\/\/metropolevsech.eu\/?page_id=22817"},"modified":"2025-07-03T13:21:51","modified_gmt":"2025-07-03T11:21:51","slug":"prace-bydleni-a-statni-podpora","status":"publish","type":"page","link":"https:\/\/metropolevsech.eu\/cs\/praha-pro-ukrajinu\/prace-bydleni-a-statni-podpora\/","title":{"rendered":"Pr\u00e1ce, bydlen\u00ed a st\u00e1tn\u00ed podpora"},"content":{"rendered":"<p><img loading=\"lazy\" src=\"https:\/\/metropolevsech.eu\/wp-content\/uploads\/2025\/07\/Pracebydleniasocialnipomoc.png\" alt=\"\" width=\"1200\" height=\"630\" class=\"aligncenter size-full wp-image-23210\" srcset=\"https:\/\/metropolevsech.eu\/wp-content\/uploads\/2025\/07\/Pracebydleniasocialnipomoc.png 1200w, https:\/\/metropolevsech.eu\/wp-content\/uploads\/2025\/07\/Pracebydleniasocialnipomoc-300x158.png 300w, https:\/\/metropolevsech.eu\/wp-content\/uploads\/2025\/07\/Pracebydleniasocialnipomoc-1040x546.png 1040w, https:\/\/metropolevsech.eu\/wp-content\/uploads\/2025\/07\/Pracebydleniasocialnipomoc-768x403.png 768w, https:\/\/metropolevsech.eu\/wp-content\/uploads\/2025\/07\/Pracebydleniasocialnipomoc-670x352.png 670w\" sizes=\"(max-width: 1200px) 100vw, 1200px\" \/><\/p>\n<p><i><span style=\"font-weight: 400;\">Posledn\u00ed aktualizace: 2. \u010derven 2025<\/span><\/i><\/p>\n<h4><span style=\"font-weight: 400;\">Pr\u00e1ce<\/span><\/h4>\n<p><span style=\"font-weight: 400;\">Jako dr\u017eitel do\u010dasn\u00e9 ochrany m\u00e1te voln\u00fd p\u0159\u00edstup na trh pr\u00e1ce, tak\u017ee si m\u016f\u017eete hledat zam\u011bstn\u00e1n\u00ed p\u0159\u00edmo na webov\u00fdch port\u00e1lech jako jsou <a href=\"http:\/\/jobs.cz\">jobs.cz<\/a>, <a href=\"http:\/\/prace.cz\">prace.cz,<\/a> nebo na <a href=\"https:\/\/www.uradprace.cz\/volna-mista-v-cr\">\u00da\u0159adu pr\u00e1ce<\/a>, kde v\u00e1m pomohou s hled\u00e1n\u00edm pr\u00e1ce i rekvalifikac\u00ed, v\u010detn\u011b kurz\u016f \u010de\u0161tiny. Kurzy \u010de\u0161tiny nab\u00edzej\u00ed tak\u00e9 neziskov\u00e9 <\/span><span style=\"font-weight: 400;\">organizace, kter\u00e9 z\u00e1rove\u0148 poskytuj\u00ed bezplatn\u00e9 kari\u00e9rov\u00e9 poradenstv\u00ed. Kontakty na n\u011b najdete <\/span><a href=\"https:\/\/metropolevsech.eu\/cs\/kontakty\/nevladni-neziskove-organizace\/\"><span style=\"font-weight: 400;\">zde<\/span><\/a><span style=\"font-weight: 400;\">.\u00a0<\/span><\/p>\n<p><span style=\"font-weight: 400;\"><div class=\"box-ok\">Pro pomoc s hled\u00e1n\u00edm zam\u011bstn\u00e1n\u00ed a\u00a0 kari\u00e9rn\u00ed poradenstv\u00ed m\u016f\u017eete vyu\u017e\u00edt i poradc\u016f &#8211; specialist\u016f pro pr\u00e1ci s osobami s migra\u010dn\u00ed zku\u0161enost\u00ed. Tito specialist\u00e9 nab\u00edz\u00ed ve v\u0161ech regionech slu\u017eby cizinc\u016fm ze t\u0159et\u00edch zem\u00ed. Spolupracuj\u00ed i se zam\u011bstnavateli, kte\u0159\u00ed zam\u011bstn\u00e1vaj\u00ed cizince ze t\u0159et\u00edch zem\u00ed. <\/span><span style=\"font-weight: 400;\">Kontakty na Specialisty naleznete na webu <a href=\"https:\/\/www.uradprace.cz\/web\/cz\/kontakty-na-eures-poradce\">\u00da\u0159adu pr\u00e1ce<\/a>. <\/div><\/span><\/p>\n<p><span style=\"font-weight: 400;\">V sekci <\/span><a href=\"https:\/\/metropolevsech.eu\/cs\/potrebuji-resit\/zamestnani\/\"><span style=\"font-weight: 400;\">zam\u011bstn\u00e1n\u00ed<\/span><\/a><span style=\"font-weight: 400;\"> najdete dal\u0161\u00ed informace o va\u0161ich pracovn\u00edch pr\u00e1vech a odkazy pro hled\u00e1n\u00ed pr\u00e1ce a brig\u00e1d.\u00a0<\/span><\/p>\n<h4><span style=\"font-weight: 400;\">Bydlen\u00ed\u00a0<\/span><\/h4>\n<p><span style=\"font-weight: 400;\">St\u00e1tn\u00ed humanit\u00e1rn\u00ed ubytov\u00e1n\u00ed je poskytov\u00e1no nejv\u00fd\u0161e na dobu <\/span><b>90 dn\u00ed od ud\u011blen\u00ed prvn\u00ed do\u010dasn\u00e9 ochrany<\/b><span style=\"font-weight: 400;\">. <\/span>O tuto formu ubytov\u00e1n\u00ed lze \u017e\u00e1dat pouze na <a href=\"https:\/\/ipc.gov.cz\/navstivte-krajske-asistencni-centrum-pomoci-kacpu\/\">Krajsk\u00e9m asisten\u010dn\u00edm centru pomoci Ukrajin\u011b<\/a> v Ostrav\u011b (Moravskoslezsk\u00fd kraj). <span style=\"font-weight: 400;\">Po uplynut\u00ed t\u00e9to doby je nutn\u00e9 si zajistit vlastn\u00ed ubytov\u00e1n\u00ed.<\/span><\/p>\n<p><span style=\"font-weight: 400;\">Pomoc s p\u0159est\u011bhov\u00e1n\u00edm do vhodn\u00e9ho bydlen\u00ed poskytuje nap\u0159. Arcidiec\u00e9zn\u00ed Charita Praha v r\u00e1mci projektu <\/span><a href=\"https:\/\/praha.charita.cz\/wp-content\/uploads\/2025\/02\/001\/pryc-z-ubytovny.pdf\"><span style=\"font-weight: 400;\">Pry\u010d z ubytovny<\/span><\/a><span style=\"font-weight: 400;\">.\u00a0<\/span><\/p>\n<p><span style=\"font-weight: 400;\">Rodin\u00e1m i jednotlivc\u016fm v bytov\u00e9 nouzi pom\u00e1h\u00e1 tak\u00e9 organizace <\/span><a href=\"https:\/\/romodrom.cz\/cs\/co-delame\/zahranicni-sekce\/housing-first-pro-lidi-zasazene-valkou-na-ukrajine\/\"><span style=\"font-weight: 400;\">Romodrom<\/span><\/a><span style=\"font-weight: 400;\">.\u00a0<\/span><\/p>\n<h4><span style=\"font-weight: 400;\">St\u00e1tn\u00ed podpora<\/span><\/h4>\n<p><span style=\"font-weight: 400;\">Pokud pot\u0159ebujete finan\u010dn\u00ed pomoc na \u00fahradu z\u00e1kladn\u00edch \u017eivotn\u00edch pot\u0159eb a bydlen\u00ed, m\u016f\u017eete po\u017e\u00e1dat o <\/span><a href=\"https:\/\/www.mpsv.cz\/humanitarni-davka\"><span style=\"font-weight: 400;\">humanit\u00e1rn\u00ed d\u00e1vku (HuD)<\/span><\/a><span style=\"font-weight: 400;\">. Prvn\u00ed \u017e\u00e1dost m\u016f\u017eete podat osobn\u011b na pobo\u010dce \u00da\u0159adu pr\u00e1ce \u010cR, n\u00e1sledn\u00e9 \u017e\u00e1dosti pak v\u017edy online. P\u0159i posuzov\u00e1n\u00ed n\u00e1roku se berou v potaz ve\u0161ker\u00e9 p\u0159\u00edjmy a \u00faspory \u017eadatele.<\/span><\/p>\n<div class=\"box-fixa\"><strong>Pozor &#8211; zm\u011bny v posuzov\u00e1n\u00ed zdravotn\u00edho stavu od 1. \u010dervence 2025!\u00a0<\/strong><\/p>\n<p><strong>Co se m\u011bn\u00ed a koho se to t\u00fdk\u00e1?<\/strong><\/p>\n<p>Od 1. \u010dervence 2025 plat\u00ed nov\u00fd zp\u016fsob hodnocen\u00ed zdravotn\u00edho stavu u lid\u00ed, kte\u0159\u00ed kv\u016fli nemoci nebo posti\u017een\u00ed pot\u0159ebuj\u00ed pomoc druh\u00e9 osoby. Nov\u00fd syst\u00e9m se zam\u011b\u0159uje na to, jak konkr\u00e9tn\u011b zdravotn\u00ed stav ovliv\u0148uje ka\u017edodenn\u00ed \u017eivot a schopnost b\u00fdt samostatn\u00fd.<\/p>\n<p><strong>Co se m\u011bn\u00ed?<\/strong><\/p>\n<p>St\u00e1t bude nov\u011b hodnotit, jak si \u010dlov\u011bk zvl\u00e1d\u00e1 poradit v \u0161esti kl\u00ed\u010dov\u00fdch oblastech b\u011b\u017en\u00e9ho \u017eivota \u2013 nap\u0159\u00edklad s pohybem, hygienou, komunikac\u00ed nebo orientac\u00ed v prostoru. C\u00edlem zm\u011bn je l\u00e9pe rozpoznat, nakolik je \u010dlov\u011bk ve sv\u00e9 sob\u011bsta\u010dnosti omezen kv\u016fli dlouhodob\u00e9mu nep\u0159\u00edzniv\u00e9mu zdravotn\u00edmu stavu. Podle m\u00edry t\u011bchto omezen\u00ed bude \u010dlov\u011bk za\u0159azen do jednoho z p\u011bti stup\u0148\u016f omezen\u00ed sob\u011bsta\u010dnosti.<\/p>\n<p><strong>Kdo je osoba s omezen\u00edm sob\u011bsta\u010dnosti?<\/strong><\/p>\n<p>Jedn\u00e1 se o osobu star\u0161\u00ed 1 roku, kter\u00e1 kv\u016fli dlouhodob\u00e9mu zdravotn\u00edmu stavu pot\u0159ebuje pomoc jin\u00e9 osoby v ka\u017edodenn\u00edch \u010dinnostech, nap\u0159\u00edklad p\u0159i obl\u00e9k\u00e1n\u00ed, j\u00eddle, osobn\u00ed hygien\u011b nebo pohybu. Tento zdravotn\u00ed stav mus\u00ed trvat nebo b\u00fdt podle l\u00e9ka\u0159sk\u00fdch poznatk\u016f o\u010dek\u00e1v\u00e1n, \u017ee<br \/>\nbude trvat d\u00e9le ne\u017e jeden rok.<\/p>\n<p><strong>Koho se zm\u011bna t\u00fdk\u00e1?<\/strong><\/p>\n<p>T\u00fdk\u00e1 se cizinc\u016f s do\u010dasnou ochranou, kte\u0159\u00ed ji\u017e \u017e\u00e1dali anebo cht\u011bj\u00ed za\u017e\u00e1dat o humanit\u00e1rn\u00ed d\u00e1vku.<br \/>\nPodrobn\u011bj\u0161\u00ed informace o zm\u011bn\u011b v posuzov\u00e1n\u00ed zdravotn\u00edho stavu od 1. \u010dervence<br \/>\n2025 naleznete <a href=\"https:\/\/www.mpsv.cz\/humanitarni-davka\">zde<\/a>. <\/div>\n<p><span style=\"font-weight: 400;\">Pokud se ocitnete v mimo\u0159\u00e1dn\u011b obt\u00ed\u017en\u00e9 situaci, m\u016f\u017eete po\u017e\u00e1dat tak\u00e9 o <\/span><a href=\"https:\/\/www.mpsv.cz\/mimoradna-okamzita-pomoc\"><span style=\"font-weight: 400;\">mimo\u0159\u00e1dnou okam\u017eitou pomoc (MOP)<\/span><\/a><span style=\"font-weight: 400;\">, kterou tak\u00e9 vypl\u00e1c\u00ed \u00da\u0159ad pr\u00e1ce. D\u00e1vku lze \u017e\u00e1dat nap\u0159\u00edklad na pokryt\u00ed kauce, zaplacen\u00ed n\u00e1klad\u016f spojen\u00fdch s p\u0159ekladem doklad\u016f k procesu nostrifikace atp.<\/span><\/p>\n<p><span style=\"font-weight: 400;\">S dotazy se m\u016f\u017eete se obracet na speci\u00e1ln\u00ed linku \u00da\u0159adu pr\u00e1ce 950 180 100, kde dostanete informace v ukrajinsk\u00e9m jazyce. M\u016f\u017eete tak\u00e9 napsat na ua@uradprace.cz.<\/span><\/p>\n<p><span style=\"font-weight: 400;\">Podrobn\u011bji<a href=\"http:\/\/mpsv.cz\/pomoc-ukrajine\"> zde<\/a>.<\/span><\/p>","protected":false},"excerpt":{"rendered":"<p>Posledn\u00ed aktualizace: 2. \u010derven 2025 Pr\u00e1ce Jako dr\u017eitel do\u010dasn\u00e9 ochrany m\u00e1te voln\u00fd p\u0159\u00edstup na trh pr\u00e1ce, tak\u017ee si m\u016f\u017eete hledat zam\u011bstn\u00e1n\u00ed p\u0159\u00edmo na webov\u00fdch port\u00e1lech jako jsou jobs.cz, prace.cz, nebo na \u00da\u0159adu pr\u00e1ce, kde v\u00e1m pomohou s hled\u00e1n\u00edm pr\u00e1ce i&#8230;<\/p>\n<a class=\"more-block\" href=\"https:\/\/metropolevsech.eu\/cs\/praha-pro-ukrajinu\/prace-bydleni-a-statni-podpora\/\">\u010c\u00edst v\u00edce<\/a>","protected":false},"author":7,"featured_media":0,"parent":22582,"menu_order":3,"comment_status":"closed","ping_status":"closed","template":"","meta":[],"acf":[],"_links":{"self":[{"href":"https:\/\/metropolevsech.eu\/cs\/wp-json\/wp\/v2\/pages\/22817"}],"collection":[{"href":"https:\/\/metropolevsech.eu\/cs\/wp-json\/wp\/v2\/pages"}],"about":[{"href":"https:\/\/metropolevsech.eu\/cs\/wp-json\/wp\/v2\/types\/page"}],"author":[{"embeddable":true,"href":"https:\/\/metropolevsech.eu\/cs\/wp-json\/wp\/v2\/users\/7"}],"replies":[{"embeddable":true,"href":"https:\/\/metropolevsech.eu\/cs\/wp-json\/wp\/v2\/comments?post=22817"}],"version-history":[{"count":23,"href":"https:\/\/metropolevsech.eu\/cs\/wp-json\/wp\/v2\/pages\/22817\/revisions"}],"predecessor-version":[{"id":23213,"href":"https:\/\/metropolevsech.eu\/cs\/wp-json\/wp\/v2\/pages\/22817\/revisions\/23213"}],"up":[{"embeddable":true,"href":"https:\/\/metropolevsech.eu\/cs\/wp-json\/wp\/v2\/pages\/22582"}],"wp:attachment":[{"href":"https:\/\/metropolevsech.eu\/cs\/wp-json\/wp\/v2\/media?parent=22817"}],"curies":[{"name":"wp","href":"https:\/\/api.w.org\/{rel}","templated":true}]}}