{"id":22827,"date":"2025-05-13T13:06:19","date_gmt":"2025-05-13T11:06:19","guid":{"rendered":"https:\/\/metropolevsech.eu\/?page_id=22827"},"modified":"2025-05-25T13:37:20","modified_gmt":"2025-05-25T11:37:20","slug":"projekty-a-aktuality-z-magistratu-hl-m-prahy","status":"publish","type":"page","link":"https:\/\/metropolevsech.eu\/cs\/praha-pro-ukrajinu\/projekty-a-aktuality-z-magistratu-hl-m-prahy\/","title":{"rendered":"Projekty a aktuality z Magistr\u00e1tu hl. m. Prahy"},"content":{"rendered":"<p><i><span style=\"font-weight: 400;\">Posledn\u00ed aktualizace: 14. kv\u011bten 2025<\/span><\/i><\/p>\n<p><b>Hlavn\u00ed m\u011bsto Praha pokra\u010duje v podpo\u0159e dr\u017eitel\u016f do\u010dasn\u00e9 ochrany prost\u0159ednictv\u00edm c\u00edlen\u00fdch projekt\u016f, kter\u00e9 pom\u00e1haj\u00ed \u0159e\u0161it kl\u00ed\u010dov\u00e9 v\u00fdzvy v oblasti integrace a soci\u00e1ln\u00ed stability<\/b><\/p>\n<p><span style=\"font-weight: 400;\">Rada HMP a Zastupitelstvo HMP i letos schv\u00e1lily podporu agendy adaptace a integrace dr\u017eitel\u016f do\u010dasn\u00e9 ochrany na \u00fazem\u00ed hlavn\u00edho m\u011bsta Prahy. Celkov\u00e1 alokovan\u00e1 finan\u010dn\u00ed podpora \u010din\u00ed 16.000.000, &#8211; K\u010d a bude rozd\u011blena mezi 7 neziskov\u00fdch organizac\u00ed formou individu\u00e1ln\u00edch \u00fa\u010delov\u00fdch dotac\u00ed. Konktr\u00e9tn\u011b projekty jsou v souladu ze strategie schv\u00e1len\u00e9 Radou HMP v prosinci 2024 a reaguje na p\u0159etrv\u00e1vaj\u00edc\u00ed pot\u0159eby spojen\u00e9 s vysok\u00fdm po\u010dtem uprchl\u00edk\u016f v Praze.<\/span><\/p>\n<p><b>Stru\u010dn\u011b o projektech:\u00a0<\/b><\/p>\n<h4><span style=\"font-weight: 400;\">1. Arcidiec\u00e9zn\u00ed charita Praha\u00a0<\/span><\/h4>\n<p><span style=\"font-weight: 400;\">N\u00e1zev projektu: <\/span><a href=\"https:\/\/praha.charita.cz\/ukrajina\/\"><b>Podpora zraniteln\u00fdch osob z \u0159ad dr\u017eitel\u016f do\u010dasn\u00e9 ochrany<\/b><\/a><\/p>\n<p><span style=\"font-weight: 400;\">Popis peojektu: Projekt reaguje na rostouc\u00ed popt\u00e1vku po interkulturn\u00ed pr\u00e1ci, kterou \u017eadatel dlouhodob\u011b poskytuje a kter\u00e1 je vyhled\u00e1v\u00e1na nejen uprchl\u00edky, ale i m\u011bstsk\u00fdmi \u010d\u00e1stmi, \u00fa\u0159ady, \u0161kolami, zdravotnick\u00fdmi za\u0159\u00edzen\u00edmi, odborn\u00fdmi poradnami \u010di polici\u00ed. C\u00edlem je p\u0159edch\u00e1zet bezdomovectv\u00ed a soci\u00e1ln\u00edmu vylou\u010den\u00ed osob, kter\u00e9 nemohou uhradit komer\u010dn\u00ed bydlen\u00ed \u010di ubytovny.<\/span><\/p>\n<h4><span style=\"font-weight: 400;\">2. Agency for Migration and Adaptation AMIGA, z.s.\u00a0<\/span><\/h4>\n<p><span style=\"font-weight: 400;\">N\u00e1zev projektu: <\/span><a href=\"https:\/\/www.amiga-migrant.cz\/projekty\"><b>Podpora adaptace a integrace ukrajinsk\u00fdch rodin s d\u011btmi se speci\u00e1ln\u00edmi pot\u0159ebami v\u00a0Praze<\/b><\/a><\/p>\n<p><span style=\"font-weight: 400;\">Popis projektu: C\u00edlem projektu je usnadnit integraci ukrajinsk\u00fdch rodin s d\u011btmi se speci\u00e1ln\u00edmi pot\u0159ebami do \u010desk\u00e9 spole\u010dnosti a pomoci jim zvl\u00e1dat traumatick\u00e9 z\u00e1\u017eitky a adapta\u010dn\u00ed v\u00fdzvy. Zam\u011b\u0159uje se p\u0159edev\u0161\u00edm na d\u011bti s opo\u017ed\u011bn\u00fdm v\u00fdvojem, poruchami komunikace a specifick\u00fdmi vzd\u011bl\u00e1vac\u00edmi pot\u0159ebami, a jejich rodi\u010de, kte\u0159\u00ed pot\u0159ebuj\u00ed podporu p\u0159i p\u00e9\u010di a orientaci v \u010desk\u00e9m prost\u0159ed\u00ed. Obsahuje psychologickou, logopedickou a speci\u00e1ln\u011b pedagogickou podporu, interkulturn\u00ed pr\u00e1ci a skupinov\u00e9 aktivity pro d\u011bti, kter\u00e9 napom\u00e1haj\u00ed soci\u00e1ln\u00edmu za\u010dlen\u011bn\u00ed a posiluj\u00ed komunitn\u00ed vazby.<\/span><\/p>\n<h4><span style=\"font-weight: 400;\">3. Integra\u010dn\u00ed centrum Praha o.p.s.<\/span><\/h4>\n<p><span style=\"font-weight: 400;\">N\u00e1zev projektu: <\/span><a href=\"https:\/\/icpraha.com\/\"><b>Podpora otev\u0159enosti Magistr\u00e1tu hl. m. Prahy k uprchl\u00edk\u016fm s do\u010dasnou ochranou<\/b><\/a><\/p>\n<p><span style=\"font-weight: 400;\">Popis projektu: Projekt vytv\u00e1\u0159\u00ed funk\u010dn\u00ed propojen\u00ed mezi ukrajinsk\u00fdmi uprchl\u00edky a MHMP prost\u0159ednictv\u00edm informa\u010dn\u00edch a asisten\u010dn\u00edch slu\u017eeb. C\u00edlem je usnadnit uprchl\u00edk\u016fm orientaci v administrativn\u00edch procesech, jako je nap\u0159\u00edklad nostrifikace vzd\u011bl\u00e1n\u00ed, a zajistit p\u0159\u00edstup k informac\u00edm o ve\u0159ejn\u00fdch slu\u017eb\u00e1ch. T\u00edm podporuje jejich osamostatn\u011bn\u00ed, p\u0159edch\u00e1z\u00ed dezinformac\u00edm a omezuje z\u00e1vislost na zprost\u0159edkovatel\u00edch. Projekt zahrnuje informa\u010dn\u00ed a asisten\u010dn\u00ed servis p\u0159\u00edmo v prostor\u00e1ch MHMP, metodickou podporu pracovn\u00edk\u016f MHMP a asisten\u010dn\u00ed slu\u017eby pro dal\u0161\u00ed instituce pracuj\u00edc\u00ed s cizinci.<\/span><\/p>\n<h4><span style=\"font-weight: 400;\">4. Jun\u00e1k \u2013 \u010desk\u00fd skaut, Skautsk\u00fd institut, z.s.<\/span><\/h4>\n<p><span style=\"font-weight: 400;\">N\u00e1zev projektu: <\/span><a href=\"https:\/\/www.skautskyinstitut.cz\/svitlo\"><b>Svitlo<\/b><\/a><\/p>\n<p><span style=\"font-weight: 400;\">Popis projektu: C\u00edlem projektu je sni\u017eovat riziko soci\u00e1ln\u00ed izolace, podporovat za\u010dlen\u011bn\u00ed do komunity a vytv\u00e1\u0159et p\u0159\u00edle\u017eitosti k aktivn\u00ed \u00fa\u010dasti ve spole\u010dnosti. Zam\u011b\u0159uje se zejm\u00e9na na zraniteln\u00e9 skupiny, jako jsou d\u011bti, ml\u00e1de\u017e, samo\u017eivitelky a senio\u0159i. Aktivity zahrnuj\u00ed slu\u017eby komunitn\u00edch pracovn\u00edk\u016f (doprovody, asistence), infopoint pro interkulturn\u00ed orientaci, volno\u010dasov\u00e9 programy, kurzy \u010desk\u00e9ho jazyka, komunitn\u00ed akce a n\u00edzkoprahov\u00e9 integra\u010dn\u00ed aktivity, jako jsou krou\u017eky a workshopy. Centrum poskytuje prostor pro setk\u00e1v\u00e1n\u00ed a podporuje soci\u00e1ln\u00ed vazby mezi uprchl\u00edky a m\u00edstn\u00ed komunitou.<\/span><\/p>\n<h4><span style=\"font-weight: 400;\">5. Organizace pro pomoc uprchl\u00edk\u016fm, z.s.<\/span><\/h4>\n<p><span style=\"font-weight: 400;\">N\u00e1zev projektu: <\/span><a href=\"https:\/\/www.opu.cz\/\"><b>Podpora integrace uprchl\u00edk\u016f z Ukrajiny na \u00fazem\u00ed hl. m. Prahy<\/b><\/a><\/p>\n<p><span style=\"font-weight: 400;\">Popis projektu: Hlavn\u00edm projektu c\u00edlem je zv\u00fd\u0161it informovanost uprchl\u00edk\u016f o legislativ\u011b, pracovn\u00edch a studijn\u00edch p\u0159\u00edle\u017eitostech, rekvalifikac\u00edch, soci\u00e1ln\u00edch slu\u017eb\u00e1ch, pr\u00e1vech a povinnostech, a p\u0159isp\u011bt ke zlep\u0161en\u00ed vztah\u016f mezi \u010deskou a ukrajinskou komunitou. Reaguje na zm\u011bnu slo\u017een\u00ed uprchl\u00edk\u016f na ubytovn\u00e1ch, kde p\u0159eva\u017euj\u00ed zraniteln\u00e9 osoby (senio\u0159i, osoby se zdravotn\u00edm posti\u017een\u00edm, onkologi\u010dt\u00ed pacienti, matky s d\u011btmi), kter\u00e9 nemohou p\u0159ej\u00edt do standardn\u00edho bydlen\u00ed kv\u016fli finan\u010dn\u00edm omezen\u00edm, zejm\u00e9na vlivem novel Lex Ukrajina V a VI. Projekt zahrnuje ter\u00e9nn\u00ed aktivity, informa\u010dn\u00ed semin\u00e1\u0159e na ubytovn\u00e1ch, interkulturn\u00ed slu\u017eby, psychologickou podporu a spolupr\u00e1ci s dal\u0161\u00edmi slu\u017ebami OPU.<\/span><\/p>\n<h4><span style=\"font-weight: 400;\">6. Pra\u017esk\u00fd Majdan, z.s.\u00a0<\/span><\/h4>\n<p><span style=\"font-weight: 400;\">N\u00e1zev projektu: <\/span><a href=\"https:\/\/maidan.cz\/nase-projekty\/ukrajinske-centrum-nusle\/\"><b>Ukrajinsk\u00e9 Centrum Nusle \u2013 kontaktn\u00ed informa\u010dn\u00ed m\u00edsto pro uprchl\u00edky z Ukrajiny<\/b><\/a><\/p>\n<p><span style=\"font-weight: 400;\">Popis projektu: C\u00edlem projektu je usnadnit jejich adaptaci a integraci do \u010desk\u00e9 spole\u010dnosti prost\u0159ednictv\u00edm informac\u00ed, propojen\u00ed s odborn\u00fdmi institucemi a neziskov\u00fdmi organizacemi, podpory p\u0159i hled\u00e1n\u00ed zam\u011bstn\u00e1n\u00ed a bydlen\u00ed, pos\u00edlen\u00ed soci\u00e1ln\u00ed soudr\u017enosti a vytvo\u0159en\u00ed inkluzivn\u00edho prost\u0159ed\u00ed pro v\u0161echny obyvatele Prahy. Navazuje na dlouholet\u00e9 zku\u0161enosti \u017eadatele s pomoc\u00ed uprchl\u00edk\u016fm. Projekt zahrnuje provoz informa\u010dn\u00edho centra a adapta\u010dn\u00ed skupinu \u201eNuselsk\u00e1 slun\u00ed\u010dka\u201c, kter\u00e1 podporuje soci\u00e1ln\u00ed za\u010dlen\u011bn\u00ed a komunitn\u00ed aktivity.<\/span><\/p>\n<h4><span style=\"font-weight: 400;\">7. Sdru\u017een\u00ed pro integraci a migraci, o.p.s.<\/span><\/h4>\n<p><span style=\"font-weight: 400;\">N\u00e1zev projektu: <\/span><a href=\"https:\/\/migrace.com\/co-delame\/programy\/podpora-ukrajine\/\"><b>Podpora uprchl\u00edk\u016f z Ukrajiny III<\/b><\/a><\/p>\n<p><span style=\"font-weight: 400;\">Popis projektu: Hlavn\u00ed aktivity projektu c\u00edl\u00ed na uprchl\u00edky v nejist\u00e9 bytov\u00e9 situaci, kte\u0159\u00ed \u017eij\u00ed v substandardn\u00edm bydlen\u00ed, na ubytovn\u00e1ch, bez bydlen\u00ed nebo v neudr\u017eiteln\u00e9m bydlen\u00ed. Projekt zahrnuje ter\u00e9nn\u00ed pr\u00e1ci na ubytovn\u00e1ch, individu\u00e1ln\u00ed poradenstv\u00ed k zaji\u0161t\u011bn\u00ed bydlen\u00ed, networking, sd\u00edlen\u00ed zku\u0161enost\u00ed a p\u0159enos informac\u00ed na syst\u00e9movou \u00farove\u0148, aby se pos\u00edlila koordinace mezi akt\u00e9ry a efektivita integra\u010dn\u00edch opat\u0159en\u00ed.<\/span><\/p>","protected":false},"excerpt":{"rendered":"<p>Posledn\u00ed aktualizace: 14. kv\u011bten 2025 Hlavn\u00ed m\u011bsto Praha pokra\u010duje v podpo\u0159e dr\u017eitel\u016f do\u010dasn\u00e9 ochrany prost\u0159ednictv\u00edm c\u00edlen\u00fdch projekt\u016f, kter\u00e9 pom\u00e1haj\u00ed \u0159e\u0161it kl\u00ed\u010dov\u00e9 v\u00fdzvy v oblasti integrace a soci\u00e1ln\u00ed stability Rada HMP a Zastupitelstvo HMP i letos schv\u00e1lily podporu agendy adaptace a&#8230;<\/p>\n<a class=\"more-block\" href=\"https:\/\/metropolevsech.eu\/cs\/praha-pro-ukrajinu\/projekty-a-aktuality-z-magistratu-hl-m-prahy\/\">\u010c\u00edst v\u00edce<\/a>","protected":false},"author":7,"featured_media":0,"parent":22582,"menu_order":4,"comment_status":"closed","ping_status":"closed","template":"","meta":[],"acf":[],"_links":{"self":[{"href":"https:\/\/metropolevsech.eu\/cs\/wp-json\/wp\/v2\/pages\/22827"}],"collection":[{"href":"https:\/\/metropolevsech.eu\/cs\/wp-json\/wp\/v2\/pages"}],"about":[{"href":"https:\/\/metropolevsech.eu\/cs\/wp-json\/wp\/v2\/types\/page"}],"author":[{"embeddable":true,"href":"https:\/\/metropolevsech.eu\/cs\/wp-json\/wp\/v2\/users\/7"}],"replies":[{"embeddable":true,"href":"https:\/\/metropolevsech.eu\/cs\/wp-json\/wp\/v2\/comments?post=22827"}],"version-history":[{"count":6,"href":"https:\/\/metropolevsech.eu\/cs\/wp-json\/wp\/v2\/pages\/22827\/revisions"}],"predecessor-version":[{"id":22935,"href":"https:\/\/metropolevsech.eu\/cs\/wp-json\/wp\/v2\/pages\/22827\/revisions\/22935"}],"up":[{"embeddable":true,"href":"https:\/\/metropolevsech.eu\/cs\/wp-json\/wp\/v2\/pages\/22582"}],"wp:attachment":[{"href":"https:\/\/metropolevsech.eu\/cs\/wp-json\/wp\/v2\/media?parent=22827"}],"curies":[{"name":"wp","href":"https:\/\/api.w.org\/{rel}","templated":true}]}}