{"id":22866,"date":"2025-05-15T12:10:29","date_gmt":"2025-05-15T10:10:29","guid":{"rendered":"https:\/\/metropolevsech.eu\/?page_id=22866"},"modified":"2026-02-10T11:49:55","modified_gmt":"2026-02-10T10:49:55","slug":"zdravotni-pojisteni-prehled-nejdulezitejsich-zmen-2026","status":"publish","type":"page","link":"https:\/\/metropolevsech.eu\/cs\/zdravotni-informace-pro-drzitele-docasne-ochrany\/zdravotni-pojisteni-prehled-nejdulezitejsich-zmen-2026\/","title":{"rendered":"Novinky ve zdravotn\u00edm poji\u0161t\u011bn\u00ed a zdravotn\u00ed p\u00e9\u010di pro rok 2026"},"content":{"rendered":"<p><img loading=\"lazy\" class=\"aligncenter size-full wp-image-24519\" src=\"https:\/\/metropolevsech.eu\/wp-content\/uploads\/2026\/01\/novinky-zdravitni-pece-26-web.png\" alt=\"\" width=\"1340\" height=\"704\" srcset=\"https:\/\/metropolevsech.eu\/wp-content\/uploads\/2026\/01\/novinky-zdravitni-pece-26-web.png 1340w, https:\/\/metropolevsech.eu\/wp-content\/uploads\/2026\/01\/novinky-zdravitni-pece-26-web-300x158.png 300w, https:\/\/metropolevsech.eu\/wp-content\/uploads\/2026\/01\/novinky-zdravitni-pece-26-web-1040x546.png 1040w, https:\/\/metropolevsech.eu\/wp-content\/uploads\/2026\/01\/novinky-zdravitni-pece-26-web-768x403.png 768w, https:\/\/metropolevsech.eu\/wp-content\/uploads\/2026\/01\/novinky-zdravitni-pece-26-web-670x352.png 670w\" sizes=\"(max-width: 1340px) 100vw, 1340px\" \/><\/p>\n<p><i>Posledn\u00ed aktualizace: leden 2026<\/i><\/p>\n<p>Informace jsou \u010derp\u00e1ny zejm\u00e9na ze str\u00e1nek zdravotn\u00edch poji\u0161\u0165oven:<\/p>\n<div class=\"show_more\"><p class=\"wpsm-show\" style=\"color: #cc0000; font-size: 100%; text-align: left;\"> Zobrazit zdroje <\/p><div class=\"wpsm-content\"><\/p>\n<ul class=\"bullet-links\">\n<li><a href=\"https:\/\/www.vzp.cz\/o-nas\/tiskove-centrum\/novinky-od-2026\">vzp.cz\/o-nas\/tiskove-centrum\/novinky-od-2026<\/a>,<\/li>\n<li><a href=\"https:\/\/www.vzp.cz\/o-nas\/aktuality\/prehled-nejdulezitejsich-novinek-od-1-ledna-2026\">vzp.cz\/o-nas\/aktuality\/prehled-nejdulezitejsich-novinek-od-1-ledna-2026<\/a>, <a href=\"https:\/\/www.cpzp.cz\/zmeny2026\">cpzp.cz\/zmeny2026<\/a>,<\/li>\n<li><a href=\"https:\/\/www.ozp.cz\/aktuality\">ozp.cz\/aktuality<\/a>,<\/li>\n<li><a href=\"https:\/\/www.zpmvcr.cz\/o-nas\/aktuality\">zpmvcr.cz\/o-nas\/aktuality<\/a>,<\/li>\n<li><a href=\"https:\/\/www.vozp.cz\/aktuality\">vozp.cz\/aktuality<\/a>,<\/li>\n<li><a href=\"https:\/\/www.rbp213.cz\/uzitecne\/aktuality\/a-5243\/\">rbp213.cz\/uzitecne\/aktuality\/a-5243\/<\/a>,\u00a0 z <a href=\"https:\/\/silapacientu.cz\/2026\/01\/02\/zmeny-ve-zdravotnictvi-od-ledna-2026-prehled-novinek-pro-pacienty\/\">silapacientu.cz\/2026\/01\/02\/zmeny-ve-zdravotnictvi-od-ledna-2026-prehled-novinek-pro-pacienty\/<\/a> a <a href=\"https:\/\/ipc.gov.cz\/docasna-ochrana\/?iqTabs=%7B%220%22%3A2%7D\">ipc.gov.cz\/docasna-ochrana\/?iqTabs=%7B%220%22%3A2%7D<\/a>.<\/li>\n<\/ul>\n<p> <p class=\"wpsm-hide\" style=\"color: #cc0000; font-size: 100%; text-align: left;\"> Skr\u00fdt zdroje <\/p><\/div><\/div>\n<h2>Prodlou\u017een\u00ed platnosti pr\u016fkazu zdravotn\u00edho poji\u0161t\u011bn\u00ed po prodlou\u017een\u00ed do\u010dasn\u00e9 ochrany<\/h2>\n<p><a href=\"https:\/\/ipc.gov.cz\/online-registrace-k-prodlouzeni-docasne-ochrany-2\/\">Online registrace k\u00a0prodlou\u017een\u00ed DO<\/a> byla spu\u0161t\u011bna 8. 1. 2026 a bude prob\u00edhat do 15. 3. 2026. Jako obvykle bude po prodlou\u017een\u00ed do\u010dasn\u00e9 ochrany pot\u0159ebn\u00e9 prodlou\u017eit i platnost pr\u016fkazu zdravotn\u00edho poji\u0161t\u011bn\u00ed, poka\u017ed\u00e9 ale s\u00a0ur\u010dit\u00fdm pot\u0159ebn\u00fdm \u010dasov\u00fdm odstupem (nap\u0159. VZP loni uv\u00e1d\u011bla nejd\u0159\u00edve po 5 pracovn\u00edch dnech od prodlou\u017een\u00ed do\u010dasn\u00e9 ochrany vzhledem k nutnosti p\u0159ed\u00e1v\u00e1n\u00ed dat z\u00a0OAMP MV \u010cR do syst\u00e9mu poji\u0161\u0165ovny).<\/p>\n<ul class=\"bullet-links\">\n<li><a href=\"https:\/\/cz.pomocukrajine.vzp.cz\/prodlouzeni-zdravotniho-pojisteni-po-prodlouzeni-docasne-ochrany\/\">cz.pomocukrajine.vzp.cz\/prodlouzeni-zdravotniho-pojisteni-po-prodlouzeni-docasne-ochrany\/<\/a><\/li>\n<li><a href=\"https:\/\/www.nasiukrajinci.cz\/cs\/prodlouzeni-zdravotniho-pojisteni\/\">nasiukrajinci.cz\/cs\/prodlouzeni-zdravotniho-pojisteni\/<\/a><\/li>\n<\/ul>\n<h2>Zm\u011bna v\u00fd\u0161e pojistn\u00e9ho \/ z\u00e1loh na zdravotn\u00ed poji\u0161t\u011bn\u00ed pro rok 2026<\/h2>\n<p>Minim\u00e1ln\u00ed v\u00fd\u0161e z\u00e1lohy\u00a0na zdravotn\u00ed poji\u0161t\u011bn\u00ed <a href=\"https:\/\/www.vzp.cz\/platci\/informace\/osvc\">OSV\u010c<\/a> je stanovena na \u010d\u00e1stku 3306\u00a0K\u010d.<\/p>\n<p>V\u00fd\u0161e m\u011bs\u00ed\u010dn\u00edho pojistn\u00e9ho u <a href=\"https:\/\/www.vzp.cz\/platci\/informace\/obzp\">OBZP<\/a> je stanovena na 3024\u00a0K\u010d.<\/p>\n<p>Platby za st\u00e1tn\u00ed poji\u0161t\u011bnce &#8211; st\u00e1t za jednoho <a href=\"https:\/\/www.vzp.cz\/platci\/informace\/stat\">st\u00e1tn\u00edho poji\u0161t\u011bnce<\/a> plat\u00ed pojistn\u00e9 ve v\u00fd\u0161i 2188\u00a0K\u010d.<\/p>\n<ul class=\"bullet-links\">\n<li><a href=\"https:\/\/www.vozp.cz\/aktuality\/zmeny-v-platbach-zdravotniho-pojisteni-od-1-1-2026\">vozp.cz\/aktuality\/zmeny-v-platbach-zdravotniho-pojisteni-od-1-1-2026<\/a><\/li>\n<\/ul>\n<div class=\"box-ok\">Kdo je <a href=\"https:\/\/cz.pomocukrajine.vzp.cz\/oznameni-platce-pojistneho\/\">pl\u00e1tcem pojistn\u00e9ho<\/a>.<\/div>\n<h2>OBZP a\u00a0d\u011bti cizinc\u016f s dlouhodob\u00fdm pobytem v \u010cR<\/h2>\n<p>Osoby bez zdaniteln\u00fdch p\u0159\u00edjm\u016f (OBZP) a z\u00e1konn\u00ed z\u00e1stupci, opatrovn\u00edci nebo poru\u010dn\u00edci d\u011bt\u00ed cizinc\u016f s dlouhodob\u00fdm pobytem, mus\u00ed lednovou platbu ve v\u00fd\u0161i 3024\u00a0K\u010d zdravotn\u00ed poji\u0161\u0165ovn\u011b uhradit od 1. 1. 2026 do 8. 2. 2026. Splatnost pojistn\u00e9ho je od 1. dne kalend\u00e1\u0159n\u00edho m\u011bs\u00edce, za kter\u00fd se plat\u00ed, do 8. dne m\u011bs\u00edce n\u00e1sleduj\u00edc\u00edho. P\u0159ipadne-li tento den na sobotu, ned\u011bli \u010di sv\u00e1tek, posouv\u00e1 se splatnost na nejbli\u017e\u0161\u00ed pracovn\u00ed den, tedy 9. 2. 2026.<\/p>\n<ul class=\"bullet-links\">\n<li><a href=\"https:\/\/www.vzp.cz\/o-nas\/tiskove-centrum\/otazky-tydne\/platby-zdravotniho-pojisteni-v-roce-2026\">vzp.cz\/o-nas\/tiskove-centrum\/otazky-tydne\/platby-zdravotniho-pojisteni-v-roce-2026<\/a><\/li>\n<\/ul>\n<h2>St\u00e1t bude hradit poji\u0161t\u011bn\u00ed jen za pe\u010duj\u00edc\u00ed o d\u011bti do sedmi let<\/h2>\n<p>Pokud za klienta hrad\u00ed pojistn\u00e9 st\u00e1t na z\u00e1klad\u011b p\u00e9\u010de o d\u011bti, nov\u011b je v\u011bkov\u00e1 hranice d\u011bt\u00ed sn\u00ed\u017eena na 7 let. Z\u00e1kon o zdravotn\u00edm poji\u0161t\u011bn\u00ed m\u011bn\u00ed podm\u00ednky za\u0159azen\u00ed osob mezi st\u00e1tn\u00ed poji\u0161t\u011bnce na z\u00e1klad\u011b p\u00e9\u010de o d\u011bti. Nov\u011b budou do t\u00e9to kategorie pat\u0159it pouze ti, kdo pe\u010duj\u00ed o jedno \u010di v\u00edce d\u011bt\u00ed do sedmi let v\u011bku.<\/p>\n<ul class=\"bullet-links\">\n<li><a href=\"https:\/\/cz.pomocukrajine.vzp.cz\/osoba-pecujici-o-dite-do-7-let\/\">cz.pomocukrajine.vzp.cz\/osoba-pecujici-o-dite-do-7-let\/<\/a><\/li>\n<li><a href=\"https:\/\/www.vzp.cz\/o-nas\/aktuality\/stat-bude-hradit-pojisteni-jen-za-pecujici-o-deti-do-sedmi-let\">vzp.cz\/o-nas\/aktuality\/stat-bude-hradit-pojisteni-jen-za-pecujici-o-deti-do-sedmi-let<\/a><\/li>\n<\/ul>\n<h2>Limity u DPP \/ DP\u010c v\u00a0roce 2026<\/h2>\n<p>U DPP (<a href=\"https:\/\/www.vzp.cz\/platci\/informace\/zamestnavatel\/dohody-o-provedeni-prace\">Dohoda o proveden\u00ed pr\u00e1ce<\/a>) se hranice zvy\u0161uje z 11 500 K\u010d na\u00a0<b>12 000 K\u010d<\/b> m\u011bs\u00ed\u010dn\u011b.<\/p>\n<p>U DP\u010c (<a href=\"https:\/\/www.vzp.cz\/platci\/informace\/zamestnavatel\/dohody-o-pracovni-cinnosti\">Dohoda o pracovn\u00ed \u010dinnosti<\/a>) z\u016fst\u00e1v\u00e1 limit na\u00a0<b>4500 K\u010d<\/b> m\u011bs\u00ed\u010dn\u011b.<\/p>\n<p>Poji\u0161t\u011bnec, kter\u00fd m\u00e1 m\u011bs\u00ed\u010dn\u00ed p\u0159\u00edjem na z\u00e1klad\u011b dohody o proveden\u00ed pr\u00e1ce nebo p\u0159\u00edjem z\u00a0dohody o pracovn\u00ed \u010dinnosti ni\u017e\u0161\u00ed, se pova\u017euje za OBZP, kter\u00e1 je povinna si platit sama zdravotn\u00ed poji\u0161t\u011bn\u00ed v z\u00e1konem stanoven\u00e9 v\u00fd\u0161i.<\/p>\n<ul class=\"bullet-links\">\n<li><a href=\"https:\/\/www.vzp.cz\/platci\/informace\/obzp\/kdo-je-obzp\">vzp.cz\/platci\/informace\/obzp\/kdo-je-obzp<\/a><\/li>\n<\/ul>\n<h2>Konec plateb v\u00a0hotovosti<\/h2>\n<p>Pokud jste byli zvykl\u00ed hradit z\u00e1lohy nebo platby na zdravotn\u00ed poji\u0161t\u011bn\u00ed hotov\u011b, od ledna 2026 ji\u017e poji\u0161\u0165ovna tyto platby neakceptuje. \u00dahrady jsou mo\u017en\u00e9 pouze bezhotovostn\u011b. Zm\u011bna se vztahuje na ve\u0161ker\u00e9 platby, tedy nap\u0159\u00edklad i \u00fahradu pokut \u010di pen\u00e1le a t\u00fdk\u00e1 se v\u0161ech zdravotn\u00edch poji\u0161\u0165oven.<\/p>\n<ul class=\"bullet-links\">\n<li><a href=\"https:\/\/www.vzp.cz\/o-nas\/tiskove-centrum\/otazky-tydne\/moznosti-uhrady-pojistneho-bezhotovostne\">vzp.cz\/o-nas\/tiskove-centrum\/otazky-tydne\/moznosti-uhrady-pojistneho-bezhotovostne<\/a><\/li>\n<\/ul>\n<h2>Konec pap\u00edrov\u00fdch pod\u00e1n\u00ed<\/h2>\n<p>On-line komunikace od 1. ledna 2026 povinn\u011b pro zam\u011bstnavatele i \u017eivnostn\u00edky \u2013 zam\u011bstnavatel\u00e9 a osoby samostatn\u011b v\u00fdd\u011ble\u010dn\u011b \u010dinn\u00e9 budou muset komunikovat se zdravotn\u00edmi poji\u0161\u0165ovnami pouze elektronicky.<\/p>\n<ul class=\"bullet-links\">\n<li><a href=\"https:\/\/www.vzp.cz\/o-nas\/aktuality\/od-noveho-roku-zamestnavatele-podavaji-zdravotnim-pojistovnam-prehledy-uz-jen-online-zakon-papirove-podani-neumozni\">vzp.cz\/o-nas\/aktuality\/od-noveho-roku-zamestnavatele-podavaji-zdravotnim-pojistovnam-prehledy-uz-jen-online-zakon-papirove-podani-neumozni<\/a><\/li>\n<li><a href=\"https:\/\/www.vzp.cz\/o-nas\/aktuality\/povinnost-elektronickeho-podani-se-vztahuje-take-na-zivnostniky-zakon-od-noveho-roku-jiny-zpusob-nepripousti\">vzp.cz\/o-nas\/aktuality\/povinnost-elektronickeho-podani-se-vztahuje-take-na-zivnostniky-zakon-od-noveho-roku-jiny-zpusob-nepripousti<\/a><\/li>\n<\/ul>\n<h2>Novinky v\u00a0preventivn\u00edch prohl\u00eddk\u00e1ch<\/h2>\n<p>Od 1. ledna 2026 vstupuje v platnost novela vyhl\u00e1\u0161ky \u010d.70\/2012 Sb., o preventivn\u00edch prohl\u00eddk\u00e1ch. Ta roz\u0161i\u0159uje rozsah p\u00e9\u010de a klade v\u011bt\u0161\u00ed d\u016fraz na individu\u00e1ln\u00ed p\u0159\u00edstup a prevenci. Preventivn\u00ed prohl\u00eddky u praktick\u00e9ho l\u00e9ka\u0159e mohou dosp\u011bl\u00ed i nad\u00e1le absolvovat jednou za dva roky, budou ale podrobn\u011bj\u0161\u00ed a v\u00edce p\u0159izp\u016fsobeny v\u011bku a zdravotn\u00edmu stavu pacienta. Roz\u0161i\u0159uje se tak\u00e9 spektrum a \u010detnost laboratorn\u00edch vy\u0161et\u0159en\u00ed, kter\u00e1 umo\u017en\u00ed v\u010das odhalit p\u0159\u00edpadn\u00e1 onemocn\u011bn\u00ed srdce, c\u00e9v, metabolismu \u010di ledvin. Do screeningu kolorekt\u00e1ln\u00edho karcinomu budou nov\u011b za\u0159azeni v\u0161ichni lid\u00e9 star\u0161\u00ed 45 let.<\/p>\n<ul class=\"bullet-links\">\n<li><a href=\"https:\/\/www.vzp.cz\/o-nas\/aktuality\/preventivni-prohlidky-budou-podrobnejsi-rozsiruji-se-laboratorni-i-dalsi-vysetreni-snizuje-se-vek-pro-screening-kolorekta\">vzp.cz\/o-nas\/aktuality\/preventivni-prohlidky-budou-podrobnejsi-rozsiruji-se-laboratorni-i-dalsi-vysetreni-snizuje-se-vek-pro-screening-kolorekta<\/a><\/li>\n<li><a href=\"https:\/\/www.cpzp.cz\/preventivni-prohlidky-zmeny-od-1.1.2026\">cpzp.cz\/preventivni-prohlidky-zmeny-od-1.1.2026<\/a><\/li>\n<\/ul>\n<h2>B\u00edlou plombu hrad\u00ed zdravotn\u00ed poji\u0161\u0165ovny<\/h2>\n<p>B\u011b\u017en\u00e1 fotokompozitn\u00ed v\u00fdpl\u0148, takzvan\u00e1 b\u00edl\u00e1 plomba, bude hrazena z ve\u0159ejn\u00e9ho zdravotn\u00edho poji\u0161t\u011bn\u00ed pro dosp\u011bl\u00e9 i d\u011bti. Pokud dosp\u011bl\u00ed pacienti budou m\u00edt z\u00e1jem o esteticky n\u00e1ro\u010dn\u011bj\u0161\u00ed nebo vrstven\u00e9 v\u00fdpln\u011b, doplat\u00ed si rozd\u00edl v\u00a0cen\u011b oproti hrazen\u00e9 z\u00e1kladn\u00ed variant\u011b (tj. nevrstven\u00e9 v\u00fdplni z\u00a0fotokompozitu). Pou\u017e\u00edv\u00e1n\u00ed amalg\u00e1mu bude omezeno.<\/p>\n<ul class=\"bullet-links\">\n<li><a href=\"https:\/\/www.vzp.cz\/o-nas\/aktuality\/pojistovny-zaplati-od-ledna-u-zubaru-novinky-bile-plomby-i-osetreni-kanalku-postupne-skonci-amalgam\">vzp.cz\/o-nas\/aktuality\/pojistovny-zaplati-od-ledna-u-zubaru-novinky-bile-plomby-i-osetreni-kanalku-postupne-skonci-amalgam<\/a><\/li>\n<\/ul>\n<p><a href=\"https:\/\/silapacientu.cz\/pacienti-z-ukrajiny\/\">N\u00e1rodn\u00ed asociace pacientsk\u00fdch organizac\u00ed<\/a> (NAPO) p\u0159ipravila t\u0159i informa\u010dn\u00ed videa v\u00a0ukrajin\u0161tin\u011b na t\u00e9ma zm\u011bn, kter\u00e9 od roku 2026 nast\u00e1vaj\u00ed v\u00a0\u010desk\u00e9m zdravotnictv\u00ed.<\/p>\n<ul class=\"bullet\">\n<li><a href=\"https:\/\/www.youtube.com\/shorts\/t0O9x1Wxn1c\">B\u00edl\u00e9 plomby<\/a><\/li>\n<li><a href=\"https:\/\/www.youtube.com\/shorts\/1iTjgdqozrQ\">E-\u017e\u00e1danky<\/a><\/li>\n<li><a href=\"https:\/\/www.youtube.com\/shorts\/RRN_mL0lhtE\">Preventivn\u00ed prohl\u00eddky<\/a><\/li>\n<\/ul>\n<h2>N\u00e1rok na porodn\u00ed asistentku bude m\u00edt od ledna ka\u017ed\u00e1 \u017eena po porodu<\/h2>\n<p>T\u0159i n\u00e1v\u0161t\u011bvy porodn\u00ed asistentky v \u0161estined\u011bl\u00ed ji\u017e dnes pat\u0159\u00ed mezi slu\u017eby pln\u011b hrazen\u00e9 z ve\u0159ejn\u00e9ho zdravotn\u00edho poji\u0161t\u011bn\u00ed na z\u00e1klad\u011b rozhodnut\u00ed l\u00e9ka\u0159e. Od ledna na n\u011b maminky dostanou \u017e\u00e1danku automaticky p\u0159i odchodu z porodnice.<\/p>\n<ul class=\"bullet-links\">\n<li><a href=\"https:\/\/www.vzp.cz\/o-nas\/aktuality\/narok-na-porodni-asistentku-bude-mit-od-ledna-kazda-zena-po-porodu\">vzp.cz\/o-nas\/aktuality\/narok-na-porodni-asistentku-bude-mit-od-ledna-kazda-zena-po-porodu<\/a><\/li>\n<\/ul>\n<h2>Pravidla pro fungov\u00e1n\u00ed pohotovost\u00ed od ledna 2026<\/h2>\n<p>Novelou z\u00e1kona o zdravotn\u00edch slu\u017eb\u00e1ch se od nov\u00e9ho roku p\u0159ev\u00e1d\u00ed odpov\u011bdnost za provoz pohotovost\u00ed z\u00a0kraj\u016f na zdravotn\u00ed poji\u0161\u0165ovny a od 1. ledna 2026 tedy p\u0159eb\u00edraj\u00ed zdravotn\u00ed poji\u0161\u0165ovny v regionech odpov\u011bdnost za organizaci pohotovostn\u00edch slu\u017eeb. Nov\u00e1 pravidla se t\u00fdkaj\u00ed l\u00e9ka\u0159sk\u00fdch i stomatologick\u00fdch pohotovost\u00ed.<\/p>\n<ul class=\"bullet-links\">\n<li><a href=\"https:\/\/www.vzp.cz\/o-nas\/aktuality\/pravidla-pro-fungovani-pohotovosti-od-ledna-2026\">vzp.cz\/o-nas\/aktuality\/pravidla-pro-fungovani-pohotovosti-od-ledna-2026<\/a><\/li>\n<\/ul>\n<p><div class=\"box-ok\">Informace s\u00a0kontakty a provozn\u00ed dobou pohotovost\u00ed pro sv\u00e9 klienty na sv\u00fdch webov\u00fdch str\u00e1nk\u00e1ch zve\u0159ej\u0148uj\u00ed a aktualizuj\u00ed v\u0161echny zdravotn\u00ed poji\u0161\u0165ovny:<\/p>\n<ul class=\"bullet-links\">\n<li><a href=\"https:\/\/pohotovosti.vzp.cz\/\">pohotovosti.vzp.cz\/<\/a><\/li>\n<li><a href=\"https:\/\/cpzp.cz\/pohotovosti\">cpzp.cz\/pohotovosti<\/a><\/li>\n<li><a href=\"https:\/\/www.ozp.cz\/aktuality\/aktualita-lekarska-pohotovost-od-1-ledna-2026\">ozp.cz\/aktuality\/aktualita-lekarska-pohotovost-od-1-ledna-2026<\/a><\/li>\n<li><a href=\"https:\/\/www.vozp.cz\/lekarska-pohotovost\">vozp.cz\/lekarska-pohotovost<\/a><\/li>\n<li><a href=\"https:\/\/www.zpmvcr.cz\/pojistenci\/pohotovostni-sluzba-od-1-1-2026-informace-pro-pojistence\">zpmvcr.cz\/pojistenci\/pohotovostni-sluzba-od-1-1-2026-informace-pro-pojistence<\/a><\/li>\n<li><a href=\"https:\/\/www.zpskoda.cz\/pohotovostni-sluzba\">zpskoda.cz\/pohotovostni-sluzba<\/a><\/li>\n<li><a href=\"https:\/\/www.rbp213.cz\/lekarska-pohotovostni-sluzba-v-roce-2026\/a-5555\/\">rbp213.cz\/lekarska-pohotovostni-sluzba-v-roce-2026\/a-5555\/<\/a><\/li>\n<\/ul>\n<p><\/div><\/p>","protected":false},"excerpt":{"rendered":"<p>Posledn\u00ed aktualizace: leden 2026 Informace jsou \u010derp\u00e1ny zejm\u00e9na ze str\u00e1nek zdravotn\u00edch poji\u0161\u0165oven: Prodlou\u017een\u00ed platnosti pr\u016fkazu zdravotn\u00edho poji\u0161t\u011bn\u00ed po prodlou\u017een\u00ed do\u010dasn\u00e9 ochrany Online registrace k\u00a0prodlou\u017een\u00ed DO byla spu\u0161t\u011bna 8. 1. 2026 a bude prob\u00edhat do 15. 3. 2026. Jako obvykle bude&#8230;<\/p>\n<a class=\"more-block\" href=\"https:\/\/metropolevsech.eu\/cs\/zdravotni-informace-pro-drzitele-docasne-ochrany\/zdravotni-pojisteni-prehled-nejdulezitejsich-zmen-2026\/\">\u010c\u00edst v\u00edce<\/a>","protected":false},"author":7,"featured_media":0,"parent":19936,"menu_order":1,"comment_status":"closed","ping_status":"closed","template":"","meta":[],"acf":[],"_links":{"self":[{"href":"https:\/\/metropolevsech.eu\/cs\/wp-json\/wp\/v2\/pages\/22866"}],"collection":[{"href":"https:\/\/metropolevsech.eu\/cs\/wp-json\/wp\/v2\/pages"}],"about":[{"href":"https:\/\/metropolevsech.eu\/cs\/wp-json\/wp\/v2\/types\/page"}],"author":[{"embeddable":true,"href":"https:\/\/metropolevsech.eu\/cs\/wp-json\/wp\/v2\/users\/7"}],"replies":[{"embeddable":true,"href":"https:\/\/metropolevsech.eu\/cs\/wp-json\/wp\/v2\/comments?post=22866"}],"version-history":[{"count":32,"href":"https:\/\/metropolevsech.eu\/cs\/wp-json\/wp\/v2\/pages\/22866\/revisions"}],"predecessor-version":[{"id":24918,"href":"https:\/\/metropolevsech.eu\/cs\/wp-json\/wp\/v2\/pages\/22866\/revisions\/24918"}],"up":[{"embeddable":true,"href":"https:\/\/metropolevsech.eu\/cs\/wp-json\/wp\/v2\/pages\/19936"}],"wp:attachment":[{"href":"https:\/\/metropolevsech.eu\/cs\/wp-json\/wp\/v2\/media?parent=22866"}],"curies":[{"name":"wp","href":"https:\/\/api.w.org\/{rel}","templated":true}]}}