{"id":22937,"date":"2025-05-26T09:47:47","date_gmt":"2025-05-26T07:47:47","guid":{"rendered":"https:\/\/metropolevsech.eu\/?page_id=22937"},"modified":"2026-01-23T18:04:44","modified_gmt":"2026-01-23T17:04:44","slug":"postarejme-se-spolecne-o-vase-zdravi-prijdte-se-otestovat","status":"publish","type":"page","link":"https:\/\/metropolevsech.eu\/cs\/potrebuji-resit\/zdravotnictvi-zdravotni-a-socialni-pojisteni\/postarejme-se-spolecne-o-vase-zdravi-prijdte-se-otestovat\/","title":{"rendered":"Testov\u00e1n\u00ed na HIV a pohlavn\u011b p\u0159enosn\u00e9 infekce"},"content":{"rendered":"<p><img loading=\"lazy\" class=\"aligncenter size-full wp-image-23486\" src=\"https:\/\/metropolevsech.eu\/wp-content\/uploads\/2025\/07\/testovani-hiv.png\" alt=\"\" width=\"1200\" height=\"630\" srcset=\"https:\/\/metropolevsech.eu\/wp-content\/uploads\/2025\/07\/testovani-hiv.png 1200w, https:\/\/metropolevsech.eu\/wp-content\/uploads\/2025\/07\/testovani-hiv-300x158.png 300w, https:\/\/metropolevsech.eu\/wp-content\/uploads\/2025\/07\/testovani-hiv-1040x546.png 1040w, https:\/\/metropolevsech.eu\/wp-content\/uploads\/2025\/07\/testovani-hiv-768x403.png 768w, https:\/\/metropolevsech.eu\/wp-content\/uploads\/2025\/07\/testovani-hiv-670x352.png 670w\" sizes=\"(max-width: 1200px) 100vw, 1200px\" \/><\/p>\n<p><i>Posledn\u00ed aktualizace: kv\u011bten 2025<\/i><\/p>\n<h4>Postarejme se spole\u010dn\u011b o va\u0161e zdrav\u00ed \u2013 p\u0159ij\u010fte se otestovat<\/h4>\n<p><i>Autorem \u010dl\u00e1nku je \u010cesk\u00e1 spole\u010dnost AIDS pomoc (\u010cSAP) v r\u00e1mci projektu zam\u011b\u0159en\u00e9ho na bezplatn\u00e9 a anonymn\u00ed testov\u00e1n\u00ed HIV a dal\u0161\u00edch sexu\u00e1ln\u011b p\u0159enosn\u00fdch infekc\u00ed pro cizince a rezidenty. Projekt je podpo\u0159en Ministerstvem zdravotnictv\u00ed \u010cR. \u010cSAP se dlouhodob\u011b v\u011bnuje prevenci, podpo\u0159e a osv\u011bt\u011b v oblasti HIV\/AIDS a provozuje s\u00ed\u0165 poraden a testovac\u00edch center po cel\u00e9 \u010cR.<\/i><\/p>\n<p><i>V \u010dl\u00e1nku se dozv\u00edte, pro\u010d je pravideln\u00e9 testov\u00e1n\u00ed d\u016fle\u017eit\u00e9, jak prob\u00edh\u00e1, co v\u0161echno zahrnuje a jak\u00e9 v\u00fdhody p\u0159in\u00e1\u0161\u00ed \u2013 v\u010detn\u011b praktick\u00fdch informac\u00ed o infekc\u00edch, mo\u017enostech poradenstv\u00ed i podpo\u0159e formou potravinov\u00fdch a hygienick\u00fdch bal\u00ed\u010dk\u016f.<\/i><\/p>\n<p>Va\u0161e zdrav\u00ed si zaslou\u017e\u00ed pozornost a p\u00e9\u010di. Pravideln\u00e9 testov\u00e1n\u00ed na HIV, syfilis a virov\u00e9 hepatitidy B a C je bezpe\u010dn\u00fd a zodpov\u011bdn\u00fd krok, kter\u00fd v\u00e1m m\u016f\u017ee<b> v\u010das odhalit skryt\u00e9 nebezpe\u010d\u00ed<\/b>. Testov\u00e1n\u00ed je <b>zcela zdarma, anonymn\u00ed<\/b> a prob\u00edh\u00e1 v d\u016fv\u011brn\u00e9m prost\u0159ed\u00ed. Jsme tu pro ka\u017ed\u00e9ho \u2013 i pro ty, kte\u0159\u00ed v \u010cesk\u00e9 republice \u017eij\u00ed kr\u00e1tce nebo maj\u00ed do\u010dasnou ochranu.<\/p>\n<p>N\u00e1\u0161 c\u00edl je jasn\u00fd: <b>ochr\u00e1nit zdrav\u00ed jednotlivce i cel\u00e9 komunity<\/b>. Proto projekt realizujeme ve spolupr\u00e1ci s Ministerstvem zdravotnictv\u00ed \u010cR. Sou\u010d\u00e1st\u00ed testov\u00e1n\u00ed je i odborn\u00e9 poradenstv\u00ed, kter\u00e9 v\u00e1m pom\u016f\u017ee se v\u00fdsledky zorientovat a porad\u00ed, jak d\u00e1l.<\/p>\n<h4><b>Pro\u010d je testov\u00e1n\u00ed d\u016fle\u017eit\u00e9?<\/b><\/h4>\n<p>Pokud jste sexu\u00e1ln\u011b aktivn\u00ed, st\u0159\u00edd\u00e1te partnery, ne v\u017edy pou\u017e\u00edv\u00e1te ochranu nebo p\u0159ich\u00e1z\u00edte do kontaktu s injek\u010dn\u00edmi l\u00e1tkami, testov\u00e1n\u00ed je z\u00e1sadn\u00ed <b>pro va\u0161i bezpe\u010dnost i bezpe\u010d\u00ed va\u0161ich bl\u00edzk\u00fdch<\/b>. \u0158ada infekc\u00ed prob\u00edh\u00e1 bez p\u0159\u00edznak\u016f, ale m\u016f\u017ee zp\u016fsobit v\u00e1\u017en\u00e9 zdravotn\u00ed komplikace. V\u010dasn\u00e1 diagn\u00f3za znamen\u00e1 <b>\u0161anci na \u00fa\u010dinnou l\u00e9\u010dbu<\/b> i klid na du\u0161i.<\/p>\n<h4><b>Co byste m\u011bli v\u011bd\u011bt?<\/b><\/h4>\n<ul class=\"bullet\">\n<li><b>HIV<\/b>: P\u0159en\u00e1\u0161\u00ed se krv\u00ed, sexu\u00e1ln\u00edm stykem a z matky na d\u00edt\u011b. Bez l\u00e9\u010dby oslabuje imunitu, ale d\u00edky modern\u00ed l\u00e9\u010db\u011b lze \u017e\u00edt plnohodnotn\u00fd \u017eivot.<\/li>\n<li><b>Syfilis<\/b>: M\u016f\u017ee za\u010d\u00edt nen\u00e1padn\u00fdm v\u0159edem, pozd\u011bji napad\u00e1 c\u00e9vy a nervy. D\u00e1 se vyl\u00e9\u010dit antibiotiky.<\/li>\n<li><b>Hepatitida B<\/b>: M\u016f\u017ee po\u0161kodit j\u00e1tra, ale d\u00e1 se l\u00e9\u010dit a p\u0159edch\u00e1zet j\u00ed o\u010dkov\u00e1n\u00edm.<\/li>\n<li><b>Hepatitida C<\/b>: P\u0159en\u00e1\u0161\u00ed se krv\u00ed, n\u011bkdy i sexem. Chronick\u00e1 forma m\u016f\u017ee v\u00e9st k v\u00e1\u017en\u00e9mu po\u0161kozen\u00ed jater, ale dnes u\u017e ji um\u00edme \u00fa\u010dinn\u011b l\u00e9\u010dit.<\/li>\n<\/ul>\n<h4><b>D\u016fle\u017eit\u00e1 informace pro va\u0161i jistotu<\/b><\/h4>\n<p>Zji\u0161t\u011bn\u00ed pozitivn\u00edho v\u00fdsledku <b>nen\u00ed d\u016fvodem k vyho\u0161t\u011bn\u00ed<\/b> z \u010cesk\u00e9 republiky ani <b>nebude p\u0159\u00ed\u010dinou ztr\u00e1ty zam\u011bstn\u00e1n\u00ed<\/b>. Naopak \u2013 v\u010dasn\u00e1 p\u00e9\u010de a l\u00e9\u010dba chr\u00e1n\u00ed v\u00e1s i va\u0161e okol\u00ed. V\u00e1\u0161 stav je d\u016fv\u011brn\u00fd a respektujeme va\u0161i d\u016fstojnost. L\u00e9\u010dba pohlavn\u011b p\u0159enosn\u00fdch infekc\u00ed je v \u010cesk\u00e9 republice hrazena z ve\u0159ejn\u00e9ho zdravotn\u00edho poji\u0161t\u011bn\u00ed.<\/p>\n<h4><b>Jak testov\u00e1n\u00ed prob\u00edh\u00e1?<\/b><\/h4>\n<p>Cel\u00fd proces je rychl\u00fd a diskr\u00e9tn\u00ed. Odb\u011br z prstu trv\u00e1 jen p\u00e1r vte\u0159in a v\u00fdsledek zn\u00e1te do 15 minut. Nikdo se v\u00e1s nebude pt\u00e1t na jm\u00e9no ani jin\u00e9 osobn\u00ed \u00fadaje \u2013 va\u0161e d\u016fv\u011bra je pro n\u00e1s z\u00e1sadn\u00ed.<\/p>\n<h4><b>Jsme tu pro v\u00e1s<\/b><\/h4>\n<p>Abychom v\u00e1m testov\u00e1n\u00ed co nejv\u00edce zp\u0159\u00edjemnili a podpo\u0159ili v\u00e1s, nab\u00edz\u00edme bal\u00ed\u010dky s potravinami a drogeri\u00ed v hodnot\u011b 500\u20131000 K\u010d. Mysl\u00edme i na maminky s d\u011btmi \u2013 p\u0159ipravili jsme d\u011btsk\u00e9 pleny nebo oble\u010den\u00ed, podle pot\u0159eby.<\/p>\n<h4><b>Pot\u0159ebujete poradit?<\/b><\/h4>\n<p>Nez\u016fst\u00e1vejte na to sami. Zavolejte n\u00e1m anonymn\u011b a zdarma na +420 800 800 980 nebo vyu\u017eijte online poradnu na <a href=\"http:\/\/www.aids-pomoc.cz\/poradna\">www.aids-pomoc.cz\/poradna<\/a>. Spole\u010dn\u011b najdeme nejlep\u0161\u00ed cestu.<\/p>\n<p><b>Va\u0161e zdrav\u00ed si zaslou\u017e\u00ed ochranu. Jsme tu pro v\u00e1s. Nechte se otestovat.<\/b><\/p>","protected":false},"excerpt":{"rendered":"<p>Posledn\u00ed aktualizace: kv\u011bten 2025 Postarejme se spole\u010dn\u011b o va\u0161e zdrav\u00ed \u2013 p\u0159ij\u010fte se otestovat Autorem \u010dl\u00e1nku je \u010cesk\u00e1 spole\u010dnost AIDS pomoc (\u010cSAP) v r\u00e1mci projektu zam\u011b\u0159en\u00e9ho na bezplatn\u00e9 a anonymn\u00ed testov\u00e1n\u00ed HIV a dal\u0161\u00edch sexu\u00e1ln\u011b p\u0159enosn\u00fdch infekc\u00ed pro cizince a&#8230;<\/p>\n<a class=\"more-block\" href=\"https:\/\/metropolevsech.eu\/cs\/potrebuji-resit\/zdravotnictvi-zdravotni-a-socialni-pojisteni\/postarejme-se-spolecne-o-vase-zdravi-prijdte-se-otestovat\/\">\u010c\u00edst v\u00edce<\/a>","protected":false},"author":7,"featured_media":0,"parent":642,"menu_order":5,"comment_status":"closed","ping_status":"closed","template":"","meta":[],"acf":[],"_links":{"self":[{"href":"https:\/\/metropolevsech.eu\/cs\/wp-json\/wp\/v2\/pages\/22937"}],"collection":[{"href":"https:\/\/metropolevsech.eu\/cs\/wp-json\/wp\/v2\/pages"}],"about":[{"href":"https:\/\/metropolevsech.eu\/cs\/wp-json\/wp\/v2\/types\/page"}],"author":[{"embeddable":true,"href":"https:\/\/metropolevsech.eu\/cs\/wp-json\/wp\/v2\/users\/7"}],"replies":[{"embeddable":true,"href":"https:\/\/metropolevsech.eu\/cs\/wp-json\/wp\/v2\/comments?post=22937"}],"version-history":[{"count":27,"href":"https:\/\/metropolevsech.eu\/cs\/wp-json\/wp\/v2\/pages\/22937\/revisions"}],"predecessor-version":[{"id":24551,"href":"https:\/\/metropolevsech.eu\/cs\/wp-json\/wp\/v2\/pages\/22937\/revisions\/24551"}],"up":[{"embeddable":true,"href":"https:\/\/metropolevsech.eu\/cs\/wp-json\/wp\/v2\/pages\/642"}],"wp:attachment":[{"href":"https:\/\/metropolevsech.eu\/cs\/wp-json\/wp\/v2\/media?parent=22937"}],"curies":[{"name":"wp","href":"https:\/\/api.w.org\/{rel}","templated":true}]}}