{"id":23617,"date":"2025-10-20T16:29:59","date_gmt":"2025-10-20T14:29:59","guid":{"rendered":"https:\/\/metropolevsech.eu\/?page_id=23617"},"modified":"2026-03-24T16:31:03","modified_gmt":"2026-03-24T15:31:03","slug":"pece-o-dusevni-zdravi","status":"publish","type":"page","link":"https:\/\/metropolevsech.eu\/cs\/zdravotni-informace-pro-drzitele-docasne-ochrany\/pece-o-dusevni-zdravi\/","title":{"rendered":"P\u00e9\u010de o du\u0161evn\u00ed zdrav\u00ed"},"content":{"rendered":"<p><img loading=\"lazy\" class=\"aligncenter size-full wp-image-24248\" src=\"https:\/\/metropolevsech.eu\/wp-content\/uploads\/2025\/12\/praha-pro-ukrajinu-pece-o-dusevni-zdravi.png\" alt=\"\" width=\"1340\" height=\"704\" srcset=\"https:\/\/metropolevsech.eu\/wp-content\/uploads\/2025\/12\/praha-pro-ukrajinu-pece-o-dusevni-zdravi.png 1340w, https:\/\/metropolevsech.eu\/wp-content\/uploads\/2025\/12\/praha-pro-ukrajinu-pece-o-dusevni-zdravi-300x158.png 300w, https:\/\/metropolevsech.eu\/wp-content\/uploads\/2025\/12\/praha-pro-ukrajinu-pece-o-dusevni-zdravi-1040x546.png 1040w, https:\/\/metropolevsech.eu\/wp-content\/uploads\/2025\/12\/praha-pro-ukrajinu-pece-o-dusevni-zdravi-768x403.png 768w, https:\/\/metropolevsech.eu\/wp-content\/uploads\/2025\/12\/praha-pro-ukrajinu-pece-o-dusevni-zdravi-670x352.png 670w\" sizes=\"(max-width: 1340px) 100vw, 1340px\" \/><\/p>\n<p>Du\u0161evn\u00ed pohodu ovliv\u0148uje spousta faktor\u016f. D\u016fstojn\u011b ust\u00e1t velk\u00e9 zm\u011bny, za\u010d\u00edt na nov\u00e9m m\u00edst\u011b, udr\u017eet si pocit jistoty, stability a pevn\u00e9 p\u016fdy pod nohama, je bezpochyby v\u00fdzva. V\u00a0tomto n\u00e1ro\u010dn\u00e9m \u017eivotn\u00edm obdob\u00ed je naprosto lidsk\u00e9 a b\u011b\u017en\u00e9 poci\u0165ovat nejistotu \u010di du\u0161evn\u00ed nepohodu. I proto je d\u016fle\u017eit\u00e9 db\u00e1t, mimo jin\u00e9, i na sv\u00e9 du\u0161evn\u00ed zdrav\u00ed a zdrav\u00ed sv\u00fdch bl\u00edzk\u00fdch, neztratit du\u0161evn\u00ed rovnov\u00e1hu, anebo ji znovu nab\u00fdt. Ka\u017ed\u00fd z n\u00e1s si m\u016f\u017ee dovolit b\u00fdt chv\u00edli nemocn\u00fd, slab\u00fd, \u010di osam\u011bl\u00fd nebo se jinak c\u00edtit \u0161patn\u011b, ale pokud se to stane, je d\u016fle\u017eit\u00e9 m\u00edt po ruce podp\u016frnou s\u00ed\u0165 pomoci.<\/p>\n<div class=\"box-ok\"><\/p>\n<h4><strong>Jak je v \u010cesku organizov\u00e1na psychiatrick\u00e1 p\u00e9\u010de?\u00a0<\/strong><\/h4>\n<p style=\"font-weight: 400;\">Tuto a dal\u0161\u00ed ot\u00e1zky polo\u017eila interkulturn\u00ed pracovnice neziskov\u00e9 organizace AMIGA Nat\u00e1lie Zan\u011bgina soci\u00e1ln\u00edmu pracovn\u00edkovi a z\u00e1stupci vedouc\u00edho ter\u00e9nn\u00edho krizov\u00e9ho t\u00fdmu krizov\u00e9ho centra Fokus Praha Petru Kone\u010dn\u00e9mu. <strong>P\u0159e\u010dt\u011bte si\u00a0<a href=\"https:\/\/www.amiga-migrant.cz\/post\/jak-je-v-%C4%8Desku-organizov%C3%A1na-psychiatrick%C3%A1-p%C3%A9%C4%8De\" data-saferedirecturl=\"https:\/\/www.google.com\/url?q=https:\/\/www.amiga-migrant.cz\/post\/jak-je-v-%25C4%258Desku-organizov%25C3%25A1na-psychiatrick%25C3%25A1-p%25C3%25A9%25C4%258De&amp;source=gmail&amp;ust=1769849696659000&amp;usg=AOvVaw0hVX2BmLm8lgu2p7tqOjQ-\">\u010dl\u00e1nek<\/a> v \u010desk\u00e9m jazyce, ve kter\u00e9m se dozv\u00edte, co d\u011blat, pokud se nec\u00edt\u00edte dob\u0159e, na koho se obr\u00e1tit, jak\u00e9 typy p\u00e9\u010de existuj\u00ed a dal\u0161\u00ed praktick\u00e9 informace.<\/strong><\/p>\n<p style=\"font-weight: 400;\">Kompletn\u00ed video k\u00a0\u010dl\u00e1nku m\u016f\u017eete shl\u00e9dnout na\u00a0kan\u00e1lu\u00a0<a href=\"https:\/\/www.youtube.com\/watch?v=G2qNe0wJIAc\" data-saferedirecturl=\"https:\/\/www.google.com\/url?q=https:\/\/www.youtube.com\/watch?v%3DG2qNe0wJIAc&amp;source=gmail&amp;ust=1769849696659000&amp;usg=AOvVaw0bDMCA96qSfUZDDqggazhj\">YouTube<\/a>. <strong>Video je v \u010desk\u00e9m jazyce s ukrajinsk\u00fdmi titulky.<\/strong><\/p>\n<p><\/div>\n<h4><\/h4>\n<p><b>Zde naleznete souhrnnou informaci k du\u0161evn\u00edmu zdrav\u00ed a mo\u017enostem p\u00e9\u010de a podpory nejen pro nov\u011b p\u0159\u00edchoz\u00ed dr\u017eitele do\u010dasn\u00e9 ochrany v Praze.<\/b><\/p>\n<ul class=\"bullet\">\n<li><a href=\"https:\/\/metropolevsech.eu\/cs\/zdravotni-informace-pro-drzitele-docasne-ochrany\/pece-o-dusevni-zdravi\/prevence-a-sebepece\/\"><b>Prevence a sebep\u00e9\u010de<\/b><\/a>\n<ul class=\"bullet\">\n<li><a href=\"https:\/\/metropolevsech.eu\/cs\/zdravotni-informace-pro-drzitele-docasne-ochrany\/pece-o-dusevni-zdravi\/prevence-a-sebepece\/aplikace-a-weby\/\">Aplikace a weby<\/a><\/li>\n<li><a href=\"https:\/\/metropolevsech.eu\/cs\/zdravotni-informace-pro-drzitele-docasne-ochrany\/pece-o-dusevni-zdravi\/prevence-a-sebepece\/informace-clanky-a-infografiky\/\">Informace, \u010dl\u00e1nky a infografiky<\/a><\/li>\n<\/ul>\n<\/li>\n<li><a href=\"https:\/\/metropolevsech.eu\/cs\/zdravotni-informace-pro-drzitele-docasne-ochrany\/pece-o-dusevni-zdravi\/kdy-a-kde-vyhledat-pomoc\/\"><b>Kdy a kde vyhledat pomoc<\/b><\/a>\n<ul>\n<li><a href=\"https:\/\/metropolevsech.eu\/cs\/zdravotni-informace-pro-drzitele-docasne-ochrany\/pece-o-dusevni-zdravi\/kdy-a-kde-vyhledat-pomoc\/#prakticky-lekar\">Praktick\u00fd l\u00e9ka\u0159<\/a><\/li>\n<li><a href=\"https:\/\/metropolevsech.eu\/cs\/zdravotni-informace-pro-drzitele-docasne-ochrany\/pece-o-dusevni-zdravi\/kdy-a-kde-vyhledat-pomoc\/#krizove-situace\">Krizov\u00e1 situace<\/a>\n<ul>\n<li><a href=\"https:\/\/metropolevsech.eu\/cs\/zdravotni-informace-pro-drzitele-docasne-ochrany\/pece-o-dusevni-zdravi\/kdy-a-kde-vyhledat-pomoc\/psychiatricke-pohotovosti-a-krizova-centra-v-praze-zdravotnicka-zarizeni\/\">Psychiatrick\u00e9 pohotovosti a krizov\u00e1 centra v Praze (zdravotnick\u00e1 za\u0159\u00edzen\u00ed)<\/a>\n<ul>\n<li><a href=\"https:\/\/metropolevsech.eu\/cs\/zdravotni-informace-pro-drzitele-docasne-ochrany\/pece-o-dusevni-zdravi\/kdy-a-kde-vyhledat-pomoc\/psychiatricke-pohotovosti-a-krizova-centra-v-praze-zdravotnicka-zarizeni#krizove-centrum-riaps\">Krizov\u00e9 centrum RIAPS Praha<\/a><\/li>\n<li><a href=\"https:\/\/metropolevsech.eu\/cs\/zdravotni-informace-pro-drzitele-docasne-ochrany\/pece-o-dusevni-zdravi\/kdy-a-kde-vyhledat-pomoc\/psychiatricke-pohotovosti-a-krizova-centra-v-praze-zdravotnicka-zarizeni#centrum-krizove-intervence-bohnice\">Centrum krizov\u00e9 intervence pod Psychiatrickou nemocnic\u00ed Bohnice<\/a><\/li>\n<li><a href=\"https:\/\/metropolevsech.eu\/cs\/zdravotni-informace-pro-drzitele-docasne-ochrany\/pece-o-dusevni-zdravi\/kdy-a-kde-vyhledat-pomoc\/psychiatricke-pohotovosti-a-krizova-centra-v-praze-zdravotnicka-zarizeni#centrum-krizove-pece-vfn\">Centrum krizov\u00e9 p\u00e9\u010de \u2013 V\u0161eobecn\u00e1 fakultn\u00ed nemocnice v\u00a0Praze<\/a><\/li>\n<\/ul>\n<\/li>\n<li><a href=\"https:\/\/metropolevsech.eu\/cs\/zdravotni-informace-pro-drzitele-docasne-ochrany\/pece-o-dusevni-zdravi\/kdy-a-kde-vyhledat-pomoc\/dalsi-zarizeni-v-praze-dostupna-pro-krizovou-nebo-vcasnou-peci\/\">Dal\u0161\u00ed za\u0159\u00edzen\u00ed v\u00a0Praze dostupn\u00e1 pro krizovou nebo v\u010dasnou p\u00e9\u010di<\/a>\n<ul>\n<li><a href=\"https:\/\/metropolevsech.eu\/cs\/zdravotni-informace-pro-drzitele-docasne-ochrany\/pece-o-dusevni-zdravi\/kdy-a-kde-vyhledat-pomoc\/dalsi-zarizeni-v-praze-dostupna-pro-krizovou-nebo-vcasnou-peci#krizovy-tym-fokus\">Krizov\u00fd t\u00fdm Fokus<\/a><\/li>\n<li><a href=\"https:\/\/metropolevsech.eu\/cs\/zdravotni-informace-pro-drzitele-docasne-ochrany\/pece-o-dusevni-zdravi\/kdy-a-kde-vyhledat-pomoc\/dalsi-zarizeni-v-praze-dostupna-pro-krizovou-nebo-vcasnou-peci#krizova-intervence-sosdiakonie\">Krizov\u00e1 intervence SOS Diakonie<\/a><\/li>\n<li><a href=\"https:\/\/metropolevsech.eu\/cs\/zdravotni-informace-pro-drzitele-docasne-ochrany\/pece-o-dusevni-zdravi\/kdy-a-kde-vyhledat-pomoc\/dalsi-zarizeni-v-praze-dostupna-pro-krizovou-nebo-vcasnou-peci#krizova-pomoc-dumtriprani\">Krizov\u00e1 pomoc d\u011btem, Zahrada pro du\u0161i, p.o., D\u016fm t\u0159\u00ed p\u0159\u00e1n\u00ed<\/a><\/li>\n<li><a href=\"https:\/\/metropolevsech.eu\/cs\/zdravotni-informace-pro-drzitele-docasne-ochrany\/pece-o-dusevni-zdravi\/kdy-a-kde-vyhledat-pomoc\/dalsi-zarizeni-v-praze-dostupna-pro-krizovou-nebo-vcasnou-peci#vcasna-pomoc-nakel\">V\u010dasn\u00e1 psychologick\u00e1 pomoc N\u00e1kel<\/a><\/li>\n<\/ul>\n<\/li>\n<li><a href=\"https:\/\/metropolevsech.eu\/cs\/zdravotni-informace-pro-drzitele-docasne-ochrany\/pece-o-dusevni-zdravi\/kdy-a-kde-vyhledat-pomoc\/krizove-linky\/\">Krizov\u00e9 linky<\/a>\n<ul>\n<li><a href=\"https:\/\/metropolevsech.eu\/cs\/zdravotni-informace-pro-drzitele-docasne-ochrany\/pece-o-dusevni-zdravi\/kdy-a-kde-vyhledat-pomoc\/krizove-linky#krizove-linky-cz\">Krizov\u00e9 linky v\u00a0\u010desk\u00e9m jazyce<\/a><\/li>\n<li><a href=\"https:\/\/metropolevsech.eu\/cs\/zdravotni-informace-pro-drzitele-docasne-ochrany\/pece-o-dusevni-zdravi\/kdy-a-kde-vyhledat-pomoc\/krizove-linky#podpurne-linky-ua\">Telefonn\u00ed krizov\u00e9 a psychosoci\u00e1ln\u00ed podp\u016frn\u00e9 linky v ukrajinsk\u00e9m jazyce<\/a><\/li>\n<li><a href=\"https:\/\/metropolevsech.eu\/cs\/zdravotni-informace-pro-drzitele-docasne-ochrany\/pece-o-dusevni-zdravi\/kdy-a-kde-vyhledat-pomoc\/krizove-linky#ostatni-podpurne-linky-ua\">Ostatn\u00ed podp\u016frn\u00e9 a poradensk\u00e9 linky v\u00a0ukrajinsk\u00e9m jazyce<\/a><\/li>\n<\/ul>\n<\/li>\n<\/ul>\n<\/li>\n<\/ul>\n<\/li>\n<li><a href=\"https:\/\/metropolevsech.eu\/cs\/zdravotni-informace-pro-drzitele-docasne-ochrany\/pece-o-dusevni-zdravi\/kdo-dalsi-muze-pomoci\/\"><b>Kdo dal\u0161\u00ed m\u016f\u017ee pomoci<\/b><\/a>\n<ul>\n<li><a href=\"https:\/\/metropolevsech.eu\/cs\/zdravotni-informace-pro-drzitele-docasne-ochrany\/pece-o-dusevni-zdravi\/kdo-dalsi-muze-pomoci#psycholog\">Psycholog<\/a><\/li>\n<li><a href=\"https:\/\/metropolevsech.eu\/cs\/zdravotni-informace-pro-drzitele-docasne-ochrany\/pece-o-dusevni-zdravi\/kdo-dalsi-muze-pomoci#klinicky-psycholog\">Klinick\u00fd psycholog<\/a><\/li>\n<li><a href=\"https:\/\/metropolevsech.eu\/cs\/zdravotni-informace-pro-drzitele-docasne-ochrany\/pece-o-dusevni-zdravi\/kdo-dalsi-muze-pomoci#psychiatr\">Psychiatr<\/a><\/li>\n<li><a href=\"https:\/\/metropolevsech.eu\/cs\/zdravotni-informace-pro-drzitele-docasne-ochrany\/pece-o-dusevni-zdravi\/kdo-dalsi-muze-pomoci#adiktolog\">Adiktolog<\/a><\/li>\n<li><a href=\"https:\/\/metropolevsech.eu\/cs\/zdravotni-informace-pro-drzitele-docasne-ochrany\/pece-o-dusevni-zdravi\/kdo-dalsi-muze-pomoci#psychoterapeut\">Psychoterapeut<\/a><\/li>\n<li><a href=\"https:\/\/metropolevsech.eu\/cs\/zdravotni-informace-pro-drzitele-docasne-ochrany\/pece-o-dusevni-zdravi\/kdo-dalsi-muze-pomoci#prispevky-pojisteven\">P\u0159\u00edsp\u011bvky poji\u0161\u0165oven<\/a><\/li>\n<\/ul>\n<\/li>\n<li><a href=\"https:\/\/metropolevsech.eu\/cs\/zdravotni-informace-pro-drzitele-docasne-ochrany\/pece-o-dusevni-zdravi\/dalsi-slozky-systemu\/\"><b>Dal\u0161\u00ed slo\u017eky syst\u00e9mu<\/b><\/a>\n<ul>\n<li><a href=\"https:\/\/metropolevsech.eu\/cs\/zdravotni-informace-pro-drzitele-docasne-ochrany\/pece-o-dusevni-zdravi\/dalsi-slozky-systemu\/#luzkova-psychiatricka-pece\">L\u016f\u017ekov\u00e1 psychiatrick\u00e1 p\u00e9\u010de<\/a><\/li>\n<li><a href=\"https:\/\/metropolevsech.eu\/cs\/zdravotni-informace-pro-drzitele-docasne-ochrany\/pece-o-dusevni-zdravi\/dalsi-slozky-systemu\/#denni-stacionar\">Denn\u00ed stacion\u00e1\u0159<\/a><\/li>\n<li><a href=\"https:\/\/metropolevsech.eu\/cs\/zdravotni-informace-pro-drzitele-docasne-ochrany\/pece-o-dusevni-zdravi\/dalsi-slozky-systemu\/#komunitni-sluzby\">Komunitn\u00ed slu\u017eby<\/a>\n<ul>\n<li><a href=\"https:\/\/metropolevsech.eu\/cs\/zdravotni-informace-pro-drzitele-docasne-ochrany\/pece-o-dusevni-zdravi\/dalsi-slozky-systemu\/#centrum-dusevniho-zdravi\">Centra du\u0161evn\u00edho zdrav\u00ed<\/a><\/li>\n<li><a href=\"https:\/\/metropolevsech.eu\/cs\/zdravotni-informace-pro-drzitele-docasne-ochrany\/pece-o-dusevni-zdravi\/dalsi-slozky-systemu\/#komunitni-tymy\">Komunitn\u00ed t\u00fdmy<\/a><\/li>\n<\/ul>\n<\/li>\n<\/ul>\n<\/li>\n<li><a href=\"https:\/\/metropolevsech.eu\/cs\/zdravotni-informace-pro-drzitele-docasne-ochrany\/pece-o-dusevni-zdravi\/dalsi-rozcestniky-adresare-a-mapy\/\"><b>Rozcestn\u00edky, adres\u00e1\u0159e a mapy<\/b><\/a><\/li>\n<li><\/li>\n<li><a href=\"https:\/\/metropolevsech.eu\/cs\/zdravotni-informace-pro-drzitele-docasne-ochrany\/pece-o-dusevni-zdravi\/uzitecne-odkazy-a-kontakty-na-pomahajici-organizace-v-praze\/\"><b>U\u017eite\u010dn\u00e9 odkazy a kontakty na pom\u00e1haj\u00edc\u00ed organizace v Praze<\/b><\/a>\n<ul>\n<li><a href=\"https:\/\/metropolevsech.eu\/cs\/zdravotni-informace-pro-drzitele-docasne-ochrany\/pece-o-dusevni-zdravi\/uzitecne-odkazy-a-kontakty-na-pomahajici-organizace-v-praze#hledam-poradenstvi\">Hled\u00e1m poradenstv\u00ed<\/a><\/li>\n<li><a href=\"https:\/\/metropolevsech.eu\/cs\/zdravotni-informace-pro-drzitele-docasne-ochrany\/pece-o-dusevni-zdravi\/uzitecne-odkazy-a-kontakty-na-pomahajici-organizace-v-praze#tlumoceni-doprovody\">Tlumo\u010den\u00ed a doprovody<\/a><\/li>\n<li><a href=\"https:\/\/metropolevsech.eu\/cs\/zdravotni-informace-pro-drzitele-docasne-ochrany\/pece-o-dusevni-zdravi\/uzitecne-odkazy-a-kontakty-na-pomahajici-organizace-v-praze#prehled-sluzeb-psychosocialni-podpory\">Co m\u016f\u017eete v Praze vyu\u017e\u00edt &#8211; p\u0159ehled slu\u017eeb psychosoci\u00e1ln\u00ed podpory<\/a><\/li>\n<\/ul>\n<\/li>\n<\/ul>\n<p><a href=\"https:\/\/metropolevsech.eu\/cs\/zdravotni-informace-pro-drzitele-docasne-ochrany\/pece-o-dusevni-zdravi\/prehled-sluzeb-psychosocialni-podpory-v-praze\/\" class=\"buttonIKP\"><i class=\"gg-chevron-right\"><\/i>P\u0159ehled slu\u017eeb psychosoci\u00e1ln\u00ed podpory v Praze<\/a><\/p>","protected":false},"excerpt":{"rendered":"<p>Du\u0161evn\u00ed pohodu ovliv\u0148uje spousta faktor\u016f. D\u016fstojn\u011b ust\u00e1t velk\u00e9 zm\u011bny, za\u010d\u00edt na nov\u00e9m m\u00edst\u011b, udr\u017eet si pocit jistoty, stability a pevn\u00e9 p\u016fdy pod nohama, je bezpochyby v\u00fdzva. V\u00a0tomto n\u00e1ro\u010dn\u00e9m \u017eivotn\u00edm obdob\u00ed je naprosto lidsk\u00e9 a b\u011b\u017en\u00e9 poci\u0165ovat nejistotu \u010di du\u0161evn\u00ed nepohodu&#8230;.<\/p>\n<a class=\"more-block\" href=\"https:\/\/metropolevsech.eu\/cs\/zdravotni-informace-pro-drzitele-docasne-ochrany\/pece-o-dusevni-zdravi\/\">\u010c\u00edst v\u00edce<\/a>","protected":false},"author":7,"featured_media":0,"parent":19936,"menu_order":6,"comment_status":"closed","ping_status":"closed","template":"","meta":[],"acf":[],"_links":{"self":[{"href":"https:\/\/metropolevsech.eu\/cs\/wp-json\/wp\/v2\/pages\/23617"}],"collection":[{"href":"https:\/\/metropolevsech.eu\/cs\/wp-json\/wp\/v2\/pages"}],"about":[{"href":"https:\/\/metropolevsech.eu\/cs\/wp-json\/wp\/v2\/types\/page"}],"author":[{"embeddable":true,"href":"https:\/\/metropolevsech.eu\/cs\/wp-json\/wp\/v2\/users\/7"}],"replies":[{"embeddable":true,"href":"https:\/\/metropolevsech.eu\/cs\/wp-json\/wp\/v2\/comments?post=23617"}],"version-history":[{"count":56,"href":"https:\/\/metropolevsech.eu\/cs\/wp-json\/wp\/v2\/pages\/23617\/revisions"}],"predecessor-version":[{"id":25152,"href":"https:\/\/metropolevsech.eu\/cs\/wp-json\/wp\/v2\/pages\/23617\/revisions\/25152"}],"up":[{"embeddable":true,"href":"https:\/\/metropolevsech.eu\/cs\/wp-json\/wp\/v2\/pages\/19936"}],"wp:attachment":[{"href":"https:\/\/metropolevsech.eu\/cs\/wp-json\/wp\/v2\/media?parent=23617"}],"curies":[{"name":"wp","href":"https:\/\/api.w.org\/{rel}","templated":true}]}}