{"id":23639,"date":"2025-10-20T17:37:08","date_gmt":"2025-10-20T15:37:08","guid":{"rendered":"https:\/\/metropolevsech.eu\/?page_id=23639"},"modified":"2025-11-07T16:37:19","modified_gmt":"2025-11-07T15:37:19","slug":"prevence-a-sebepece","status":"publish","type":"page","link":"https:\/\/metropolevsech.eu\/cs\/zdravotni-informace-pro-drzitele-docasne-ochrany\/pece-o-dusevni-zdravi\/prevence-a-sebepece\/","title":{"rendered":"Prevence a sebep\u00e9\u010de"},"content":{"rendered":"<p>K udr\u017een\u00ed du\u0161evn\u00ed i fyzick\u00e9 rovnov\u00e1hy napom\u00e1h\u00e1 dostatek sp\u00e1nku, pravideln\u00fd pohyb, zdrav\u00e1 strava, omezen\u00ed \u010di vynech\u00e1n\u00ed konzumace alkoholu, kou\u0159en\u00ed a vyvarov\u00e1n\u00ed se u\u017e\u00edv\u00e1n\u00ed jak\u00fdchkoli n\u00e1vykov\u00fdch a psychoaktivn\u00edch l\u00e1tek. \u00a0Pokud se jich vyvarovat nedok\u00e1\u017eete, \u0159i\u010fte se alespo\u0148 principy sni\u017eov\u00e1n\u00ed rizik. V t\u011b\u017ek\u00fdch a n\u00e1ro\u010dn\u00fdch \u017eivotn\u00edch situac\u00edch je pot\u0159ebn\u00e9 pe\u010dovat s\u00e1m o sebe, vn\u00edmat vlastn\u00ed emoce, um\u011bt rozpoznat p\u0159\u00edznaky po\u010d\u00ednaj\u00edc\u00edch pot\u00ed\u017e\u00ed u sebe, a i u sv\u00fdch bl\u00edzk\u00fdch, v\u010das um\u011bt podat pomocnou ruku, nebo naopak \u2013 neb\u00e1t se \u0159\u00edct si o pomoc, promluvit si se sv\u00fdmi bl\u00edzk\u00fdmi nebo p\u0159\u00e1teli o sv\u00fdch pocitech. Podpora od ostatn\u00edch pom\u00e1h\u00e1 zvl\u00e1dat n\u00e1ro\u010dn\u00e9 situace l\u00e9pe. Efektivn\u00edm n\u00e1strojem jsou tak\u00e9 seberegula\u010dn\u00ed techniky, kter\u00e9 sni\u017euj\u00ed stres a nap\u011bt\u00ed, jako jsou nejr\u016fzn\u011bj\u0161\u00ed dechov\u00e1 cvi\u010den\u00ed \u010di relaxa\u010dn\u00ed pom\u016fcky.<\/p>\n<p><strong>N\u00ed\u017ee najdete p\u0159ehled praktick\u00fdch tip\u016f a zdroj\u016f, kter\u00e9 pom\u00e1haj\u00ed pe\u010dovat o du\u0161evn\u00ed i t\u011blesnou pohodu \u2013 od zdrav\u00fdch n\u00e1vyk\u016f a technik zvl\u00e1d\u00e1n\u00ed stresu a\u017e po odkazy na u\u017eite\u010dn\u00e9 aplikace, \u010dl\u00e1nky a informa\u010dn\u00ed weby.<\/strong><\/p>\n<ul class=\"bullet\">\n<li><a href=\"https:\/\/metropolevsech.eu\/cs\/zdravotni-informace-pro-drzitele-docasne-ochrany\/pece-o-dusevni-zdravi\/prevence-a-sebepece\/aplikace-a-weby\/\"><b>Aplikace a weby<\/b><\/a><\/li>\n<li><a href=\"https:\/\/metropolevsech.eu\/cs\/zdravotni-informace-pro-drzitele-docasne-ochrany\/pece-o-dusevni-zdravi\/prevence-a-sebepece\/informace-clanky-a-infografiky\/\"><b>Informace, \u010dl\u00e1nky a infografiky<\/b><\/a><\/li>\n<\/ul>\n<p><\/p>","protected":false},"excerpt":{"rendered":"<p>K udr\u017een\u00ed du\u0161evn\u00ed i fyzick\u00e9 rovnov\u00e1hy napom\u00e1h\u00e1 dostatek sp\u00e1nku, pravideln\u00fd pohyb, zdrav\u00e1 strava, omezen\u00ed \u010di vynech\u00e1n\u00ed konzumace alkoholu, kou\u0159en\u00ed a vyvarov\u00e1n\u00ed se u\u017e\u00edv\u00e1n\u00ed jak\u00fdchkoli n\u00e1vykov\u00fdch a psychoaktivn\u00edch l\u00e1tek. \u00a0Pokud se jich vyvarovat nedok\u00e1\u017eete, \u0159i\u010fte se alespo\u0148 principy sni\u017eov\u00e1n\u00ed rizik. V&#8230;<\/p>\n<a class=\"more-block\" href=\"https:\/\/metropolevsech.eu\/cs\/zdravotni-informace-pro-drzitele-docasne-ochrany\/pece-o-dusevni-zdravi\/prevence-a-sebepece\/\">\u010c\u00edst v\u00edce<\/a>","protected":false},"author":7,"featured_media":0,"parent":23617,"menu_order":1,"comment_status":"closed","ping_status":"closed","template":"","meta":[],"acf":[],"_links":{"self":[{"href":"https:\/\/metropolevsech.eu\/cs\/wp-json\/wp\/v2\/pages\/23639"}],"collection":[{"href":"https:\/\/metropolevsech.eu\/cs\/wp-json\/wp\/v2\/pages"}],"about":[{"href":"https:\/\/metropolevsech.eu\/cs\/wp-json\/wp\/v2\/types\/page"}],"author":[{"embeddable":true,"href":"https:\/\/metropolevsech.eu\/cs\/wp-json\/wp\/v2\/users\/7"}],"replies":[{"embeddable":true,"href":"https:\/\/metropolevsech.eu\/cs\/wp-json\/wp\/v2\/comments?post=23639"}],"version-history":[{"count":8,"href":"https:\/\/metropolevsech.eu\/cs\/wp-json\/wp\/v2\/pages\/23639\/revisions"}],"predecessor-version":[{"id":23966,"href":"https:\/\/metropolevsech.eu\/cs\/wp-json\/wp\/v2\/pages\/23639\/revisions\/23966"}],"up":[{"embeddable":true,"href":"https:\/\/metropolevsech.eu\/cs\/wp-json\/wp\/v2\/pages\/23617"}],"wp:attachment":[{"href":"https:\/\/metropolevsech.eu\/cs\/wp-json\/wp\/v2\/media?parent=23639"}],"curies":[{"name":"wp","href":"https:\/\/api.w.org\/{rel}","templated":true}]}}