{"id":23645,"date":"2025-10-20T17:39:24","date_gmt":"2025-10-20T15:39:24","guid":{"rendered":"https:\/\/metropolevsech.eu\/?page_id=23645"},"modified":"2025-11-07T16:23:35","modified_gmt":"2025-11-07T15:23:35","slug":"aplikace-a-weby","status":"publish","type":"page","link":"https:\/\/metropolevsech.eu\/cs\/zdravotni-informace-pro-drzitele-docasne-ochrany\/pece-o-dusevni-zdravi\/prevence-a-sebepece\/aplikace-a-weby\/","title":{"rendered":"Aplikace a weby"},"content":{"rendered":"<p><span style=\"font-weight: 400;\">Pokud na za\u010d\u00e1tek hled\u00e1te v\u00edc informac\u00ed k\u00a0prevenci, r\u00e1di byste si osvojili znalosti a dovednosti na podporu du\u0161evn\u00ed rovnov\u00e1hy a psychick\u00e9 odolnosti, k<\/span><span style=\"font-weight: 400;\"> mo\u017enostem sv\u00e9pomoci m\u016f\u017eete vyu\u017e\u00edt r\u016fzn\u00e9 webov\u00e9 port\u00e1ly s\u00a0informa\u010dn\u00edmi materi\u00e1ly a mobiln\u00ed aplikace, kter\u00e9 slou\u017e\u00ed k podpo\u0159e du\u0161evn\u00edho zdrav\u00ed, jako prevence pot\u00ed\u017e\u00ed a k osobnostn\u00edmu rozvoji<\/span><span style=\"font-weight: 400;\">, a kter\u00e9 jsou nyn\u00ed dostupn\u00e9 i <\/span><b>v\u00a0ukrajin\u0161tin\u011b<\/b><span style=\"font-weight: 400;\">.<\/span><span style=\"font-weight: 400;\"> Tyto n\u00e1stroje neslou\u017e\u00ed pro odborn\u00e9 stanoven\u00ed diagn\u00f3zy a nenahrazuj\u00ed odbornou zdravotn\u00ed p\u00e9\u010di a l\u00e9\u010dbu, ale dopom\u00e1haj\u00ed utvo\u0159it si z\u00e1kladn\u00ed p\u0159edstavu o tom, co se to se mnou zrovna d\u011bje nebo kde vyhledat pomoc. V\u00a0p\u0159\u00edpad\u011b, \u017ee se Va\u0161e probl\u00e9my nelep\u0161\u00ed a Va\u0161e sv\u00e9pomocn\u00e9 techniky u\u017e nesta\u010d\u00ed, nebojte se vyhledat odbornou pomoc a obr\u00e1tit se na profesion\u00e1la, kter\u00fd V\u00e1m pom\u016f\u017ee situaci zvl\u00e1dnout. Celou \u0159adu obt\u00ed\u017e\u00ed m\u016f\u017eete \u0159e\u0161it se sv\u00fdm praktick\u00fdm l\u00e9ka\u0159em, kter\u00fd V\u00e1s m\u016f\u017ee odk\u00e1zat na jin\u00e9 odborn\u00edky, p\u0159\u00edpadn\u011b m\u016f\u017eete dan\u00e9 odborn\u00edky oslovit i sami.<\/span><\/p>\n<p><span style=\"font-weight: 400;\">Pokud chcete sv\u00e9 du\u0161evn\u00ed zdrav\u00ed sledovat a starat se o n\u011bj, t\u00fdm N\u00e1rodn\u00edho \u00fastavu du\u0161evn\u00edho zdrav\u00ed (N\u00daDZ) vytvo\u0159il aplikaci pro Ukrajince v \u010cesk\u00e9 republice s n\u00e1zvem Samopomi.ch., kter\u00e1 nab\u00edz\u00ed r\u016fzn\u00e9 techniky sv\u00e9pomoci, testy du\u0161evn\u00edho zdrav\u00ed a dal\u0161\u00ed u\u017eite\u010dn\u00e9 odkazy pro rychlou pomoc. Pro informace m\u016f\u017eete vyu\u017e\u00edvat web a jeho varianty v\u00a0<\/span><a href=\"https:\/\/www.opatruj.se\/\"><span style=\"font-weight: 400;\">\u010de\u0161tin\u011b<\/span><\/a><span style=\"font-weight: 400;\">, <\/span><a href=\"https:\/\/www.mymentalhealth.guide\/\"><span style=\"font-weight: 400;\">angli\u010dtin\u011b<\/span><\/a><span style=\"font-weight: 400;\">, <\/span><a href=\"https:\/\/www.samopomo.ch\/\"><span style=\"font-weight: 400;\">ru\u0161tin\u011b<\/span><\/a><span style=\"font-weight: 400;\"> a <\/span><a href=\"https:\/\/www.samopomi.ch\/\"><span style=\"font-weight: 400;\">ukrajin\u0161tin\u011b<\/span><\/a><span style=\"font-weight: 400;\">, nebo si st\u00e1hnout aplikaci do telefonu z\u00a0<\/span><a href=\"https:\/\/apps.apple.com\/us\/app\/samopomi-ch\/id1665540529\"><span style=\"font-weight: 400;\">App Storu<\/span><\/a><span style=\"font-weight: 400;\">\u00a0nebo\u00a0<\/span><a href=\"https:\/\/play.google.com\/store\/apps\/details?id=com.appsisto.samopomich\"><span style=\"font-weight: 400;\">Google Play<\/span><\/a><span style=\"font-weight: 400;\">. N\u00daDZ nab\u00edz\u00ed ukrajinsk\u00fdm obyvatel\u016fm v \u010cesk\u00e9 republice i dal\u0161\u00ed <\/span><a href=\"https:\/\/www.nudz.cz\/uk\/mi-dopomagajemo-ukrajini\/psikhosocialna-pidtrimka-uk\"><span style=\"font-weight: 400;\">psychosoci\u00e1ln\u00ed podporu<\/span><\/a><span style=\"font-weight: 400;\">, p\u0159in\u00e1\u0161\u00ed rozs\u00e1hlou <\/span><a href=\"https:\/\/www.mapotic.com\/mapa-psychosocialni-pomoci-ukrajincum-1\"><span style=\"font-weight: 400;\">Mapu psychosoci\u00e1ln\u00ed podpory<\/span><span style=\"font-weight: 400;\"> pro ob\u010dany Ukrajiny<\/span><\/a><span style=\"font-weight: 400;\"> a na sv\u00fdch soci\u00e1ln\u00edch s\u00edt\u00edch pravideln\u011b p\u0159in\u00e1\u0161\u00ed praktick\u00e9 informace a osv\u011btu <\/span><b>v\u00a0ukrajinsk\u00e9m jazyce<\/b><span style=\"font-weight: 400;\"> (<\/span><a href=\"https:\/\/www.facebook.com\/nudzdopomohaua\"><span style=\"font-weight: 400;\">FB<\/span><\/a><span style=\"font-weight: 400;\">, <\/span><a href=\"https:\/\/www.instagram.com\/nudz_dopomoha_ua\/\"><span style=\"font-weight: 400;\">Instagram<\/span><\/a><span style=\"font-weight: 400;\">, <\/span><a href=\"https:\/\/t.me\/s\/nudzcz\"><span style=\"font-weight: 400;\">Telegram<\/span><\/a><span style=\"font-weight: 400;\">, <\/span><a href=\"https:\/\/www.tiktok.com\/@nudz_dopomoha_ua\"><span style=\"font-weight: 400;\">TikTok<\/span><\/a><span style=\"font-weight: 400;\">).\u00a0<\/span><\/p>\n<p><span style=\"font-weight: 400;\">V\u00a0\u010desk\u00e9m jazyce stoj\u00ed za zm\u00ednku nap\u0159. <\/span><a href=\"https:\/\/nepanikar.eu\/\"><span style=\"font-weight: 400;\">Nepanika\u0159<\/span><\/a><span style=\"font-weight: 400;\">, web, kter\u00fd nab\u00edz\u00ed on-line chatovou a e-mailovou <\/span><a href=\"https:\/\/nepanikar.eu\/poradna\/\"><span style=\"font-weight: 400;\">poradnu<\/span><\/a><span style=\"font-weight: 400;\"> a mo\u017enost <\/span><a href=\"https:\/\/nepanikar.eu\/terapie\/\"><span style=\"font-weight: 400;\">terapie<\/span><\/a><span style=\"font-weight: 400;\"> on-line formou a odkazuje i na rozs\u00e1hlou <\/span><a href=\"https:\/\/www.mapotic.com\/mapa-psychicke-pomoci\"><span style=\"font-weight: 400;\">Mapu psychick\u00e9 pomoci<\/span><\/a><span style=\"font-weight: 400;\">, kter\u00e1 obsahuje kontakty na psychology, psychoterapeuty, psychiatry, pedagogicko-psychologick\u00e9 poradny i krizov\u00e1 centra.\u00a0 Ke sta\u017een\u00ed je tak\u00e9 mobiln\u00ed <\/span><a href=\"https:\/\/nepanikar.eu\/aplikace-nepanikar\/\"><span style=\"font-weight: 400;\">aplikace<\/span><\/a> <span style=\"font-weight: 400;\">Nepanika\u0159, kter\u00e1 obsahuje r\u016fzn\u00e9 moduly psychologick\u00e9 pomoci a je p\u0159elo\u017eena do n\u011bkolika dal\u0161\u00edch jazyk\u016f v\u010detn\u011b <\/span><b>ukrajin\u0161tiny<\/b><span style=\"font-weight: 400;\">. Informace v\u00a0\u010de\u0161tin\u011b k\u00a0t\u00e9matu du\u0161evn\u00edho zdrav\u00ed, o prevenci, p\u00e9\u010di, infografiky, \u010dl\u00e1nky, kontakty na linky d\u016fv\u011bry a krizov\u00e9 pomoci, <\/span><b>rozcestn\u00edk kontakt\u016f<\/b><span style=\"font-weight: 400;\"> pro okam\u017eitou pomoc i dlouhodobou podporu, p\u0159in\u00e1\u0161\u00ed webov\u00fd port\u00e1l <\/span><a href=\"https:\/\/nevypustdusi.cz\/kde-hledat-pomoc\/\"><span style=\"font-weight: 400;\">Nevypus\u0165 du\u0161i<\/span><\/a><span style=\"font-weight: 400;\">.<\/span><\/p>\n<p><span style=\"font-weight: 400;\">S c\u00edlem poskytnout podporu v oblasti du\u0161evn\u00edho zdrav\u00ed mlad\u00fdm Ukrajinc\u016fm byl pro ukrajinskou ml\u00e1de\u017e ve spolupr\u00e1ci s\u00a0UNICEF\u00a0a <\/span><a href=\"https:\/\/open.spotify.com\/show\/5xo4td9Gx5dC5yQaXqGqfU\"><span style=\"font-weight: 400;\">Spotify<\/span><\/a> <span style=\"font-weight: 400;\">vyvinut podcast, kter\u00fd <\/span><b>v\u00a0ukrajinsk\u00e9m jazyce<\/b><span style=\"font-weight: 400;\"> mlad\u00fdm lidem ve v\u011bku 15 a\u017e 24 let nab\u00edz\u00ed praktick\u00e9 zp\u016fsoby, jak zlep\u0161it svou du\u0161evn\u00ed pohodu a vyrovnat se l\u00e9pe se stresem a dal\u0161\u00edmi psychick\u00fdmi obt\u00ed\u017eemi.\u00a0<\/span><\/p>\n<p><span style=\"font-weight: 400;\">Celoukrajinsk\u00fd program du\u0161evn\u00edho zdrav\u00ed \u201eJak ti je?\u201c (\u00ab\u0422\u0438 \u044f\u043a?\u00bb) <\/span><a href=\"https:\/\/howareu.com\/\"><span style=\"font-weight: 400;\">https:\/\/howareu.com\/<\/span><\/a><span style=\"font-weight: 400;\"> \u2013 p\u0159edstavuje webov\u00fd rozcestn\u00edk, kter\u00fd obsahuje informace o <\/span><a href=\"https:\/\/howareu.com\/self-help\"><span style=\"font-weight: 400;\">sv\u00e9pomoci<\/span><\/a><span style=\"font-weight: 400;\">, <\/span><a href=\"https:\/\/howareu.com\/materials\"><span style=\"font-weight: 400;\">materi\u00e1ly<\/span><\/a><span style=\"font-weight: 400;\"> na r\u016fzn\u00e1 t\u00e9mata, kontakty na <\/span><a href=\"https:\/\/howareu.com\/khto-mozhe-dopomohty-onlain-zvernennia\"><span style=\"font-weight: 400;\">on-line pomoc<\/span><\/a><span style=\"font-weight: 400;\">, kontakty na <\/span><a href=\"https:\/\/howareu.com\/dopomoha-oflain\"><span style=\"font-weight: 400;\">off-line pomoc<\/span><\/a><span style=\"font-weight: 400;\"> a kontakty na <\/span><a href=\"https:\/\/howareu.com\/hot-lines\"><span style=\"font-weight: 400;\">hork\u00e9 linky. <\/span><\/a><span style=\"font-weight: 400;\">\u00a0<\/span><\/p>\n<p><span style=\"font-weight: 400;\">Dal\u0161\u00ed aplikac\u00ed <\/span><b>v\u00a0ukrajin\u0161tin\u011b<\/b><span style=\"font-weight: 400;\"> pro psychickou hygienu je nap\u0159. i <\/span><a href=\"https:\/\/apps.apple.com\/lv\/app\/spokiy\/id1576846400\"><span style=\"font-weight: 400;\">Spokiy<\/span><\/a><span style=\"font-weight: 400;\">, kter\u00e1 nab\u00edz\u00ed zp\u016fsoby, jak obnovit vnit\u0159n\u00ed rovnov\u00e1hu.<\/span><\/p>\n<p><span style=\"font-weight: 400;\">Psychologickou pomoc na Ukrajin\u011b b\u011bhem v\u00e1lky nab\u00edz\u00ed Online platforma<\/span><a href=\"https:\/\/tellme.com.ua\/\"> <span style=\"font-weight: 400;\">\u201eTell Me\u201c<\/span><\/a><span style=\"font-weight: 400;\">, kter\u00e1 poskytuje Ukrajinc\u016fm bezplatnou psychologickou pomoc. Pokud se c\u00edt\u00edte \u00fazkostn\u011b, m\u00e1te z\u00e1chvaty paniky, jste bl\u00edzko depresi nebo dokonce na jej\u00ed hranici \u2013 zanechte \u017e\u00e1dost a \u010dekejte. Specialista se s v\u00e1mi co nejd\u0159\u00edve spoj\u00ed. <\/span><span style=\"font-weight: 400;\">U\u017eite\u010dn\u00e9 tipy pro udr\u017een\u00ed a zlep\u0161en\u00ed du\u0161evn\u00edho zdrav\u00ed<\/span><span style=\"font-weight: 400;\"> p\u0159in\u00e1\u0161\u00ed i na sv\u00e9m<\/span><a href=\"https:\/\/t.me\/s\/psy_support\"> <span style=\"font-weight: 400;\">telegramov\u00e9m kan\u00e1lu<\/span><\/a><span style=\"font-weight: 400;\">. <\/span><\/p>","protected":false},"excerpt":{"rendered":"<p>Pokud na za\u010d\u00e1tek hled\u00e1te v\u00edc informac\u00ed k\u00a0prevenci, r\u00e1di byste si osvojili znalosti a dovednosti na podporu du\u0161evn\u00ed rovnov\u00e1hy a psychick\u00e9 odolnosti, k mo\u017enostem sv\u00e9pomoci m\u016f\u017eete vyu\u017e\u00edt r\u016fzn\u00e9 webov\u00e9 port\u00e1ly s\u00a0informa\u010dn\u00edmi materi\u00e1ly a mobiln\u00ed aplikace, kter\u00e9 slou\u017e\u00ed k podpo\u0159e du\u0161evn\u00edho zdrav\u00ed,&#8230;<\/p>\n<a class=\"more-block\" href=\"https:\/\/metropolevsech.eu\/cs\/zdravotni-informace-pro-drzitele-docasne-ochrany\/pece-o-dusevni-zdravi\/prevence-a-sebepece\/aplikace-a-weby\/\">\u010c\u00edst v\u00edce<\/a>","protected":false},"author":7,"featured_media":0,"parent":23639,"menu_order":1,"comment_status":"closed","ping_status":"closed","template":"","meta":[],"acf":[],"_links":{"self":[{"href":"https:\/\/metropolevsech.eu\/cs\/wp-json\/wp\/v2\/pages\/23645"}],"collection":[{"href":"https:\/\/metropolevsech.eu\/cs\/wp-json\/wp\/v2\/pages"}],"about":[{"href":"https:\/\/metropolevsech.eu\/cs\/wp-json\/wp\/v2\/types\/page"}],"author":[{"embeddable":true,"href":"https:\/\/metropolevsech.eu\/cs\/wp-json\/wp\/v2\/users\/7"}],"replies":[{"embeddable":true,"href":"https:\/\/metropolevsech.eu\/cs\/wp-json\/wp\/v2\/comments?post=23645"}],"version-history":[{"count":5,"href":"https:\/\/metropolevsech.eu\/cs\/wp-json\/wp\/v2\/pages\/23645\/revisions"}],"predecessor-version":[{"id":23961,"href":"https:\/\/metropolevsech.eu\/cs\/wp-json\/wp\/v2\/pages\/23645\/revisions\/23961"}],"up":[{"embeddable":true,"href":"https:\/\/metropolevsech.eu\/cs\/wp-json\/wp\/v2\/pages\/23639"}],"wp:attachment":[{"href":"https:\/\/metropolevsech.eu\/cs\/wp-json\/wp\/v2\/media?parent=23645"}],"curies":[{"name":"wp","href":"https:\/\/api.w.org\/{rel}","templated":true}]}}