{"id":23648,"date":"2025-10-20T17:40:20","date_gmt":"2025-10-20T15:40:20","guid":{"rendered":"https:\/\/metropolevsech.eu\/?page_id=23648"},"modified":"2026-03-11T18:24:26","modified_gmt":"2026-03-11T17:24:26","slug":"informace-clanky-a-infografiky","status":"publish","type":"page","link":"https:\/\/metropolevsech.eu\/cs\/zdravotni-informace-pro-drzitele-docasne-ochrany\/pece-o-dusevni-zdravi\/prevence-a-sebepece\/informace-clanky-a-infografiky\/","title":{"rendered":"Informace, \u010dl\u00e1nky a infografiky"},"content":{"rendered":"<p><span style=\"font-weight: 400;\">Pokud jste rodi\u010d a zaj\u00edm\u00e1 V\u00e1s p\u00e9\u010de o du\u0161evn\u00ed zdrav\u00ed d\u011bt\u00ed a adolescent\u016f, nav\u0161tivte str\u00e1nky <\/span><a href=\"https:\/\/dzda.cz\/uk\/\"><span style=\"font-weight: 400;\">https:\/\/dzda.cz\/uk\/<\/span><\/a><span style=\"font-weight: 400;\">. Najdete zde opravdu velk\u00e9 mno\u017estv\u00ed informac\u00ed<\/span><b> v\u00a0ukrajinsk\u00e9m jazyce<\/b><span style=\"font-weight: 400;\">, u\u017eite\u010dn\u00e9 materi\u00e1ly pro d\u011bti, pro \u0161koly i pro rodi\u010de, tipy a zaj\u00edmavosti t\u00fdkaj\u00edc\u00ed se du\u0161evn\u00edho zdrav\u00ed mlad\u00fdch lid\u00ed.\u00a0<\/span><\/p>\n<p><span style=\"font-weight: 400;\">Centrum Locika p\u0159ed \u010dasem tak\u00e9 p\u0159ipravilo p\u00e1r <\/span><a href=\"https:\/\/www.centrumlocika.cz\/novinky\/materialy-o-valce-a-detech-mame-i-v-ukrajinstine-ukrayinska-versiya-2\"><span style=\"font-weight: 400;\">infografik<\/span><\/a><span style=\"font-weight: 400;\"> i tzv. <\/span><a href=\"https:\/\/drive.google.com\/drive\/folders\/1zKehMoypUc4p6MKMrRTm2pnOO4wfBQn3\"><span style=\"font-weight: 400;\">Ukrajinsk\u00fd bal\u00ed\u010dek<\/span><\/a><span style=\"font-weight: 400;\">, kter\u00fd p\u0159edstavuje prvn\u00ed pomoc p\u0159i setk\u00e1n\u00ed s\u00a0traumatem z\u00a0v\u00e1lky. Obsahuje informace, jak pracovat se stresem nebo jak s\u00a0d\u011btmi o v\u00e1lce mluvit.\u00a0<\/span><\/p>\n<p><span style=\"font-weight: 400;\">D\u011btem se v\u011bnuje i organizace Society for All, kter\u00e1 p\u0159ipravila verzi <\/span><a href=\"https:\/\/www.societyforall.cz\/karta-kid-pro-deti?locality=ua#files\"><span style=\"font-weight: 400;\">Karty KID pro d\u011bti<\/span><\/a><span style=\"font-weight: 400;\"> i v\u00a0ukrajin\u0161tin\u011b. Karta je ur\u010dena p\u0159\u00edmo d\u011btem a popisuje nej\u010dast\u011bj\u0161\u00ed situace, kter\u00e9 nasv\u011bd\u010duj\u00ed tomu, \u017ee je d\u00edt\u011b v\u00a0ohro\u017een\u00ed a tak\u00e9 uv\u00e1d\u00ed kontakty, na kter\u00e9 je mo\u017en\u00e9 se obr\u00e1tit.\u00a0<\/span><\/p>\n<p><a href=\"https:\/\/mv.gov.cz\/clanek\/ukr.aspx\"><span style=\"font-weight: 400;\">Psychologick\u00e9 pomoci pro ob\u010dany Ukrajiny<\/span><\/a><span style=\"font-weight: 400;\"> se na sv\u00e9m webu v\u011bnuje i Ministerstvo vnitra \u010cR, kter\u00e9 p\u0159in\u00e1\u0161\u00ed odkazy na dal\u0161\u00ed praktick\u00e9 informace, kter\u00e9 pomohou l\u00e9pe se v\u00a0dan\u00e9 situaci zorientovat a nab\u00edz\u00ed i p\u0159ehled odborn\u00e9 pomoci. D\u00e1le na odkazu naleznete <\/span><a href=\"https:\/\/mv.gov.cz\/clanek\/informace-ukr.aspx\"><span style=\"font-weight: 400;\">Adres\u00e1\u0159 psychologick\u00e9 pomoci v\u00a0\u010cR<\/span><\/a><span style=\"font-weight: 400;\">, kter\u00fd obsahuje kontakty na telefonick\u00e9 krizov\u00e9 linky a linky d\u016fv\u011bry a dal\u0161\u00ed u\u017eite\u010dn\u00e9 rozcestn\u00edky a kontakty, nap\u0159. <\/span><a href=\"https:\/\/www.czap.cz\/Foreign-therapists\"><span style=\"font-weight: 400;\">adres\u00e1\u0159 cizojazy\u010dn\u011b mluv\u00edc\u00edch psychoterapeut\u016f<\/span><\/a><span style=\"font-weight: 400;\">. O z\u00e1kladn\u00edch mo\u017enostech p\u00e9\u010de o du\u0161evn\u00ed zdrav\u00ed ve sv\u00e9m infomateri\u00e1lu informuje i <\/span><a href=\"https:\/\/mzd.gov.cz\/moznosti-pece-o-dusevni-zdravi\/\"><span style=\"font-weight: 400;\">Ministerstvo zdravotnictv\u00ed \u010cR<\/span><\/a><span style=\"font-weight: 400;\"> (dle webov\u00fdch str\u00e1nek prob\u011bhla posledn\u00ed aktualizace za\u010d\u00e1tkem roku 2024).<\/span><\/p>\n<p><span style=\"font-weight: 400;\">R\u016fzn\u00e9 eduka\u010dn\u00ed materi\u00e1ly a \u010dl\u00e1nky na t\u00e9ma du\u0161evn\u00edho zdrav\u00ed lze naj\u00edt i na ji\u017e zmi\u0148ovan\u00e9m webu <\/span><a href=\"https:\/\/howareu.com\/materials\"><span style=\"font-weight: 400;\">https:\/\/howareu.com\/materials<\/span><\/a><span style=\"font-weight: 400;\">.<\/span><\/p>\n<p><span style=\"font-weight: 400;\">U\u017eite\u010dn\u00e9 materi\u00e1ly a informace t\u00fdkaj\u00edc\u00ed se t\u00e9matu du\u0161evn\u00edho zdrav\u00ed, ale tak\u00e9 hork\u00e9 linky p\u016fsob\u00edc\u00ed na \u00fazem\u00ed Ukrajiny p\u0159in\u00e1\u0161\u00ed i web <\/span><a href=\"https:\/\/www.mh4u.in.ua\/\"><span style=\"font-weight: 400;\">MH4U<\/span><\/a><span style=\"font-weight: 400;\">.<\/span><\/p>\n<p><span style=\"font-weight: 400;\">Organizace ProUA ve spolupr\u00e1ci s Mezin\u00e1rodn\u00ed organizac\u00ed pro migraci a komunitou Ukrajinc\u016f Olomouck\u00e9ho kraje \u201e\u0160\u010dedryk\u201c p\u0159ipravila s\u00e9rii t\u0159\u00ed podcast\u016f zam\u011b\u0159en\u00fdch na adaptaci veter\u00e1n\u016f po n\u00e1vratu z fronty a podporu jejich rodin. Prvn\u00ed ze s\u00e9rie t\u0159\u00ed podcast\u016f m\u016f\u017eete naj\u00edt na<\/span><a href=\"https:\/\/www.youtube.com\/watch?v=n7vlSUZWjV4\"><span style=\"font-weight: 400;\"> tomto odkazu<\/span><\/a><span style=\"font-weight: 400;\">. \u010cl\u00e1nek k prvn\u00edmu podcastu<a href=\"https:\/\/proukrainu.blesk.cz\/povernennia-z-frontu-yak-rodyni-proity-etap-adaptatsii-veteraniv-radiat-psykholohy\/\"> je k nalezen\u00ed zde<\/a>. Dal\u0161\u00ed \u010dl\u00e1nky a podcasty naleznete pod <a href=\"https:\/\/proukrainu.blesk.cz\/category\/podcasty\/\">t\u00edmto odkazem<\/a>. <\/span><\/p>","protected":false},"excerpt":{"rendered":"<p>Pokud jste rodi\u010d a zaj\u00edm\u00e1 V\u00e1s p\u00e9\u010de o du\u0161evn\u00ed zdrav\u00ed d\u011bt\u00ed a adolescent\u016f, nav\u0161tivte str\u00e1nky https:\/\/dzda.cz\/uk\/. Najdete zde opravdu velk\u00e9 mno\u017estv\u00ed informac\u00ed v\u00a0ukrajinsk\u00e9m jazyce, u\u017eite\u010dn\u00e9 materi\u00e1ly pro d\u011bti, pro \u0161koly i pro rodi\u010de, tipy a zaj\u00edmavosti t\u00fdkaj\u00edc\u00ed se du\u0161evn\u00edho zdrav\u00ed&#8230;<\/p>\n<a class=\"more-block\" href=\"https:\/\/metropolevsech.eu\/cs\/zdravotni-informace-pro-drzitele-docasne-ochrany\/pece-o-dusevni-zdravi\/prevence-a-sebepece\/informace-clanky-a-infografiky\/\">\u010c\u00edst v\u00edce<\/a>","protected":false},"author":7,"featured_media":0,"parent":23639,"menu_order":2,"comment_status":"closed","ping_status":"closed","template":"","meta":[],"acf":[],"_links":{"self":[{"href":"https:\/\/metropolevsech.eu\/cs\/wp-json\/wp\/v2\/pages\/23648"}],"collection":[{"href":"https:\/\/metropolevsech.eu\/cs\/wp-json\/wp\/v2\/pages"}],"about":[{"href":"https:\/\/metropolevsech.eu\/cs\/wp-json\/wp\/v2\/types\/page"}],"author":[{"embeddable":true,"href":"https:\/\/metropolevsech.eu\/cs\/wp-json\/wp\/v2\/users\/7"}],"replies":[{"embeddable":true,"href":"https:\/\/metropolevsech.eu\/cs\/wp-json\/wp\/v2\/comments?post=23648"}],"version-history":[{"count":8,"href":"https:\/\/metropolevsech.eu\/cs\/wp-json\/wp\/v2\/pages\/23648\/revisions"}],"predecessor-version":[{"id":25072,"href":"https:\/\/metropolevsech.eu\/cs\/wp-json\/wp\/v2\/pages\/23648\/revisions\/25072"}],"up":[{"embeddable":true,"href":"https:\/\/metropolevsech.eu\/cs\/wp-json\/wp\/v2\/pages\/23639"}],"wp:attachment":[{"href":"https:\/\/metropolevsech.eu\/cs\/wp-json\/wp\/v2\/media?parent=23648"}],"curies":[{"name":"wp","href":"https:\/\/api.w.org\/{rel}","templated":true}]}}