{"id":23652,"date":"2025-10-20T17:44:29","date_gmt":"2025-10-20T15:44:29","guid":{"rendered":"https:\/\/metropolevsech.eu\/?page_id=23652"},"modified":"2025-11-19T14:11:21","modified_gmt":"2025-11-19T13:11:21","slug":"kdy-a-kde-vyhledat-pomoc","status":"publish","type":"page","link":"https:\/\/metropolevsech.eu\/cs\/zdravotni-informace-pro-drzitele-docasne-ochrany\/pece-o-dusevni-zdravi\/kdy-a-kde-vyhledat-pomoc\/","title":{"rendered":"Kdy a kde vyhledat pomoc"},"content":{"rendered":"<p>Ka\u017ed\u00fd m\u00e1me svou vlastn\u00ed hranici toho, co je\u0161t\u011b dok\u00e1\u017eeme zvl\u00e1dnout sami a kdy u\u017e pot\u0159ebujeme pomoc. Pokud c\u00edt\u00edte, \u017ee jste dosp\u011bli do bodu, kdy Va\u0161e osv\u011bd\u010den\u00e9 techniky u\u017e nesta\u010d\u00ed a nev\u00edte, kudy d\u00e1l a pot\u0159ebujete nasm\u011brovat, je spr\u00e1vn\u00fd \u010das obr\u00e1tit se na profesion\u00e1la z oblasti p\u00e9\u010de o du\u0161evn\u00edho zdrav\u00ed. V\u00fdb\u011br vhodn\u00e9ho odborn\u00edka se odv\u00edj\u00ed od toho, jak\u00fd je V\u00e1\u0161 moment\u00e1ln\u00ed psychick\u00fd stav \u2013 du\u0161evn\u00ed pot\u00ed\u017ee mohou b\u00fdt r\u016fzn\u00e9 a mohou prob\u00edhat r\u016fzn\u011b a tomu pak odpov\u00edd\u00e1 i v\u00fdb\u011br adekv\u00e1tn\u00ed slu\u017eby a postup l\u00e9\u010dby. N\u011bkdo pot\u0159ebuje rychlou podporu krizov\u00e9ho centra, jin\u00fd pravideln\u00e9 doch\u00e1zen\u00ed na psychoterapii, v dal\u0161\u00edch p\u0159\u00edpadech m\u016f\u017ee b\u00fdt vhodn\u00fd pobyt na l\u016f\u017eku v nemocnici.<\/p>\n<h3 id=\"prakticky-lekar\"><b>Praktick\u00fd l\u00e9ka\u0159<\/b><\/h3>\n<p>Pokud si nejste jisti, kde za\u010d\u00edt, nejlep\u0161\u00edm za\u010d\u00e1tkem je oslovit sv\u00e9ho praktick\u00e9ho l\u00e9ka\u0159e. Tento V\u00e1s m\u016f\u017ee nasm\u011brovat k dal\u0161\u00ed pomoci, posoudit V\u00e1\u0161 stav a p\u0159\u00edpadn\u011b p\u0159edepsat i z\u00e1kladn\u00ed l\u00e9ky. Pom\u016f\u017ee V\u00e1m p\u0159eklenout akutn\u00ed f\u00e1ze a \u010dekac\u00ed doby na profesion\u00e1ln\u00ed pomoc psychologa nebo psychiatra.<\/p>\n<h3 id=\"krizove-situace\"><b>Krizov\u00e9 situace<\/b><\/h3>\n<p>Pokud jsou Va\u0161e pot\u00ed\u017ee n\u00e1hl\u00e9 a do\u0161lo k v\u00fdrazn\u00e9mu a neobvykl\u00e9mu zhor\u0161en\u00ed, kter\u00e9 sami nezvl\u00e1dnete a pot\u0159ebujete pomoc ihned, kontaktujte za\u0159\u00edzen\u00ed, kter\u00e1 V\u00e1m mohou pomoci okam\u017eit\u011b \u2013 sem pat\u0159\u00ed psychiatrick\u00e9 pohotovosti, krizov\u00e1 centra a krizov\u00e9 linky.<\/p>\n<ul class=\"bullet\">\n<li><a href=\"https:\/\/metropolevsech.eu\/cs\/zdravotni-informace-pro-drzitele-docasne-ochrany\/pece-o-dusevni-zdravi\/kdy-a-kde-vyhledat-pomoc\/psychiatricke-pohotovosti-a-krizova-centra-v-praze-zdravotnicka-zarizeni\/\">Psychiatrick\u00e9 pohotovosti a krizov\u00e1 centra v Praze (zdravotnick\u00e1 za\u0159\u00edzen\u00ed)<\/a><\/li>\n<li><a href=\"https:\/\/metropolevsech.eu\/cs\/zdravotni-informace-pro-drzitele-docasne-ochrany\/pece-o-dusevni-zdravi\/kdy-a-kde-vyhledat-pomoc\/dalsi-zarizeni-v-praze-dostupna-pro-krizovou-nebo-vcasnou-peci\/\">Dal\u0161\u00ed za\u0159\u00edzen\u00ed v\u00a0Praze dostupn\u00e1 pro krizovou nebo v\u010dasnou p\u00e9\u010di<\/a><\/li>\n<li><a href=\"https:\/\/metropolevsech.eu\/cs\/zdravotni-informace-pro-drzitele-docasne-ochrany\/pece-o-dusevni-zdravi\/kdy-a-kde-vyhledat-pomoc\/krizove-linky\/\">Krizov\u00e9 linky<\/a><\/li>\n<\/ul>\n<p><\/p>","protected":false},"excerpt":{"rendered":"<p>Ka\u017ed\u00fd m\u00e1me svou vlastn\u00ed hranici toho, co je\u0161t\u011b dok\u00e1\u017eeme zvl\u00e1dnout sami a kdy u\u017e pot\u0159ebujeme pomoc. Pokud c\u00edt\u00edte, \u017ee jste dosp\u011bli do bodu, kdy Va\u0161e osv\u011bd\u010den\u00e9 techniky u\u017e nesta\u010d\u00ed a nev\u00edte, kudy d\u00e1l a pot\u0159ebujete nasm\u011brovat, je spr\u00e1vn\u00fd \u010das obr\u00e1tit&#8230;<\/p>\n<a class=\"more-block\" href=\"https:\/\/metropolevsech.eu\/cs\/zdravotni-informace-pro-drzitele-docasne-ochrany\/pece-o-dusevni-zdravi\/kdy-a-kde-vyhledat-pomoc\/\">\u010c\u00edst v\u00edce<\/a>","protected":false},"author":7,"featured_media":0,"parent":23617,"menu_order":0,"comment_status":"closed","ping_status":"closed","template":"","meta":[],"acf":[],"_links":{"self":[{"href":"https:\/\/metropolevsech.eu\/cs\/wp-json\/wp\/v2\/pages\/23652"}],"collection":[{"href":"https:\/\/metropolevsech.eu\/cs\/wp-json\/wp\/v2\/pages"}],"about":[{"href":"https:\/\/metropolevsech.eu\/cs\/wp-json\/wp\/v2\/types\/page"}],"author":[{"embeddable":true,"href":"https:\/\/metropolevsech.eu\/cs\/wp-json\/wp\/v2\/users\/7"}],"replies":[{"embeddable":true,"href":"https:\/\/metropolevsech.eu\/cs\/wp-json\/wp\/v2\/comments?post=23652"}],"version-history":[{"count":29,"href":"https:\/\/metropolevsech.eu\/cs\/wp-json\/wp\/v2\/pages\/23652\/revisions"}],"predecessor-version":[{"id":24062,"href":"https:\/\/metropolevsech.eu\/cs\/wp-json\/wp\/v2\/pages\/23652\/revisions\/24062"}],"up":[{"embeddable":true,"href":"https:\/\/metropolevsech.eu\/cs\/wp-json\/wp\/v2\/pages\/23617"}],"wp:attachment":[{"href":"https:\/\/metropolevsech.eu\/cs\/wp-json\/wp\/v2\/media?parent=23652"}],"curies":[{"name":"wp","href":"https:\/\/api.w.org\/{rel}","templated":true}]}}