{"id":23671,"date":"2025-10-20T19:32:13","date_gmt":"2025-10-20T17:32:13","guid":{"rendered":"https:\/\/metropolevsech.eu\/?page_id=23671"},"modified":"2026-04-15T19:42:38","modified_gmt":"2026-04-15T17:42:38","slug":"kdo-dalsi-muze-pomoci","status":"publish","type":"page","link":"https:\/\/metropolevsech.eu\/cs\/zdravotni-informace-pro-drzitele-docasne-ochrany\/pece-o-dusevni-zdravi\/kdo-dalsi-muze-pomoci\/","title":{"rendered":"Kdo dal\u0161\u00ed m\u016f\u017ee pomoci"},"content":{"rendered":"<p>Pokud se nec\u00edt\u00edte psychicky dob\u0159e a hled\u00e1te odbornou pomoc, je dobr\u00e9 v\u011bd\u011bt, co vlastn\u011b kter\u00fd odborn\u00edk um\u00ed a v\u00a0\u010dem V\u00e1m m\u016f\u017ee pomoci. Pojmy z oblasti psychick\u00e9ho zdrav\u00ed si lid\u00e9 b\u011b\u017en\u011b zam\u011b\u0148uj\u00ed a pom\u011brn\u011b obt\u00ed\u017en\u011b se v\u00a0dan\u00e9 problematice orientuj\u00ed. Pokud si nejste jisti, kde v\u016fbec za\u010d\u00edt, nav\u0161tivte Va\u0161eho praktick\u00e9ho l\u00e9ka\u0159e, kter\u00fd V\u00e1s k\u00a0odpov\u00eddaj\u00edc\u00ed pomoci nasm\u011bruje. Pro \u010d\u00e1st definic uveden\u00fdch n\u00ed\u017ee byl jako zdroj vyu\u017eit <a href=\"https:\/\/www.nzip.cz\/kategorie\/54-dusevni-zdravi\">N\u00e1rodn\u00ed zdravotnick\u00fd informa\u010dn\u00ed port\u00e1l (NZIP)<\/a>.<\/p>\n<ul class=\"bullet\">\n<li><a href=\"#psycholog\">Psycholog<\/a><\/li>\n<li><a href=\"#klinicky-psycholog\">Klinick\u00fd psycholog<\/a><\/li>\n<li><a href=\"#psychiatr\">Psychiatr<\/a><\/li>\n<li><a href=\"#adiktolog\">Adiktolog<\/a><\/li>\n<li><a href=\"#psychoterapeut\">Psychoterapeut<\/a><\/li>\n<li><a href=\"#prispevky-pojisteven\">P\u0159\u00edsp\u011bvky poji\u0161\u0165oven<\/a><\/li>\n<\/ul>\n<h3 id=\"psycholog\">Psycholog<\/h3>\n<p>Psychologem se st\u00e1v\u00e1 \u010dlov\u011bk, kter\u00fd vystudoval vysoko\u0161kolsk\u00fd p\u011btilet\u00fd magistersk\u00fd obor psychologie. Ka\u017ed\u00fd psycholog se n\u00e1sledn\u011b specializuje a oblast j\u00edm poskytovan\u00e9 pomoci se odv\u00edj\u00ed od jeho specializace. Mo\u017enosti uplatn\u011bn\u00ed jsou \u0161ir\u0161\u00ed, nap\u0159\u00edklad \u0161koln\u00ed psycholog, dopravn\u00ed psycholog, personalistika, psychologick\u00e9 poradenstv\u00ed, kou\u010dov\u00e1n\u00ed atd. Psycholog poskytuje poradenstv\u00ed a obvykle se jedn\u00e1 o dlouhodobou spolupr\u00e1ci s klientem, psycholog nen\u00ed opr\u00e1vn\u011bn p\u0159edepisovat l\u00e9ky a zjednodu\u0161en\u011b \u0159e\u010deno \u2013 l\u00e9\u010d\u00ed slovem. Absolvov\u00e1n\u00ed psychologie samo o sob\u011b neoprav\u0148uje prov\u00e1d\u011bt psychoterapii \u2013 k tomu je pot\u0159eba dal\u0161\u00ed nadstavbov\u00e9 samostatn\u00e9 vzd\u011bl\u00e1n\u00ed \u2013 psychoterapeutick\u00fd v\u00fdcvik.<\/p>\n<h3 id=\"klinicky-psycholog\">Klinick\u00fd psycholog<\/h3>\n<p>Je psycholog, kter\u00fd po studiu psychologie absolvuje atesta\u010dn\u00ed p\u0159\u00edpravu a slo\u017e\u00ed specializa\u010dn\u00ed zkou\u0161ku \u2013 atestaci a n\u00e1sledn\u011b pracuje ve zdravotnictv\u00ed a m\u00e1 status zdravotn\u00edka; t\u00edm druh\u00fdm je psycholog ve zdravotnictv\u00ed, kter\u00fd se na atestaci teprve p\u0159ipravuje. Klinick\u00fd psycholog a psycholog ve zdravotnictv\u00ed jako jedin\u00ed mohou poskytovat dlouhodobou klinickou a psychoterapeutickou p\u00e9\u010di hrazenou z ve\u0159ejn\u00e9ho zdravotn\u00edho poji\u0161t\u011bn\u00ed. Pokud m\u00e1 tedy samostatn\u011b pracuj\u00edc\u00ed psycholog smlouvy se zdravotn\u00edmi poji\u0161\u0165ovnami, je t\u00edm z\u00e1rove\u0148 garantov\u00e1no jeho v\u00fd\u0161e uveden\u00e9 vzd\u011bl\u00e1n\u00ed ve zdravotnictv\u00ed. I. atestace jej oprav\u0148uje k prov\u00e1d\u011bn\u00ed psychologick\u00fdch vy\u0161et\u0159en\u00ed (tzv. psychodiagnostiky), co\u017e je v\u011bt\u0161inou jednor\u00e1zov\u00e9 setk\u00e1n\u00ed, kter\u00e9 probl\u00e9my ne\u0159e\u0161\u00ed, ale bl\u00ed\u017ee je popisuje a specifikuje. II. atestace je specializa\u010dn\u00ed zkou\u0161ka z psychoterapie (skl\u00e1d\u00e1 se po absolvov\u00e1n\u00ed psychoterapeutick\u00e9ho v\u00fdcviku), tak\u017ee je opr\u00e1vn\u011bn prov\u00e1d\u011bt psychoterapii za \u00fa\u010delem l\u00e9\u010dby a \u0159e\u0161en\u00ed probl\u00e9m\u016f (jedn\u00e1 se o pravideln\u00e1 setk\u00e1v\u00e1n\u00ed v horizontu m\u011bs\u00edc\u016f a\u017e let) a III. atestace se t\u00fdk\u00e1 specializace na d\u011btsk\u00e9 pacienty. Nep\u0159edepisuje l\u00e9ky, ale m\u016f\u017ee stanovit diagn\u00f3zu, ke klinick\u00e9mu psychologovi se lze objednat na z\u00e1klad\u011b doporu\u010den\u00ed od l\u00e9ka\u0159e (\u017e\u00e1danky od praktick\u00e9ho l\u00e9ka\u0159e nebo psychiatra).<\/p>\n<p>Asociace klinick\u00fdch psycholog\u016f \u010cesk\u00e9 republiky (AKP \u010cR) sdru\u017euje klinick\u00e9 psychology a psychoterapeuty se zdravotnick\u00fdm vzd\u011bl\u00e1n\u00edm (atestacemi), jejich\u017e p\u00e9\u010de je hrazen\u00e1 z ve\u0159ejn\u00e9ho zdravotn\u00edho poji\u0161t\u011bn\u00ed. Datab\u00e1ze a adres\u00e1\u0159e naleznete na webu <a href=\"https:\/\/www.akpcr.cz\/kontakty\/datab%C3%A1ze-poskytovatel%C5%AF-zdravotn%C3%ADch-slu%C5%BEeb\">AKP \u010cR<\/a>.<\/p>\n<h3 id=\"psychiatr\">Psychiatr<\/h3>\n<p>Jedn\u00e1 se o l\u00e9ka\u0159skou specializaci, psychiatr je l\u00e9ka\u0159, kter\u00fd vystudoval medic\u00ednu a b\u011bhem studi\u00ed se za\u010dal specializovat na du\u0161evn\u00ed zdrav\u00ed. L\u00e9\u010d\u00ed v\u00e1\u017en\u011bj\u0161\u00ed du\u0161evn\u00ed onemocn\u011bn\u00ed, stanovuje diagn\u00f3zy, p\u0159edepisuje l\u00e9ky. Jde prim\u00e1rn\u011b o diagnostiku du\u0161evn\u00edch nemoc\u00ed a p\u0159edeps\u00e1n\u00ed farmakoterapie, tedy l\u00e9k\u016f na l\u00e9\u010dbu a m\u00edrn\u011bn\u00ed p\u0159\u00edznak\u016f spojen\u00fdch s du\u0161evn\u00edm onemocn\u011bn\u00edm. Rovn\u011b\u017e doporu\u010duje individu\u00e1ln\u00ed psychoterapii a v z\u00e1va\u017en\u00fdch stavech tak\u00e9 hospitalizaci v nemocnici. M\u016f\u017ee takt\u00e9\u017e prov\u00e1d\u011bt psychoterapii, pokud je z\u00e1rove\u0148 absolventem psychoterapeutick\u00e9ho v\u00fdcviku. Psychiatr\u016f vzd\u011blan\u00fdch v psychoterapii p\u0159ib\u00fdv\u00e1, v praxi ale st\u00e1le prov\u00e1d\u011bj\u00ed systematickou psychoterapii sp\u00ed\u0161e psychologov\u00e9.<\/p>\n<p>Pokud chcete oslovit p\u0159\u00edmo psychiatra, nebo zat\u00edm nem\u00e1te sv\u00e9ho vlastn\u00edho praktick\u00e9ho l\u00e9ka\u0159e, m\u016f\u017eete se na psychiatra obr\u00e1tit rovnou a objednat se na konzultaci. Setk\u00e1n\u00ed s psychiatrem je hrazen\u00e9 ze zdravotn\u00edho poji\u0161t\u011bn\u00ed, stejn\u011b jako cel\u00e1 \u0159ada psychofarmak. Kontroly pak prob\u00edhaj\u00ed obvykle jednou za n\u011bkolik t\u00fddn\u016f nebo m\u011bs\u00edc\u016f, v z\u00e1vislosti na zdravotn\u00edm a psychick\u00e9m stavu. Obvykl\u00e1 \u010dekac\u00ed lh\u016fta b\u00fdv\u00e1 n\u011bkolik t\u00fddn\u016f.<\/p>\n<p>Psychiatry i psychology podle m\u00edsta sv\u00e9ho bydli\u0161t\u011b naleznete na:<\/p>\n<ul class=\"bullet-links\">\n<li><a href=\"https:\/\/www.nzip.cz\/vyhledavaci-mapy\/poskytovatel-22\">https:\/\/www.nzip.cz\/vyhledavaci-mapy\/poskytovatel-22<\/a><\/li>\n<li><a href=\"https:\/\/www.nzip.cz\/vyhledavaci-mapy\/poskytovatel-22\/50.0874654,14.4212535\">https:\/\/www.nzip.cz\/vyhledavaci-mapy\/poskytovatel-22\/50.0874654,14.4212535<\/a><\/li>\n<li><a href=\"https:\/\/nrpzs.uzis.cz\/index.php?pg=vyhledavani-poskytovatele--pro-verejnost\">https:\/\/nrpzs.uzis.cz\/index.php?pg=vyhledavani-poskytovatele&#8211;pro-verejnost<\/a><\/li>\n<li><a href=\"https:\/\/nrpzs.uzis.cz\/index.php?pg=mapa-poskytovatelu\">https:\/\/nrpzs.uzis.cz\/index.php?pg=mapa-poskytovatelu<\/a><\/li>\n<li><a href=\"https:\/\/psychiatrie.uzis.cz\/\">https:\/\/psychiatrie.uzis.cz\/<\/a><\/li>\n<li><a href=\"https:\/\/psychiatrie.uzis.cz\/browser\/health-service?region=1\">https:\/\/psychiatrie.uzis.cz\/browser\/health-service?region=1<\/a><\/li>\n<li><a href=\"https:\/\/psychiatrie.cz\/pomoc-cizincum\">https:\/\/psychiatrie.cz\/pomoc-cizincum<\/a><\/li>\n<\/ul>\n<h3 id=\"adiktolog\">Adiktolog<\/h3>\n<p>Adiktolog je nel\u00e9ka\u0159sk\u00fd zdravotnick\u00fd pracovn\u00edk, kter\u00fd se specializuje na prevenci, l\u00e9\u010dbu a rehabilitaci z\u00e1vislost\u00ed na n\u00e1vykov\u00fdch l\u00e1tk\u00e1ch i na tzv. nel\u00e1tkov\u00e9 z\u00e1vislosti (nap\u0159. hran\u00ed na po\u010d\u00edta\u010di, hazard). Jeho pr\u00e1ce zahrnuje diagnostiku, individu\u00e1ln\u00ed i skupinovou terapii, poradenstv\u00ed pro jedince a rodiny a tvorbu preventivn\u00edch program\u016f. Mapu za\u0159\u00edzen\u00ed poskytuj\u00edc\u00edch l\u00e9\u010dbu, poradenstv\u00ed a\u00a0prevenci v\u00a0oblasti z\u00e1vislost\u00ed (v\u010detn\u011b kou\u0159en\u00ed a gamblingu) naleznete nap\u0159. na tomto <a href=\"https:\/\/www.drogy-info.cz\/mapa-pomoci\/\">odkazu<\/a>.<\/p>\n<h3 id=\"psychoterapeut\">Psychoterapeut<\/h3>\n<p>Je absolvent psychoterapeutick\u00e9ho v\u00fdcviku (dal\u0161\u00ed samostatn\u00e9 vzd\u011bl\u00e1n\u00ed, kter\u00e9 trv\u00e1 zpravidla n\u011bkolik let), kter\u00fdm m\u016f\u017ee b\u00fdt bu\u010f klinick\u00fd psycholog, psychiatr, nebo jin\u00fd zdravotn\u00edk, ale tak\u00e9 absolvent jin\u00fdch nezdravotn\u00edch obor\u016f, nej\u010dast\u011bji humanitn\u00edho sm\u011bru. Pokud z\u00e1rove\u0148 nen\u00ed psychiatr, nep\u0159edepisuje l\u00e9ky. U zdravotn\u00edk\u016f navrhuje odborn\u00e1 ve\u0159ejnost pou\u017e\u00edvat ozna\u010den\u00ed \u201epsychoterapeut\u201c a u nezdravotn\u00edk\u016f \u201epsychoterapeutick\u00fd poradce\u201c.<\/p>\n<p>Pro pacienty je ale kl\u00ed\u010dov\u00e9 rozli\u0161ovat s ohledem na charakter pot\u00ed\u017e\u00ed psychoterapii ve zdravotnictv\u00ed (nej\u010dast\u011bji hrazen\u00e1 z ve\u0159ejn\u00e9ho zdravotn\u00edho poji\u0161t\u011bn\u00ed) a mimo oblast zdravotnictv\u00ed (nej\u010dast\u011bji hrazen\u00e1 p\u0159\u00edmou platbou). Psychoterapeut poskytuje kr\u00e1tkodobou i dlouhodobou systematickou psychoterapii (l\u00e9\u010dba psychologick\u00fdmi prost\u0159edky, jedn\u00e1 se o pravideln\u00e9 setk\u00e1v\u00e1n\u00ed v horizontu m\u011bs\u00edc\u016f a\u017e let) se zam\u011b\u0159en\u00edm sp\u00ed\u0161e na z\u00e1va\u017en\u011bj\u0161\u00ed du\u0161evn\u00ed pot\u00ed\u017ee i nemoci. Psychoterapeutick\u00fd poradce poskytuje form\u00e1ln\u011b i obsahov\u011b stejnou p\u00e9\u010di, ale zam\u011b\u0159uje se sp\u00ed\u0161e na p\u0159ekon\u00e1v\u00e1n\u00ed obt\u00ed\u017en\u00fdch \u017eivotn\u00edch situac\u00ed, sebepozn\u00e1n\u00ed, osobnostn\u00ed rozvoj a r\u016fst, zm\u00edrn\u011bn\u00ed psychick\u00fdch pot\u00ed\u017e\u00ed, jejich prevenci atd.<\/p>\n<p>Zat\u00edmco p\u00e9\u010de klinick\u00e9ho psychologa je hrazena ze zdravotn\u00edho poji\u0161t\u011bn\u00ed, u soukrom\u00e9ho psychoterapeuta si\u00a0sezen\u00ed hrad\u00ed klienti sami. N\u011bkte\u0159\u00ed psychoterapeuti jsou ale registrovan\u00ed v\u00a0programech zdravotn\u00edch poji\u0161\u0165oven, kter\u00e9 p\u0159isp\u00edvaj\u00ed na p\u00e9\u010di.<\/p>\n<p>V p\u0159\u00edpad\u011b, \u017ee nezvl\u00e1d\u00e1te n\u011bkter\u00e9 \u017eivotn\u00ed f\u00e1ze, hled\u00e1te sami sebe, chcete se v sob\u011b l\u00e9pe vyznat, zaj\u00edm\u00e1 V\u00e1s osobnostn\u00ed r\u016fst, prevence psychick\u00fdch pot\u00ed\u017e\u00ed atd., je na m\u00edst\u011b vyhledat psychoterapeutick\u00e9ho poradce mimo oblast zdravotnictv\u00ed. Tito maj\u00ed akreditovan\u00e9 psychoterapeutick\u00e9 vzd\u011bl\u00e1n\u00ed, sdru\u017euj\u00ed se v <a href=\"https:\/\/czap.cz\/adresar\">\u010cesk\u00e9 asociaci pro psychoterapii (\u010cAP)<\/a>, kter\u00e1 spl\u0148uje mezin\u00e1rodn\u00ed standardy pro poskytov\u00e1n\u00ed tohoto druhu p\u00e9\u010de, a mohou v\u00e1m nab\u00eddnout velmi kvalitn\u00ed terapeutick\u00e9 veden\u00ed. Jejich slu\u017eby jsou placen\u00e9, ale aktu\u00e1ln\u011b na p\u00e9\u010di \u010d\u00e1ste\u010dn\u011b p\u0159isp\u00edvaj\u00ed vybran\u00e9 zdravotn\u00ed poji\u0161\u0165ovny v p\u0159\u00edpad\u011b, \u017ee se jedn\u00e1 o zdravotn\u00ed probl\u00e9my a kapacita klinick\u00fdch psycholog\u016f je vy\u010derpan\u00e1. \u010cAP tak\u00e9 nab\u00edz\u00ed mo\u017enost terapie zdarma pro ty, kte\u0159\u00ed si ji finan\u010dn\u011b nemohou dovolit.<\/p>\n<ul class=\"bullet\">\n<li>Hled\u00e1te <a href=\"https:\/\/czap.cz\/adresar\">psychoterapeutickou pomoc<\/a>?<\/li>\n<li>Hled\u00e1te <a href=\"https:\/\/czap.cz\/spoluprace-zp\">p\u00e9\u010di s p\u0159\u00edsp\u011bvkem od zdravotn\u00ed poji\u0161\u0165ovny<\/a>?<\/li>\n<li>Hled\u00e1te <a href=\"https:\/\/czap.cz\/Foreign-therapists\">kvalifikovan\u00e9 psychoterapeuty<\/a> pracuj\u00edc\u00ed v\u00a0ciz\u00edm jazyce?<\/li>\n<li><a href=\"https:\/\/czap.cz\/Psychoterapie-zdarma\">Psychoterapie zdarma pro pot\u0159ebn\u00e9<\/a>?<\/li>\n<\/ul>\n<h3 id=\"prispevky-pojisteven\">P\u0159\u00edsp\u011bvky poji\u0161\u0165oven<\/h3>\n<p>Na psychoterapii m\u016f\u017eete z\u00edskat p\u0159\u00edsp\u011bvek od sv\u00e9 zdravotn\u00ed poji\u0161\u0165ovny. Podm\u00ednky \u010derp\u00e1n\u00ed a maxim\u00e1ln\u00ed v\u00fd\u0161e p\u0159\u00edsp\u011bvku se li\u0161\u00ed v z\u00e1vislosti na poji\u0161\u0165ovn\u011b. N\u00ed\u017ee uveden\u00e9 informace jsou platn\u00e9 pro rok 2026.<\/p>\n<p>P\u0159\u00edsp\u011bvek (do v\u00fd\u0161e 6 000 K\u010d) poskytuje \u010cPZP pro <a href=\"https:\/\/www.cpzp.cz\/preventivni-program\/73\">\u017eeny a mu\u017ee<\/a> nad 18 let a tak\u00e9 pro <a href=\"https:\/\/www.cpzp.cz\/preventivni-program\/74\">poji\u0161t\u011bnce od 7 let<\/a>, d\u00e1le <a href=\"https:\/\/www.ozp.cz\/benefity\/benefityozp\">OZP<\/a>, kde v\u00a0r\u00e1mci Vitakarty lze prost\u0159ednictv\u00edm kredit\u016f \u010derpat p\u0159\u00edsp\u011bvky na r\u016fzn\u00e9 programy. V\u00fd\u0161e p\u0159\u00edsp\u011bvku v\u017edy z\u00e1vis\u00ed na po\u010dtu kredit\u016f na kart\u011b, kurzy p\u0159evodu kredit\u016f za K\u010d se mohou u jednotliv\u00fdch program\u016f li\u0161it, a ve sv\u00e9 kart\u011b v\u017edy vid\u00edte \u010d\u00e1stku, jakou za svou aktu\u00e1ln\u00ed sumu kredit\u016f m\u016f\u017eete u konkr\u00e9tn\u00edho programu z\u00edskat. Nap\u0159. po registraci obdr\u017e\u00edte prvn\u00edch 500 kredit\u016f (x 5 = 2 500 K\u010d), kter\u00e9 lze pou\u017e\u00edt na proplacen\u00ed prezen\u010dn\u00ed psychoterapie u poskytovatele s\u00a0\u010dlenstv\u00edm v\u00a0AKP nebo \u010cAP. Podm\u00ednkou je m\u00edt \u00fa\u010dtenku, na kter\u00e9 mus\u00ed b\u00fdt uvedeno, \u017ee se jednalo o prezen\u010dn\u00ed psychoterapii. S\u00a0pestr\u00fdm programem podpory du\u0161evn\u00edho zdrav\u00ed p\u0159ich\u00e1z\u00ed tak\u00e9 <a href=\"https:\/\/www.zpmvcr.cz\/pojistenci\/prispevky-z-fondu-prevence\/program-podpory-dusevniho-zdravi\">ZP MV \u010cR<\/a>, kter\u00e1 p\u0159isp\u00edv\u00e1 dosp\u011bl\u00fdm i d\u011btem do v\u00fd\u0161e 4\u00a0000 K\u010d. Poji\u0161\u0165ovna <a href=\"https:\/\/www.terapie.cz\/prispevek-na-terapii-rbp?gad_source=1&amp;gad_campaignid=17468391108&amp;gbraid=0AAAAABwGqrmlYUhAf-Bnq_GDyGR8aUzep&amp;gclid=Cj0KCQjw267GBhCSARIsAOjVJ4E1ZcUiF3A3ahvrDn5g-yQIcygZWFHuy9g7uMrRl24B2GzUh6jBpssaAuveEALw_wcB\">RBR<\/a> p\u0159isp\u00edv\u00e1 v\u0161em poji\u0161t\u011bnc\u016fm od 7 let do v\u00fd\u0161e 5\u00a0000 K\u010d, <a href=\"https:\/\/www.zpskoda.cz\/dusevni-zdravi\">ZP\u0160<\/a> \u010d\u00e1stkou 4\u00a0000 K\u010d. VoZP nab\u00edz\u00ed p\u0159\u00edsp\u011bvky v r\u00e1mci programu\u00a0<a href=\"https:\/\/www.vozp.cz\/zdrava-duse\">Zdrav\u00e1 du\u0161e<\/a>, jeho\u017e c\u00edlem je podpo\u0159it du\u0161evn\u00ed zdrav\u00ed. VZP v\u00a0r\u00e1mci programu <a href=\"https:\/\/dusevnizdravi.vzp.cz\/\">Zv\u00fd\u0161en\u00ed dostupnosti psychosoci\u00e1ln\u00ed podpory<\/a> p\u0159isp\u011bje do v\u00fd\u0161e 5\u00a0000 K\u010d poji\u0161t\u011bnc\u016fm od 7 let a v\u00a0r\u00e1mci programu <a href=\"https:\/\/dusevnizdravi.vzp.cz\/informace-o-prispevku-ua\/\">Zv\u00fd\u0161en\u00ed dostupnosti psychosoci\u00e1ln\u00ed podpory pro v\u00e1le\u010dn\u00e9 uprchl\u00edky z\u00a0Ukrajiny<\/a> nav\u00edc nab\u00edz\u00ed spolupr\u00e1ci s\u00a0ukrajinsky mluv\u00edc\u00edmi poskytovateli. P\u0159esn\u00e9 podm\u00ednky jsou v\u017edy uveden\u00e9 na str\u00e1nk\u00e1ch poji\u0161\u0165oven.<\/p>\n<p>Kompletn\u00ed p\u0159ehled program\u016f pro rok 2026 naleznete i v <a href=\"https:\/\/czap.cz\/resources\/Documents\/kl%C3%AD%C4%8Dov%C3%A9%20dokumenty%20kodex%20a%20z%C3%A1sady\/ZP%20pro%20klienty%202026.pdf\">Let\u00e1ku \u2013 shrnut\u00ed podm\u00ednek dle zdravotn\u00edch poji\u0161\u0165oven<\/a>.<\/p>","protected":false},"excerpt":{"rendered":"<p>Pokud se nec\u00edt\u00edte psychicky dob\u0159e a hled\u00e1te odbornou pomoc, je dobr\u00e9 v\u011bd\u011bt, co vlastn\u011b kter\u00fd odborn\u00edk um\u00ed a v\u00a0\u010dem V\u00e1m m\u016f\u017ee pomoci. Pojmy z oblasti psychick\u00e9ho zdrav\u00ed si lid\u00e9 b\u011b\u017en\u011b zam\u011b\u0148uj\u00ed a pom\u011brn\u011b obt\u00ed\u017en\u011b se v\u00a0dan\u00e9 problematice orientuj\u00ed. Pokud si&#8230;<\/p>\n<a class=\"more-block\" href=\"https:\/\/metropolevsech.eu\/cs\/zdravotni-informace-pro-drzitele-docasne-ochrany\/pece-o-dusevni-zdravi\/kdo-dalsi-muze-pomoci\/\">\u010c\u00edst v\u00edce<\/a>","protected":false},"author":7,"featured_media":0,"parent":23617,"menu_order":3,"comment_status":"closed","ping_status":"closed","template":"","meta":[],"acf":[],"_links":{"self":[{"href":"https:\/\/metropolevsech.eu\/cs\/wp-json\/wp\/v2\/pages\/23671"}],"collection":[{"href":"https:\/\/metropolevsech.eu\/cs\/wp-json\/wp\/v2\/pages"}],"about":[{"href":"https:\/\/metropolevsech.eu\/cs\/wp-json\/wp\/v2\/types\/page"}],"author":[{"embeddable":true,"href":"https:\/\/metropolevsech.eu\/cs\/wp-json\/wp\/v2\/users\/7"}],"replies":[{"embeddable":true,"href":"https:\/\/metropolevsech.eu\/cs\/wp-json\/wp\/v2\/comments?post=23671"}],"version-history":[{"count":14,"href":"https:\/\/metropolevsech.eu\/cs\/wp-json\/wp\/v2\/pages\/23671\/revisions"}],"predecessor-version":[{"id":25271,"href":"https:\/\/metropolevsech.eu\/cs\/wp-json\/wp\/v2\/pages\/23671\/revisions\/25271"}],"up":[{"embeddable":true,"href":"https:\/\/metropolevsech.eu\/cs\/wp-json\/wp\/v2\/pages\/23617"}],"wp:attachment":[{"href":"https:\/\/metropolevsech.eu\/cs\/wp-json\/wp\/v2\/media?parent=23671"}],"curies":[{"name":"wp","href":"https:\/\/api.w.org\/{rel}","templated":true}]}}