{"id":23674,"date":"2025-10-20T19:34:52","date_gmt":"2025-10-20T17:34:52","guid":{"rendered":"https:\/\/metropolevsech.eu\/?page_id=23674"},"modified":"2025-11-19T13:23:05","modified_gmt":"2025-11-19T12:23:05","slug":"dalsi-slozky-systemu","status":"publish","type":"page","link":"https:\/\/metropolevsech.eu\/cs\/zdravotni-informace-pro-drzitele-docasne-ochrany\/pece-o-dusevni-zdravi\/dalsi-slozky-systemu\/","title":{"rendered":"Dal\u0161\u00ed slo\u017eky syst\u00e9mu"},"content":{"rendered":"<p>Syst\u00e9m p\u00e9\u010de o du\u0161evn\u00ed zdrav\u00ed v \u010cesk\u00e9 republice stoj\u00ed na vz\u00e1jemn\u011b propojen\u00e9 s\u00edti zdravotn\u00edch a soci\u00e1ln\u00edch slu\u017eeb. Ka\u017ed\u00e1 z nich m\u00e1 svou specifickou roli \u2013 od akutn\u00ed hospitaliza\u010dn\u00ed p\u00e9\u010de a\u017e po dlouhodobou podporu v komunit\u011b. D\u00edky jejich spolupr\u00e1ci mohou lid\u00e9 s du\u0161evn\u00edm onemocn\u011bn\u00edm z\u00edskat pot\u0159ebnou pomoc v r\u016fzn\u00fdch f\u00e1z\u00edch sv\u00e9ho \u017eivota, a to jak v nemocnici, tak p\u0159\u00edmo ve sv\u00e9m p\u0159irozen\u00e9m prost\u0159ed\u00ed.<\/p>\n<p><strong>V t\u00e9to \u010d\u00e1sti najdete p\u0159ehled dal\u0161\u00edch typ\u016f slu\u017eeb, kter\u00e9 tvo\u0159\u00ed syst\u00e9m p\u00e9\u010de o du\u0161evn\u00ed zdrav\u00ed: l\u016f\u017ekov\u00e1 psychiatrick\u00e1 p\u00e9\u010de, denn\u00ed stacion\u00e1\u0159e, komunitn\u00ed slu\u017eby &#8211; centra du\u0161evn\u00edho zdrav\u00ed a komunitn\u00ed t\u00fdmy. Ka\u017ed\u00e1 z nich napom\u00e1h\u00e1 zotaven\u00ed, stabilizaci i n\u00e1vratu \u010dlov\u011bka do b\u011b\u017en\u00e9ho \u017eivota a komunity.<\/strong><\/p>\n<ul class=\"bullet\">\n<li><a href=\"#luzkova-psychiatricka-pece\">L\u016f\u017ekov\u00e1 psychiatrick\u00e1 p\u00e9\u010de<\/a><\/li>\n<li><a href=\"#denni-stacionar\">Denn\u00ed stacion\u00e1\u0159<\/a><\/li>\n<li><a href=\"#komunitni-sluzby\">Komunitn\u00ed slu\u017eby<\/a>\n<ul>\n<li><a href=\"#centrum-dusevniho-zdravi\">Centrum du\u0161evn\u00edho zdrav\u00ed<\/a><\/li>\n<li><a href=\"#komunitni-tymy\">Komunitn\u00ed t\u00fdmy<\/a><\/li>\n<\/ul>\n<\/li>\n<\/ul>\n<h3 id=\"luzkova-psychiatricka-pece\">L\u016f\u017ekov\u00e1 psychiatrick\u00e1 p\u00e9\u010de<\/h3>\n<p>Je zpravidla poskytovan\u00e1 v psychiatrick\u00fdch odd\u011blen\u00edch nemocnic nebo psychiatrick\u00fdch nemocnic\u00edch a je prim\u00e1rn\u011b vyu\u017e\u00edv\u00e1na p\u0159i vzniku \u010di zhor\u0161en\u00ed psychick\u00e9 poruchy vy\u017eaduj\u00edc\u00ed hospitalizaci. Akutn\u00ed l\u016f\u017ekov\u00e1 odd\u011blen\u00ed jsou ur\u010dena k poskytov\u00e1n\u00ed p\u00e9\u010de, kterou nelze poskytnout ambulantn\u011b a p\u0159i kter\u00e9 je pot\u0159ebn\u00fd pobyt na l\u016f\u017eku ve zdravotnick\u00e9m za\u0159\u00edzen\u00ed, kde je psychiatrick\u00e1 l\u00e9\u010dba poskytov\u00e1na nep\u0159etr\u017eit\u011b. L\u016f\u017eka n\u00e1sledn\u00e9 p\u00e9\u010de\u00a0jsou pak ur\u010dena pro nemocn\u00e9, u kter\u00fdch byl ukon\u010den diagnostick\u00fd proces, byla nastavena terapie a stav byl stabilizov\u00e1n, ale zat\u00edm neumo\u017e\u0148uje jejich propu\u0161t\u011bn\u00ed do dom\u00e1c\u00edho o\u0161et\u0159ov\u00e1n\u00ed.<\/p>\n<p>Bli\u017e\u0161\u00ed informace a seznam za\u0159\u00edzen\u00ed (nemocnic, klinik, odd\u011blen\u00ed) pro dosp\u011bl\u00e9 i d\u011bti v\u00a0Praze naleznete na str\u00e1nce <a href=\"https:\/\/psychoportal.cz\/o-nas\/\">https:\/\/psychoportal.cz\/o-nas\/<\/a> v\u00a0sekci <a href=\"https:\/\/psychoportal.cz\/luzkova-psychiatricka-pece\/\">L\u016f\u017ekov\u00e1 psychiatrick\u00e1 p\u00e9\u010de<\/a>.<\/p>\n<h3 id=\"denni-stacionar\">Denn\u00ed stacion\u00e1\u0159<\/h3>\n<p>Je forma intenzivn\u00ed ambulantn\u00ed l\u00e9\u010dby pro dosp\u011bl\u00e9 osoby s\u00a0du\u0161evn\u00ed nemoc\u00ed, kter\u00e1 nevy\u017eaduje hospitalizaci. Slu\u017eba umo\u017e\u0148uje lidem z\u016fstat ve sv\u00e9m p\u0159irozen\u00e9m prost\u0159ed\u00ed a podporuje jejich sob\u011bsta\u010dnost s c\u00edlem zlep\u0161it jejich stav a schopnost fungovat v b\u011b\u017en\u00e9m \u017eivot\u011b.\u00a0Do stacion\u00e1\u0159e klienti doch\u00e1zej\u00ed na \u010d\u00e1st dne, aby se zde zapojili do soci\u00e1ln\u011b terapeutick\u00fdch, vzd\u011bl\u00e1vac\u00edch nebo psychoterapeutick\u00fdch aktivit, zat\u00edmco b\u011bhem noci se vracej\u00ed do sv\u00e9ho domova.\u00a0 P\u00e9\u010de ve stacion\u00e1\u0159i je vhodn\u00e1 pro pacienty, kte\u0159\u00ed pot\u0159ebuj\u00ed intenzivn\u011bj\u0161\u00ed p\u00e9\u010di, ne\u017e jakou poskytuje ambulance, ale nen\u00ed ur\u010den pro pacienty ve stavu vy\u017eaduj\u00edc\u00edm plnou hospitalizaci. P\u00e9\u010di lze vyu\u017e\u00edt i jako pokra\u010duj\u00edc\u00ed l\u00e9\u010dbu po ukon\u010den\u00ed akutn\u00ed hospitalizace ke zvl\u00e1dnut\u00ed p\u0159echodu do ambulantn\u00ed p\u00e9\u010de.<\/p>\n<h3 id=\"komunitni-sluzby\">Komunitn\u00ed slu\u017eby<\/h3>\n<p>Jsou podp\u016frn\u00e9 psychosoci\u00e1ln\u00ed slu\u017eby, kter\u00e9 pom\u00e1haj\u00ed lidem s du\u0161evn\u00edm onemocn\u011bn\u00edm a poskytuj\u00ed komplexn\u00ed podporu v oblasti du\u0161evn\u00edho zdrav\u00ed. Pat\u0159\u00ed sem Centra du\u0161evn\u00edho zdrav\u00ed (CDZ) a Komunitn\u00ed t\u00fdmy (KOT). CDZ a KOT propojuj\u00ed zdravotn\u00ed p\u00e9\u010di s p\u00e9\u010d\u00ed soci\u00e1ln\u00ed, slu\u017eba je i ter\u00e9nn\u00ed, tak\u017ee pracovn\u00edci mohou p\u0159ijet za klientem i k\u00a0n\u011bmu dom\u016f. Tyto slu\u017eby jsou zastoupeny v\u00a0n\u011bkolika m\u011bstsk\u00fdch \u010d\u00e1stech Prahy \u2013 p\u016fsobnost ka\u017ed\u00e9ho CDZ \/ KOT je \u00fazemn\u011b ohrani\u010dena p\u0159\u00edslu\u0161nou sp\u00e1dovou oblast\u00ed.<\/p>\n<h4 id=\"centrum-dusevniho-zdravi\">Centrum du\u0161evn\u00edho zdrav\u00ed<\/h4>\n<p>Je slu\u017eba, kter\u00e1 je zam\u011b\u0159en\u00e1 na zdravotn\u011b-soci\u00e1ln\u00ed podporu osob se z\u00e1va\u017en\u00fdm du\u0161evn\u00edm onemocn\u011bn\u00edm.<\/p>\n<p>Centrum du\u0161evn\u00edho zdrav\u00ed je ter\u00e9nn\u00ed i ambulantn\u00ed slu\u017eba dlouhodob\u00e9ho charakteru, kter\u00e1 propojuje zdravotn\u00ed a soci\u00e1ln\u00ed p\u00e9\u010di. CDZ poskytuj\u00ed podporu i v p\u0159irozen\u00e9m prost\u0159ed\u00ed pacienta (v\u010detn\u011b ter\u00e9nn\u00ed pr\u00e1ce), pom\u00e1haj\u00ed p\u0159edch\u00e1zet (re)hospitalizac\u00edm nebo je zkr\u00e1tit, a usnad\u0148uj\u00ed reintegraci do komunity. T\u00fdm CDZ je multidisciplin\u00e1rn\u00ed a zahrnuje psychiatry, psychology, soci\u00e1ln\u00ed pracovn\u00edky, psychiatrick\u00e9 sestry a peer konzultanty.<\/p>\n<h4 id=\"komunitni-tymy\">Komunitn\u00ed t\u00fdmy<\/h4>\n<p>Poskytuj\u00ed zdravotn\u00ed a soci\u00e1ln\u00ed podporu lidem s du\u0161evn\u00edm onemocn\u011bn\u00edm v jejich p\u0159irozen\u00e9m prost\u0159ed\u00ed, jako je domov \u010di komunita. Komunitn\u00ed t\u00fdm p\u016fsob\u00ed velmi obdobn\u011b jako CDZ, je slo\u017een ze soci\u00e1ln\u00edch pracovn\u00edk\u016f, peer pracovn\u00edk\u016f a dal\u0161\u00edch odborn\u00edk\u016f na oblast du\u0161evn\u00edho zdrav\u00ed, se zdravotn\u00edmi pracovn\u00edky \u00fazce spolupracuje, pracuje formou case managementu \u2013 s ka\u017ed\u00fdm klientem je individu\u00e1ln\u011b nastaven pl\u00e1n podpory s ohledem na jeho pot\u0159eby.\u00a0P\u00e9\u010di lze poskytovat i v\u00a0ter\u00e9nu \u2013 v dom\u00e1c\u00edm prost\u0159ed\u00ed klienta nebo na jin\u00e9m m\u00edst\u011b, kde se c\u00edt\u00ed bezpe\u010dn\u011b.\u00a0Hlavn\u00edm c\u00edlem je\u00a0podpora sob\u011bsta\u010dnosti a kvality \u017eivota\u00a0pacient\u016f.<\/p>\n<p>Bli\u017e\u0161\u00ed informace a seznamy CZD a KOT v\u00a0Praze naleznete nap\u0159\u00edklad na t\u011bchto odkazech:<\/p>\n<ul class=\"bullet-links\">\n<li><a href=\"https:\/\/psychoportal.cz\/centra-dusevniho-zdravi\/\">https:\/\/psychoportal.cz\/centra-dusevniho-zdravi\/<\/a><\/li>\n<li><a href=\"https:\/\/psychoportal.cz\/prehled-terennich-tymu-dusevniho-zdravi\/\">https:\/\/psychoportal.cz\/prehled-terennich-tymu-dusevniho-zdravi\/<\/a><\/li>\n<\/ul>\n<p>V\u00edce informac\u00ed o centrech du\u0161evn\u00edho zdrav\u00ed v\u010detn\u011b mapy naleznete i na odkazu:<\/p>\n<ul class=\"bullet-links\">\n<li><a href=\"https:\/\/www.reformapsychiatrie.cz\/projekty\/centra-dusevniho-zdravi-cdz\">https:\/\/www.reformapsychiatrie.cz\/projekty\/centra-dusevniho-zdravi-cdz<\/a><\/li>\n<\/ul>\n<p>Dal\u0161\u00ed kontakty jsou uvedeny nap\u0159. zde:<\/p>\n<ul class=\"bullet-links\">\n<li><a href=\"https:\/\/fokus-praha.cz\/co-delame\/sluzby-pro-lidi-s-dusevnim-onemocnenim\/centra-dusevniho-zdravi-a-komunitni-tymy\/\">https:\/\/fokus-praha.cz\/co-delame\/sluzby-pro-lidi-s-dusevnim-onemocnenim\/centra-dusevniho-zdravi-a-komunitni-tymy\/<br \/>\n<\/a><a href=\"https:\/\/www.ondrejov.cz\/oddeleni\/socialni-oddeleni\/o\/socialni-rehabilitace\">https:\/\/www.ondrejov.cz\/oddeleni\/socialni-oddeleni\/o\/socialni-rehabilitace<\/a><\/li>\n<\/ul>\n<p><\/p>","protected":false},"excerpt":{"rendered":"<p>Syst\u00e9m p\u00e9\u010de o du\u0161evn\u00ed zdrav\u00ed v \u010cesk\u00e9 republice stoj\u00ed na vz\u00e1jemn\u011b propojen\u00e9 s\u00edti zdravotn\u00edch a soci\u00e1ln\u00edch slu\u017eeb. Ka\u017ed\u00e1 z nich m\u00e1 svou specifickou roli \u2013 od akutn\u00ed hospitaliza\u010dn\u00ed p\u00e9\u010de a\u017e po dlouhodobou podporu v komunit\u011b. D\u00edky jejich spolupr\u00e1ci mohou lid\u00e9&#8230;<\/p>\n<a class=\"more-block\" href=\"https:\/\/metropolevsech.eu\/cs\/zdravotni-informace-pro-drzitele-docasne-ochrany\/pece-o-dusevni-zdravi\/dalsi-slozky-systemu\/\">\u010c\u00edst v\u00edce<\/a>","protected":false},"author":7,"featured_media":0,"parent":23617,"menu_order":4,"comment_status":"closed","ping_status":"closed","template":"","meta":[],"acf":[],"_links":{"self":[{"href":"https:\/\/metropolevsech.eu\/cs\/wp-json\/wp\/v2\/pages\/23674"}],"collection":[{"href":"https:\/\/metropolevsech.eu\/cs\/wp-json\/wp\/v2\/pages"}],"about":[{"href":"https:\/\/metropolevsech.eu\/cs\/wp-json\/wp\/v2\/types\/page"}],"author":[{"embeddable":true,"href":"https:\/\/metropolevsech.eu\/cs\/wp-json\/wp\/v2\/users\/7"}],"replies":[{"embeddable":true,"href":"https:\/\/metropolevsech.eu\/cs\/wp-json\/wp\/v2\/comments?post=23674"}],"version-history":[{"count":8,"href":"https:\/\/metropolevsech.eu\/cs\/wp-json\/wp\/v2\/pages\/23674\/revisions"}],"predecessor-version":[{"id":24054,"href":"https:\/\/metropolevsech.eu\/cs\/wp-json\/wp\/v2\/pages\/23674\/revisions\/24054"}],"up":[{"embeddable":true,"href":"https:\/\/metropolevsech.eu\/cs\/wp-json\/wp\/v2\/pages\/23617"}],"wp:attachment":[{"href":"https:\/\/metropolevsech.eu\/cs\/wp-json\/wp\/v2\/media?parent=23674"}],"curies":[{"name":"wp","href":"https:\/\/api.w.org\/{rel}","templated":true}]}}