{"id":23677,"date":"2025-10-20T19:36:29","date_gmt":"2025-10-20T17:36:29","guid":{"rendered":"https:\/\/metropolevsech.eu\/?page_id=23677"},"modified":"2026-03-11T18:38:18","modified_gmt":"2026-03-11T17:38:18","slug":"dalsi-rozcestniky-adresare-a-mapy","status":"publish","type":"page","link":"https:\/\/metropolevsech.eu\/cs\/zdravotni-informace-pro-drzitele-docasne-ochrany\/pece-o-dusevni-zdravi\/dalsi-rozcestniky-adresare-a-mapy\/","title":{"rendered":"Rozcestn\u00edky, adres\u00e1\u0159e a mapy"},"content":{"rendered":"<p>Pokud hled\u00e1te odborn\u00edky na du\u0161evn\u00ed zdrav\u00ed v Praze, doporu\u010dujeme zap\u00e1trat i v\u00a0map\u00e1ch, rozcestn\u00edc\u00edch a adres\u00e1\u0159\u00edch n\u00ed\u017ee, sta\u010d\u00ed nastavit filtrov\u00e1n\u00ed na hlavn\u00ed m\u011bsto Praha.<\/p>\n<ul class=\"bullet-links\">\n<li><a href=\"https:\/\/dzda.cz\/wp-content\/uploads\/2025\/02\/FINAL_Praha_rozcestnik.docx.pdf\">rozcestn\u00edk<\/a> psychologick\u00e9 podpory Praha<\/li>\n<li>rozcestn\u00edk <a href=\"https:\/\/nevypustdusi.cz\/kde-hledat-pomoc\/?location=praha\">Nevypustdusi.cz<\/a><\/li>\n<li><a href=\"https:\/\/www.acdz.cz\/seznam-clenu-a-cdz\">seznam<\/a> \u010dlen\u016f ACDZ a CDZ (v\u010detn\u011b CDZ pro d\u011bti a adolescenty v Praze)<\/li>\n<li><a href=\"https:\/\/psychiatrie.uzis.cz\/browser\/social-service?region=1\">interaktivn\u00ed p\u0159ehled<\/a> soci\u00e1ln\u00edch slu\u017eeb v\u00a0psychiatrii<\/li>\n<li><a href=\"https:\/\/www.google.com\/maps\/d\/viewer?mid=1wUIw3an8hY_0pzoO5F1EAj4Rk_5mnas9&amp;ll=48.05874345770345%2C21.174436191924883&amp;z=6\">aktualizovan\u00e1 mapa<\/a> CDZ a multidisciplin\u00e1rn\u00edch t\u00fdm\u016f, v\u010detn\u011b kontakt\u016f a sp\u00e1dov\u00fdch oblast\u00ed<\/li>\n<li><a href=\"https:\/\/www.mapotic.com\/mapa-psychicke-pomoci\">mapa psychick\u00e9 pomoci<\/a> pro snadn\u00e9 vyhled\u00e1n\u00ed psychick\u00e9 pomoci ve Va\u0161em okol\u00ed<\/li>\n<li>mapa <a href=\"https:\/\/www.integromap.org\/\">Integromap<\/a> pro ukrajinskou komunitu s d\u016fle\u017eit\u00fdmi informacemi a m\u00edsty v nov\u00e9m domov\u011b<\/li>\n<li>mapa psychosoci\u00e1ln\u00ed pomoci pro ukrajinsk\u00e9 obyvatele <a href=\"https:\/\/www.mapotic.com\/mapa-psychosocialni-pomoci-ukrajincum-1\">Mapotic<\/a><\/li>\n<li>\u010desk\u00e1 psychologick\u00e1 aliance pro glob\u00e1ln\u00ed zm\u011bny \u2013 <a href=\"https:\/\/www.cpng.cz\/l\/psychologicka-pomoc-ukrajine\/\">adres\u00e1\u0159 psycholog\u016f a psychoterapeut\u016f<\/a>, kte\u0159\u00ed nab\u00eddli svou pomoc. Pro zji\u0161t\u011bn\u00ed bli\u017e\u0161\u00edch podm\u00ednek spolupr\u00e1ce je v\u017edy pot\u0159ebn\u00e9 kontaktovat a domluvit se s konkr\u00e9tn\u00edm vybran\u00fdm psychologem\/psychoterapeutem<\/li>\n<li><a href=\"https:\/\/www.drogy-info.cz\/mapa-pomoci\/\">mapa<\/a> za\u0159\u00edzen\u00ed poskytuj\u00edc\u00edch l\u00e9\u010dbu, poradenstv\u00ed a\u00a0prevenci v\u00a0oblasti z\u00e1vislost\u00ed (v\u010detn\u011b kou\u0159en\u00ed a gamblingu)<\/li>\n<li><a href=\"https:\/\/psychoportal.cz\/o-nas\/\">Psychoportal.cz<\/a> poskytuj\u00edc\u00ed informace pro lidi s du\u0161evn\u00edmi pot\u00ed\u017eemi a odborn\u00edky, kte\u0159\u00ed \u017eij\u00ed nebo pracuj\u00ed na \u00fazem\u00ed hl. m. Prahy \u010di bl\u00edzk\u00e9ho okol\u00ed<\/li>\n<li>port\u00e1l hlavn\u00edho m\u011bsta Prahy <a href=\"https:\/\/dusevnizdravi.praha.eu\/\">Dusevnizdravi.praha.eu<\/a> s\u00a0<a href=\"https:\/\/dusevnizdravi.praha.eu\/hledam-pomoc\"><\/a>p\u0159ehledem kontakt\u016f na odborn\u00edky i podp\u016frn\u00e9 organizace. <a href=\"https:\/\/praha.eu\/documents\/d\/praha\/centra-pomoci-praha\">Let\u00e1ky<\/a> se seznamem slu\u017eeb a let\u00e1k <a href=\"https:\/\/praha.eu\/documents\/d\/praha\/informacni-letak-zahrada-pro-dusi\">Zahrada pro du\u0161i<\/a><\/li>\n<\/ul>\n<p><\/p>","protected":false},"excerpt":{"rendered":"<p>Pokud hled\u00e1te odborn\u00edky na du\u0161evn\u00ed zdrav\u00ed v Praze, doporu\u010dujeme zap\u00e1trat i v\u00a0map\u00e1ch, rozcestn\u00edc\u00edch a adres\u00e1\u0159\u00edch n\u00ed\u017ee, sta\u010d\u00ed nastavit filtrov\u00e1n\u00ed na hlavn\u00ed m\u011bsto Praha. rozcestn\u00edk psychologick\u00e9 podpory Praha rozcestn\u00edk Nevypustdusi.cz seznam \u010dlen\u016f ACDZ a CDZ (v\u010detn\u011b CDZ pro d\u011bti a adolescenty&#8230;<\/p>\n<a class=\"more-block\" href=\"https:\/\/metropolevsech.eu\/cs\/zdravotni-informace-pro-drzitele-docasne-ochrany\/pece-o-dusevni-zdravi\/dalsi-rozcestniky-adresare-a-mapy\/\">\u010c\u00edst v\u00edce<\/a>","protected":false},"author":7,"featured_media":0,"parent":23617,"menu_order":5,"comment_status":"closed","ping_status":"closed","template":"","meta":[],"acf":[],"_links":{"self":[{"href":"https:\/\/metropolevsech.eu\/cs\/wp-json\/wp\/v2\/pages\/23677"}],"collection":[{"href":"https:\/\/metropolevsech.eu\/cs\/wp-json\/wp\/v2\/pages"}],"about":[{"href":"https:\/\/metropolevsech.eu\/cs\/wp-json\/wp\/v2\/types\/page"}],"author":[{"embeddable":true,"href":"https:\/\/metropolevsech.eu\/cs\/wp-json\/wp\/v2\/users\/7"}],"replies":[{"embeddable":true,"href":"https:\/\/metropolevsech.eu\/cs\/wp-json\/wp\/v2\/comments?post=23677"}],"version-history":[{"count":14,"href":"https:\/\/metropolevsech.eu\/cs\/wp-json\/wp\/v2\/pages\/23677\/revisions"}],"predecessor-version":[{"id":25084,"href":"https:\/\/metropolevsech.eu\/cs\/wp-json\/wp\/v2\/pages\/23677\/revisions\/25084"}],"up":[{"embeddable":true,"href":"https:\/\/metropolevsech.eu\/cs\/wp-json\/wp\/v2\/pages\/23617"}],"wp:attachment":[{"href":"https:\/\/metropolevsech.eu\/cs\/wp-json\/wp\/v2\/media?parent=23677"}],"curies":[{"name":"wp","href":"https:\/\/api.w.org\/{rel}","templated":true}]}}