{"id":23680,"date":"2025-10-20T19:38:09","date_gmt":"2025-10-20T17:38:09","guid":{"rendered":"https:\/\/metropolevsech.eu\/?page_id=23680"},"modified":"2026-03-11T18:42:20","modified_gmt":"2026-03-11T17:42:20","slug":"uzitecne-odkazy-a-kontakty-na-pomahajici-organizace-v-praze","status":"publish","type":"page","link":"https:\/\/metropolevsech.eu\/cs\/zdravotni-informace-pro-drzitele-docasne-ochrany\/pece-o-dusevni-zdravi\/uzitecne-odkazy-a-kontakty-na-pomahajici-organizace-v-praze\/","title":{"rendered":"U\u017eite\u010dn\u00e9 odkazy a kontakty na pom\u00e1haj\u00edc\u00ed organizace v Praze"},"content":{"rendered":"<p><\/p>\n<h3 id=\"hledam-poradenstvi\">Hled\u00e1m poradenstv\u00ed<\/h3>\n<p>V\u00a0p\u0159\u00edpad\u011b, \u017ee \u0159e\u0161\u00edte i jinou \u017eivotn\u00ed situaci a pot\u0159ebujete soci\u00e1ln\u00ed a pr\u00e1vn\u00ed pomoc, pomoc s orientac\u00ed v \u010desk\u00e9m prost\u0159ed\u00ed, podporu a poradenstv\u00ed nap\u0159\u00edklad ohledn\u011b pobyt\u016f, bydlen\u00ed, vzd\u011bl\u00e1v\u00e1n\u00ed, soci\u00e1ln\u00edho zabezpe\u010den\u00ed, zam\u011bstnanosti, zdrav\u00ed a zdravotn\u00ed p\u00e9\u010de, pot\u0159ebujete propojit s\u00a0dal\u0161\u00edmi slu\u017ebami a institucemi \u010di s\u00a0l\u00e9ka\u0159em, obra\u0165te se na n\u011bkterou z\u00a0\u0159ady <a href=\"https:\/\/metropolevsech.eu\/ua\/potrebuji-resit\/pobyt-na-uzemi-ceske-republiky\/informace-pro-nove-prichozi-z-ukrajiny\/\">neziskov\u00fdch organizac\u00ed, kter\u00e9 p\u016fsob\u00ed v\u00a0Praze<\/a>, a kter\u00e9 se zab\u00fdvaj\u00ed migrac\u00ed a migrant\u016fm nab\u00edzej\u00ed rozmanit\u00e9 slu\u017eby v\u010detn\u011b poradenstv\u00ed.<\/p>\n<h3 id=\"tlumoceni-doprovody\">Tlumo\u010den\u00ed a doprovody<\/h3>\n<p>V p\u0159\u00edpad\u011b, \u017ee se chyst\u00e1te na n\u00e1v\u0161t\u011bvu \u010desk\u00e9ho za\u0159\u00edzen\u00ed \u010di l\u00e9ka\u0159e a zat\u00edm se nedomluv\u00edte dob\u0159e \u010desky, n\u011bkter\u00e9 neziskov\u00e9 organizace nab\u00edz\u00ed zdarma \u010desky mluv\u00edc\u00ed doprovod \u2013 <a href=\"https:\/\/metropolevsech.eu\/ua\/kontakty\/interkulturni-pracovnici-a-komunitni-tlumocnici\/interkulturni-pracovnik\/\">interkulturn\u00edho pracovn\u00edka<\/a>, kter\u00fd V\u00e1s k l\u00e9ka\u0159i doprovod\u00ed. Vzhledem k vysok\u00e9 popt\u00e1vce je ale pot\u0159ebn\u00e9 domlouvat slu\u017ebu s dostate\u010dn\u011b velk\u00fdm p\u0159edstihem. Ka\u017ed\u00e1 organizace disponuje tlumo\u010dn\u00edky v ur\u010dit\u00e9 jazykov\u00e9 kombinaci. Doporu\u010dujeme tedy pod\u00edvat se na jejich webov\u00e9 str\u00e1nky nebo se telefonicky zeptat na jazyky a term\u00edny, ve kter\u00fdch m\u016f\u017ee doprovod prob\u00edhat.<\/p>\n<p>N\u00ed\u017ee naleznete p\u00e1r odkaz\u016f, na kter\u00fdch m\u016f\u017eete doprovody v\u00a0Praze popt\u00e1vat:<\/p>\n<ul class=\"bullet-links\">\n<li><a href=\"https:\/\/metropolevsech.eu\/cs\/kontakty\/seznam-interkulturnich-pracovniku\/\">Seznam Interkulturn\u00edch Pracovn\u00edk\u016f<\/a><\/li>\n<li><a href=\"https:\/\/icpraha.com\/tlumoceni-a-doprovody\/\">ICP: Tlumo\u010den\u00ed a doprovody<\/a><\/li>\n<li><a href=\"https:\/\/inbaze.cz\/tlumoceni-a-doprovody\/\">InB\u00e1ze: Tlumo\u010den\u00ed a doprovody<\/a><\/li>\n<li><a href=\"https:\/\/svitlo.reenio.cz\/cs\/service\/doprovod-suprovid-z-perekladom-35904\">Svitlo: Tlumo\u010den\u00ed a doprovody<\/a><\/li>\n<li><a href=\"https:\/\/p-p-i.cz\/interkulturni-prace-praha\/\">P-p-i: Interkulturn\u00ed pr\u00e1ce<\/a><\/li>\n<li><a href=\"https:\/\/migrace.com\/o-nas\/kdo-jsme\/sluzby-interkulturni-prace\/\">Migrace.com: Interkulturn\u00ed pr\u00e1ce<\/a><\/li>\n<li><a href=\"https:\/\/praha.charita.cz\/wp-content\/uploads\/2025\/01\/001\/achp-letak-a6-tlumoceni.pdf\">Charita.cz: Tlumo\u010den\u00ed a doprovody<\/a><\/li>\n<\/ul>\n<h3 id=\"prehled-sluzeb-psychosocialni-podpory\">Co m\u016f\u017eete v Praze vyu\u017e\u00edt &#8211; p\u0159ehled slu\u017eeb psychosoci\u00e1ln\u00ed podpory<\/h3>\n<p>Jeliko\u017e si organizace pracuj\u00edc\u00ed s\u00a0uprchl\u00edky a cizinci v\u00a0Praze uv\u011bdomuj\u00ed, jak d\u016fle\u017eitou roli psychosoci\u00e1ln\u00ed slu\u017eby hraj\u00ed, jak d\u016fle\u017eit\u00e9 je poskytovat pomoc se zvl\u00e1d\u00e1n\u00edm p\u0159ek\u00e1\u017eek a v\u00fdzev, spole\u010dn\u011b nach\u00e1zet zp\u016fsoby, jak se vyrovnat s\u00a0traumaty a stresem, stabilizovat du\u0161evn\u00ed zdrav\u00ed, zlep\u0161it du\u0161evn\u00ed pohodu, nav\u00e1zat soci\u00e1ln\u00ed vazby a v\u016fbec naj\u00edt podporu v\u00a0nov\u00e9m prost\u0159ed\u00ed, vytv\u00e1\u0159\u00ed programy a projekty, v\u00a0r\u00e1mci kter\u00fdch nab\u00edz\u00ed pomoc, individu\u00e1ln\u00ed \u010di skupinovou terapii, komunitn\u00ed zapojen\u00ed, soci\u00e1ln\u00ed vazby, kulturn\u00ed setk\u00e1n\u00ed, \u00fa\u010dast na lok\u00e1ln\u00edch akc\u00edch, spole\u010densk\u00fdch a um\u011bleck\u00fdch aktivit\u00e1ch \u010di \u00fa\u010dast v\u00a0podp\u016frn\u00fdch skupin\u00e1ch s\u00a0c\u00edlem udr\u017een\u00ed \u010di znovunalezen\u00ed du\u0161evn\u00ed rovnov\u00e1hy.<\/p>\n<p>Zmapovali jsme pro v\u00e1s dostupn\u00e9 mo\u017enosti:<\/p>\n<p><a href=\"https:\/\/metropolevsech.eu\/cs\/zdravotni-informace-pro-drzitele-docasne-ochrany\/pece-o-dusevni-zdravi\/prehled-sluzeb-psychosocialni-podpory-v-praze\/\" class=\"buttonIKP\"><i class=\"gg-chevron-right\"><\/i>P\u0159ehled slu\u017eeb psychosoci\u00e1ln\u00ed podpory v Praze<\/a><\/p>\n<p>Seznam obsahuje v\u00fd\u010det aktivit t\u011bch organizac\u00ed, kter\u00e9 se dobrovoln\u011b zapojily do mapov\u00e1n\u00ed slu\u017eeb pro dr\u017eitele do\u010dasn\u00e9 ochrany v Praze a obsa\u017een\u00e9 informace <strong>pr\u016fb\u011b\u017en\u011b aktualizujeme<\/strong> <strong>\u00a0pro rok 2026<\/strong>. Pokud se v seznamu nenajdete, ale r\u00e1di byste n\u00e1m o aktivit\u00e1ch sv\u00e9 organizace zam\u011b\u0159en\u00fdch na podporu du\u0161evn\u00edho zdrav\u00ed dr\u017eitel\u016f do\u010dasn\u00e9 ochrany v Praze dali v\u011bd\u011bt, napi\u0161te n\u00e1m na <a target=\"_blank\" href=\"mailto:sona.cziczey@praha.eu\" rel=\"noopener\">sona.cziczey@praha.eu<\/a>\u00a0a r\u00e1di v\u00e1s do rozcestn\u00edku p\u0159id\u00e1me. Stejn\u011b tak, pokud do\u0161lo k\u00a0aktualizaci informac\u00ed k\u00a0va\u0161im projekt\u016fm, slu\u017eb\u00e1m a aktivit\u00e1m.<\/p>","protected":false},"excerpt":{"rendered":"<p>Hled\u00e1m poradenstv\u00ed V\u00a0p\u0159\u00edpad\u011b, \u017ee \u0159e\u0161\u00edte i jinou \u017eivotn\u00ed situaci a pot\u0159ebujete soci\u00e1ln\u00ed a pr\u00e1vn\u00ed pomoc, pomoc s orientac\u00ed v \u010desk\u00e9m prost\u0159ed\u00ed, podporu a poradenstv\u00ed nap\u0159\u00edklad ohledn\u011b pobyt\u016f, bydlen\u00ed, vzd\u011bl\u00e1v\u00e1n\u00ed, soci\u00e1ln\u00edho zabezpe\u010den\u00ed, zam\u011bstnanosti, zdrav\u00ed a zdravotn\u00ed p\u00e9\u010de, pot\u0159ebujete propojit s\u00a0dal\u0161\u00edmi slu\u017ebami&#8230;<\/p>\n<a class=\"more-block\" href=\"https:\/\/metropolevsech.eu\/cs\/zdravotni-informace-pro-drzitele-docasne-ochrany\/pece-o-dusevni-zdravi\/uzitecne-odkazy-a-kontakty-na-pomahajici-organizace-v-praze\/\">\u010c\u00edst v\u00edce<\/a>","protected":false},"author":7,"featured_media":0,"parent":23617,"menu_order":5,"comment_status":"closed","ping_status":"closed","template":"","meta":[],"acf":[],"_links":{"self":[{"href":"https:\/\/metropolevsech.eu\/cs\/wp-json\/wp\/v2\/pages\/23680"}],"collection":[{"href":"https:\/\/metropolevsech.eu\/cs\/wp-json\/wp\/v2\/pages"}],"about":[{"href":"https:\/\/metropolevsech.eu\/cs\/wp-json\/wp\/v2\/types\/page"}],"author":[{"embeddable":true,"href":"https:\/\/metropolevsech.eu\/cs\/wp-json\/wp\/v2\/users\/7"}],"replies":[{"embeddable":true,"href":"https:\/\/metropolevsech.eu\/cs\/wp-json\/wp\/v2\/comments?post=23680"}],"version-history":[{"count":20,"href":"https:\/\/metropolevsech.eu\/cs\/wp-json\/wp\/v2\/pages\/23680\/revisions"}],"predecessor-version":[{"id":25086,"href":"https:\/\/metropolevsech.eu\/cs\/wp-json\/wp\/v2\/pages\/23680\/revisions\/25086"}],"up":[{"embeddable":true,"href":"https:\/\/metropolevsech.eu\/cs\/wp-json\/wp\/v2\/pages\/23617"}],"wp:attachment":[{"href":"https:\/\/metropolevsech.eu\/cs\/wp-json\/wp\/v2\/media?parent=23680"}],"curies":[{"name":"wp","href":"https:\/\/api.w.org\/{rel}","templated":true}]}}