{"id":23743,"date":"2025-10-22T13:24:46","date_gmt":"2025-10-22T11:24:46","guid":{"rendered":"https:\/\/metropolevsech.eu\/?page_id=23743"},"modified":"2026-03-11T18:26:37","modified_gmt":"2026-03-11T17:26:37","slug":"psychiatricke-pohotovosti-a-krizova-centra-v-praze-zdravotnicka-zarizeni","status":"publish","type":"page","link":"https:\/\/metropolevsech.eu\/cs\/zdravotni-informace-pro-drzitele-docasne-ochrany\/pece-o-dusevni-zdravi\/kdy-a-kde-vyhledat-pomoc\/psychiatricke-pohotovosti-a-krizova-centra-v-praze-zdravotnicka-zarizeni\/","title":{"rendered":"Psychiatrick\u00e9 pohotovosti a krizov\u00e1 centra v Praze (zdravotnick\u00e1 za\u0159\u00edzen\u00ed)"},"content":{"rendered":"<p><\/p>\n<h4 id=\"krizove-centrum-riaps\">Krizov\u00e9 centrum RIAPS Praha<\/h4>\n<p>&nbsp;<\/p>\n<ul>\n<li>Chel\u010dick\u00e9ho 39, 130 00 Praha 3<\/li>\n<li>+420 222 586\u00a0768<\/li>\n<li><a href=\"mailto:riaps@csspraha.cz\">riaps@csspraha.cz<\/a><\/li>\n<li>informace poch\u00e1z\u00ed z\u00a0<a href=\"https:\/\/www.csspraha.cz\/kc-riaps\">webu<\/a> organizace<\/li>\n<\/ul>\n<p>Je zdravotnick\u00e9 za\u0159\u00edzen\u00ed poskytuj\u00edc\u00ed komplexn\u00ed p\u00e9\u010di o \u010dlov\u011bka v n\u00e1ro\u010dn\u00fdch \u017eivotn\u00edch situac\u00edch, kter\u00e9 ohro\u017euj\u00ed jeho psychick\u00e9 zdrav\u00ed. Spojuje psychology, psychiatry, zdravotn\u00ed sestry \u2013 terapeutky a soci\u00e1ln\u00ed pracovn\u00edky do jednoho t\u00fdmu, kter\u00fd pom\u00e1h\u00e1 klient\u016fm p\u0159i aktivn\u00edm \u0159e\u0161en\u00ed jejich probl\u00e9m\u016f.<\/p>\n<p>Poskytuje krizovou intervenci a psychologickou podporu s\u00a0c\u00edlem stabilizace aktu\u00e1ln\u011b vznikl\u00e9 situace. Pracuj\u00ed s\u00a0plnolet\u00fdmi klienty. P\u00e9\u010de je kr\u00e1tkodob\u00e1, pohotovostn\u00ed slu\u017eba je poskytovan\u00e1 nep\u0159etr\u017eit\u011b, slu\u017eby jsou hrazeny zdravotn\u00edm poji\u0161t\u011bn\u00edm, pohotovostn\u00ed poplatek \u010din\u00ed 90,- K\u010d.<\/p>\n<h4 id=\"centrum-krizove-intervence-bohnice\">Centrum krizov\u00e9 intervence pod Psychiatrickou nemocnic\u00ed Bohnice<\/h4>\n<p>&nbsp;<\/p>\n<ul>\n<li>\u00dastavn\u00ed 91, 181 02 Praha 8<\/li>\n<li>+420 284 016\u00a0110<\/li>\n<li>informace poch\u00e1z\u00ed <a href=\"https:\/\/bohnice.cz\/odborna-pracoviste\/centrum-krizove-intervence\/\">webu<\/a> organizace<\/li>\n<\/ul>\n<p>&nbsp;<\/p>\n<p>C\u00edlovou skupinou jsou dosp\u011bl\u00ed od 18 let, poskytuje nep\u0159etr\u017eitou p\u00e9\u010di v oblasti \u010dasn\u00e9 krizov\u00e9 intervence p\u0159ev\u00e1\u017en\u011b ambulantn\u00edho charakteru s mo\u017enou hospitalizac\u00ed maxim\u00e1ln\u011b do 6 o\u0161et\u0159ovac\u00edch dn\u016f. Nab\u00edz\u00ed pomoc nep\u0159etr\u017eit\u011b a bez p\u0159edchoz\u00edho objedn\u00e1n\u00ed.<\/p>\n<p>Centrum krizov\u00e9 intervence (CKI) poskytuje krizovou intervenci a psychologickou podporu. T\u00fdm krizov\u00fdch intervent\u016f CKI sest\u00e1v\u00e1 z psycholog\u016f, psychiatr\u016f a zdravotn\u00edch sester. Klient\u016fm poskytuje podporu v krizov\u00fdch situac\u00edch, kter\u00e9 nejsou aktu\u00e1ln\u011b schopni zvl\u00e1dat vlastn\u00edmi silami.<\/p>\n<p>C\u00edlem intervence je, aby se klient ve sv\u00e9 situaci vyznal a byl schopen p\u0159evz\u00edt kompetence pro jej\u00ed \u0159e\u0161en\u00ed. V indikovan\u00fdch p\u0159\u00edpadech m\u016f\u017ee b\u00fdt krizov\u00e1 intervence roz\u0161\u00ed\u0159ena i o farmakoterapii a cel\u00e9 spektrum psychoterapeutick\u00fdch aktivit. P\u00e9\u010de CKI o klienta je v\u017edy kr\u00e1tkodob\u00e1 a nenahrazuje p\u00e9\u010di psychologick\u00e9 \u010di psychiatrick\u00e9 ambulance.<\/p>\n<h4 id=\"centrum-krizove-pece-vfn\">Centrum krizov\u00e9 p\u00e9\u010de \u2013 V\u0161eobecn\u00e1 fakultn\u00ed nemocnice v\u00a0Praze<\/h4>\n<p>&nbsp;<\/p>\n<ul>\n<li>Ke Karlovu 11, 128 08 Praha 2 (budova D1, p\u0159\u00edzem\u00ed)<\/li>\n<li>+420 605 851 658 telefonn\u00ed krizov\u00e1 linka (prozat\u00edm v dob\u011b 8\u201315 hodin)<\/li>\n<li>informace poch\u00e1z\u00ed z\u00a0<a href=\"https:\/\/www.vfn.cz\/pacienti\/kliniky-ustavy\/psychiatricka-klinika\/specializovana-centra\/\">webu<\/a> organizace<\/li>\n<\/ul>\n<p>&nbsp;<\/p>\n<p>Pro osobn\u00ed n\u00e1v\u0161t\u011bvy Centrum krizov\u00e9 p\u00e9\u010de VFN v Praze poskytuje psychiatrickou, psychologickou a terapeutickou pomoc p\u0159i stabilizaci krize v\u202fbezpe\u010dn\u00e9m a podp\u016frn\u00e9m prost\u0159ed\u00ed. Nab\u00edz\u00ed kr\u00e1tkodobou krizovou stabiliza\u010dn\u00ed p\u00e9\u010di a podporu v takov\u00fdch \u017eivotn\u00edch situac\u00edch, kter\u00e9 ji\u017e nelze zvl\u00e1dat vlastn\u00edmi silami a je pot\u0159eba pomoci s jejich konstruktivn\u00edm \u0159e\u0161en\u00edm.<\/p>\n<p>Poskytuje specializovanou podporu, v p\u0159\u00edpad\u011b pot\u0159eby tak\u00e9 indikaci dal\u0161\u00edch zdravotnick\u00fdch slu\u017eeb v\u010detn\u011b p\u0159\u00edpadn\u00e9 hospitalizace. Nad r\u00e1mec uveden\u00e9ho d\u00e1le poskytuje poradenstv\u00ed, podporu a orientaci v n\u00e1vazn\u00fdch slu\u017eb\u00e1ch a koordinaci spolupr\u00e1ce s dal\u0161\u00edmi n\u00e1vazn\u00fdmi slu\u017ebami, kter\u00e9 mohou b\u00fdt u\u017eite\u010dn\u00e9 p\u0159i \u0159e\u0161en\u00ed konkr\u00e9tn\u00ed krize.<\/p>\n<p>Sou\u010dasn\u011b zabezpe\u010duje telefonn\u00ed krizovou linku 605\u202f851\u00a0658 poskytuj\u00edc\u00ed psychosoci\u00e1ln\u00ed intervenci, poradenstv\u00ed, podporu a orientaci v\u202fdal\u0161\u00edch slu\u017eb\u00e1ch.<\/p>","protected":false},"excerpt":{"rendered":"<p>Krizov\u00e9 centrum RIAPS Praha &nbsp; Chel\u010dick\u00e9ho 39, 130 00 Praha 3 +420 222 586\u00a0768 riaps@csspraha.cz informace poch\u00e1z\u00ed z\u00a0webu organizace Je zdravotnick\u00e9 za\u0159\u00edzen\u00ed poskytuj\u00edc\u00ed komplexn\u00ed p\u00e9\u010di o \u010dlov\u011bka v n\u00e1ro\u010dn\u00fdch \u017eivotn\u00edch situac\u00edch, kter\u00e9 ohro\u017euj\u00ed jeho psychick\u00e9 zdrav\u00ed. Spojuje psychology, psychiatry, zdravotn\u00ed&#8230;<\/p>\n<a class=\"more-block\" href=\"https:\/\/metropolevsech.eu\/cs\/zdravotni-informace-pro-drzitele-docasne-ochrany\/pece-o-dusevni-zdravi\/kdy-a-kde-vyhledat-pomoc\/psychiatricke-pohotovosti-a-krizova-centra-v-praze-zdravotnicka-zarizeni\/\">\u010c\u00edst v\u00edce<\/a>","protected":false},"author":12,"featured_media":0,"parent":23652,"menu_order":1,"comment_status":"closed","ping_status":"closed","template":"","meta":[],"acf":[],"_links":{"self":[{"href":"https:\/\/metropolevsech.eu\/cs\/wp-json\/wp\/v2\/pages\/23743"}],"collection":[{"href":"https:\/\/metropolevsech.eu\/cs\/wp-json\/wp\/v2\/pages"}],"about":[{"href":"https:\/\/metropolevsech.eu\/cs\/wp-json\/wp\/v2\/types\/page"}],"author":[{"embeddable":true,"href":"https:\/\/metropolevsech.eu\/cs\/wp-json\/wp\/v2\/users\/12"}],"replies":[{"embeddable":true,"href":"https:\/\/metropolevsech.eu\/cs\/wp-json\/wp\/v2\/comments?post=23743"}],"version-history":[{"count":19,"href":"https:\/\/metropolevsech.eu\/cs\/wp-json\/wp\/v2\/pages\/23743\/revisions"}],"predecessor-version":[{"id":25075,"href":"https:\/\/metropolevsech.eu\/cs\/wp-json\/wp\/v2\/pages\/23743\/revisions\/25075"}],"up":[{"embeddable":true,"href":"https:\/\/metropolevsech.eu\/cs\/wp-json\/wp\/v2\/pages\/23652"}],"wp:attachment":[{"href":"https:\/\/metropolevsech.eu\/cs\/wp-json\/wp\/v2\/media?parent=23743"}],"curies":[{"name":"wp","href":"https:\/\/api.w.org\/{rel}","templated":true}]}}