{"id":23745,"date":"2025-10-22T13:25:54","date_gmt":"2025-10-22T11:25:54","guid":{"rendered":"https:\/\/metropolevsech.eu\/?page_id=23745"},"modified":"2026-03-24T16:28:26","modified_gmt":"2026-03-24T15:28:26","slug":"dalsi-zarizeni-v-praze-dostupna-pro-krizovou-nebo-vcasnou-peci","status":"publish","type":"page","link":"https:\/\/metropolevsech.eu\/cs\/zdravotni-informace-pro-drzitele-docasne-ochrany\/pece-o-dusevni-zdravi\/kdy-a-kde-vyhledat-pomoc\/dalsi-zarizeni-v-praze-dostupna-pro-krizovou-nebo-vcasnou-peci\/","title":{"rendered":"Dal\u0161\u00ed za\u0159\u00edzen\u00ed v Praze dostupn\u00e1 pro krizovou nebo v\u010dasnou p\u00e9\u010di"},"content":{"rendered":"<p><\/p>\n<h4 id=\"krizovy-tym-fokus\">Krizov\u00fd t\u00fdm Fokus<\/h4>\n<p><i>Uveden\u00e9 informace poch\u00e1z\u00ed z\u00a0<a href=\"https:\/\/fokus-praha.cz\/co-delame\/sluzby-pro-lidi-s-dusevnim-onemocnenim\/krizovy-tym-fokus-praha\/\">webu<\/a> organizace<\/i><\/p>\n<p>Registrov\u00e1n v souladu se z\u00e1konem o soci\u00e1ln\u00edch slu\u017eb\u00e1ch jako slu\u017eba Krizov\u00e1 pomoc. T\u00fdm tvo\u0159\u00ed zku\u0161en\u00ed soci\u00e1ln\u00ed pracovn\u00edci, psychologov\u00e9, psychiatrick\u00e9 sestry a psychiat\u0159i. Slu\u017ebu poskytuj\u00ed lidem od 16 let, \u017eij\u00edc\u00edm na \u00fazem\u00ed Prahy. Poskytuj\u00ed osobn\u00ed, telefonick\u00e9, chatov\u00e9 nebo e-mailov\u00e9 konzultace, po p\u0159edchoz\u00ed domluv\u011b i v dom\u00e1c\u00edm prost\u0159ed\u00ed \u010di jinde v ter\u00e9nu. Pom\u00e1haj\u00ed p\u0159edej\u00edt i zvl\u00e1dnout krizov\u00e9 situace spojen\u00e9 se zhor\u0161en\u00edm psychick\u00e9ho stavu. Pomohou s orientac\u00ed ve slo\u017eit\u00e9 osobn\u00ed situaci a v jej\u00edm \u0159e\u0161en\u00ed. Po domluv\u011b m\u016f\u017eou nab\u00eddnout intenzivn\u00ed psychiatrickou, psychologickou a soci\u00e1ln\u00ed podporu i v dom\u00e1c\u00edm prost\u0159ed\u00ed s c\u00edlem zvl\u00e1dnout zhor\u0161en\u00ed psychick\u00e9ho zdravotn\u00edho stavu mimo nemocnici.<\/p>\n<p>V p\u0159\u00edpad\u011b du\u0161evn\u00ed krize je mo\u017en\u00e9 zavolat na tel. \u010d\u00edslo + 420 777 800 983. Slu\u017eba je poskytov\u00e1na ka\u017ed\u00fd v\u0161edn\u00ed den od 8.00 do 18.00. Posledn\u00ed telefonick\u00e9 hovory jsou p\u0159ijaty 30 minut p\u0159ed koncem pracovn\u00ed doby. Na chatu jsou k dispozici ka\u017ed\u00fd v\u0161edn\u00ed den od 10:00 zpravidla do 16:00. Krizov\u00fd t\u00fdm Fokus zaji\u0161\u0165uje kr\u00e1tkodob\u011bj\u0161\u00ed pomoc v\u00a0krizov\u00e9 situaci s\u00a0nav\u00e1z\u00e1n\u00edm na dal\u0161\u00ed p\u00e9\u010di, kdy V\u00e1m jeho pracovn\u00edci pom\u016f\u017eou s orientac\u00ed v s\u00edti nab\u00edzen\u00fdch a dostupn\u00fdch slu\u017eeb, p\u0159\u00edpadn\u011b s jejich zprost\u0159edkov\u00e1n\u00edm. Slu\u017eba je zdarma, p\u0159\u00edpadn\u011b hrazena ze zdravotn\u00edho poji\u0161t\u011bn\u00ed.<\/p>\n<h4 id=\"krizova-intervence-sosdiakonie\">Krizov\u00e1 intervence SOS Diakonie<\/h4>\n<p><i>Uveden\u00e9 informace poch\u00e1z\u00ed z\u00a0<a href=\"https:\/\/praha.diakonie.cz\/sos-centrum\/\">webu<\/a> organizace<\/i><\/p>\n<p>Krizov\u00e1 pomoc (v\u00a0r\u00e1mci soci\u00e1ln\u00edch slu\u017eeb) \u2013 poskytuje krizovou intervenci, jej\u00edm\u017e c\u00edlem je podpora bezpe\u010d\u00ed klienta p\u0159i \u0159e\u0161en\u00ed krizov\u00e9 situace, tj.\u00a0 zastavit, odd\u00e1lit \u010di zm\u00edrnit sebedestruktivn\u00ed \u010di agresivn\u00ed tendence, stabilizovat psychick\u00fd a\u00a0emo\u010dn\u00ed stav klienta, podpora schopnost\u00ed klienta \u0159e\u0161it krizovou situaci, pomoci klientovi orientovat se v\u00a0situaci, podat pot\u0159ebn\u00e9 informace,\u00a0nab\u00eddnout mo\u017en\u00e9 alternativy \u0159e\u0161en\u00ed, nab\u00eddnout pl\u00e1n na nejbli\u017e\u0161\u00ed obdob\u00ed.<\/p>\n<p>Maxim\u00e1ln\u00ed d\u00e9lka spolupr\u00e1ce s\u00a0klientem je v\u00a0indikovan\u00fdch p\u0159\u00edpadech\u00a012 setk\u00e1n\u00ed. Krizov\u00e1 intervence je akutn\u00ed jednor\u00e1zov\u00e1, p\u0159\u00edpadn\u011b kr\u00e1tkodob\u00e1 psychologick\u00e1 a\u00a0soci\u00e1ln\u00ed pomoc, kter\u00e1 je ur\u010dena lidem v\u00a0obt\u00ed\u017en\u00e9 \u017eivotn\u00ed situaci. Pracovn\u00edci mapuj\u00ed aktu\u00e1ln\u00ed situaci klienta, nab\u00edzej\u00ed pochopen\u00ed a spole\u010dn\u011b pak formuluj\u00ed zak\u00e1zku a\u00a0pracuj\u00ed na jej\u00edm \u0159e\u0161en\u00ed.<\/p>\n<h4 id=\"krizova-pomoc-dumtriprani\"><b>Krizov\u00e1 pomoc d\u011btem \u2013 Zahrada pro du\u0161i, p. \u043e., D\u016fm t\u0159\u00ed p\u0159\u00e1n\u00ed<\/b><\/h4>\n<p><i>Uveden\u00e9 informace poch\u00e1z\u00ed z\u00a0<a href=\"https:\/\/zahradaprodusi.cz\/dum-tri-prani\/krizova-pomoc-detem\/\">webu <\/a>organizace<\/i><\/p>\n<p>Registrovan\u00e1 soci\u00e1ln\u00ed slu\u017eba Krizov\u00e1 pomoc. Pom\u00e1h\u00e1 d\u011btem a dosp\u00edvaj\u00edc\u00edm ve v\u011bku 6 &#8211; 18 let p\u0159ekonat krizovou nebo n\u00e1ro\u010dnou \u017eivotn\u00ed situaci, kterou nejsou schopni \u0159e\u0161it vlastn\u00edmi silami nebo za pomoci sv\u00e9 rodiny. Pom\u00e1h\u00e1 zorientovat se v dan\u00e9 situaci a spole\u010dn\u011b nach\u00e1zet jej\u00ed \u0159e\u0161en\u00ed. Slu\u017eba je bezplatn\u00e1, d\u00edt\u011b m\u016f\u017ee zavolat, domluvit se, p\u0159ij\u00edt anonymn\u011b.<\/p>\n<h4 id=\"vcasna-pomoc-nakel\">V\u010dasn\u00e1 psychologick\u00e1 pomoc N\u00e1kel<\/h4>\n<p><i>Uveden\u00e9 informace poch\u00e1z\u00ed z\u00a0<a href=\"https:\/\/www.nakel.cz\/\">webu<\/a> organizace<\/i><\/p>\n<p>N\u00e1kel je centrum pro v\u010dasnou pomoc d\u011btem a dosp\u00edvaj\u00edc\u00edm s du\u0161evn\u00edmi obt\u00ed\u017eemi, kter\u00e9 se zam\u011b\u0159uje na poskytov\u00e1n\u00ed psychologick\u00e9 podpory v Praze. C\u00edlem je pomoci d\u011btem a rodin\u00e1m p\u0159ekonat n\u00e1ro\u010dn\u00e1 obdob\u00ed, zabr\u00e1nit zhor\u0161en\u00ed stavu a minimalizovat rizika spojen\u00e1 s akutn\u00edmi probl\u00e9my.<\/p>\n<p>Poskytuje v\u010dasnou psychologickou pomoc pro d\u011bti, dosp\u00edvaj\u00edc\u00ed a mlad\u00e9 dosp\u011bl\u00e9 od 12 do 26 let (do\u010dasn\u011b pouze ve v\u011bku 12\u201320 let), kte\u0159\u00ed maj\u00ed psychick\u00e9 obt\u00ed\u017ee a nemaj\u00ed ani psychologickou, ani psychiatrickou p\u00e9\u010di, tedy zat\u00edm nejsou v ambulantn\u00ed p\u00e9\u010di psychiatra, resp. psychologa. S psychologem, se kter\u00fdm zde budete m\u00edt mo\u017enost se o Va\u0161\u00ed situaci poradit, se dohodnete, co by bylo vhodn\u00e9 d\u00e1le d\u011blat. Existuje mo\u017enost i v\u00edce r\u016fzn\u00fdch intervenc\u00ed a terapeutick\u00fdch postup\u016f, kter\u00e9 se p\u0159izp\u016fsobuj\u00ed konkr\u00e9tn\u00ed situaci. M\u016f\u017eete se tak\u00e9 setkat s psychiatrem, pokud v t\u00fdmu rozhodnou, \u017ee je ve Va\u0161em p\u0159\u00edpad\u011b konzultace s psychiatrem indikovan\u00e1. Nejedn\u00e1 se o krizovou okam\u017eitou p\u00e9\u010di, a proto je nutn\u00e9 p\u0159edchoz\u00ed objedn\u00e1n\u00ed. Jeliko\u017e se v\u0161ak jedn\u00e1 o v\u010dasnou psychologickou pomoc, \u010dekac\u00ed lh\u016fty jsou p\u0159\u00edzniv\u00e9 (\u0159\u00e1dov\u011b p\u00e1r t\u00fddn\u016f).<\/p>\n<p>Centrum N\u00e1kel pe\u010duje i o klienty po krizov\u00e9 p\u00e9\u010di, kte\u0159\u00ed zat\u00edm nemaj\u00ed sv\u00e9ho psychiatra. Jedn\u00e1 se o kr\u00e1tkodobou slu\u017ebu a klienti jsou d\u00e1l navazov\u00e1ni do n\u00e1sledn\u00fdch slu\u017eeb. T\u00fdm tvo\u0159\u00ed psycholo\u017eky a psychologov\u00e9, psychiatrick\u00e1 sestra a psychiat\u0159i. N\u00e1kel je zdravotnick\u00e9 za\u0159\u00edzen\u00ed a p\u00e9\u010de zde je hrazena z\u00a0ve\u0159ejn\u00e9ho zdravotn\u00edho poji\u0161t\u011bn\u00ed.<\/p>","protected":false},"excerpt":{"rendered":"<p>Krizov\u00fd t\u00fdm Fokus Uveden\u00e9 informace poch\u00e1z\u00ed z\u00a0webu organizace Registrov\u00e1n v souladu se z\u00e1konem o soci\u00e1ln\u00edch slu\u017eb\u00e1ch jako slu\u017eba Krizov\u00e1 pomoc. T\u00fdm tvo\u0159\u00ed zku\u0161en\u00ed soci\u00e1ln\u00ed pracovn\u00edci, psychologov\u00e9, psychiatrick\u00e9 sestry a psychiat\u0159i. Slu\u017ebu poskytuj\u00ed lidem od 16 let, \u017eij\u00edc\u00edm na \u00fazem\u00ed Prahy&#8230;.<\/p>\n<a class=\"more-block\" href=\"https:\/\/metropolevsech.eu\/cs\/zdravotni-informace-pro-drzitele-docasne-ochrany\/pece-o-dusevni-zdravi\/kdy-a-kde-vyhledat-pomoc\/dalsi-zarizeni-v-praze-dostupna-pro-krizovou-nebo-vcasnou-peci\/\">\u010c\u00edst v\u00edce<\/a>","protected":false},"author":12,"featured_media":0,"parent":23652,"menu_order":2,"comment_status":"closed","ping_status":"closed","template":"","meta":[],"acf":[],"_links":{"self":[{"href":"https:\/\/metropolevsech.eu\/cs\/wp-json\/wp\/v2\/pages\/23745"}],"collection":[{"href":"https:\/\/metropolevsech.eu\/cs\/wp-json\/wp\/v2\/pages"}],"about":[{"href":"https:\/\/metropolevsech.eu\/cs\/wp-json\/wp\/v2\/types\/page"}],"author":[{"embeddable":true,"href":"https:\/\/metropolevsech.eu\/cs\/wp-json\/wp\/v2\/users\/12"}],"replies":[{"embeddable":true,"href":"https:\/\/metropolevsech.eu\/cs\/wp-json\/wp\/v2\/comments?post=23745"}],"version-history":[{"count":17,"href":"https:\/\/metropolevsech.eu\/cs\/wp-json\/wp\/v2\/pages\/23745\/revisions"}],"predecessor-version":[{"id":25150,"href":"https:\/\/metropolevsech.eu\/cs\/wp-json\/wp\/v2\/pages\/23745\/revisions\/25150"}],"up":[{"embeddable":true,"href":"https:\/\/metropolevsech.eu\/cs\/wp-json\/wp\/v2\/pages\/23652"}],"wp:attachment":[{"href":"https:\/\/metropolevsech.eu\/cs\/wp-json\/wp\/v2\/media?parent=23745"}],"curies":[{"name":"wp","href":"https:\/\/api.w.org\/{rel}","templated":true}]}}