{"id":23748,"date":"2025-10-22T13:31:17","date_gmt":"2025-10-22T11:31:17","guid":{"rendered":"https:\/\/metropolevsech.eu\/?page_id=23748"},"modified":"2026-03-11T18:33:32","modified_gmt":"2026-03-11T17:33:32","slug":"krizove-linky","status":"publish","type":"page","link":"https:\/\/metropolevsech.eu\/cs\/zdravotni-informace-pro-drzitele-docasne-ochrany\/pece-o-dusevni-zdravi\/kdy-a-kde-vyhledat-pomoc\/krizove-linky\/","title":{"rendered":"Krizov\u00e9 linky"},"content":{"rendered":"<p>Pokud proch\u00e1z\u00edte psychicky n\u00e1ro\u010dn\u00fdm obdob\u00edm a m\u00e1te pocit, \u017ee u\u017e to sami nezvl\u00e1dnete, m\u016f\u017eete se obr\u00e1tit na telefonn\u00ed linky, kter\u00e9 funguj\u00ed nonstop, zdarma a anonymn\u011b, a na kter\u00fdch V\u00e1m odborn\u00edci pomohou poskytnout \u00fa\u010delnou prvn\u00ed psychologickou pomoc a rovn\u011b\u017e V\u00e1s nasm\u011brovat na dal\u0161\u00ed slu\u017eby, kde se o V\u00e1s postaraj\u00ed a zajist\u00ed V\u00e1m vhodnou terapii.<\/p>\n<h3 id=\"krizove-linky-cz\">Krizov\u00e9 linky v\u00a0\u010desk\u00e9m jazyce<\/h3>\n<div style=\"width: 100%; overflow-x: auto; -webkit-overflow-scrolling: touch; display: block; padding: 20px 0px 20px 0px; box-sizing: border-box;\">\n<table style=\"border-collapse: separate; border-spacing: 0 15px; width: 100%; min-width: 650px;\">\n<tbody>\n<tr style=\"background-color: #f2f2f2;\">\n<th style=\"padding: 8px 12px 8px 12px; text-align: left;\">N\u00e1zev linky<\/th>\n<th style=\"padding: 8px 12px 8px 12px; text-align: left;\">Telefon,provozn\u00ed doba<\/th>\n<th style=\"padding: 8px 12px 8px 12px; text-align: left;\">Zam\u011b\u0159en\u00ed<\/th>\n<th style=\"padding: 8px 12px 8px 12px; text-align: left;\">Web \/ E-mail<\/th>\n<\/tr>\n<tr style=\"background-color: #fff;\">\n<td style=\"padding: 8px 12px 8px 12px;\">Pra\u017esk\u00e1 linka d\u016fv\u011bry<\/td>\n<td style=\"padding: 8px 12px 8px 12px;\">+420\u00a0222\u00a0580\u00a0697, nonstop<\/td>\n<td style=\"padding: 8px 12px 8px 12px;\">Pro celou populaci<\/td>\n<td style=\"padding: 8px 12px 8px 12px;\"><a target=\"_blank\" href=\"https:\/\/www.csspraha.cz\" rel=\"noopener\">www.csspraha.cz<\/a><\/td>\n<\/tr>\n<tr style=\"background-color: #fafafa;\">\n<td style=\"padding: 8px 12px 8px 12px;\">Linka prvn\u00ed psychick\u00e9 pomoci<\/td>\n<td style=\"padding: 8px 12px 8px 12px;\">116\u00a0123, nonstop<\/td>\n<td style=\"padding: 8px 12px 8px 12px;\">Dosp\u011bl\u00ed v krizi a jejich bl\u00edzc\u00ed (od 18 let)<\/td>\n<td style=\"padding: 8px 12px 8px 12px;\"><a target=\"_blank\" href=\"https:\/\/www.linkapsychickepomoci.cz\" rel=\"noopener\">www.linkapsychickepomoci.cz<\/a><\/td>\n<\/tr>\n<tr style=\"background-color: #fff;\">\n<td style=\"padding: 8px 12px 8px 12px;\">Linka bezpe\u010d\u00ed<\/td>\n<td style=\"padding: 8px 12px 8px 12px;\">116\u00a0111, nonstop<\/td>\n<td style=\"padding: 8px 12px 8px 12px;\">D\u011bti, ml\u00e1de\u017e a studenti do 26 let<\/td>\n<td style=\"padding: 8px 12px 8px 12px;\"><a target=\"_blank\" href=\"https:\/\/www.linkabezpeci.cz\/pomoc\" rel=\"noopener\">www.linkabezpeci.cz\/pomoc<\/a><br \/>\npomoc@linkabezpeci.cz<\/td>\n<\/tr>\n<tr style=\"background-color: #fafafa;\">\n<td style=\"padding: 8px 12px 8px 12px;\">Linka pro rodinu a \u0161kolu<\/td>\n<td style=\"padding: 8px 12px 8px 12px;\">116\u00a0000<\/td>\n<td style=\"padding: 8px 12px 8px 12px;\">Dosp\u011bl\u00ed, kte\u0159\u00ed maj\u00ed starost o d\u00edt\u011b<\/td>\n<td style=\"padding: 8px 12px 8px 12px;\"><a target=\"_blank\" href=\"https:\/\/www.linkaztracenedite.cz\" rel=\"noopener\">www.linkaztracenedite.cz<\/a><br \/>\ninfo@ztracenedite.cz<\/td>\n<\/tr>\n<tr style=\"background-color: #fff;\">\n<td style=\"padding: 8px 12px 8px 12px;\">Linka d\u016fv\u011bry D\u011btsk\u00e9ho krizov\u00e9ho centra<\/td>\n<td style=\"padding: 8px 12px 8px 12px;\">+420\u00a0241\u00a0484\u00a0149, nonstop<\/td>\n<td style=\"padding: 8px 12px 8px 12px;\">Ohro\u017een\u00e9 d\u011bti a dosp\u00edvaj\u00edc\u00ed<\/td>\n<td style=\"padding: 8px 12px 8px 12px;\"><a target=\"_blank\" href=\"https:\/\/www.ditekrize.cz\" rel=\"noopener\">www.ditekrize.cz<\/a><\/td>\n<\/tr>\n<tr style=\"background-color: #fafafa;\">\n<td style=\"padding: 8px 12px 8px 12px;\">Senior telefon<\/td>\n<td style=\"padding: 8px 12px 8px 12px;\">800\u00a0157\u00a0157, nonstop<\/td>\n<td style=\"padding: 8px 12px 8px 12px;\">Senio\u0159i a rodiny pe\u010duj\u00edc\u00ed o seniory<\/td>\n<td style=\"padding: 8px 12px 8px 12px;\"><a target=\"_blank\" href=\"https:\/\/www.zivot90.cz\" rel=\"noopener\">www.zivot90.cz<\/a><\/td>\n<\/tr>\n<tr style=\"background-color: #fff;\">\n<td style=\"padding: 8px 12px 8px 12px;\">Linka senior\u016f Elpida<\/td>\n<td style=\"padding: 8px 12px 8px 12px;\">800\u00a0200\u00a0007, 8:00\u201120:00<\/td>\n<td style=\"padding: 8px 12px 8px 12px;\">Senio\u0159i, anonymn\u00ed odborn\u00e1 pomoc<\/td>\n<td style=\"padding: 8px 12px 8px 12px;\"><a target=\"_blank\" href=\"https:\/\/linka-senioru.elpida.cz\/krizova-pomoc\" rel=\"noopener\">linka-senioru.elpida.cz<\/a><br \/>\nlinkasenioru@elpida.cz<\/td>\n<\/tr>\n<\/tbody>\n<\/table>\n<\/div>\n<p>Aktualizovan\u00fd seznam v\u0161ech 31 specializovan\u00fdch i obecn\u00fdch linek d\u016fv\u011bry \u010cR naleznete na webu <a href=\"https:\/\/www.capld.cz\/linky-duvery-cr\/\">\u010cesk\u00e9 asociace pracovi\u0161\u0165 linek d\u016fv\u011bry<\/a>.<\/p>\n<p>Obyvatel\u016fm Prahy je v\u00a0<a href=\"https:\/\/www.zachrankaapp.cz\/\">Aplikaci Z\u00e1chranka<\/a> dostupn\u00fd i modul Psychosoci\u00e1ln\u00ed pomoc. Tento modul umo\u017e\u0148uje Pra\u017ean\u016fm a n\u00e1v\u0161t\u011bvn\u00edk\u016fm metropole vyhledat pomoc, mimo jin\u00e9, i v p\u0159\u00edpad\u011b akutn\u00edch du\u0161evn\u00edch obt\u00ed\u017e\u00ed. Tato nov\u00e1 funkcionalita je k dispozici v\u0161em u\u017eivatel\u016fm, kte\u0159\u00ed maj\u00ed sta\u017eenou <a href=\"https:\/\/praha.eu\/documents\/d\/praha\/informacni-letak-aplikace-zachranka\">aplikaci Z\u00e1chranka<\/a> ve sv\u00e9m mobiln\u00edm telefonu a pohybuj\u00ed se na \u00fazem\u00ed metropole.<\/p>\n<h3 id=\"podpurne-linky-ua\">Telefonn\u00ed krizov\u00e9 a psychosoci\u00e1ln\u00ed podp\u016frn\u00e9 linky v\u00a0ukrajinsk\u00e9m jazyce<\/h3>\n<p><a href=\"https:\/\/help.npa-ua.org\/\">Help.npa-ua.org<\/a> &#8211; ukrajinsk\u00e1 linka krizov\u00e9 intervence \/ linka pomoci NPA<\/p>\n<p>Profesion\u00e1ln\u00ed psychologick\u00e1 bezplatn\u00e1 pomoc\u00a0v obt\u00ed\u017en\u00fdch situac\u00edch pro ob\u010dany na Ukrajin\u011b a ty, kte\u0159\u00ed do\u010dasn\u011b pob\u00fdvaj\u00ed v\u00a0zahrani\u010d\u00ed.<\/p>\n<p>Linku obsluhuj\u00ed profesion\u00e1ln\u00ed psychologov\u00e9 a psychiat\u0159i s relevantn\u00edmi zku\u0161enostmi, kte\u0159\u00ed jsou vy\u0161koleni k poskytov\u00e1n\u00ed pomoci v krizov\u00fdch situac\u00edch. Specialist\u00e9 dodr\u017euj\u00ed z\u00e1kladn\u00ed etick\u00e9 standardy profese a ve\u0161ker\u00e9 \u017e\u00e1dosti o pomoc jsou d\u016fv\u011brn\u00e9. Telefonn\u00ed linky jsou v provozu ka\u017ed\u00fd den od 9:00 do 17:00 kyjevsk\u00e9ho \u010dasu. UA linka psychologick\u00e9 pomoci pro Ukrajince v zahrani\u010d\u00ed je k dispozici na bezplatn\u00fdch telefonn\u00edch \u010d\u00edslech v a\u017e 21 evropsk\u00fdch zem\u00edch.<\/p>\n<p><a href=\"https:\/\/pidtrymka.in.ua\/\">Pidtrymka.in.ua<\/a> &#8211; je psychosoci\u00e1ln\u00ed podp\u016frn\u00e1 slu\u017eba pro rodiny vojensk\u00e9ho person\u00e1lu \u2013 telefonick\u00e1 linka, podp\u016frn\u00e9 skupiny.<\/p>\n<p>Pom\u00e1h\u00e1 rodin\u00e1m vojensk\u00e9ho person\u00e1lu zvl\u00e1dat emocion\u00e1ln\u00ed v\u00fdzvy a informuje o tom, s k\u00fdm a jak komunikovat v souvislosti se soci\u00e1ln\u00edmi probl\u00e9my. Hovory jsou zdarma. Po\u010det hovor\u016f nen\u00ed omezen.<\/p>\n<h3 id=\"ostatni-podpurne-linky-ua\">Ostatn\u00ed podp\u016frn\u00e9 a poradensk\u00e9 linky v ukrajinsk\u00e9m jazyce<\/h3>\n<p><a href=\"https:\/\/www.charita.cz\/jak-pomahame\/integrace-cizincu\/infolinky-pro-cizince\/\">Integra\u010dn\u00ed linka Charity<\/a> pro cizince k z\u00e1kladn\u00edmu poradenstv\u00ed, poskytnut\u00ed informac\u00ed a podpory p\u0159i \u0159e\u0161en\u00ed n\u00e1ro\u010dn\u00fdch \u017eivotn\u00edch situac\u00ed, telefon +420 731 432 431, e-mail: ukrajina.info@charita.cz, pond\u011bl\u00ed\u2013p\u00e1tek: 8\u201316 hodin.<\/p>\n<p><a href=\"https:\/\/mzd.gov.cz\/informacni-linka-1221-pomoc-pro-obcany-ukrajiny-i-ceske-lekare-v-komunikaci-s-ukrajinskymi-pacienty\/\">Linka Ministerstva zdravotnictv\u00ed \u010cesk\u00e9 republiky<\/a>: +420\u00a0226 20 1221 \u2013 volba 3\u00a0je v provozu\u00a0v pracovn\u00ed dny od 8 do 19 hodin\u00a0a\u00a0poskytuje z\u00e1kladn\u00ed informace o zdravotn\u00ed p\u00e9\u010di v \u010cR pro ob\u010dany Ukrajiny. Slou\u017e\u00ed tak\u00e9 \u010desk\u00fdm poskytovatel\u016fm zdravotn\u00edch slu\u017eeb, kte\u0159\u00ed pot\u0159ebuj\u00ed asistenci p\u0159i komunikaci s ukrajinsk\u00fdmi pacienty, a v neposledn\u00ed \u0159ad\u011b poskytuje tak\u00e9 psychologickou podporu.<\/p>\n<p><a href=\"https:\/\/www.clovekvtisni.cz\/informatsiia-dlia-gromadian-ukrayini-8616gp\">\u010clov\u011bk v\u00a0t\u00edsni pro pomoc uprchl\u00edk\u016fm z\u00a0Ukrajiny v\u00a0\u010cesk\u00e9 republice<\/a>\u00a0provozuje linku +420 770 600 800, kter\u00e1 funguje v pracovn\u00edch dnech od pond\u011bl\u00ed do p\u00e1tku od 9 do 22 hodin. Je ur\u010dena lidem v nouzi, kte\u0159\u00ed pot\u0159ebuj\u00ed poradenstv\u00ed ohledn\u011b dluh\u016f, bydlen\u00ed, vzd\u011bl\u00e1v\u00e1n\u00ed a dal\u0161\u00edch situac\u00ed spojen\u00fdch s uprchlictv\u00edm.\u00a0Krom\u011b telefonick\u00e9 komunikace je mo\u017en\u00e9 vyu\u017e\u00edt e-mailem: helplinka.ua@clovekvtisni.cz a tak\u00e9 informace sledovat prost\u0159ednictv\u00edm <a href=\"https:\/\/www.facebook.com\/profile.php?id=100092656576618\">Facebooku<\/a>, <a href=\"https:\/\/www.instagram.com\/helplinkauacvt\/\">Instagramu<\/a>\u00a0a\u00a0<a href=\"https:\/\/t.me\/HelplinkaUACVT\">Telegramu<\/a>.<\/p>\n<p><a href=\"https:\/\/www.cckpraha1.cz\/nase-cinnost\/linka-lia\/\">Linka soci\u00e1ln\u00ed asistence LIA<\/a> pro ob\u010dany Ukrajiny poskytuje bezplatn\u00e9 soci\u00e1ln\u00ed poradenstv\u00ed v oblasti pomoci Ukrajin\u011b ka\u017ed\u00fd v\u0161edn\u00ed den (pond\u011bl\u00ed-p\u00e1tek) 9\u201317 na \u010d\u00edsle 800 60 10 20. Je ur\u010dena v\u0161em, kdo se pot\u0159ebuj\u00ed zorientovat v\u00a0tom, na co maj\u00ed lid\u00e9 prchaj\u00edc\u00ed p\u0159ed v\u00e1le\u010dn\u00fdm konfliktem na Ukrajin\u011b v\u00a0\u010cesk\u00e9 republice n\u00e1rok. Funguje v \u010de\u0161tin\u011b, ukrajin\u0161tin\u011b, ru\u0161tin\u011b a v\u00a0p\u0159\u00edpad\u011b pot\u0159eby i v rom\u0161tin\u011b a ma\u010far\u0161tin\u011b.<\/p>\n<p><a target=\"_blank\" href=\"https:\/\/czechia.iom.int\/sites\/g\/files\/tmzbdl1681\/files\/documents\/2025-11\/helpline-poster-iom-no-marks.pdf\" rel=\"noopener\" data-saferedirecturl=\"https:\/\/www.google.com\/url?q=https:\/\/czechia.iom.int\/sites\/g\/files\/tmzbdl1681\/files\/documents\/2025-11\/helpline-poster-iom-no-marks.pdf&amp;source=gmail&amp;ust=1762859059819000&amp;usg=AOvVaw1e_7_U5__GqcUU5Kz4D6XH\">Bezplatn\u00e1 linka pomoci pro osoby vystaven\u00e9 bojov\u00e9 z\u00e1t\u011b\u017ei na Ukrajin\u011b a jejich rodiny IOM Czechia<\/a>\u00a0+420 800 050 749, Po\u2013P\u00e1, 10:00\u201312:00 a 13:00\u201317:00,\u00a0<a target=\"_blank\" href=\"mailto:czhelp@iom.int\" rel=\"noopener\">czhelp@iom.int<\/a><\/p>\n<p><a href=\"https:\/\/migrace.com\/\">Poradensk\u00e1 linka Sdru\u017een\u00ed\u00a0pro integraci\u00a0a migraci<\/a>: +420 224 224\u00a0379, poradna@migrace.com, kde v\u00e1m porad\u00ed ohledn\u011b va\u0161eho aktu\u00e1ln\u00edho stavu, pr\u00e1vn\u00edch ot\u00e1zek, dokument\u016f nebo ka\u017edodenn\u00edch situac\u00ed.<\/p>","protected":false},"excerpt":{"rendered":"<p>Pokud proch\u00e1z\u00edte psychicky n\u00e1ro\u010dn\u00fdm obdob\u00edm a m\u00e1te pocit, \u017ee u\u017e to sami nezvl\u00e1dnete, m\u016f\u017eete se obr\u00e1tit na telefonn\u00ed linky, kter\u00e9 funguj\u00ed nonstop, zdarma a anonymn\u011b, a na kter\u00fdch V\u00e1m odborn\u00edci pomohou poskytnout \u00fa\u010delnou prvn\u00ed psychologickou pomoc a rovn\u011b\u017e V\u00e1s nasm\u011brovat&#8230;<\/p>\n<a class=\"more-block\" href=\"https:\/\/metropolevsech.eu\/cs\/zdravotni-informace-pro-drzitele-docasne-ochrany\/pece-o-dusevni-zdravi\/kdy-a-kde-vyhledat-pomoc\/krizove-linky\/\">\u010c\u00edst v\u00edce<\/a>","protected":false},"author":12,"featured_media":0,"parent":23652,"menu_order":3,"comment_status":"closed","ping_status":"closed","template":"","meta":[],"acf":[],"_links":{"self":[{"href":"https:\/\/metropolevsech.eu\/cs\/wp-json\/wp\/v2\/pages\/23748"}],"collection":[{"href":"https:\/\/metropolevsech.eu\/cs\/wp-json\/wp\/v2\/pages"}],"about":[{"href":"https:\/\/metropolevsech.eu\/cs\/wp-json\/wp\/v2\/types\/page"}],"author":[{"embeddable":true,"href":"https:\/\/metropolevsech.eu\/cs\/wp-json\/wp\/v2\/users\/12"}],"replies":[{"embeddable":true,"href":"https:\/\/metropolevsech.eu\/cs\/wp-json\/wp\/v2\/comments?post=23748"}],"version-history":[{"count":64,"href":"https:\/\/metropolevsech.eu\/cs\/wp-json\/wp\/v2\/pages\/23748\/revisions"}],"predecessor-version":[{"id":25080,"href":"https:\/\/metropolevsech.eu\/cs\/wp-json\/wp\/v2\/pages\/23748\/revisions\/25080"}],"up":[{"embeddable":true,"href":"https:\/\/metropolevsech.eu\/cs\/wp-json\/wp\/v2\/pages\/23652"}],"wp:attachment":[{"href":"https:\/\/metropolevsech.eu\/cs\/wp-json\/wp\/v2\/media?parent=23748"}],"curies":[{"name":"wp","href":"https:\/\/api.w.org\/{rel}","templated":true}]}}