{"id":2421,"date":"2017-02-19T20:24:20","date_gmt":"2017-02-19T19:24:20","guid":{"rendered":"https:\/\/metropolevsech.eu\/?page_id=2421"},"modified":"2026-01-13T07:39:19","modified_gmt":"2026-01-13T06:39:19","slug":"informacni-brozura-pro-migranty","status":"publish","type":"page","link":"https:\/\/metropolevsech.eu\/cs\/potrebuji-resit\/informacni-brozura-pro-migranty\/","title":{"rendered":"\u017divot v Praze &#8211; praktick\u00fd pr\u016fvodce"},"content":{"rendered":"<p>Nev\u00edte, kde za\u010d\u00edt v Praze? N\u00e1\u0161 web<span style=\"color: #0000ff;\">\u00a0<\/span><strong>&#8222;<a href=\"https:\/\/newinprague.cz\/\">V Praze jsme doma<\/a>&#8222;<\/strong> je va\u0161\u00edm spolehliv\u00fdm pr\u016fvodcem pro ka\u017edodenn\u00ed \u017eivot v hlavn\u00edm m\u011bst\u011b. Je ur\u010den v\u0161em nov\u011b p\u0159\u00edchoz\u00edm Pra\u017ean\u016fm z r\u016fzn\u00fdch kout\u016f sv\u011bta, kte\u0159\u00ed cht\u011bj\u00ed l\u00e9pe porozum\u011bt \u017eivotu ve sv\u00e9m nov\u00e9m m\u011bst\u011b.<\/p>\n<p>Na microsite, vytvo\u0159en\u00e9 ve spolupr\u00e1ci <a href=\"http:\/\/icpraha.com\"><strong>Integra\u010dn\u00edho centra Praha, o. p. s.<\/strong><\/a>, a <strong>Magistr\u00e1tu hl. m. Prahy<\/strong>, najdete praktick\u00e9 n\u00e1vody, u\u017eite\u010dn\u00e9 kontakty a tipy, kter\u00e9 v\u00e1m pomohou snadno se zorientovat, \u0159e\u0161it b\u011b\u017en\u00e9 situace a zapojit se do \u017eivota v Praze. P\u0159in\u00e1\u0161\u00ed konkr\u00e9tn\u00ed informace p\u0159izp\u016fsoben\u00e9 \u017eivotu v hlavn\u00edm m\u011bst\u011b, aby se zde ka\u017ed\u00fd c\u00edtil jako doma. Tato platforma dopl\u0148uje obsah webu Metropole v\u0161ech a je ur\u010dena pro nov\u011b p\u0159\u00edchoz\u00ed Pra\u017eany, kte\u0159\u00ed hledaj\u00ed praktick\u00e9 rady a podporu. Str\u00e1nky jsou dostupn\u00e9 v \u010de\u0161tin\u011b, angli\u010dtin\u011b, ru\u0161tin\u011b, ukrajin\u0161tin\u011b a vietnam\u0161tin\u011b.<\/p>\n<p><b>Co na microsite najdete:<\/b><\/p>\n<ul class=\"bullet\">\n<li aria-level=\"1\"><b>Interaktivn\u00ed rozcestn\u00edk: <\/b><span style=\"font-weight: 400;\">Jednodu\u0161e zodpov\u011bzte n\u011bkolik ot\u00e1zek a z\u00edskejte p\u0159ehled povinnost\u00ed a doporu\u010den\u00ed, kter\u00e9 jsou d\u016fle\u017eit\u00e9 po p\u0159\u00edjezdu do \u010cesk\u00e9 republiky pr\u00e1v\u011b pro v\u00e1s.<\/span><\/li>\n<li aria-level=\"1\"><b>Eduka\u010dn\u00ed videa: <\/b><span style=\"font-weight: 400;\">Praktick\u00e1 videa, kter\u00e1 pokr\u00fdvaj\u00ed t\u00e9mata jako zalo\u017een\u00ed \u017eivnosti, orientaci v \u010desk\u00e9m vzd\u011bl\u00e1vac\u00edm syst\u00e9mu, d\u016fchody, t\u011bhotenstv\u00ed, nebo mo\u017enosti vyu\u017eit\u00ed knihoven a dom\u016f d\u011bt\u00ed a ml\u00e1de\u017ee.<\/span><\/li>\n<li aria-level=\"1\"><b>Dvojjazy\u010dn\u00e9 komunika\u010dn\u00ed karty: <\/b><span style=\"font-weight: 400;\">Usnadn\u011bte si komunikaci na \u00fa\u0159adech a instituc\u00edch pomoc\u00ed karet obsahuj\u00edc\u00edch u\u017eite\u010dn\u00e9 v\u011bty a slovn\u00edk pro situace, jako je n\u00e1v\u0161t\u011bva OAMP, \u017eivnostensk\u00e9ho odboru, \u00fa\u0159adu pr\u00e1ce, knihovny nebo registru \u0159idi\u010d\u016f.<\/span><\/li>\n<\/ul>\n<p><b>Jak spolu weby spolupracuj\u00ed?<\/b><\/p>\n<p><span style=\"font-weight: 400;\">Zat\u00edmco na na\u0161em webu Metropole v\u0161ech najdete podrobn\u011bj\u0161\u00ed informace o \u017eivot\u011b v Praze, aktuality, pozv\u00e1nky na akce a inspirativn\u00ed p\u0159\u00edb\u011bhy Pra\u017ean\u016f z r\u016fzn\u00fdch kout\u016f sv\u011bta, microsite V Praze jsme doma p\u0159\u00edmo v\u00e1m porad\u00ed s t\u011bmi nejd\u016fle\u017eit\u011bj\u0161\u00edmi kroky po p\u0159\u00edjezdu pomoc\u00ed interaktivn\u00edho rozcestn\u00edku a poskytne praktick\u00e9 n\u00e1stroje, jako jsou komunika\u010dn\u00ed karty a n\u00e1vodn\u00e1 videa. Spole\u010dn\u011b tvo\u0159\u00ed komplexn\u00ed zdroj informac\u00ed, kter\u00fd m\u016f\u017ee vyu\u017e\u00edt ka\u017ed\u00fd nov\u011b p\u0159\u00edchoz\u00ed Pra\u017ean.<\/span><b>\u00a0<\/b><\/p>\n<p><b><div class=\"box-ok\"> P\u0159esv\u011bd\u010dte se sami, projd\u011bte si str\u00e1nky a zjist\u011bte, jak v\u00e1m tento web m\u016f\u017ee usnadnit v\u00e1\u0161 \u017eivot! <\/div> <\/b><\/p>\n<p><div class=\"box-ok\"> St\u00e1hn\u011bte si bro\u017euru &#8222;V Praze jsme doma&#8220;, kter\u00e1 p\u0159in\u00e1\u0161\u00ed kr\u00e1tk\u00e9 shrnut\u00ed z\u00e1kladn\u00edch kontakt\u016f a informac\u00ed a m\u011bjte ji v\u017edy po ruce pro rychl\u00fd p\u0159ehled. <\/div><\/p>","protected":false},"excerpt":{"rendered":"<p>Nev\u00edte, kde za\u010d\u00edt v Praze? N\u00e1\u0161 web\u00a0&#8222;V Praze jsme doma&#8222; je va\u0161\u00edm spolehliv\u00fdm pr\u016fvodcem pro ka\u017edodenn\u00ed \u017eivot v hlavn\u00edm m\u011bst\u011b. Je ur\u010den v\u0161em nov\u011b p\u0159\u00edchoz\u00edm Pra\u017ean\u016fm z r\u016fzn\u00fdch kout\u016f sv\u011bta, kte\u0159\u00ed cht\u011bj\u00ed l\u00e9pe porozum\u011bt \u017eivotu ve sv\u00e9m nov\u00e9m m\u011bst\u011b. Na&#8230;<\/p>\n<a class=\"more-block\" href=\"https:\/\/metropolevsech.eu\/cs\/potrebuji-resit\/informacni-brozura-pro-migranty\/\">\u010c\u00edst v\u00edce<\/a>","protected":false},"author":7,"featured_media":9389,"parent":736,"menu_order":1,"comment_status":"closed","ping_status":"closed","template":"","meta":[],"acf":[],"_links":{"self":[{"href":"https:\/\/metropolevsech.eu\/cs\/wp-json\/wp\/v2\/pages\/2421"}],"collection":[{"href":"https:\/\/metropolevsech.eu\/cs\/wp-json\/wp\/v2\/pages"}],"about":[{"href":"https:\/\/metropolevsech.eu\/cs\/wp-json\/wp\/v2\/types\/page"}],"author":[{"embeddable":true,"href":"https:\/\/metropolevsech.eu\/cs\/wp-json\/wp\/v2\/users\/7"}],"replies":[{"embeddable":true,"href":"https:\/\/metropolevsech.eu\/cs\/wp-json\/wp\/v2\/comments?post=2421"}],"version-history":[{"count":26,"href":"https:\/\/metropolevsech.eu\/cs\/wp-json\/wp\/v2\/pages\/2421\/revisions"}],"predecessor-version":[{"id":24314,"href":"https:\/\/metropolevsech.eu\/cs\/wp-json\/wp\/v2\/pages\/2421\/revisions\/24314"}],"up":[{"embeddable":true,"href":"https:\/\/metropolevsech.eu\/cs\/wp-json\/wp\/v2\/pages\/736"}],"wp:featuredmedia":[{"embeddable":true,"href":"https:\/\/metropolevsech.eu\/cs\/wp-json\/wp\/v2\/media\/9389"}],"wp:attachment":[{"href":"https:\/\/metropolevsech.eu\/cs\/wp-json\/wp\/v2\/media?parent=2421"}],"curies":[{"name":"wp","href":"https:\/\/api.w.org\/{rel}","templated":true}]}}