{"id":24571,"date":"2026-01-25T11:28:46","date_gmt":"2026-01-25T10:28:46","guid":{"rendered":"https:\/\/metropolevsech.eu\/?page_id=24571"},"modified":"2026-02-02T22:22:49","modified_gmt":"2026-02-02T21:22:49","slug":"obecne-ohrozeni","status":"publish","type":"page","link":"https:\/\/metropolevsech.eu\/cs\/obecne-ohrozeni\/","title":{"rendered":"Obecn\u00e9 ohro\u017een\u00ed"},"content":{"rendered":"<p><\/p>\n<h2>Obecn\u00e9 ohro\u017een\u00ed a evakuace obyvatel<\/h2>\n<p><i><span style=\"font-weight: 400;\">Zde v\u00e1m p\u0159ed\u00e1me u\u017eite\u010dn\u00e9 rady, jak postupovat v p\u0159\u00edpad\u011b obecn\u00e9ho ohro\u017een\u00ed \u2013 konkr\u00e9tn\u011b dojde-li k v\u00fdpadku proudu, nebo k \u00faniku nebezpe\u010dn\u00fdch l\u00e1tek, v p\u0159\u00edpad\u011b pot\u0159eby evakuace nebo hroz\u00ed-li povode\u0148.<\/span><\/i><\/p>\n<ul class=\"bullet\">\n<li><a href=\"https:\/\/metropolevsech.eu\/cs\/potrebuji-resit\/krizove-situace-2\/obecne-ohrozeni\/#codelatbehemvypadkuproudu\">Co d\u011blat b\u011bhem v\u00fdpadku proudu<\/a><\/li>\n<li><a href=\"https:\/\/metropolevsech.eu\/cs\/potrebuji-resit\/krizove-situace-2\/obecne-ohrozeni\/#zasadychovanipriunikunebezpecnychlatek\">Z\u00e1sady chov\u00e1n\u00ed p\u0159i \u00faniku nebezpe\u010dn\u00fdch l\u00e1tek<\/a><\/li>\n<li><a href=\"https:\/\/metropolevsech.eu\/cs\/potrebuji-resit\/krizove-situace-2\/obecne-ohrozeni\/#evakuace\">Evakuace<\/a><\/li>\n<li><a href=\"https:\/\/metropolevsech.eu\/cs\/potrebuji-resit\/krizove-situace-2\/obecne-ohrozeni\/#jaksechovatpripovodni\">Jak se chovat p\u0159i povodni<\/a><\/li>\n<\/ul>\n<h3 id=\"codelatbehemvypadkuproudu\">Co d\u011blat b\u011bhem v\u00fdpadku proudu<\/h3>\n<p><em>Zde se dozv\u00edte, na co si d\u00e1t pozor, pokud do\u0161lo k\u00a0dlouhodob\u011bj\u0161\u00edmu v\u00fdpadku proudu, ale i jak se na takovou situaci dop\u0159edu p\u0159ipravit.<\/em><\/p>\n<ul class=\"bullet\">\n<li>Pou\u017e\u00edvejte pouze baterku pro nouzov\u00e9 osv\u011btlen\u00ed, v p\u0159\u00edpad\u011b pou\u017eit\u00ed sv\u00ed\u010dek hroz\u00ed nebezpe\u010d\u00ed vzniku po\u017e\u00e1ru.<\/li>\n<li>Vypn\u011bte a odpojte v\u0161echna za\u0159\u00edzen\u00ed, dom\u00e1c\u00ed vybaven\u00ed (klimatiza\u010dn\u00ed za\u0159\u00edzen\u00ed) nebo elektroniku, kterou doma pou\u017e\u00edv\u00e1te.<\/li>\n<li>Nechte jednu lampu\/sv\u011btlo zapnut\u00e9, abyste m\u011bli okam\u017eitou odezvu, a\u017e se obnov\u00ed dod\u00e1vky elektrick\u00e9 energie.<\/li>\n<li>Poslouchejte m\u00edstn\u00ed stanici kv\u016fli aktualizovan\u00fdm informac\u00edm, sledujte zpr\u00e1vy, kter\u00e9 obdr\u017e\u00edte do schr\u00e1nek.<\/li>\n<li>Ponechte lednice a mraz\u00e1ky uzav\u0159en\u00e9, aby se potraviny nekazily.<\/li>\n<li>Pou\u017e\u00edv\u00e1te-li l\u00e9ky, kter\u00e9 vy\u017eaduj\u00ed chlad, doporu\u010duje se d\u00e1t do lednice l\u00e1hve s vodou, kter\u00e1 dok\u00e1\u017ee udr\u017eet chlad d\u00e9le a l\u00e9ky mohou b\u00fdt v ledni\u010dce i n\u011bkolik hodin.<\/li>\n<li>Pou\u017e\u00edvejte mobiln\u00ed telefon jen v p\u0159\u00edpad\u011b nouze, volejte 112, 150, 155, 156 a 158 pouze p\u0159i stavu ohro\u017een\u00ed \u017eivota, p\u0159i pot\u00ed\u017e\u00edch s vol\u00e1n\u00edm na \u010d\u00edslo 112 je vhodn\u00e9 vyjmout SIM kartu z telefonu.<\/li>\n<li>Omezte cestov\u00e1n\u00ed na nezbytn\u011b nutn\u00e9, a to p\u0159edev\u0161\u00edm autem, dopravn\u00ed signalizace p\u0159i v\u00fdpadku nebude funk\u010dn\u00ed a hroz\u00ed dopravn\u00ed kolaps.<\/li>\n<li>Nespou\u0161t\u011bjte elektrocentr\u00e1ly uvnit\u0159 uzav\u0159en\u00fdch prostor \u2013 p\u0159i jejich pou\u017eit\u00ed p\u0159ipojte za\u0159\u00edzen\u00ed, kter\u00e1 chcete nap\u00e1jet, p\u0159\u00edmo do z\u00e1suvek elektrocentr\u00e1ly, nep\u0159ipojujte elektrocentr\u00e1lu k elektrick\u00e9mu syst\u00e9mu domu.<\/li>\n<li>V zimn\u00edm obdob\u00ed se dob\u0159e oble\u010dte, zvolte vhodn\u00e9 oble\u010den\u00ed. Netopte p\u0159\u00edstroji, kter\u00e9 jsou ur\u010deny k venkovn\u00edmu pou\u017eit\u00ed \u2013 hroz\u00ed otrava oxidem uhelnat\u00fdm.<\/li>\n<li>V hork\u00fdch dnech nepodce\u0148ujte mo\u017enost dehydratace \u2013 pijte vodu z ov\u011b\u0159en\u00e9ho zdroje (nejl\u00e9pe vodu balenou).<\/li>\n<li>Hygiena \u2013 sna\u017ete se v r\u00e1mci mo\u017enosti udr\u017eovat hygienu s ohledem na ostatn\u00ed.<\/li>\n<\/ul>\n<h4>Jak se p\u0159ipravit na blackout<\/h4>\n<p>P\u0159ipravte si z\u00e1kladn\u00ed pot\u0159eby, jako:<\/p>\n<ul class=\"bullet\">\n<li>baterie,<\/li>\n<li>sv\u00edtilna,<\/li>\n<li>p\u0159enosn\u00e9 r\u00e1dio,<\/li>\n<li>z\u00e1soby vody,<\/li>\n<li>z\u00e1soby trvanliv\u00fdch potravin, konzervy a zava\u0159eniny (nap\u0159. masov\u00e9 a zeleninov\u00e9), su\u0161en\u00e9 maso, trvanliv\u00e9 ml\u00e9ko, su\u0161enky, \u010dokol\u00e1da, energetick\u00e9 ty\u010dinky, su\u0161en\u00e9 ovoce, o\u0159\u00ed\u0161ky, cukr, med, sirup, apod.,<\/li>\n<li>plynov\u00fd (lihov\u00fd) va\u0159i\u010d,<\/li>\n<li>hygienick\u00e9 prost\u0159edky, jednor\u00e1zov\u00e9 vlh\u010den\u00e9 ubrousky, desinfek\u010dn\u00ed gel na ruce, desinfek\u010dn\u00ed prost\u0159edek Savo.<\/li>\n<\/ul>\n<ul class=\"bullet\">\n<li>Pou\u017e\u00edv\u00e1te-li po\u010d\u00edta\u010d, je t\u0159eba pravideln\u011b z\u00e1lohovat data a opera\u010dn\u00ed syst\u00e9my.<\/li>\n<li>Udr\u017eujte n\u00e1dr\u017e va\u0161eho auta alespo\u0148 z\u00a0poloviny plnou.<\/li>\n<li>P\u0159ipravte si evakua\u010dn\u00ed zavazadlo.<\/li>\n<\/ul>\n<h4>Dom\u00e1c\u00ed zv\u00ed\u0159ata v\u00a0p\u0159\u00edpad\u011b evakuace:<\/h4>\n<p>Ko\u010dky a mal\u00e9 psy vezm\u011bte s sebou v uzav\u00edrateln\u00e9 p\u0159epravce, v\u011bt\u0161\u00ed psy na vod\u00edtko s\u00a0ko\u0161\u00edkem. Exotick\u00e1 zv\u00ed\u0159ata, kter\u00e1 vydr\u017e\u00ed del\u0161\u00ed dobu bez krmen\u00ed, naopak dob\u0159e zabezpe\u010dte a nechte je doma.<\/p>\n<h4>Zabezpe\u010den\u00ed domu v p\u0159\u00edpad\u011b evakuace:<\/h4>\n<ul class=\"bullet\">\n<li>Uzav\u0159ete v\u0161echny p\u0159\u00edvody energie, plynu a vody (hlavn\u00edmi jisti\u010di).<\/li>\n<li>Dob\u0159e zav\u0159ete okna a dve\u0159e.<\/li>\n<li>Vypr\u00e1zdn\u011bte chladni\u010dku a mrazni\u010dku, v\u00fdrobky, kter\u00e9 rychle podl\u00e9haj\u00ed zk\u00e1ze, zlikvidujte na ur\u010den\u00e9 m\u00edsto.<\/li>\n<li>Zabezpe\u010dte byt nebo d\u016fm proti zlod\u011bj\u016fm.<\/li>\n<li>Uhaste otev\u0159en\u00fd ohe\u0148 v\u00a0topidlech.<\/li>\n<\/ul>\n<h3 id=\"zasadychovanipriunikunebezpecnychlatek\">Z\u00e1sady chov\u00e1n\u00ed p\u0159i \u00faniku nebezpe\u010dn\u00fdch l\u00e1tek<\/h3>\n<p><em>Hav\u00e1rie s\u00a0\u00fanikem chemick\u00fdch l\u00e1tek nast\u00e1v\u00e1 v\u011bt\u0161inou n\u00e1hle a neo\u010dek\u00e1van\u011b. V\u00a0takov\u00e9m p\u0159\u00edpad\u011b je nere\u00e1ln\u00e9 spol\u00e9hat se s\u00e1m na sebe a hledat si sv\u016fj vlastn\u00ed \u00fakryt. Proto je nezbytn\u00e9 b\u00fdt dob\u0159e informov\u00e1n o tom, jak se o hrozb\u011b dozv\u00edte a jak m\u00e1te d\u00e1le postupovat. Tyto informace naleznete v\u00a0n\u00e1sleduj\u00edc\u00ed kapitole. V\u011bnujte jim tedy, pros\u00edm, velkou pozornost! <\/em><\/p>\n<h4>Zp\u016fsoby varov\u00e1n\u00ed:<\/h4>\n<ul class=\"bullet\">\n<li>prost\u0159ednictv\u00edm varovn\u00e9ho sign\u00e1lu v\u0161eobecn\u00e1 v\u00fdstraha z akustick\u00e9 (kol\u00edsav\u00fd t\u00f3n po dobu 140 sekund),<\/li>\n<li>z hl\u00e1\u0161en\u00ed obecn\u00edho rozhlasu nebo rozhlasov\u00fdch voz\u016f, z internetu, SMS zpr\u00e1v m\u00edstn\u00edho \u00fa\u0159adu, m\u00edstn\u00ed kabelov\u00e9 televize,<\/li>\n<li>p\u0159i hav\u00e1rii v\u011bt\u0161\u00edho rozsahu prost\u0159ednictv\u00edm celost\u00e1tn\u00edch rozhlasov\u00fdch a televizn\u00edch stanic.<\/li>\n<\/ul>\n<p><em>Jak\u00e9koliv informace o mo\u017enosti vzniku hav\u00e1rie se nesm\u00ed podce\u0148ovat. I pokud jsou informace neov\u011b\u0159en\u00e9, v prvopo\u010d\u00e1tku je nutn\u00e9 pova\u017eovat je za v\u011brohodn\u00e9!<\/em><\/p>\n<h4>Mo\u017en\u00e9 projevy hav\u00e1rie:<\/h4>\n<ul class=\"bullet\">\n<li>mlha,<\/li>\n<li>vln\u011bn\u00ed ovzdu\u0161\u00ed nad havarovan\u00fdm objektem,<\/li>\n<li>p\u0159i po\u017e\u00e1ru neobvykl\u00e1 barva plamene,<\/li>\n<li>z\u00e1pach,<\/li>\n<li>spont\u00e1nn\u00ed ho\u0159en\u00ed na povrchu neho\u0159lav\u00fdch materi\u00e1l\u016f,<\/li>\n<li>sykot unikaj\u00edc\u00edho plynu, v\u00fdbuchy, prask\u00e1n\u00ed materi\u00e1l\u016f.<\/li>\n<\/ul>\n<h4>Z\u00e1sady chov\u00e1n\u00ed:<\/h4>\n<ul class=\"bullet\">\n<li>nep\u0159ibli\u017eujte se k m\u00edstu hav\u00e1rie,<\/li>\n<li>pokud jste venku, vyhledejte \u00fakryt v nejbli\u017e\u0161\u00ed budov\u011b,<\/li>\n<li>pokud jste doma, nikam nevych\u00e1zejte,<\/li>\n<li>zdr\u017eujte se v co nejvy\u0161\u0161\u00edm pat\u0159e, v m\u00edstnosti odvr\u00e1cen\u00e9 od m\u00edsta hav\u00e1rie,<\/li>\n<li>nevyhled\u00e1vejte \u00fakryt ve sklepn\u00edch a podzemn\u00edch prostorech,<\/li>\n<li>vypn\u011bte klimatizaci a ventilaci,<\/li>\n<li>uzav\u0159ete okna a dve\u0159e a oblepte je lepic\u00ed p\u00e1skou (sn\u00ed\u017een\u00ed mno\u017estv\u00ed l\u00e1tky pronikaj\u00edc\u00ed do m\u00edstnosti a\u017e 10\u00d7),<\/li>\n<li>jste-li ve vozidle, nev\u011btrejte, neotev\u00edrejte okna, vypn\u011bte v\u011btr\u00e1n\u00ed,<\/li>\n<li>sledujte sd\u011blovac\u00ed prost\u0159edky (televize, m\u00edstn\u00ed rozhlas, rozhlasov\u00e9 vozy, internet),<\/li>\n<li>nen\u00ed-li pobl\u00ed\u017e \u017e\u00e1dn\u00fd \u00fakryt, co nejrychleji ohro\u017een\u00e9 m\u00edsto opus\u0165te kolmo na sm\u011br v\u011btru,<\/li>\n<li>podle mo\u017enost\u00ed pou\u017eijte prost\u0159edky improvizovan\u00e9 ochrany.<\/li>\n<\/ul>\n<h4>Prost\u0159edky improvizovan\u00e9 ochrany:<\/h4>\n<ul class=\"bullet\">\n<li>k ochran\u011b d\u00fdchac\u00edch cest pou\u017eijte navlh\u010denou rou\u0161ku (z kapesn\u00edku \u010di jin\u00e9 textilie) p\u0159ilo\u017eenou na nos a \u00fasta a upevn\u011bnou v z\u00e1tylku p\u0159ev\u00e1zan\u00fdm \u0161\u00e1tkem \u010di \u0161\u00e1lou,<\/li>\n<li>hlavu chra\u0148te \u010depic\u00ed, kuklou \u010di \u0161\u00e1lou tak, aby zvolen\u00e1 pokr\u00fdvka zcela zakryla t\u00e9\u017e \u010delo, u\u0161i a krk,<\/li>\n<li>o\u010di chra\u0148te uzav\u0159en\u00fdmi br\u00fdlemi (nap\u0159. ly\u017ea\u0159sk\u00fdmi, pot\u00e1p\u011b\u010dsk\u00fdmi), u kter\u00fdch je nutn\u00e9 p\u0159ekr\u00fdt d\u00fdchac\u00ed pr\u016fduchy lepic\u00ed p\u00e1skou; v p\u0159\u00edpad\u011b, \u017ee nejsou takov\u00e9 br\u00fdle k dispozici, lze o\u010di chr\u00e1nit p\u0159eta\u017een\u00edm pr\u016fhledn\u00e9ho igelitov\u00e9ho s\u00e1\u010dku p\u0159es hlavu a jeho sta\u017een\u00edm tkanic\u00ed \u010di gumou v \u00farovni l\u00edcn\u00edch kost\u00ed (nesm\u00ed zakr\u00fdvat nos, nebezpe\u010d\u00ed udu\u0161en\u00ed),<\/li>\n<li>k ochran\u011b trupu pou\u017eijte kombin\u00e9zy, dlouh\u00e9 kab\u00e1ty, bundy, kalhoty, pl\u00e1\u0161t\u011bnky, deky, plachty,<\/li>\n<li>ruce chra\u0148te gumov\u00fdmi \u010di ko\u017een\u00fdmi rukavicemi, nohy hol\u00ednkami, koza\u010dkami nebo jin\u00fdmi vysok\u00fdmi botami,<\/li>\n<li>cel\u00fd povrch t\u011bla mus\u00ed b\u00fdt zakryt, \u017e\u00e1dn\u00e9 m\u00edsto nesm\u00ed z\u016fstat nepokryt\u00e9,<\/li>\n<li>v\u0161echny ochrann\u00e9 prost\u0159edky je nutno co nejl\u00e9pe ut\u011bsnit (ruk\u00e1vy p\u0159esahuj\u00edc\u00ed p\u0159es okraj rukavic \u010di nohavice p\u0159esahuj\u00edc\u00ed p\u0159es botu p\u0159ev\u00e1\u017eeme prov\u00e1zkem atp.).<\/li>\n<\/ul>\n<h3 id=\"evakuace\">Evakuace<\/h3>\n<p><em>V\u00a0t\u00e9to kapitole se dozv\u00edte, jak postupovat v\u00a0p\u0159\u00edpad\u011b evakuace, tedy v\u00a0situaci, kdy mus\u00edte p\u0159em\u00edstit sebe, zv\u00ed\u0159ata nebo n\u011bjak\u00e9 p\u0159edm\u011bty z\u00a0ohro\u017een\u00fdch oblast\u00ed do bezpe\u010d\u00ed. D\u00e1le je zde podrobn\u011b pops\u00e1no, jak si p\u0159ipravit pro tyto p\u0159\u00edpady evakua\u010dn\u00ed zavazadlo. <\/em><\/p>\n<p>Informace o evakuaci pod\u00e1vaj\u00ed hromadn\u00e9 sd\u011blovac\u00ed prost\u0159edky, zasahuj\u00edc\u00ed slo\u017eky, zam\u011bstnavatel\u00e9 apod.<\/p>\n<p>Je d\u016fle\u017eit\u00e9 uposlechnout pokyn\u016f org\u00e1n\u016f zabezpe\u010duj\u00edc\u00edch evakuaci a v\u010das se dostavit na ur\u010den\u00e9 m\u00edsto s\u00a0evakua\u010dn\u00edm zavazadlem. P\u0159ed odchodem z\u00a0bytu\/domu je nutn\u00e9 dodr\u017eet z\u00e1sady opu\u0161t\u011bn\u00ed bytu\/domu:<\/p>\n<ul class=\"bullet\">\n<li>uhaste otev\u0159en\u00fd ohe\u0148 v topidlech,<\/li>\n<li>vypn\u011bte elektrick\u00e9 spot\u0159ebi\u010de (mimo ledni\u010dek a mrazni\u010dek),<\/li>\n<li>uzav\u0159ete p\u0159\u00edvod vody a plynu,<\/li>\n<li>ov\u011b\u0159te, zda i soused\u00e9 v\u011bd\u00ed, \u017ee maj\u00ed opustit byt,<\/li>\n<li>nezapome\u0148te d\u011btem vlo\u017eit do kapsy od\u011bvu cedulku se jm\u00e9nem a adresou,<\/li>\n<li>ko\u010dky a psy si vezm\u011bte s sebou v uzav\u0159en\u00fdch schr\u00e1nk\u00e1ch,<\/li>\n<li>exotick\u00e1 zv\u00ed\u0159ata, kter\u00e1 p\u0159e\u017eij\u00ed del\u0161\u00ed dobu, nechte doma, z\u00e1sobte je p\u0159ed odchodem potravou,<\/li>\n<li>vezm\u011bte evakua\u010dn\u00ed zavazadlo, uzamkn\u011bte byt\/d\u016fm, na dve\u0159e dejte ozn\u00e1men\u00ed, \u017ee jste byt\/d\u016fm opustili a dostavte se na ur\u010den\u00e9 m\u00edsto,<\/li>\n<li>rozhodnete-li se evakuovat samostatn\u011b nap\u0159. autem <em>(na chatu, chalupu, k\u00a0p\u0159\u00edbuzn\u00fdm, apod.), <\/em>oznamte toto rozhodnut\u00ed s\u00a0ud\u00e1n\u00edm adresy p\u0159echodn\u00e9ho pobytu a spojen\u00ed, kde m\u016f\u017eete b\u00fdt informov\u00e1ni o mo\u017enosti n\u00e1vratu apod.<\/li>\n<\/ul>\n<p>Pokud m\u00e1te \u010dleny rodiny ve zdravotnick\u00fdch nebo soci\u00e1ln\u00edch za\u0159\u00edzen\u00edch, p\u0159\u00edpadn\u011b \u0161kol\u00e1ch, necho\u010fte do t\u011bchto instituc\u00ed. Evakuaci zde zaji\u0161\u0165uje person\u00e1l p\u0159\u00edslu\u0161n\u00e9ho za\u0159\u00edzen\u00ed podle zpracovan\u00fdch evakua\u010dn\u00edch pl\u00e1n\u016f.<\/p>\n<p>Po shrom\u00e1\u017ed\u011bn\u00ed <span style=\"font-weight: 400;\">budete\u00a0<\/span>p\u0159epraveni do st\u0159edisek, kde je zaji\u0161t\u011bno nouzov\u00e9 ubytov\u00e1n\u00ed, stravov\u00e1n\u00ed a dal\u0161\u00ed p\u0159\u00edpadn\u00e1 p\u00e9\u010de. Z\u00e1rove\u0148 jsou zde poskytov\u00e1ny informace o nastal\u00e9 situaci a dal\u0161\u00edch postupech.<\/p>\n<p>N\u00e1vrat do evakuovan\u00fdch prostor je mo\u017en\u00fd a\u017e po souhlasu slo\u017eek integrovan\u00e9ho z\u00e1chrann\u00e9ho syst\u00e9mu, kdy je jasn\u00e9, \u017ee nehroz\u00ed \u017e\u00e1dn\u00e9 nebezpe\u010d\u00ed.<\/p>\n<p>Po n\u00e1vratu dom\u016f zkontrolujte stav va\u0161eho majetku a p\u0159\u00edpadn\u00e9 \u0161kody nebo ztr\u00e1ty nahlaste na poji\u0161\u0165ovnu nebo \u00fa\u0159ad\u016fm.<\/p>\n<h4>Evakua\u010dn\u00ed zavazadlo<\/h4>\n<p>Evakua\u010dn\u00ed zavazadlo je t\u0159eba p\u0159ipravit pro sebe i ostatn\u00ed \u010dleny dom\u00e1cnosti. Plat\u00ed z\u00e1sada, \u017ee ka\u017ed\u00e1 osoba by m\u011bla m\u00edt jen jedno zavazadlo (dosp\u011bl\u00ed do 25 kg, d\u011bti do 10 kg), ide\u00e1ln\u00ed je batoh nebo krosna (m\u00e1te ob\u011b ruce voln\u00e9), kufr, se kter\u00fdm lze manipulovat jen jednou rukou, d\u00e1le ta\u0161ka (nejm\u00e9n\u011b vhodn\u00e1). Nezapome\u0148te, \u017ee p\u0159i p\u0159esunu se zavazadlem nen\u00ed v\u017edy mo\u017en\u00e9 pou\u017e\u00edt vlastn\u00ed automobil (nap\u0159. povodn\u011b). V mnoha dom\u00e1cnostech je tak\u00e9 dom\u00e1c\u00ed zv\u00ed\u0159e, kter\u00e9 je t\u0159eba v\u00e9st (n\u00e9st) s sebou.<\/p>\n<p>Pro snadn\u011bj\u0161\u00ed zapamatov\u00e1n\u00ed lze obsah zavazadla roz\u010dlenit do n\u011bkolika logick\u00fdch skupin:<\/p>\n<ul class=\"bullet\">\n<li>J\u00eddlo a pit\u00ed + n\u00e1dob\u00ed \u2013 zejm\u00e9na trvanliv\u00e9 a dob\u0159e zabalen\u00e9 potraviny, pitn\u00e1 voda (v\u0161e na 2\u20133 dny pro ka\u017ed\u00e9ho \u010dlena dom\u00e1cnosti), hrnek nebo miska, p\u0159\u00edbor a otv\u00edr\u00e1k na konzervy. V p\u0159\u00edpad\u011b, \u017ee m\u00e1te individu\u00e1ln\u00ed dietetick\u00fd re\u017eim (nap\u0159. bezlepkov\u00e1 dieta, vegetari\u00e1nstv\u00ed apod.), po\u010d\u00edtejte s t\u00edm, \u017ee v m\u00edstech n\u00e1hradn\u00edho ubytov\u00e1n\u00ed s hromadn\u00fdm zaji\u0161t\u011bn\u00edm stravov\u00e1n\u00ed bude mo\u017en\u00e9 v\u00e1m vyj\u00edt vst\u0159\u00edc jen v omezen\u00e9 m\u00ed\u0159e. M\u011bjte tedy sv\u00e9 speci\u00e1ln\u00ed potraviny s sebou v dostate\u010dn\u00e9m mno\u017estv\u00ed.<\/li>\n<li>Cennosti a dokumenty \u2013 osobn\u00ed dokumenty (rodn\u00fd list, ob\u010dansk\u00fd pr\u016fkaz, cestovn\u00ed pas, kartu zdravotn\u00ed poji\u0161\u0165ovny), jin\u00e9 d\u016fle\u017eit\u00e9 dokumenty (pojistn\u00e9 smlouvy, stavebn\u00ed spo\u0159en\u00ed, smlouvy o investic\u00edch, akcie) a pen\u00edze v hotovosti + platebn\u00ed karty, jmenn\u00fd seznam s kontakty na sv\u00e9 bl\u00edzk\u00e9 (rodina, p\u0159\u00edbuzn\u00ed); d\u011bti opat\u0159ete cedulkou na krk se jm\u00e9nem, adresou a kontaktem.<\/li>\n<li>L\u00e9ky a hygiena \u2013 nesm\u00ed chyb\u011bt p\u0159edev\u0161\u00edm pravideln\u011b u\u017e\u00edvan\u00e9 l\u00e9ky nebo zdravotn\u00ed pom\u016fcky, tak\u00e9 doporu\u010dujeme vitam\u00edny a b\u011b\u017en\u00e9 dopl\u0148ky stravy. D\u00e1le si vezm\u011bte b\u011b\u017en\u00e9 hygienick\u00e9 pot\u0159eby v p\u0159im\u011b\u0159en\u00e9m mno\u017estv\u00ed.<\/li>\n<li>Oble\u010den\u00ed a vybaven\u00ed pro p\u0159esp\u00e1n\u00ed \u2013 zahrnuje oble\u010den\u00ed odpov\u00eddaj\u00edc\u00ed dan\u00e9mu ro\u010dn\u00edmu obdob\u00ed, n\u00e1hradn\u00ed pr\u00e1dlo a obuv, spac\u00ed pytel, karimatku, pl\u00e1\u0161t\u011bnku nebo de\u0161tn\u00edk.<\/li>\n<li>P\u0159\u00edstroje, n\u00e1stroje a z\u00e1bava \u2013 d\u016fle\u017eit\u00fd je p\u0159edev\u0161\u00edm mobiln\u00ed telefon s nab\u00edje\u010dkou, FM r\u00e1dio (sta\u010d\u00ed ve form\u011b MP3 p\u0159ehr\u00e1va\u010de) s nab\u00edje\u010dkou nebo bateriemi, sv\u00edtilna a n\u00e1hradn\u00ed baterie, z\u00e1palky, zav\u00edrac\u00ed n\u016f\u017e, \u0161it\u00ed, psac\u00ed pot\u0159eby a d\u00e1le p\u0159edm\u011bty pro vypln\u011bn\u00ed voln\u00e9ho \u010dasu \u2013 knihy, hra\u010dky pro d\u011bti, spole\u010densk\u00e9 hry.<\/li>\n<li>Dom\u00e1c\u00ed mazl\u00ed\u010dci \u2013 krmivo, n\u00e1hubek, obojek, miska, stelivo a dal\u0161\u00ed pot\u0159ebn\u00e9 v\u011bci, d\u00e1le zdravotn\u00ed pr\u016fkaz zv\u00ed\u0159ete a obal pro p\u0159evoz.<\/li>\n<\/ul>\n<h3 id=\"jaksechovatpripovodni\">Jak se chovat p\u0159i povodni<\/h3>\n<p><em>Bydl\u00edte nebo pracujete v oblasti, kter\u00e1 m\u016f\u017ee b\u00fdt ohro\u017eena povodn\u00ed? Zde se dozv\u00edte, jak postupovat v p\u0159\u00edpad\u011b ohro\u017een\u00ed velkou vodou, v\u010detn\u011b toho, jak poznat m\u00edru ohro\u017een\u00ed (podle stup\u0148\u016f povod\u0148ov\u00e9 aktivity). <\/em><\/p>\n<p>U\u017e v okam\u017eiku, kdy za\u010d\u00edn\u00e1 stoupat hladina a je velk\u00e9 riziko zaplaven\u00ed na\u0161eho obydl\u00ed, bychom m\u011bli prov\u00e9st n\u011bkolik v\u011bc\u00ed:<\/p>\n<ul class=\"bullet\">\n<li>z\u00e1sobit se potravinami a pitnou vodou,<\/li>\n<li>p\u0159ipravit sv\u00edtilnu, rozhlasov\u00fd p\u0159ij\u00edma\u010d a n\u00e1hradn\u00ed baterie,<\/li>\n<li>odstranit, nebo \u0159\u00e1dn\u011b upevnit v\u0161echny v\u011bci, kter\u00e9 by mohla voda odn\u00e9st (\u017eeb\u0159\u00edky a zahradn\u00ed n\u00e1\u0159ad\u00ed),<\/li>\n<li>p\u0159esunout cenn\u00e9 v\u011bci ze sklep\u016f a p\u0159\u00edzemn\u00edch prostor,<\/li>\n<li>zabezpe\u010dit chemick\u00e9 l\u00e1tky, kter\u00e9 by mohly ohrozit \u017eivotn\u00ed prost\u0159ed\u00ed,<\/li>\n<li>p\u0159eparkovat automobily do vy\u0161\u0161\u00edch m\u00edst,<\/li>\n<li>p\u0159ipravit pytle s p\u00edskem na ut\u011bsn\u011bn\u00ed oken a dve\u0159\u00ed,<\/li>\n<li>za\u010d\u00edt p\u0159ipravovat evakua\u010dn\u00ed zavazadlo.<\/li>\n<\/ul>\n<p>Po celou dobu bychom m\u011bli sledovat m\u00edstn\u00ed sd\u011blovac\u00ed prost\u0159edky, kde se dozv\u00edme aktu\u00e1ln\u00ed situaci a hlavn\u011b progn\u00f3zu. Informace n\u00e1m mohou b\u00fdt p\u0159ed\u00e1ny tak\u00e9 prost\u0159ednictv\u00edm m\u00edstn\u00edch rozhlas\u016f a voz\u016f slo\u017eek integrovan\u00e9ho z\u00e1chrann\u00e9ho syst\u00e9mu.<\/p>\n<p>Bude-li situace opravdu v\u00e1\u017en\u00e1, budeme na nebezpe\u010d\u00ed upozorn\u011bni prost\u0159ednictv\u00edm sir\u00e9n.<\/p>\n<p>Stupn\u011b povod\u0148ov\u00e9 aktivity:<\/p>\n<ol>\n<li>stav b\u011blosti<\/li>\n<li>stav pohotovosti<\/li>\n<li>stav ohro\u017een\u00ed<\/li>\n<\/ol>\n<p>Nad\u00e1le u\u017e nem\u00e1me p\u0159\u00edli\u0161 mo\u017enost\u00ed, jak situaci ovlivnit. Zb\u00fdv\u00e1 n\u00e1m tak pouze dodr\u017eovat n\u011bkolik d\u016fle\u017eit\u00fdch z\u00e1sad:<\/p>\n<ul class=\"bullet\">\n<li>sledovat aktu\u00e1ln\u00ed situaci a \u0159\u00eddit se pokyny org\u00e1n\u016f krizov\u00e9ho \u0159\u00edzen\u00ed a z\u00e1chran\u00e1\u0159\u016f,<\/li>\n<li>nepodce\u0148ovat nebezpe\u010d\u00ed, tedy nesna\u017eit se dostat k rozbou\u0159en\u00fdm tok\u016fm,<\/li>\n<li>respektovat uz\u00e1v\u011bry ohro\u017een\u00fdch \u00fazem\u00ed,<\/li>\n<li>neodm\u00edtat p\u0159\u00edpadnou evakuaci a ch\u00e1pat ji jako opat\u0159en\u00ed pro na\u0161e bezpe\u010d\u00ed, ne jako omezov\u00e1n\u00ed na\u0161ich pr\u00e1v.<\/li>\n<\/ul>\n<p><\/p>","protected":false},"excerpt":{"rendered":"<p>Obecn\u00e9 ohro\u017een\u00ed a evakuace obyvatel Zde v\u00e1m p\u0159ed\u00e1me u\u017eite\u010dn\u00e9 rady, jak postupovat v p\u0159\u00edpad\u011b obecn\u00e9ho ohro\u017een\u00ed \u2013 konkr\u00e9tn\u011b dojde-li k v\u00fdpadku proudu, nebo k \u00faniku nebezpe\u010dn\u00fdch l\u00e1tek, v p\u0159\u00edpad\u011b pot\u0159eby evakuace nebo hroz\u00ed-li povode\u0148. Co d\u011blat b\u011bhem v\u00fdpadku proudu Z\u00e1sady&#8230;<\/p>\n<a class=\"more-block\" href=\"https:\/\/metropolevsech.eu\/cs\/obecne-ohrozeni\/\">\u010c\u00edst v\u00edce<\/a>","protected":false},"author":7,"featured_media":0,"parent":0,"menu_order":0,"comment_status":"closed","ping_status":"closed","template":"","meta":[],"acf":[],"_links":{"self":[{"href":"https:\/\/metropolevsech.eu\/cs\/wp-json\/wp\/v2\/pages\/24571"}],"collection":[{"href":"https:\/\/metropolevsech.eu\/cs\/wp-json\/wp\/v2\/pages"}],"about":[{"href":"https:\/\/metropolevsech.eu\/cs\/wp-json\/wp\/v2\/types\/page"}],"author":[{"embeddable":true,"href":"https:\/\/metropolevsech.eu\/cs\/wp-json\/wp\/v2\/users\/7"}],"replies":[{"embeddable":true,"href":"https:\/\/metropolevsech.eu\/cs\/wp-json\/wp\/v2\/comments?post=24571"}],"version-history":[{"count":7,"href":"https:\/\/metropolevsech.eu\/cs\/wp-json\/wp\/v2\/pages\/24571\/revisions"}],"predecessor-version":[{"id":24890,"href":"https:\/\/metropolevsech.eu\/cs\/wp-json\/wp\/v2\/pages\/24571\/revisions\/24890"}],"wp:attachment":[{"href":"https:\/\/metropolevsech.eu\/cs\/wp-json\/wp\/v2\/media?parent=24571"}],"curies":[{"name":"wp","href":"https:\/\/api.w.org\/{rel}","templated":true}]}}