{"id":2971,"date":"2017-03-10T23:20:31","date_gmt":"2017-03-10T22:20:31","guid":{"rendered":"https:\/\/metropolevsech.eu\/?page_id=2971"},"modified":"2025-04-10T19:19:37","modified_gmt":"2025-04-10T17:19:37","slug":"magistrat-hl-m-prahy","status":"publish","type":"page","link":"https:\/\/metropolevsech.eu\/cs\/kontakty\/urady-v-praze\/magistrat-hl-m-prahy\/","title":{"rendered":"Magistr\u00e1t hl. m. Prahy"},"content":{"rendered":"<p><em>Magistr\u00e1t hlavn\u00edho m\u011bsta Prahy je \u00fa\u0159ad pov\u011b\u0159en\u00fd ve\u0159ejnou spr\u00e1vou, jeho \u010dinnost je zam\u011b\u0159ena zejm\u00e9na na poskytov\u00e1n\u00ed slu\u017eeb ob\u010dan\u016fm hl. m. Prahy. Jedn\u00e1 se o obecn\u00ed a krajsk\u00fd \u00fa\u0159ad hl. m. Prahy.<\/em><\/p>\n<p><span style=\"font-weight: 400;\"><div class=\"box-ok\"> Pro rychl\u00fd p\u0159ehled o <\/span><b>Magistr\u00e1tu hl. m. Prahy<\/b><span style=\"font-weight: 400;\"> a jeho slu\u017eb\u00e1ch si pus\u0165te <a href=\"https:\/\/youtu.be\/mgHxi0Xkn-g\">kr\u00e1tk\u00e9 video<\/a> Integra\u010dn\u00edho centra Praha.\u00a0 <\/div><\/span><\/p>\n<p>Z\u00e1kladn\u00edmi organiza\u010dn\u00edmi jednotkami magistr\u00e1tu jsou odbory, kter\u00e9 se d\u00e1le \u010dlen\u00ed na odd\u011blen\u00ed.<\/p>\n<div class=\"show_more\"><p class=\"wpsm-show\" style=\"color: #cc0000; font-size: 100%; text-align: left;\"> ...V\u00cdCE O MAGISTR\u00c1TU<\/p><div class=\"wpsm-content\"><\/p>\n<p><strong>Prim\u00e1tor\/prim\u00e1torka<\/strong> hlavn\u00edho m\u011bsta zastupuje hlavn\u00ed m\u011bsto Prahu navenek. Je z v\u00fdkonu sv\u00e9 funkce odpov\u011bdn\u00fd\/\u00e1 Zastupitelstvu hlavn\u00edho m\u011bsta Prahy. Jeho postaven\u00ed, pravomoci, povinnosti, odpov\u011bdnost i odm\u011b\u0148ov\u00e1n\u00ed jsou upraveny z\u00e1konem o hlavn\u00edm m\u011bst\u011b Praze.<\/p>\n<p><strong>Zastupitelstvo hl. m. Prahy (d\u00e1le jen \u201ezastupitelstvo\u201c)<\/strong> je volen\u00fd org\u00e1n a sest\u00e1v\u00e1 z 65 zastupitel\u016f zvolen\u00fdch v obecn\u00edch volb\u00e1ch.<\/p>\n<p><strong>Rada hl. m\u011bsta Prahy (d\u00e1le jen \u201erada\u201c)<\/strong> m\u00e1 11 \u010dlen\u016f a je volena zastupitelstvem. Rada je odpov\u011bdn\u00e1 za sv\u00e9 \u010dinnosti zastupitelstvu. V kompetenci rady je hospoda\u0159en\u00ed hlavn\u00edho m\u011bsta Prahy podle schv\u00e1len\u00e9ho rozpo\u010dtu a kontrola hospoda\u0159en\u00ed. D\u00e1le ukl\u00e1d\u00e1 Magistr\u00e1tu hlavn\u00edho m\u011bsta Prahy \u00fakoly v oblasti samostatn\u00e9 p\u016fsobnosti hlavn\u00edho m\u011bsta Prahy a kontroluje jejich pln\u011bn\u00ed. Prov\u00e1d\u00ed rozpo\u010dtov\u00e1 opat\u0159en\u00ed v rozsahu stanoven\u00e9m zastupitelstvem. Projedn\u00e1v\u00e1 a \u0159e\u0161\u00ed n\u00e1vrhy, p\u0159ipom\u00ednky a podn\u011bty j\u00ed p\u0159edlo\u017een\u00e9 \u010dleny zastupitelstva, komisemi rady nebo m\u011bstsk\u00fdmi \u010d\u00e1stmi. Z\u0159izuje a ru\u0161\u00ed podle pot\u0159eby komise rady, jmenuje a odvol\u00e1v\u00e1 z funkce jejich p\u0159edsedy a \u010dleny.<\/p>\n<p><strong>Magistr\u00e1t <\/strong>tvo\u0159\u00ed \u0159editel magistr\u00e1tu a dal\u0161\u00ed zam\u011bstnanci. Magistr\u00e1t v samostatn\u00e9 p\u016fsobnosti hlavn\u00edho m\u011bsta pln\u00ed \u00fakoly ulo\u017een\u00e9 zastupitelstvem nebo radou. Vykon\u00e1v\u00e1 p\u0159enesenou p\u016fsobnost hlavn\u00edho m\u011bsta Prahy, nen\u00ed-li z\u00e1konem sv\u011b\u0159ena jin\u00fdm org\u00e1n\u016fm. Z\u00e1kladn\u00edmi organiza\u010dn\u00edmi jednotkami magistr\u00e1tu jsou odbory, kter\u00e9 se d\u00e1le \u010dlen\u00ed na odd\u011blen\u00ed. Sou\u010d\u00e1st\u00ed magistr\u00e1tu jsou tak\u00e9 zvl\u00e1\u0161tn\u00ed organiza\u010dn\u00ed jednotky.<\/p>\n<p>Hlavn\u00ed budovu Magistr\u00e1tu hlavn\u00edho m\u011bsta Prahy (MHMP) naleznete na adrese Mari\u00e1nsk\u00e9 n\u00e1m\u011bst\u00ed 2 na Praze 1. Magistr\u00e1t hl. m. Prahy m\u00e1 slo\u017eitou organiza\u010dn\u00ed strukturu a d\u011bl\u00ed se do r\u016fzn\u00fdch sekc\u00ed a slu\u017eeb. Nap\u0159\u00edklad jednotliv\u00e9 sekce (Sekce finan\u010dn\u00ed a spr\u00e1vy majetku, Sekce slu\u017eeb ob\u010dan\u016fm a dal\u0161\u00ed) se d\u00e1le d\u011bl\u00ed na odbory (nap\u0159. odbor kultury, zahrani\u010dn\u00edch vztah\u016f a cestovn\u00edho ruchu, odbor \u017eivnostensk\u00fd a ob\u010danskospr\u00e1vn\u00ed, odbor dopravn\u011b-spr\u00e1vn\u00edch \u010dinnost\u00ed, odbor spr\u00e1vn\u00edch \u010dinnost\u00ed ve zdravotnictv\u00ed a soci\u00e1ln\u00ed p\u00e9\u010di, odbor \u0161kolstv\u00ed a ml\u00e1de\u017ee, odbor sportu a voln\u00e9ho \u010dasu nebo odbor zdravotnictv\u00ed, soci\u00e1ln\u00ed p\u00e9\u010de a prevence).<br \/>\n <p class=\"wpsm-hide\" style=\"color: #cc0000; font-size: 100%; text-align: left;\"> ...M\u00c9N\u011a<\/p><\/div><\/div>\n<h3>Odd\u011blen\u00ed n\u00e1rodnostn\u00edch men\u0161in a cizinc\u016f<\/h3>\n<p>V r\u00e1mci Magistr\u00e1tu hl. m. Prahy se oblast\u00ed integrace zab\u00fdv\u00e1 odd\u011blen\u00ed n\u00e1rodnostn\u00edch men\u0161in a cizinc\u016f, kter\u00e9 je sou\u010d\u00e1st\u00ed odboru kultury a cestovn\u00edho ruchu.<\/p>\n<h4>Kontakty<\/h4>\n<ul>\n<li><strong>odbor kultury a cestovn\u00edho ruchu MHMP \u2013 odd\u011blen\u00ed n\u00e1rodnostn\u00edch men\u0161in a cizinc\u016f<\/strong><\/li>\n<li><strong>Jungmannova 335\/29, 110 00 Praha 1<\/strong><\/li>\n<li>E-mail: <strong><a href=\"mailto:integrace@praha.eu\">integrace@praha.eu<\/a><\/strong><\/li>\n<\/ul>\n<p>Odd\u011blen\u00ed koordinuje realizaci aktivit a opat\u0159en\u00ed vztahuj\u00edc\u00edch se k oblasti integrace cizinc\u016f, kter\u00e9 jsou stanoveny Koncepc\u00ed hl. m. Prahy pro oblast integrace cizinc\u016f. Spolupracuje s jednotliv\u00fdmi odbory MHMP, zaji\u0161\u0165uje komunikaci a spolupr\u00e1ci s institucemi, jednotliv\u00fdmi m\u011bstsk\u00fdmi \u010d\u00e1stmi, neziskov\u00fdmi organizacemi a dal\u0161\u00edmi organizacemi pracuj\u00edc\u00edmi v dan\u00e9 oblasti.<\/p>\n<p>Kl\u00ed\u010dov\u00fdm partnerem je <a href=\"https:\/\/icpraha.com\/\">Integra\u010dn\u00ed centrum Praha, o. p. s.,<\/a> kter\u00e9 hl. m. Praha zalo\u017eilo za \u00fa\u010delem komplexn\u00ed a systematick\u00e9 pr\u00e1ce v oblasti integrace migrant\u016f. Integra\u010dn\u00ed centrum Praha pracuje pod sloganem \u201eMetropole v\u0161ech\u201c, kter\u00fd odkazuje na jeden ze st\u011b\u017eejn\u00edch c\u00edl\u016f \u2013 vytv\u00e1\u0159et na \u00fazem\u00ed hlavn\u00edho m\u011bsta Prahy takov\u00e9 podm\u00ednky, aby se migranti zde \u017eij\u00edc\u00ed c\u00edtili jako plnohodnotn\u00ed ob\u010dan\u00e9 na\u0161\u00ed metropole a spolupod\u00edleli se na jej\u00edm ve\u0159ejn\u00e9m \u017eivot\u011b.<\/p>\n<h4>Odkazy<\/h4>\n<ul class=\"bullet-links\">\n<li>Ofici\u00e1ln\u00ed webov\u00e9 str\u00e1nky hlavn\u00edho m\u011bsta Prahy: <a href=\"http:\/\/www.praha.eu\/\">www.praha.eu<\/a><\/li>\n<li><a href=\"https:\/\/metropolevsech.eu\/cs\/o-nas\/hlavni-mesto-praha-a-integrace\/oddeleni-narodnostnich-mensin-a-cizincu\/\">Odd\u011blen\u00ed n\u00e1rodnostn\u00edch men\u0161in a cizinc\u016f<\/a> hlavn\u00edho m\u011bsta Prahy a jeho programy<\/li>\n<\/ul>\n<p><\/p>","protected":false},"excerpt":{"rendered":"<p>Magistr\u00e1t hlavn\u00edho m\u011bsta Prahy je \u00fa\u0159ad pov\u011b\u0159en\u00fd ve\u0159ejnou spr\u00e1vou, jeho \u010dinnost je zam\u011b\u0159ena zejm\u00e9na na poskytov\u00e1n\u00ed slu\u017eeb ob\u010dan\u016fm hl. m. Prahy. Jedn\u00e1 se o obecn\u00ed a krajsk\u00fd \u00fa\u0159ad hl. m. Prahy. Z\u00e1kladn\u00edmi organiza\u010dn\u00edmi jednotkami magistr\u00e1tu jsou odbory, kter\u00e9 se d\u00e1le&#8230;<\/p>\n<a class=\"more-block\" href=\"https:\/\/metropolevsech.eu\/cs\/kontakty\/urady-v-praze\/magistrat-hl-m-prahy\/\">\u010c\u00edst v\u00edce<\/a>","protected":false},"author":7,"featured_media":0,"parent":847,"menu_order":1,"comment_status":"closed","ping_status":"closed","template":"","meta":[],"acf":[],"_links":{"self":[{"href":"https:\/\/metropolevsech.eu\/cs\/wp-json\/wp\/v2\/pages\/2971"}],"collection":[{"href":"https:\/\/metropolevsech.eu\/cs\/wp-json\/wp\/v2\/pages"}],"about":[{"href":"https:\/\/metropolevsech.eu\/cs\/wp-json\/wp\/v2\/types\/page"}],"author":[{"embeddable":true,"href":"https:\/\/metropolevsech.eu\/cs\/wp-json\/wp\/v2\/users\/7"}],"replies":[{"embeddable":true,"href":"https:\/\/metropolevsech.eu\/cs\/wp-json\/wp\/v2\/comments?post=2971"}],"version-history":[{"count":11,"href":"https:\/\/metropolevsech.eu\/cs\/wp-json\/wp\/v2\/pages\/2971\/revisions"}],"predecessor-version":[{"id":22524,"href":"https:\/\/metropolevsech.eu\/cs\/wp-json\/wp\/v2\/pages\/2971\/revisions\/22524"}],"up":[{"embeddable":true,"href":"https:\/\/metropolevsech.eu\/cs\/wp-json\/wp\/v2\/pages\/847"}],"wp:attachment":[{"href":"https:\/\/metropolevsech.eu\/cs\/wp-json\/wp\/v2\/media?parent=2971"}],"curies":[{"name":"wp","href":"https:\/\/api.w.org\/{rel}","templated":true}]}}