{"id":2980,"date":"2017-03-10T23:32:19","date_gmt":"2017-03-10T22:32:19","guid":{"rendered":"https:\/\/metropolevsech.eu\/?page_id=2980"},"modified":"2025-03-04T11:26:58","modified_gmt":"2025-03-04T10:26:58","slug":"o-webove-strance","status":"publish","type":"page","link":"https:\/\/metropolevsech.eu\/cs\/o-nas\/hlavni-mesto-praha-a-integrace\/o-webove-strance\/","title":{"rendered":"O webov\u00e9 str\u00e1nce Praha &#8211; Metropole v\u0161ech"},"content":{"rendered":"<p>P\u0159edstavujeme v\u00e1m webovou str\u00e1nku Praha &#8211; Metropole v\u0161ech, kter\u00e1 je ur\u010dena p\u0159edev\u0161\u00edm pro migranty a migrantky \u017eij\u00edc\u00ed v Praze. Z\u00e1rove\u0148 zde naleznou informace i v\u0161ichni obyvatel\u00e9 hlavn\u00edho m\u011bsta Prahy, kter\u00e9 se st\u00e1v\u00e1 \u010d\u00edm d\u00e1l t\u00edm v\u00edce kulturn\u011b rozmanit\u011bj\u0161\u00ed, stejn\u011b jako \u0159ada dal\u0161\u00edch velk\u00fdch evropsk\u00fdch m\u011bst. D\u016fle\u017eit\u00e9 informace zde dohledaj\u00ed tak\u00e9 odborn\u00edci pracuj\u00edc\u00ed v oblasti integrace cizinc\u016f, mimo jin\u00e9 zde najdou projekty financovan\u00e9 hlavn\u00edm m\u011bstem Praha a p\u0159\u00edklady dobr\u00e9 praxe.<\/p>\n<p>Webov\u00e1 str\u00e1nka je k dispozici ve v\u00edce jazykov\u00fdch mutac\u00edch \u2013 v jazyc\u00edch, jimi\u017e nov\u011b p\u0159\u00edchoz\u00ed obyvatel\u00e9 Prahy mluv\u00ed nej\u010dast\u011bji. Je vytvo\u0159ena jako rozcestn\u00edk nejd\u016fle\u017eit\u011bj\u0161\u00edch informac\u00ed a kontakt\u016f na organizace, \u00fa\u0159ady a jejich odbory, aby umo\u017enila co nejlep\u0161\u00ed informovanost migrant\u016f p\u0159i \u0159e\u0161en\u00ed jejich ka\u017edodenn\u00edch situac\u00ed a orientaci ve m\u011bst\u011b, kter\u00e9 se stalo jejich nov\u00fdm domovem. Z\u00e1rove\u0148 webov\u00e1 str\u00e1nka poskytuje informace o mo\u017enostech vzd\u011bl\u00e1v\u00e1n\u00ed cizinc\u016f v\u010detn\u011b nab\u00eddky kurz\u016f \u010de\u0161tiny, kulturn\u00edch akc\u00edch a mo\u017enostech pod\u00edlet se na ve\u0159ejn\u00e9m \u017eivot\u011b tak, aby se co nejd\u0159\u00edve a co nejl\u00e9pe zapojilido \u017eivota v hlavn\u00edm m\u011bst\u011b a v \u010cesk\u00e9 republice.<\/p>\n<p>Web nechalo ve spolupr\u00e1ci s dal\u0161\u00edmi odborn\u00edky vytvo\u0159it\u00a0 odd\u011blen\u00ed n\u00e1rodnostn\u00edch men\u0161in a cizinc\u016f Magistr\u00e1tu hlavn\u00edho m\u011bsta Prahy. Vytvo\u0159en\u00ed specializovan\u00e9 webov\u00e9 str\u00e1nky Praha &#8211; Metropole v\u0161ech bylo jedn\u00edm z c\u00edl\u016f priority informovanosti <a href=\"https:\/\/metropolevsech.eu\/wp-content\/uploads\/2022\/02\/Koncepce-HMP-pro-oblast-integrace-cizincu-2022-2027.pdf\">Koncepce hl. m. Prahy pro oblast integrace cizinc\u016f<\/a> na roky 2014-2017.<\/p>\n<p>Uv\u00edt\u00e1me tak\u00e9 jak\u00e9koliv n\u00e1pady na zm\u011bny nebo koment\u00e1\u0159e k sou\u010dasn\u00e9mu obsahu t\u011bchto str\u00e1nek. V p\u0159\u00edpad\u011b podn\u011bt\u016f n\u00e1s kontaktujte na e-mailu integrace@praha.eu.<\/p>\n<p>Na z\u00e1v\u011br v\u00e1m u\u017e jen p\u0159ejeme snadnou orientaci na webov\u00fdch str\u00e1nk\u00e1ch a z\u00edsk\u00e1n\u00ed mnoha inspirativn\u00edch a pro \u017eivot v Praze d\u016fle\u017eit\u00fdch informac\u00ed.<\/p>\n<p class=\"quote-author\">T\u00fdm odd\u011blen\u00ed n\u00e1rodnostn\u00edch men\u0161in a cizinc\u016f<\/p>\n<p class=\"quote-author\">Hlavn\u00edho m\u011bsta Praha<\/p>\n<p><\/p>","protected":false},"excerpt":{"rendered":"<p>P\u0159edstavujeme v\u00e1m webovou str\u00e1nku Praha &#8211; Metropole v\u0161ech, kter\u00e1 je ur\u010dena p\u0159edev\u0161\u00edm pro migranty a migrantky \u017eij\u00edc\u00ed v Praze. Z\u00e1rove\u0148 zde naleznou informace i v\u0161ichni obyvatel\u00e9 hlavn\u00edho m\u011bsta Prahy, kter\u00e9 se st\u00e1v\u00e1 \u010d\u00edm d\u00e1l t\u00edm v\u00edce kulturn\u011b rozmanit\u011bj\u0161\u00ed, stejn\u011b jako&#8230;<\/p>\n<a class=\"more-block\" href=\"https:\/\/metropolevsech.eu\/cs\/o-nas\/hlavni-mesto-praha-a-integrace\/o-webove-strance\/\">\u010c\u00edst v\u00edce<\/a>","protected":false},"author":7,"featured_media":9392,"parent":16975,"menu_order":0,"comment_status":"closed","ping_status":"closed","template":"","meta":[],"acf":[],"_links":{"self":[{"href":"https:\/\/metropolevsech.eu\/cs\/wp-json\/wp\/v2\/pages\/2980"}],"collection":[{"href":"https:\/\/metropolevsech.eu\/cs\/wp-json\/wp\/v2\/pages"}],"about":[{"href":"https:\/\/metropolevsech.eu\/cs\/wp-json\/wp\/v2\/types\/page"}],"author":[{"embeddable":true,"href":"https:\/\/metropolevsech.eu\/cs\/wp-json\/wp\/v2\/users\/7"}],"replies":[{"embeddable":true,"href":"https:\/\/metropolevsech.eu\/cs\/wp-json\/wp\/v2\/comments?post=2980"}],"version-history":[{"count":7,"href":"https:\/\/metropolevsech.eu\/cs\/wp-json\/wp\/v2\/pages\/2980\/revisions"}],"predecessor-version":[{"id":21977,"href":"https:\/\/metropolevsech.eu\/cs\/wp-json\/wp\/v2\/pages\/2980\/revisions\/21977"}],"up":[{"embeddable":true,"href":"https:\/\/metropolevsech.eu\/cs\/wp-json\/wp\/v2\/pages\/16975"}],"wp:featuredmedia":[{"embeddable":true,"href":"https:\/\/metropolevsech.eu\/cs\/wp-json\/wp\/v2\/media\/9392"}],"wp:attachment":[{"href":"https:\/\/metropolevsech.eu\/cs\/wp-json\/wp\/v2\/media?parent=2980"}],"curies":[{"name":"wp","href":"https:\/\/api.w.org\/{rel}","templated":true}]}}