{"id":3099,"date":"2017-04-20T22:39:55","date_gmt":"2017-04-20T20:39:55","guid":{"rendered":"https:\/\/metropolevsech.eu\/?page_id=3099"},"modified":"2026-02-02T19:44:30","modified_gmt":"2026-02-02T18:44:30","slug":"krizove-situace-2","status":"publish","type":"page","link":"https:\/\/metropolevsech.eu\/cs\/potrebuji-resit\/krizove-situace-2\/","title":{"rendered":"Krizov\u00e9 situace &#8211; co d\u011blat?"},"content":{"rendered":"<p><\/p>\n<p data-start=\"360\" data-end=\"644\"><em>Tato \u010d\u00e1st webu <strong data-start=\"375\" data-end=\"402\">Praha \u2013 Metropole v\u0161ech<\/strong> poskytuje z\u00e1kladn\u00ed p\u0159ehled informac\u00ed o tom, <strong data-start=\"447\" data-end=\"519\">jak postupovat v krizov\u00fdch a mimo\u0159\u00e1dn\u00fdch situac\u00edch v \u010cesk\u00e9 republice<\/strong> a kde hledat pomoc. Je ur\u010dena zejm\u00e9na <strong data-start=\"558\" data-end=\"570\">cizinc\u016fm<\/strong>, kte\u0159\u00ed nemus\u00ed zn\u00e1t \u010desk\u00fd syst\u00e9m pomoci nebo dob\u0159e rozum\u011bt \u010desk\u00e9mu jazyku.<\/em><\/p>\n<p data-start=\"646\" data-end=\"806\"><em>C\u00edlem t\u00e9to kapitoly je pomoci v\u00e1m <strong data-start=\"680\" data-end=\"705\">rychle se zorientovat<\/strong>, v\u011bd\u011bt, <strong data-start=\"714\" data-end=\"749\">kam se obr\u00e1tit v akutn\u00ed situaci<\/strong> a kde naj\u00edt informace pro zvl\u00e1dnut\u00ed n\u00e1ro\u010dn\u00fdch okolnost\u00ed.<\/em><\/p>\n<p data-start=\"808\" data-end=\"846\">Tato kapitola je \u010dlen\u011bna do t\u0159\u00ed \u010d\u00e1st\u00ed:<\/p>\n<ul class=\"bullet\">\n<li data-start=\"848\" data-end=\"1146\"><strong><a href=\"\/\/metropolevsech.eu\/cs\/potrebuji-resit\/krizove-situace-2\/obecne-ohrozeni\/\">T\u00eds\u0148ov\u00e1 linka 112 \u2013 zdravotn\u00ed z\u00e1chrann\u00e1 slu\u017eba, policie, hasi\u010di<\/a><\/strong><\/li>\n<\/ul>\n<p data-start=\"848\" data-end=\"1146\">Tato \u010d\u00e1st vysv\u011btluje, <strong data-start=\"940\" data-end=\"978\">kdy a jak volat t\u00eds\u0148ovou linku 112<\/strong>, kter\u00e1 v \u010cesk\u00e9 republice spojuje v\u0161echny slo\u017eky integrovan\u00e9ho z\u00e1chrann\u00e9ho syst\u00e9mu. Dozv\u00edte se, v jak\u00fdch situac\u00edch linku vyu\u017e\u00edt a jak postupovat p\u0159i nahl\u00e1\u0161en\u00ed ud\u00e1losti.<\/p>\n<ul class=\"bullet\">\n<li data-start=\"1148\" data-end=\"1485\"><a href=\"https:\/\/metropolevsech.eu\/cs\/obecne-ohrozeni\/\"><strong data-start=\"1148\" data-end=\"1167\">Obecn\u00e9 ohro\u017een\u00ed<\/strong><\/a><\/li>\n<\/ul>\n<p data-start=\"1148\" data-end=\"1485\">V t\u00e9to \u010d\u00e1sti najdete informace o tom, <strong data-start=\"1208\" data-end=\"1254\">jak se zachovat p\u0159i mimo\u0159\u00e1dn\u00fdch ud\u00e1lostech<\/strong>, kter\u00e9 mohou ohrozit zdrav\u00ed, bezpe\u010d\u00ed nebo majetek, nap\u0159\u00edklad p\u0159i v\u00fdpadku elekt\u0159iny, \u00faniku nebezpe\u010dn\u00fdch l\u00e1tek, nutnosti evakuace nebo povodni. Zohledn\u011bna jsou tak\u00e9 specifika Prahy, kter\u00e1 m\u00e1 pro tyto situace p\u0159ipraven\u00fd krizov\u00fd pl\u00e1n.<\/p>\n<ul class=\"bullet\">\n<li data-start=\"1487\" data-end=\"1832\"><a href=\"\/\/metropolevsech.eu\/cs\/potrebuji-resit\/krizove-situace-2\/krizove-situace\/\"><strong>Obt\u00ed\u017en\u00e9 \u017eivotn\u00ed situace <\/strong><\/a><\/li>\n<\/ul>\n<p data-start=\"1487\" data-end=\"1832\">Tato \u010d\u00e1st se v\u011bnuje <strong data-start=\"1537\" data-end=\"1578\">dlouhodob\u011b n\u00e1ro\u010dn\u00fdm \u017eivotn\u00edm situac\u00edm<\/strong>, ve kter\u00fdch m\u016f\u017eete pot\u0159ebovat pomoc nebo podporu. Najdete zde informace o tom, na koho se obr\u00e1tit nap\u0159\u00edklad p\u0159i ztr\u00e1t\u011b bydlen\u00ed, \u017eivot\u011b bez p\u0159\u00edst\u0159e\u0161\u00ed, z\u00e1vislostech, pracovn\u00edm vyko\u0159is\u0165ov\u00e1n\u00ed, dom\u00e1c\u00edm n\u00e1sil\u00ed, probl\u00e9mech s dluhy, exekucemi nebo gamblerstv\u00edm.<\/p>\n<p>&nbsp;<\/p>","protected":false},"excerpt":{"rendered":"<p>Tato \u010d\u00e1st webu Praha \u2013 Metropole v\u0161ech poskytuje z\u00e1kladn\u00ed p\u0159ehled informac\u00ed o tom, jak postupovat v krizov\u00fdch a mimo\u0159\u00e1dn\u00fdch situac\u00edch v \u010cesk\u00e9 republice a kde hledat pomoc. Je ur\u010dena zejm\u00e9na cizinc\u016fm, kte\u0159\u00ed nemus\u00ed zn\u00e1t \u010desk\u00fd syst\u00e9m pomoci nebo dob\u0159e rozum\u011bt&#8230;<\/p>\n<a class=\"more-block\" href=\"https:\/\/metropolevsech.eu\/cs\/potrebuji-resit\/krizove-situace-2\/\">\u010c\u00edst v\u00edce<\/a>","protected":false},"author":7,"featured_media":9377,"parent":736,"menu_order":13,"comment_status":"closed","ping_status":"closed","template":"","meta":[],"acf":[],"_links":{"self":[{"href":"https:\/\/metropolevsech.eu\/cs\/wp-json\/wp\/v2\/pages\/3099"}],"collection":[{"href":"https:\/\/metropolevsech.eu\/cs\/wp-json\/wp\/v2\/pages"}],"about":[{"href":"https:\/\/metropolevsech.eu\/cs\/wp-json\/wp\/v2\/types\/page"}],"author":[{"embeddable":true,"href":"https:\/\/metropolevsech.eu\/cs\/wp-json\/wp\/v2\/users\/7"}],"replies":[{"embeddable":true,"href":"https:\/\/metropolevsech.eu\/cs\/wp-json\/wp\/v2\/comments?post=3099"}],"version-history":[{"count":10,"href":"https:\/\/metropolevsech.eu\/cs\/wp-json\/wp\/v2\/pages\/3099\/revisions"}],"predecessor-version":[{"id":24875,"href":"https:\/\/metropolevsech.eu\/cs\/wp-json\/wp\/v2\/pages\/3099\/revisions\/24875"}],"up":[{"embeddable":true,"href":"https:\/\/metropolevsech.eu\/cs\/wp-json\/wp\/v2\/pages\/736"}],"wp:featuredmedia":[{"embeddable":true,"href":"https:\/\/metropolevsech.eu\/cs\/wp-json\/wp\/v2\/media\/9377"}],"wp:attachment":[{"href":"https:\/\/metropolevsech.eu\/cs\/wp-json\/wp\/v2\/media?parent=3099"}],"curies":[{"name":"wp","href":"https:\/\/api.w.org\/{rel}","templated":true}]}}