{"id":3106,"date":"2017-04-20T22:53:57","date_gmt":"2017-04-20T20:53:57","guid":{"rendered":"https:\/\/metropolevsech.eu\/?page_id=3106"},"modified":"2026-02-02T19:50:33","modified_gmt":"2026-02-02T18:50:33","slug":"obecne-ohrozeni","status":"publish","type":"page","link":"https:\/\/metropolevsech.eu\/cs\/potrebuji-resit\/krizove-situace-2\/obecne-ohrozeni\/","title":{"rendered":"T\u00eds\u0148ov\u00e1 linka 112"},"content":{"rendered":"<p><em>V\u00a0t\u00e9to kapitole <i><span style=\"font-weight: 400;\">webu Metropole v\u0161ech<\/span><\/i>\u00a0se dozv\u00edte, jak postupovat, pokud se vy, nebo n\u011bkdo ve va\u0161em bezprost\u0159edn\u00edm okol\u00ed ocitne v\u00a0krizov\u00e9 situaci a pot\u0159ebujete kontaktovat tzv. t\u00eds\u0148ovou linku <i><span style=\"font-weight: 400;\">112<\/span><\/i>\u00a0a p\u0159ivolat n\u011bkterou ze slo\u017eek integrovan\u00e9ho z\u00e1chrann\u00e9ho syst\u00e9mu \u2013 tedy policii, hasi\u010de, nebo z\u00e1chrannou <i><span style=\"font-weight: 400;\">zdravotn\u00ed<\/span><\/i>\u00a0slu\u017ebu. Jsou zde uvedena tak\u00e9 v\u0161echna d\u016fle\u017eit\u00e1 telefonn\u00ed \u010d\u00edsla. <\/em><\/p>\n<h3 id=\"nahlaseniudalosti\">Nahl\u00e1\u0161en\u00ed ud\u00e1losti na t\u00eds\u0148ovou linku<\/h3>\n<p><em>Jste sv\u011bdkem nehody,<i><span style=\"font-weight: 400;\">\u00a0jste vy nebo\u00a0<\/span><\/i><\/em><i><span style=\"font-weight: 400;\">n\u011bkdo ve va\u0161em okol\u00ed v ohro\u017een\u00ed \u017eivota? Je ohro\u017een v\u00e1\u0161 nebo n\u011b\u010d\u00ed majetek? <\/span><\/i><i><span style=\"font-weight: 400;\">Zde se dozv\u00edte, jak postupovat, pokud pot\u0159ebujete vy, nebo n\u011bkdo ve va\u0161em bezprost\u0159edn\u00edm okol\u00ed p\u0159ivolat z\u00e1chrannou slu\u017ebu, policii nebo hasi\u010de.<\/span><\/i><\/p>\n<p><span style=\"font-weight: 400;\"><strong>V p\u0159\u00edpad\u011b v\u00e1\u017en\u00e9ho ohro\u017een\u00ed \u017eivota nebo majetku volejte t\u00eds\u0148ovou linku 112.<\/strong> Oper\u00e1tor linky v\u00e1s propoj\u00ed dle pot\u0159eby se zdravotn\u00ed z\u00e1chrannou slu\u017ebou, s polici\u00ed nebo s hasi\u010di.\u00a0<\/span><\/p>\n<p><span style=\"font-weight: 400;\"><div class=\"box-fixa\"> Jedn\u00e1 se o <strong>jednotn\u00e9 evropsk\u00e9 \u010d\u00edslo 112, na kter\u00e9 se dovol\u00e1te zdarma, bez kreditu, bez SIM karty i z m\u00edst se slab\u00fdm nebo \u017e\u00e1dn\u00fdm sign\u00e1lem<\/strong>. <strong>Oper\u00e1to\u0159i mluv\u00ed ciz\u00edmi jazyky<\/strong>, a proto je pro cizince \u017eij\u00edc\u00ed v Praze a \u010cesk\u00e9 republice d\u016fle\u017eit\u00e9 zn\u00e1t pr\u00e1v\u011b toto \u010d\u00edslo t\u00eds\u0148ov\u00e9 linky. <\/div> <\/span><\/p>\n<h4>P\u0159ed zavol\u00e1n\u00edm.<\/h4>\n<ul>\n<li>Ud\u011blejte v\u0161e pro sv\u00e9 vlastn\u00ed bezpe\u010d\u00ed (dostate\u010dn\u00e1 vzd\u00e1lenost od m\u00edsta ud\u00e1losti).<\/li>\n<li>Zorientujte se v\u00a0okol\u00ed.<\/li>\n<\/ul>\n<h4>B\u011bhem hovoru.<\/h4>\n<p>Oper\u00e1torovi t\u00eds\u0148ov\u00e9 linky nahlaste:<\/p>\n<ul class=\"bullet\">\n<li>co se stalo,<\/li>\n<li>kde se to stalo,<\/li>\n<li>kdo vol\u00e1,<\/li>\n<li>kolik osob pot\u0159ebuje pomoc.<\/li>\n<li>Nezav\u011b\u0161ujte \u2013 je mo\u017en\u00e9, \u017ee oper\u00e1tor bude m\u00edt dal\u0161\u00ed dotazy.<\/li>\n<\/ul>\n<p><span style=\"font-weight: 400;\"><div class=\"box-ok\"><\/span><\/p>\n<p><i><span style=\"font-weight: 400;\">Orientace v m\u00edst\u011b a adresa je pro nahl\u00e1\u0161en\u00ed krize d\u016fle\u017eit\u00e1. V \u010cesk\u00e9 republice a v Praze jsou v\u0161echny ulice zna\u010deny na cedul\u00edch ka\u017ed\u00e9ho bloku dom\u016f. Ka\u017ed\u00fd d\u016fm m\u00e1 tak\u00e9 \u010d\u00edslo popisn\u00e9 a eviden\u010dn\u00ed. Nev\u00edte-li rychle, kde se nach\u00e1z\u00edte, v Praze m\u016f\u017eete vyu\u017e\u00edt <strong>\u010d\u00edseln\u00e9 ozna\u010den\u00ed lamp ve\u0159ejn\u00e9ho osv\u011btlen\u00ed<\/strong>, kter\u00e9 slou\u017e\u00ed pr\u00e1v\u011b k lokalizaci m\u00edsta krizov\u00e9 ud\u00e1losti. P\u0159\u00edpadn\u011b v\u00e1s oper\u00e1tor lokalizuje i prost\u0159ednictv\u00edm GPS. <\/div><\/span><\/i><\/p>\n<h4>Po ukon\u010den\u00ed hovoru<\/h4>\n<ul>\n<li>Nevyp\u00ednejte telefon \u2013 oper\u00e1tor m\u016f\u017ee volat zp\u011bt za \u00fa\u010delem ov\u011b\u0159en\u00ed nebo up\u0159esn\u011bn\u00ed \u00fadaj\u016f.<\/li>\n<\/ul>\n<p><b><div class=\"box-fixa\"> <\/b><\/p>\n<h4><b>N\u00e1rodn\u00ed <\/b>t\u00eds\u0148ov\u00e9 linky<\/h4>\n<p><span style=\"font-weight: 400;\">V \u010cesk\u00e9 republice se setk\u00e1te tak\u00e9 s linkami n\u00e1rodn\u00edho t\u00eds\u0148ov\u00e9ho vol\u00e1n\u00ed. Je dobr\u00e9 m\u00edt zapsan\u00e1 i tato telefonn\u00ed \u010d\u00edsla pro \u010cR.\u00a0<\/span>Na v\u0161echna n\u00ed\u017ee uveden\u00e1 \u010d\u00edsla lze volat 24 hodin denn\u011b. Linky jsou bezplatn\u00e9 a lze na n\u011b volat i z\u00a0mobiln\u00edch telefon\u016f bez kreditu.<\/p>\n<p><strong>150<\/strong> \u2013 hasi\u010di<\/p>\n<ul>\n<li>P\u0159i po\u017e\u00e1rech, nehod\u00e1ch, v\u017edy kdy\u017e je t\u0159eba prov\u00e9st z\u00e1chrann\u00e9 a likvida\u010dn\u00ed pr\u00e1ce.<\/li>\n<\/ul>\n<p><strong>155<\/strong> \u2013 z\u00e1chrann\u00e1 slu\u017eba<\/p>\n<ul>\n<li><span style=\"font-weight: 400;\">V\u00e1\u017en\u00e9 ohro\u017een\u00ed \u017eivota nebo zdrav\u00ed jako je s<\/span>elh\u00e1n\u00ed z\u00e1kladn\u00edch \u017eivotn\u00edch funkc\u00ed, z\u00e1va\u017en\u00e9 \u00farazy nebo onemocn\u011bn\u00ed.<\/li>\n<\/ul>\n<p><strong>158<\/strong> \u2013 Policie \u010cR<\/p>\n<ul>\n<li>Pokud je ohro\u017eena bezpe\u010dnost (kr\u00e1de\u017ee, n\u00e1sil\u00ed, n\u00e1lez mrtv\u00e9 osoby, n\u00e1lez podez\u0159el\u00e9ho p\u0159edm\u011btu, dopravn\u00ed nehoda, apod.).<\/li>\n<\/ul>\n<p><strong>156<\/strong> \u2013 m\u011bstsk\u00e1 (obecn\u00ed) policie<\/p>\n<ul>\n<li>Naru\u0161en\u00ed ve\u0159ejn\u00e9ho po\u0159\u00e1dku v\u00a0obci, <span style=\"font-weight: 400;\">jako je nap\u0159\u00edklad ru\u0161en\u00ed no\u010dn\u00edho klidu<\/span>.<br \/>\n<b><\/div><\/b><\/li>\n<\/ul>\n<p>V\u00edce informac\u00ed naleznete na Port\u00e1lu ob\u010dana v sekci <a href=\"https:\/\/portal.gov.cz\/sluzby-vs\/tisnove-volani-S2824\">T\u00eds\u0148ov\u00e9 vol\u00e1n\u00ed<\/a>.<\/p>","protected":false},"excerpt":{"rendered":"<p>V\u00a0t\u00e9to kapitole webu Metropole v\u0161ech\u00a0se dozv\u00edte, jak postupovat, pokud se vy, nebo n\u011bkdo ve va\u0161em bezprost\u0159edn\u00edm okol\u00ed ocitne v\u00a0krizov\u00e9 situaci a pot\u0159ebujete kontaktovat tzv. t\u00eds\u0148ovou linku 112\u00a0a p\u0159ivolat n\u011bkterou ze slo\u017eek integrovan\u00e9ho z\u00e1chrann\u00e9ho syst\u00e9mu \u2013 tedy policii, hasi\u010de, nebo z\u00e1chrannou&#8230;<\/p>\n<a class=\"more-block\" href=\"https:\/\/metropolevsech.eu\/cs\/potrebuji-resit\/krizove-situace-2\/obecne-ohrozeni\/\">\u010c\u00edst v\u00edce<\/a>","protected":false},"author":7,"featured_media":0,"parent":3099,"menu_order":2,"comment_status":"closed","ping_status":"closed","template":"","meta":[],"acf":[],"_links":{"self":[{"href":"https:\/\/metropolevsech.eu\/cs\/wp-json\/wp\/v2\/pages\/3106"}],"collection":[{"href":"https:\/\/metropolevsech.eu\/cs\/wp-json\/wp\/v2\/pages"}],"about":[{"href":"https:\/\/metropolevsech.eu\/cs\/wp-json\/wp\/v2\/types\/page"}],"author":[{"embeddable":true,"href":"https:\/\/metropolevsech.eu\/cs\/wp-json\/wp\/v2\/users\/7"}],"replies":[{"embeddable":true,"href":"https:\/\/metropolevsech.eu\/cs\/wp-json\/wp\/v2\/comments?post=3106"}],"version-history":[{"count":50,"href":"https:\/\/metropolevsech.eu\/cs\/wp-json\/wp\/v2\/pages\/3106\/revisions"}],"predecessor-version":[{"id":24879,"href":"https:\/\/metropolevsech.eu\/cs\/wp-json\/wp\/v2\/pages\/3106\/revisions\/24879"}],"up":[{"embeddable":true,"href":"https:\/\/metropolevsech.eu\/cs\/wp-json\/wp\/v2\/pages\/3099"}],"wp:attachment":[{"href":"https:\/\/metropolevsech.eu\/cs\/wp-json\/wp\/v2\/media?parent=3106"}],"curies":[{"name":"wp","href":"https:\/\/api.w.org\/{rel}","templated":true}]}}