{"id":336,"date":"2016-12-18T13:38:01","date_gmt":"2016-12-18T12:38:01","guid":{"rendered":"https:\/\/metropolevsech.eu\/?page_id=336"},"modified":"2025-03-26T12:11:55","modified_gmt":"2025-03-26T11:11:55","slug":"2-3-prazske-pametihodnosti","status":"publish","type":"page","link":"https:\/\/metropolevsech.eu\/cs\/praha\/2-3-prazske-pametihodnosti\/","title":{"rendered":"Pra\u017esk\u00e9 pam\u00e1tky"},"content":{"rendered":"<p>Hlavn\u00ed m\u011bsto \u010cesk\u00e9 republiky se py\u0161n\u00ed pam\u00e1tkovou rezervac\u00ed, kter\u00e1 pat\u0159\u00ed svou rozlohou a v\u00fdznamem k nejv\u011bt\u0161\u00edm pam\u00e1tk\u00e1m sv\u011btov\u00e9ho rozsahu. Rozkl\u00e1d\u00e1 se na plo\u0161e velk\u00e9 860 ha a zahrnuje p\u0159ibli\u017en\u011b 1 300 unik\u00e1tn\u00edch pam\u00e1tek.<\/p>\n<p>Historicky nejv\u00fdznamn\u011bj\u0161\u00ed \u010d\u00e1sti Prahy se nach\u00e1zej\u00ed na \u00fazem\u00ed dne\u0161n\u00ed Prahy 1, tedy na \u00fazem\u00ed st\u0159edov\u011bk\u00e9ho j\u00e1dra m\u011bsta, kter\u00e9 je od roku 1992 zaps\u00e1no na seznamu pam\u00e1tek sv\u011btov\u00e9ho kulturn\u00edho d\u011bdictv\u00ed <a href=\"https:\/\/www.unesco-czech.cz\/unesco-pamatky\/\">UNESCO<\/a>. Zde naleznete t\u00e9m\u011b\u0159 v\u0161echny v\u00fdznamn\u00e9 pra\u017esk\u00e9 turistick\u00e9 c\u00edle \u2013 Pra\u017esk\u00fd hrad a Hrad\u010dany, Malou Stranu v\u010detn\u011b Karlova mostu, Star\u00e9 M\u011bsto s Josefovem (unik\u00e1tn\u00ed dochovan\u00e1 \u010d\u00e1st \u017didovsk\u00e9ho M\u011bsta), Nov\u00e9 M\u011bsto, Vy\u0161ehrad.<\/p>\n<p>O Praze se s oblibou mluv\u00ed jako o \u201estov\u011b\u017eat\u00e9\u201c, a to z toho d\u016fvodu, \u017ee pokud se pod\u00edv\u00e1te na Prahu z vyv\u00fd\u0161en\u00e9ho m\u00edsta (nap\u0159. Pet\u0159\u00ednsk\u00e9 rozhledny), uvid\u00edte, \u017ee centrum m\u011bsta je pln\u00e9 v\u011b\u017ei\u010dek a kupol\u00ed kostel\u016f a dal\u0161\u00edch historick\u00fdch staveb.<\/p>\n<div class=\"box-fixa\"><em>V Praze nab\u00edz\u00ed slu\u017eby velk\u00e9 mno\u017estv\u00ed turistick\u00fdch kancel\u00e1\u0159\u00ed, mezi kter\u00fdmi mohou b\u00fdt i podvodn\u00e9 nebo p\u0159edra\u017een\u00e9 kancel\u00e1\u0159e. Pokud chcete vyu\u017e\u00edt informac\u00ed ZDARMA, vyu\u017eijte kontaktn\u00ed m\u00edsta <\/em><a href=\"https:\/\/prague.eu\/cs\/turisticka-informacni-centra\/\"><em>Turistick\u00fdch informa\u010dn\u00edch center<\/em><\/a><em>, kter\u00e9 pat\u0159\u00ed pod Pra\u017eskou informa\u010dn\u00ed slu\u017ebu hlavn\u00edho m\u011bsta Prahy. V nich zakoup\u00edte i vstupenky na n\u011bkter\u00e9 kulturn\u00ed akce.<\/em><\/div>\n<div class=\"box-ok\"><i>M\u00e1te chu\u0165 poznat Prahu v\u00edce? Prague City Tourism \u00a0organizuje vych\u00e1zky po Praze a \u00a0vzd\u011bl\u00e1vac\u00ed cykly o historii a sou\u010dasnosti m\u011bsta pro odbornou i laickou ve\u0159ejnost. Na webov\u00fdch str\u00e1nk\u00e1ch <\/i><a href=\"\/\/www.praguecitytourism.cz\"><i>Prague City Tourism<\/i><\/a><i> \u00a0naleznete aktu\u00e1ln\u00ed nab\u00eddku. <\/i><i>N\u00ed\u017ee naleznete tipy na zaj\u00edmav\u00e1 pra\u017esk\u00e1 m\u00edsta, jejich\u017e detaily m\u016f\u017eete prozkoumat na webov\u00fdch str\u00e1nk\u00e1ch Prague.eu.<\/i><\/div>\n<ul class=\"bullet\">\n<li><a href=\"#castles\">Hrady<\/a><\/li>\n<li><a href=\"#bridges\">Mosty<\/a><\/li>\n<li><a href=\"#squares\">N\u00e1m\u011bst\u00ed<\/a><\/li>\n<li><a href=\"#churches\">Kostely<\/a><\/li>\n<li><a href=\"#houses\">Domy<\/a><\/li>\n<\/ul>\n<h4>U\u017eite\u010dn\u00e9 odkazy:<\/h4>\n<ul class=\"bullet-links\">\n<li><a href=\"\/\/www.prague.eu\/cs\">Prague.eu &#8211; ofici\u00e1ln\u00ed turistick\u00fd port\u00e1l Prahy<\/a><\/li>\n<li><a href=\"\/\/www.praguecitytourism.cz\/cs\">Prague City Tourism<\/a><\/li>\n<li><a href=\"http:\/\/prague.eu\/cs\/turisticka-informacni-centra\/\">Turistick\u00e1 informa\u010dn\u00ed centra<\/a><\/li>\n<li><a href=\"\/\/www.unesco-czech.cz\/praha\/predstaveni\/\">\u010cesk\u00e9 d\u011bdictv\u00ed UNESCO &#8211; Praha<\/a><\/li>\n<\/ul>\n<p><\/p>","protected":false},"excerpt":{"rendered":"<p>Hlavn\u00ed m\u011bsto \u010cesk\u00e9 republiky se py\u0161n\u00ed pam\u00e1tkovou rezervac\u00ed, kter\u00e1 pat\u0159\u00ed svou rozlohou a v\u00fdznamem k nejv\u011bt\u0161\u00edm pam\u00e1tk\u00e1m sv\u011btov\u00e9ho rozsahu. Rozkl\u00e1d\u00e1 se na plo\u0161e velk\u00e9 860 ha a zahrnuje p\u0159ibli\u017en\u011b 1 300 unik\u00e1tn\u00edch pam\u00e1tek. Historicky nejv\u00fdznamn\u011bj\u0161\u00ed \u010d\u00e1sti Prahy se nach\u00e1zej\u00ed na&#8230;<\/p>\n<a class=\"more-block\" href=\"https:\/\/metropolevsech.eu\/cs\/praha\/2-3-prazske-pametihodnosti\/\">\u010c\u00edst v\u00edce<\/a>","protected":false},"author":7,"featured_media":9387,"parent":10,"menu_order":3,"comment_status":"closed","ping_status":"closed","template":"","meta":[],"acf":[],"_links":{"self":[{"href":"https:\/\/metropolevsech.eu\/cs\/wp-json\/wp\/v2\/pages\/336"}],"collection":[{"href":"https:\/\/metropolevsech.eu\/cs\/wp-json\/wp\/v2\/pages"}],"about":[{"href":"https:\/\/metropolevsech.eu\/cs\/wp-json\/wp\/v2\/types\/page"}],"author":[{"embeddable":true,"href":"https:\/\/metropolevsech.eu\/cs\/wp-json\/wp\/v2\/users\/7"}],"replies":[{"embeddable":true,"href":"https:\/\/metropolevsech.eu\/cs\/wp-json\/wp\/v2\/comments?post=336"}],"version-history":[{"count":8,"href":"https:\/\/metropolevsech.eu\/cs\/wp-json\/wp\/v2\/pages\/336\/revisions"}],"predecessor-version":[{"id":22308,"href":"https:\/\/metropolevsech.eu\/cs\/wp-json\/wp\/v2\/pages\/336\/revisions\/22308"}],"up":[{"embeddable":true,"href":"https:\/\/metropolevsech.eu\/cs\/wp-json\/wp\/v2\/pages\/10"}],"wp:featuredmedia":[{"embeddable":true,"href":"https:\/\/metropolevsech.eu\/cs\/wp-json\/wp\/v2\/media\/9387"}],"wp:attachment":[{"href":"https:\/\/metropolevsech.eu\/cs\/wp-json\/wp\/v2\/media?parent=336"}],"curies":[{"name":"wp","href":"https:\/\/api.w.org\/{rel}","templated":true}]}}