{"id":3391,"date":"2017-05-14T20:39:36","date_gmt":"2017-05-14T18:39:36","guid":{"rendered":"https:\/\/metropolevsech.eu\/?page_id=3391"},"modified":"2025-02-11T12:07:21","modified_gmt":"2025-02-11T11:07:21","slug":"mestska-cast-praha-1","status":"publish","type":"page","link":"https:\/\/metropolevsech.eu\/cs\/kontakty\/urady-v-praze\/mestske-casti\/jednotlive-mestske-casti\/mestska-cast-praha-1\/","title":{"rendered":"M\u010c Praha 1"},"content":{"rendered":"<p><\/p>\n<h3><strong>\u00da\u0158AD M\u011aSTSK\u00c9 \u010c\u00c1STI PRAHA 1<\/strong><\/h3>\n<p>&nbsp;<\/p>\n<p><strong>adresa:<\/strong> Vodi\u010dkova 18, 115 68 Praha 1<\/p>\n<p><strong>telefon \u00fast\u0159edna:<\/strong> 221 097 111, <strong>fax:<\/strong> 222 231 646<\/p>\n<p><strong>telefon informa\u010dn\u00ed centrum:<\/strong> 221 097 300, 221 097 311, 221 097 280, 221 097 315 (ov\u011b\u0159ov\u00e1n\u00ed)<\/p>\n<p><strong>e-mail:<\/strong> <a href=\"mailto:posta@praha1.cz\">posta@praha1.cz<\/a><\/p>\n<p><strong>internetov\u00e1 adresa:<\/strong><a href=\"http:\/\/www.praha1.cz\/\"> www.praha1.cz<\/a><\/p>\n<p>&nbsp;<\/p>\n<p>M\u011bstsk\u00e1 \u010d\u00e1st Praha 1, kter\u00e1 se rozkl\u00e1d\u00e1 uprost\u0159ed metropole na obou b\u0159ez\u00edch Vltavy, je turisticky nejzaj\u00edmav\u011bj\u0161\u00ed \u010d\u00e1st\u00ed Prahy a tak\u00e9 spr\u00e1vn\u00edm centrem \u010cesk\u00e9 republiky. Svoje s\u00eddlo zde maj\u00ed prezident, parlament i vl\u00e1da.<\/p>\n<div class=\"box-ok\">\n<p><em>V budov\u011b \u00da\u0159adu m\u011bstsk\u00e9 \u010d\u00e1sti Praha 1 najdete <\/em><a href=\"https:\/\/metropolevsech.eu\/cs\/potrebuji-resit\/podnikani\/jednotne-kontaktni-misto\/\"><em>Jednotn\u00e9 kontaktn\u00ed m\u00edsto<\/em><\/a><em>, kde z\u00edsk\u00e1te pot\u0159ebn\u00e9 informace pro usnadn\u011bn\u00ed podnik\u00e1n\u00ed.<\/em><\/p>\n<ul class=\"bullet-links\">\n<li><strong><em>Odkaz naleznete <a href=\"https:\/\/www.praha1.cz\/odbory-a-oddeleni\/zio_jkm\/\">zde<\/a>.<\/em><\/strong><\/div><\/li>\n<\/ul>\n<p>&nbsp;<\/p>\n<h3><strong>Ostatn\u00ed \u00fa\u0159ady:<\/strong><\/h3>\n<h4>Pobo\u010dka \u00fa\u0159adu pr\u00e1ce<\/h4>\n<p>Kontaktn\u00ed pracovi\u0161t\u011b <a href=\"https:\/\/www.uradprace.cz\/praha-2\">Praha 2<\/a> (pro Prahu 1 a 2)<\/p>\n<p><a href=\"https:\/\/www.uradprace.cz\/praha-2\">Kontakty na pracovi\u0161t\u011b<\/a>, <a href=\"https:\/\/www.uradprace.cz\/web\/cz\/volna-mista-v-cr\">Voln\u00e1 m\u00edsta<\/a><a href=\"https:\/\/www.uradprace.cz\/web\/cz\/kontakty-na-zamestnance-1\"><\/a><\/p>\n<p>&nbsp;<\/p>\n<h4><strong>Pra\u017esk\u00e1 spr\u00e1va soci\u00e1ln\u00edho zabezpe\u010den\u00ed (PSSZ)<\/strong><\/h4>\n<div class=\"box-ok\"> <em>\u00dazemn\u00ed p\u016fsobnost \u00fa\u0159adu nen\u00ed d\u00e1na. M\u016f\u017eete tedy zvolit kter\u00e9koliv \u00fazemn\u00ed pracovi\u0161t\u011b bez ohledu na m\u00edsto pobytu \u010di s\u00eddlo. <\/em><\/p>\n<p><em><a href=\"http:\/\/www.cssz.cz\/cz\/kontakty\/krajska-a-okresni-pracoviste\/praha\/up-pssz-pro-prahu-10.htm\">Kontakty na jednotliv\u00e1 \u00fazemn\u00ed pracovi\u0161t\u011b<\/a><\/em><\/div>\n<p><strong>\u00a0<\/strong><\/p>\n<h4><strong>Finan\u010dn\u00ed \u00fa\u0159ad<\/strong><\/h4>\n<p>\u00dazemn\u00ed pracovi\u0161t\u011b pro Prahu 1<\/p>\n<p><strong>Adresa:<\/strong> \u0160t\u011bp\u00e1nsk\u00e1 619\/28, 112 33 Praha 1<\/p>\n<p><a href=\"https:\/\/www.financnisprava.cz\/cs\/financni-sprava\/financni-sprava-cr\/organizacni-struktura\/organy-financni-spravy\/uzemni-pracoviste\/2001-uzemni-pracoviste-pro-prahu-1\">Kontaktn\u00ed informace<\/a><\/p>","protected":false},"excerpt":{"rendered":"<p>\u00da\u0158AD M\u011aSTSK\u00c9 \u010c\u00c1STI PRAHA 1 &nbsp; adresa: Vodi\u010dkova 18, 115 68 Praha 1 telefon \u00fast\u0159edna: 221 097 111, fax: 222 231 646 telefon informa\u010dn\u00ed centrum: 221 097 300, 221 097 311, 221 097 280, 221 097 315 (ov\u011b\u0159ov\u00e1n\u00ed) e-mail: posta@praha1.cz&#8230;<\/p>\n<a class=\"more-block\" href=\"https:\/\/metropolevsech.eu\/cs\/kontakty\/urady-v-praze\/mestske-casti\/jednotlive-mestske-casti\/mestska-cast-praha-1\/\">\u010c\u00edst v\u00edce<\/a>","protected":false},"author":7,"featured_media":0,"parent":3406,"menu_order":1,"comment_status":"closed","ping_status":"closed","template":"","meta":[],"acf":[],"_links":{"self":[{"href":"https:\/\/metropolevsech.eu\/cs\/wp-json\/wp\/v2\/pages\/3391"}],"collection":[{"href":"https:\/\/metropolevsech.eu\/cs\/wp-json\/wp\/v2\/pages"}],"about":[{"href":"https:\/\/metropolevsech.eu\/cs\/wp-json\/wp\/v2\/types\/page"}],"author":[{"embeddable":true,"href":"https:\/\/metropolevsech.eu\/cs\/wp-json\/wp\/v2\/users\/7"}],"replies":[{"embeddable":true,"href":"https:\/\/metropolevsech.eu\/cs\/wp-json\/wp\/v2\/comments?post=3391"}],"version-history":[{"count":5,"href":"https:\/\/metropolevsech.eu\/cs\/wp-json\/wp\/v2\/pages\/3391\/revisions"}],"predecessor-version":[{"id":21847,"href":"https:\/\/metropolevsech.eu\/cs\/wp-json\/wp\/v2\/pages\/3391\/revisions\/21847"}],"up":[{"embeddable":true,"href":"https:\/\/metropolevsech.eu\/cs\/wp-json\/wp\/v2\/pages\/3406"}],"wp:attachment":[{"href":"https:\/\/metropolevsech.eu\/cs\/wp-json\/wp\/v2\/media?parent=3391"}],"curies":[{"name":"wp","href":"https:\/\/api.w.org\/{rel}","templated":true}]}}