{"id":3401,"date":"2017-05-14T21:24:13","date_gmt":"2017-05-14T19:24:13","guid":{"rendered":"https:\/\/metropolevsech.eu\/?page_id=3401"},"modified":"2025-04-01T20:40:34","modified_gmt":"2025-04-01T18:40:34","slug":"obecne-informace","status":"publish","type":"page","link":"https:\/\/metropolevsech.eu\/cs\/kontakty\/urady-v-praze\/mestske-casti\/obecne-informace\/","title":{"rendered":"Obecn\u00e9 informace"},"content":{"rendered":"<p><em>Na t\u00e9to str\u00e1nce V\u00e1m porad\u00edme, <\/em><em>na kter\u00fd m\u011bstsk\u00fd \u00fa\u0159ad se <\/em><em>m\u016f\u017eete v\u00a0p\u0159\u00edpad\u011b pot\u0159eby obr\u00e1tit. Tak\u00e9 V\u00e1m p\u0159edstav\u00edme jejich<\/em><em> jednotliv\u00e9 odbory a pop\u00ed\u0161eme, co zde m\u016f\u017eete vy\u0159\u00eddit. P\u0159edstav\u00edme V\u00e1m i <\/em><em>dal\u0161\u00ed \u00fa\u0159ady (finan\u010dn\u00ed \u00fa\u0159ad, spr\u00e1vu soci\u00e1ln\u00edho zabezpe\u010den\u00ed a \u00fa\u0159ad pr\u00e1ce), jejich\u017e pobo\u010dky m\u016f\u017eete nal\u00e9zt v r\u00e1mci m\u011bstsk\u00fdch \u010d\u00e1st\u00ed. D\u00e1le <\/em><em>tak\u00e9 se zde <\/em><em>dozv\u00edte z\u00e1kladn\u00ed informace o vnit\u0159n\u00edm fungov\u00e1n\u00ed m\u011bstsk\u00fdch \u010d\u00e1st\u00ed.<\/em><\/p>\n<ul class=\"bullet\">\n<li><strong><a href=\"#obratit\">Na kter\u00fd m\u011bstsk\u00fd \u00fa\u0159ad se obr\u00e1tit? <\/a><\/strong><\/li>\n<li><strong><a href=\"#odbory\">Jednotliv\u00e9 odbory<\/a><\/strong><\/li>\n<li><strong><a href=\"#pobocky\">Pobo\u010dky dal\u0161\u00edch \u00fa\u0159ad\u016f <\/a><\/strong><\/li>\n<li><strong><a href=\"#organymc\">Org\u00e1ny m\u011bstsk\u00fdch \u010d\u00e1st\u00ed<\/a><\/strong><\/li>\n<\/ul>\n<h4 id=\"obratit\"><strong>Na kter\u00fd m\u011bstsk\u00fd \u00fa\u0159ad se obr\u00e1tit? <\/strong><\/h4>\n<p><em>Podle m\u00edsta trval\u00e9ho pobytu n\u00e1le\u017e\u00ed \u0159e\u0161en\u00ed situac\u00ed ka\u017ed\u00e9ho obyvatele Prahy konkr\u00e9tn\u00edmu \u00fa\u0159adu m\u011bstsk\u00e9 \u010d\u00e1sti. N\u011bkter\u00e9 m\u011bstsk\u00e9 \u010d\u00e1sti jsou mal\u00e9 a jsou sou\u010d\u00e1st\u00ed tzv. spr\u00e1vn\u00edho obvodu s jinou m\u011bstskou \u010d\u00e1st\u00ed. Znamen\u00e1 to, \u017ee n\u011bkter\u00e9 z\u00e1le\u017eitosti vy\u0159\u00edd\u00edte na \u00fa\u0159ad\u011b na \u00fazem\u00ed m\u011bstsk\u00e9 \u010d\u00e1sti, kde bydl\u00edte, ale nap\u0159. z\u00e1le\u017eitosti, kter\u00e9 se t\u00fdkaj\u00ed podnik\u00e1n\u00ed nebo soci\u00e1ln\u00edch v\u011bc\u00ed, vy\u0159\u00edd\u00edte na jin\u00e9m \u00fa\u0159ad\u011b v r\u00e1mci spr\u00e1vn\u00edho obvodu.<\/em><\/p>\n<p>U jednotliv\u00fdch m\u011bstsk\u00fdch \u010d\u00e1st\u00ed naleznete konkr\u00e9tn\u00ed informaci o tom, kter\u00e9 m\u011bstsk\u00e9 \u010d\u00e1sti vykon\u00e1vaj\u00ed p\u0159enesenou p\u016fsobnost pro jinou m\u011bstskou \u010d\u00e1st v r\u00e1mci spr\u00e1vn\u00edho obvodu. Pokud nap\u0159\u00edklad \u017eijete v m\u011bstsk\u00e9 \u010d\u00e1sti Praha &#8211; Nebu\u0161ice, pak n\u011bkter\u00e9 z\u00e1le\u017eitosti budete vy\u0159izovat na m\u011bstsk\u00e9 \u010d\u00e1sti Praha 6. Nebo pokud \u017eijete na m\u011bstsk\u00e9 \u010d\u00e1sti Praha &#8211; Libu\u0161, pak budete n\u011bkter\u00e9 z\u00e1le\u017eitosti vy\u0159izovat na m\u011bstsk\u00e9 \u010d\u00e1sti Praha 12.<\/p>\n<p>N\u00ed\u017ee naleznete seznam m\u011bstsk\u00fdch \u010d\u00e1st\u00ed, kter\u00e9 vykon\u00e1vaj\u00ed p\u0159enesenou p\u016fsobnost pro jinou m\u011bstskou \u010d\u00e1st v r\u00e1mci spr\u00e1vn\u00edho obvodu. Pokud \u017eijete v Praze v \u010d\u00e1sti, kter\u00e1 je uvedena v prav\u00e9 \u010d\u00e1sti tabulky, pak n\u011bkter\u00e9 sv\u00e9 z\u00e1le\u017eitosti budete vy\u0159izovat na m\u011bstsk\u00e9 \u010d\u00e1sti uveden\u00e9 vlevo.<\/p>\n<table width=\"502\">\n<tbody>\n<tr>\n<td width=\"146\"><strong>N\u00e1zev m\u011bstsk\u00e9 \u010d\u00e1sti<\/strong><\/td>\n<td width=\"348\"><strong>V\u00fdkon p\u0159enesen\u00e9 p\u016fsobnosti pro m\u011bstskou \u010d\u00e1st:<\/strong><\/td>\n<\/tr>\n<tr>\n<td width=\"146\"><strong>M\u011bstsk\u00e1 \u010d\u00e1st Praha 1<\/strong><\/td>\n<td width=\"348\">\u2013 \u00a0\u2013 \u00a0\u00ad-<\/td>\n<\/tr>\n<tr>\n<td width=\"146\"><strong>M\u011bstsk\u00e1 \u010d\u00e1st Praha 2<\/strong><\/td>\n<td width=\"348\">\u2013 \u00a0\u2013 \u00a0\u00ad-<\/td>\n<\/tr>\n<tr>\n<td width=\"146\"><strong>M\u011bstsk\u00e1 \u010d\u00e1st Praha 3<\/strong><\/td>\n<td width=\"348\">\u2013 \u00a0\u2013 \u00a0\u00ad-<\/td>\n<\/tr>\n<tr>\n<td width=\"146\"><strong>M\u011bstsk\u00e1 \u010d\u00e1st Praha 4<\/strong><\/td>\n<td width=\"348\">Praha-Kunratice<\/td>\n<\/tr>\n<tr>\n<td width=\"146\"><strong>M\u011bstsk\u00e1 \u010d\u00e1st Praha 5<\/strong><\/td>\n<td width=\"348\">Praha-Slivenec<\/td>\n<\/tr>\n<tr>\n<td width=\"146\"><strong>M\u011bstsk\u00e1 \u010d\u00e1st Praha 6<\/strong><\/td>\n<td width=\"348\">Praha-Lysolaje, Praha-Nebu\u0161ice, Praha-P\u0159edn\u00ed Kopanina a Praha-Suchdol<\/td>\n<\/tr>\n<tr>\n<td width=\"146\"><strong>M\u011bstsk\u00e1 \u010d\u00e1st Praha 7<\/strong><\/td>\n<td width=\"348\">Praha-Troja<\/td>\n<\/tr>\n<tr>\n<td width=\"146\"><strong>M\u011bstsk\u00e1 \u010d\u00e1st Praha 8<\/strong><\/td>\n<td width=\"348\">Praha-B\u0159ezin\u011bves, Praha-Doln\u00ed Chabry a Praha-\u010e\u00e1blice<\/td>\n<\/tr>\n<tr>\n<td width=\"146\"><strong>M\u011bstsk\u00e1 \u010d\u00e1st Praha 9<\/strong><\/td>\n<td width=\"348\">\u2013 \u00a0\u2013 \u00a0\u00ad-<\/td>\n<\/tr>\n<tr>\n<td width=\"146\"><strong>M\u011bstsk\u00e1 \u010d\u00e1st Praha 10<\/strong><\/td>\n<td width=\"348\">\u2013 \u00a0\u2013 \u00a0\u00ad-<\/td>\n<\/tr>\n<tr>\n<td width=\"146\"><strong>M\u011bstsk\u00e1 \u010d\u00e1st Praha 11<\/strong><\/td>\n<td width=\"348\">Praha-K\u0159eslice, Praha-\u0160eberov a Praha-\u00dajezd<\/td>\n<\/tr>\n<tr>\n<td width=\"146\"><strong>M\u011bstsk\u00e1 \u010d\u00e1st Praha 12<\/strong><\/td>\n<td width=\"348\">Praha-Libu\u0161<\/td>\n<\/tr>\n<tr>\n<td width=\"146\"><strong>M\u011bstsk\u00e1 \u010d\u00e1st Praha 13<\/strong><\/td>\n<td width=\"348\">Praha-\u0158eporyje<\/td>\n<\/tr>\n<tr>\n<td width=\"146\"><strong>M\u011bstsk\u00e1 \u010d\u00e1st Praha 14<\/strong><\/td>\n<td width=\"348\">Praha-Doln\u00ed Po\u010dernice<\/td>\n<\/tr>\n<tr>\n<td width=\"146\"><strong>M\u011bstsk\u00e1 \u010d\u00e1st Praha 15<\/strong><\/td>\n<td width=\"348\">Praha-Doln\u00ed M\u011bcholupy, Praha-Dube\u010d, Praha-Petrovice a Praha-\u0160t\u011brboholy<\/td>\n<\/tr>\n<tr>\n<td width=\"146\"><strong>M\u011bstsk\u00e1 \u010d\u00e1st Praha 16<\/strong><\/td>\n<td width=\"348\">Praha-Lipence, Praha-Lochkov, Praha-Velk\u00e1 Chuchle a Praha-Zbraslav<\/td>\n<\/tr>\n<tr>\n<td width=\"146\"><strong>M\u011bstsk\u00e1 \u010d\u00e1st Praha 17<\/strong><\/td>\n<td width=\"348\">Praha-Zli\u010d\u00edn<\/td>\n<\/tr>\n<tr>\n<td width=\"146\"><strong>M\u011bstsk\u00e1 \u010d\u00e1st Praha 18<\/strong><\/td>\n<td width=\"348\">Praha-\u010cakovice<\/td>\n<\/tr>\n<tr>\n<td width=\"146\"><strong>M\u011bstsk\u00e1 \u010d\u00e1st Praha 19<\/strong><\/td>\n<td width=\"348\">Praha-Satalice a Praha-Vino\u0159<\/td>\n<\/tr>\n<tr>\n<td width=\"146\"><strong>M\u011bstsk\u00e1 \u010d\u00e1st Praha 20<\/strong><\/td>\n<td width=\"348\">\u2013 \u00a0\u2013 \u00a0\u00ad-<\/td>\n<\/tr>\n<tr>\n<td width=\"146\"><strong>M\u011bstsk\u00e1 \u010d\u00e1st Praha 21<\/strong><\/td>\n<td width=\"348\">Praha-B\u011bchovice, Praha-Kl\u00e1novice a Praha-Kolod\u011bje<\/td>\n<\/tr>\n<tr>\n<td width=\"146\"><strong>M\u011bstsk\u00e1 \u010d\u00e1st Praha 22<\/strong><\/td>\n<td width=\"348\">Praha-Benice, Praha-Kolovraty, Praha-Kr\u00e1lovice a Praha-Nedv\u011bz\u00ed<\/td>\n<\/tr>\n<\/tbody>\n<\/table>\n<h3 id=\"odbory\"><strong>Jednotliv\u00e9 odbory<br \/>\n<\/strong><\/h3>\n<p>M\u011bstsk\u00e9 \u00fa\u0159ady se skl\u00e1daj\u00ed z jednotliv\u00fdch odbor\u016f, podobn\u011b jako Magistr\u00e1t hl. m. Prahy. Ka\u017ed\u00fd m\u011bstsk\u00fd \u00fa\u0159ad m\u016f\u017ee m\u00edt m\u00edrn\u011b odli\u0161n\u00e9 pojmenov\u00e1n\u00ed konkr\u00e9tn\u00edch odbor\u016f, ale na ka\u017ed\u00e9 m\u011bstsk\u00e9 \u010d\u00e1sti najdete to, co aktu\u00e1ln\u011b pot\u0159ebujete. N\u00ed\u017ee naleznete popis \u010dinnosti vybran\u00fdch odbor\u016f.<\/p>\n<ul class=\"bullet\">\n<li><a href=\"#Odbor ob\u010dansko-spr\u00e1vn\u00edch agend\"><strong>Odbor ob\u010dansko-spr\u00e1vn\u00edch agend<\/strong><\/a><\/li>\n<li><a href=\"#Odbor \u0161kolstv\u00ed\"><strong>Odbor \u0161kolstv\u00ed<\/strong><\/a><\/li>\n<li><a href=\"#\u017divnostensk\u00fd odbor\"><strong>\u017divnostensk\u00fd odbor<\/strong><\/a><\/li>\n<li><a href=\"#Stavebn\u00ed odbor\"><strong>Stavebn\u00ed odbor<\/strong><\/a><\/li>\n<li><a href=\"#Soci\u00e1ln\u00ed odbor\"><strong>Soci\u00e1ln\u00ed odbor<\/strong><\/a><\/li>\n<li><a href=\"#Odbor dopravy\"><strong>Odbor dopravy<\/strong><\/a><\/li>\n<li><a href=\"#Odbor \u017eivotn\u00edho prost\u0159ed\u00ed\"><strong>Odbor \u017eivotn\u00edho prost\u0159ed\u00ed<\/strong><\/a><\/li>\n<\/ul>\n<h4>Odbor ob\u010dansko-spr\u00e1vn\u00edch agend<\/h4>\n<p>Odd\u011blen\u00ed matrik vy\u0159izuje s\u0148atky, v\u00fddej osv\u011bd\u010den\u00ed o st\u00e1tn\u00edm ob\u010danstv\u00ed \u010cR po ud\u011blen\u00ed st\u00e1tn\u00edho ob\u010danstv\u00ed, ur\u010den\u00ed otcovstv\u00ed, v\u00edt\u00e1n\u00ed nov\u00fdch ob\u010d\u00e1nk\u016f po jejich narozen\u00ed. Lze zde ov\u011b\u0159it shody opisu nebo kopie s listinou (vidimace) a pravost podpisu (legalizace).<\/p>\n<p>Jedn\u00e1n\u00ed na odd\u011blen\u00ed evidence obyvatel a osobn\u00edch doklad\u016f jsou vedena v \u010desk\u00e9m jazyce. P\u0159i vy\u0159izov\u00e1n\u00ed matri\u010dn\u00edch ud\u00e1lost\u00ed na odd\u011blen\u00ed matrik v\u0161ak mus\u00ed b\u00fdt p\u0159\u00edtomen soudn\u00ed tlumo\u010dn\u00edk, kter\u00fd je zapsan\u00fd v seznamu tlumo\u010dn\u00edk\u016f.<\/p>\n<ul class=\"bullet-links\">\n<li>Seznam soudn\u00edch tlumo\u010dn\u00edk\u016f naleznete na <a target=\"_blank\" href=\"http:\/\/datalot.justice.cz\/justice\/repznatl.nsf\/$$SearchForm?OpenForm\" rel=\"noopener\">n\u00e1sleduj\u00edc\u00edch str\u00e1nk\u00e1ch<\/a>.<\/li>\n<\/ul>\n<p>Odbor tak\u00e9 poskytuje n\u00e1sleduj\u00edc\u00ed slu\u017eby pro cizince, kte\u0159\u00ed jsou vlastn\u00edky nemovitosti na \u00fazem\u00ed m\u011bstsk\u00e9 \u010d\u00e1sti:<\/p>\n<ul>\n<li>\u2013 souhlas vlastn\u00edka nemovitosti s ohl\u00e1\u0161en\u00edm zm\u011bny m\u00edsta trval\u00e9ho pobytu ob\u010danu \u010cR:<\/li>\n<\/ul>\n<p>Je-li cizinec vlastn\u00edkem nemovitosti, kter\u00e1 se nach\u00e1z\u00ed na \u00fazem\u00ed m\u011bstsk\u00e9 \u010d\u00e1sti, potvrzuje jako osoba opr\u00e1vn\u011bn\u00e1 souhlas s ohl\u00e1\u0161en\u00edm zm\u011bny m\u00edsta trval\u00e9ho pobytu ob\u010danovi \u010cR, k vy\u0159\u00edzen\u00ed zm\u011bny se dostav\u00ed se \u017eadatelem o zm\u011bnu trval\u00e9ho pobytu a spole\u010dn\u011b vy\u0159\u00edd\u00ed \u017e\u00e1dost \u017eadatele.<\/p>\n<ul>\n<li>\u2013 n\u00e1vrh vlastn\u00edka nemovitosti na zru\u0161en\u00ed \u00fadaje o m\u00edstu trval\u00e9ho pobytu ob\u010danu \u010cR:<\/li>\n<\/ul>\n<p>Cizinec jako vlastn\u00edk nemovitosti, kter\u00e1 se nach\u00e1z\u00ed na \u00fazem\u00ed m\u011bstsk\u00e9 \u010d\u00e1sti, m\u016f\u017ee podat n\u00e1vrh na zru\u0161en\u00ed \u00fadaje o m\u00edstu trval\u00e9ho pobytu ob\u010danovi \u010cR, kter\u00fd v t\u00e9to nemovitosti m\u00e1 evidovanou adresu, av\u0161ak fyzicky ji neu\u017e\u00edv\u00e1.<\/p>\n<div class=\"box-fixa\">V p\u0159\u00edpad\u011b, \u017ee vlastn\u00edk nemovitosti potvrzuje souhlas cizinci-\u017eadateli o zm\u011bnu pobytu, postupuje se odli\u0161n\u011b prost\u0159ednictv\u00edm p\u0159\u00edslu\u0161n\u00fdch pracovi\u0161\u0165 Ministerstva vnitra \u010cR, stejn\u011b jako p\u0159i pod\u00e1n\u00ed \u017e\u00e1dosti o zru\u0161en\u00ed \u00fadaje o m\u00edstu hl\u00e1\u0161en\u00e9ho pobytu cizince.<\/div>\n<h4>Odbor \u0161kolstv\u00ed<\/h4>\n<p>\u0160kolsk\u00fd odbor z\u0159izuje, kontroluje a ru\u0161\u00ed \u0161kolsk\u00e1 za\u0159\u00edzen\u00ed na \u00fazem\u00ed m\u011bstsk\u00fdch \u010d\u00e1st\u00ed v\u010detn\u011b spr\u00e1vy majetku a rozpo\u010dt\u016f \u0161kol. Koordinuje \u0161koln\u00ed vzd\u011bl\u00e1vac\u00ed pl\u00e1ny, \u010d\u00edm\u017e zaji\u0161\u0165uje kvalitn\u00ed v\u00fduku d\u011bt\u00ed, \u017e\u00e1k\u016f a student\u016f.<\/p>\n<p>M\u011bstsk\u00e1 \u010d\u00e1st z\u0159izuje mate\u0159sk\u00e9 \u0161koly, z\u00e1kladn\u00ed \u0161koly a jejich sou\u010d\u00e1sti (\u0161koln\u00ed j\u00eddelna, \u0161koln\u00ed dru\u017eina, \u0161koln\u00ed klub). Z\u00e1konn\u00fd z\u00e1stupce m\u016f\u017ee vybrat pro sv\u00e9 d\u00edt\u011b jakoukoli \u0161kolu, \u0159editel \u0161koly je povinen d\u00edt\u011b p\u0159ijmout, pokud m\u00e1 dostate\u010dnou kapacitu. Tzv. sp\u00e1dov\u00e1 \u0161kola je povinna p\u0159ijmout d\u00edt\u011b ze sp\u00e1dov\u00e9ho obvodu v\u017edy i v pr\u016fb\u011bhu \u0161koln\u00edho roku. Pokud nem\u00e1 sp\u00e1dov\u00e1 \u0161kola volnou kapacitu, je d\u00edt\u011b um\u00edst\u011bno do jin\u00e9 \u0161koly ve spolupr\u00e1ci s odborem \u0161kolstv\u00ed. Sp\u00e1dovost \u0161koly se posuzuje podle trval\u00e9ho pobytu d\u00edt\u011bte.<\/p>\n<p>Odbor \u0161kolstv\u00ed poskytuje poradenstv\u00ed v oblasti p\u0159ed\u0161koln\u00edho a z\u00e1kladn\u00edho vzd\u011bl\u00e1v\u00e1n\u00ed. Pokud nejste spokojeni se vzd\u011bl\u00e1v\u00e1n\u00edm sv\u00e9ho d\u00edt\u011bte, m\u016f\u017eete se zde poradit nebo podat st\u00ed\u017enost.<\/p>\n<h4>\u017divnostensk\u00fd odbor<\/h4>\n<p>Na \u017eivnostensk\u00e9m odboru si m\u016f\u017eete vy\u0159\u00eddit \u017eivnostensk\u00e9 opr\u00e1vn\u011bn\u00ed nebo jeho zm\u011bnu (nap\u0159\u00edklad p\u0159eru\u0161en\u00ed nebo pokra\u010dov\u00e1n\u00ed v provozov\u00e1n\u00ed \u017eivnosti, zm\u011bnu bydli\u0161t\u011b\/povolen\u00e9ho pobytu, s\u00eddla nebo zm\u011bnu doby platnosti opr\u00e1vn\u011bn\u00ed).<\/p>\n<p>Tento \u00fasek m\u00e1 ve sv\u00e9 kompetenci evidenci provozoven, \u017eivnostensk\u00fd rejst\u0159\u00edk (nahl\u00ed\u017een\u00ed do n\u011bj a po\u0159izov\u00e1n\u00ed v\u00fdpis\u016f) a zaji\u0161\u0165uje opisy \u017eivnostensk\u00fdch opr\u00e1vn\u011bn\u00ed, osv\u011bd\u010den\u00ed, p\u0159eru\u0161en\u00ed, provozov\u00e1n\u00ed \u017eivnost\u00ed a evidenci zem\u011bd\u011blsk\u00fdch podnikatel\u016f. Na \u017eivnostensk\u00fd odbor m\u016f\u017eete b\u00fdt p\u0159edvol\u00e1ni k pod\u00e1n\u00ed vysv\u011btlen\u00ed nebo ke kontrole.<\/p>\n<h4>Stavebn\u00ed odbor<\/h4>\n<p>Stavebn\u00ed odbor vyd\u00e1v\u00e1 \u00fazemn\u00ed rozhodnut\u00ed a pl\u00e1nov\u00e1n\u00ed, stavebn\u00ed povolen\u00ed, eviduje stavby na \u00fazem\u00ed.<\/p>\n<h4>Soci\u00e1ln\u00ed odbor<u> <\/u><\/h4>\n<p>Odbor soci\u00e1ln\u00edch v\u011bc\u00ed se \u010dlen\u00ed na jednotliv\u00e1 odd\u011blen\u00ed z hlediska c\u00edlov\u00e9 skupiny. Nalezneme zde tzv. OSPOD, odd\u011blen\u00ed soci\u00e1ln\u011b-pr\u00e1vn\u00ed ochrany d\u011bt\u00ed, kter\u00e9 zaji\u0161\u0165uje nap\u0159\u00edklad ochranu pr\u00e1va d\u00edt\u011bte na p\u0159\u00edzniv\u00fd v\u00fdvoj a \u0159\u00e1dnou v\u00fdchovu a sm\u011b\u0159uje k obnoven\u00ed naru\u0161en\u00fdch funkc\u00ed rodiny. V p\u0159\u00edpad\u011b nutnosti zabezpe\u010d\u00ed n\u00e1hradn\u00ed rodinn\u00e9 prost\u0159ed\u00ed pro d\u00edt\u011b, kter\u00e9 nem\u016f\u017ee b\u00fdt vychov\u00e1v\u00e1no ve vlastn\u00ed rodin\u011b.<\/p>\n<p>Mezi dal\u0161\u00ed \u010dinnosti tohoto odboru pat\u0159\u00ed soci\u00e1ln\u00ed pr\u00e1ce s ob\u010dany ohro\u017een\u00fdmi soci\u00e1ln\u00edm vylou\u010den\u00edm, a\u0165 u\u017e jsou to lid\u00e9 bez domova, osam\u011bl\u00ed senio\u0159i nebo jin\u00e9 c\u00edlov\u00e9 skupiny v krizov\u00e9 \u017eivotn\u00ed situaci.<\/p>\n<h4>Odbor dopravy<\/h4>\n<p>Odbor dopravy zaji\u0161\u0165uje nap\u0159\u00edklad sj\u00edzdnost m\u00edstn\u00edch komunikac\u00ed, \u0159e\u0161\u00ed uzav\u00edrky a stavebn\u00ed pr\u00e1ce na komunikac\u00edch. Zab\u00fdv\u00e1 se t\u00e9\u017e silni\u010dn\u00edm hospod\u00e1\u0159stv\u00edm, zpracov\u00e1n\u00edm stanovisek k z\u00e1m\u011br\u016fm org\u00e1n\u016f \u010di organizac\u00ed t\u00fdkaj\u00edc\u00ed se dan\u00e9 m\u011bstsk\u00e9 \u010d\u00e1sti, p\u0159edkl\u00e1d\u00e1 podn\u011bty ke zm\u011bn\u00e1m v oblasti dopravy a MHD. Povoluje tzv. zvl\u00e1\u0161tn\u00ed u\u017e\u00edv\u00e1n\u00ed komunikace, jedn\u00e1 se zejm\u00e9na o umis\u0165ov\u00e1n\u00ed reklamn\u00edch za\u0159\u00edzen\u00ed, stavebn\u00edch za\u0159\u00edzen\u00ed, prov\u00e1d\u011bn\u00ed stavebn\u00edch prac\u00ed, z\u0159izov\u00e1n\u00ed vyhrazen\u00e9ho parkov\u00e1n\u00ed, z\u0159izov\u00e1n\u00ed a provoz prodejn\u00edch za\u0159\u00edzen\u00ed, po\u0159\u00e1d\u00e1n\u00ed sportovn\u00edch, kulturn\u00edch a jin\u00fdch akc\u00ed, jestli\u017ee by jimi mohla b\u00fdt ohro\u017eena bezpe\u010dnost nebo plynulost silni\u010dn\u00edho provozu a um\u00eds\u0165ov\u00e1n\u00ed in\u017een\u00fdrsk\u00fdch s\u00edt\u00ed.<\/p>\n<h4>Odbor \u017eivotn\u00edho prost\u0159ed\u00ed<\/h4>\n<p>Na odboru \u017eivotn\u00edho prost\u0159ed\u00ed vy\u0159\u00edd\u00edte vyd\u00e1n\u00ed ryb\u00e1\u0159sk\u00e9ho l\u00edstku, loveck\u00e9ho l\u00edstku, povolen\u00ed ke k\u00e1cen\u00ed d\u0159evin rostouc\u00edch mimo les, vodopr\u00e1vn\u00ed souhlas ke stavb\u011b v ochrann\u00e9m p\u00e1smu vodn\u00edho zdroje a v bl\u00edzkosti vodn\u00edch tok\u016f, povolen\u00ed k vypou\u0161t\u011bn\u00ed odpadn\u00edch vod s obsahem zvl\u00e1\u0161\u0165 nebezpe\u010dn\u00e9 z\u00e1vadn\u00e9 l\u00e1tky do kanalizace, povolen\u00ed k z\u00e1boru ve\u0159ejn\u00e9 zelen\u011b.<\/p>\n<h3><strong>Pobo\u010dky dal\u0161\u00edch \u00fa\u0159ad\u016f<br \/>\n<\/strong><\/h3>\n<p><em>Mimo \u00fa\u0159ady m\u011bstsk\u00fdch \u010d\u00e1st\u00ed najdete na \u00fazem\u00ed m\u011bstsk\u00fdch \u010d\u00e1st\u00ed tak\u00e9 pobo\u010dky st\u00e1tn\u00edch \u00fa\u0159ad\u016f, jedn\u00e1 se zejm\u00e9na o finan\u010dn\u00ed \u00fa\u0159ady, spr\u00e1vu soci\u00e1ln\u00edho zabezpe\u010den\u00ed nebo \u00fa\u0159ady pr\u00e1ce. Konkr\u00e9tn\u00ed pobo\u010dky a kontakty naleznete p\u0159\u00edmo u jednotliv\u00fdch m\u011bstsk\u00fdch \u010d\u00e1st\u00ed, n\u00ed\u017ee jsou uvedeny pouze obecn\u00e9 charakteristiky t\u011bchto \u00fa\u0159ad\u016f.<\/em><\/p>\n<ul class=\"bullet-links\">\n<li><a href=\"#\u00da\u0159ad pr\u00e1ce\"><strong>\u00da\u0159ad pr\u00e1ce<\/strong><\/a><\/li>\n<li><a href=\"#Pra\u017esk\u00e1 spr\u00e1va soci\u00e1ln\u00edho zabezpe\u010den\u00ed (PSSZ)\"><strong>Pra\u017esk\u00e1 spr\u00e1va soci\u00e1ln\u00edho zabezpe\u010den\u00ed (PSSZ)<\/strong><\/a><\/li>\n<li><a href=\"#Finan\u010dn\u00ed \u00fa\u0159ad pro hlavn\u00ed m\u011bsto Prahu\"><strong>Finan\u010dn\u00ed \u00fa\u0159ad pro hlavn\u00ed m\u011bsto Prahu<\/strong><\/a><\/li>\n<\/ul>\n<h3>\u00da\u0159ad pr\u00e1ce<\/h3>\n<p>Na \u00fa\u0159adech pr\u00e1ce vy\u0159\u00edd\u00edte zprost\u0159edkov\u00e1n\u00ed zam\u011bstn\u00e1n\u00ed, st\u00e1tn\u00ed soci\u00e1ln\u00ed podporu, d\u00e1vky hmotn\u00e9 nouze, soci\u00e1ln\u00ed slu\u017eby a p\u0159\u00edsp\u011bvek na p\u00e9\u010di a d\u00e1vky pro osoby se zdravotn\u00edm posti\u017een\u00edm.<\/p>\n<p>Pobo\u010dku \u00fa\u0159adu pr\u00e1ce si vol\u00edte podle m\u00edsta sv\u00e9ho trval\u00e9ho pobytu. Konkr\u00e9tn\u00ed pobo\u010dky a kontakty naleznete p\u0159\u00edmo u jednotliv\u00fdch m\u011bstsk\u00fdch \u010d\u00e1st\u00ed.<\/p>\n<ul class=\"bullet-links\">\n<li>V\u00edce informac\u00ed (nap\u0159. ohledn\u011b zam\u011bstnanosti nebo st\u00e1tn\u00ed soci\u00e1ln\u00ed podpory) najdete <a href=\"https:\/\/www.mpsv.cz\/\">na Integrovan\u00e9m port\u00e1le Ministerstva pr\u00e1ce a soci\u00e1ln\u00edch v\u011bc\u00ed<\/a> v angli\u010dtin\u011b a ukrajin\u0161tin\u011b<\/li>\n<\/ul>\n<h3>Pra\u017esk\u00e1 spr\u00e1va soci\u00e1ln\u00edho zabezpe\u010den\u00ed (PSSZ)<\/h3>\n<p>Na pobo\u010dk\u00e1ch Pra\u017esk\u00e9 spr\u00e1vy soci\u00e1ln\u00edho zabezpe\u010den\u00ed vy\u0159\u00edd\u00edte d\u016fchodov\u00e9 poji\u0161t\u011bn\u00ed, nemocensk\u00e9 poji\u0161t\u011bn\u00ed, poji\u0161t\u011bn\u00ed OSV\u010c a pojistn\u00e9 na soci\u00e1ln\u00ed zabezpe\u010den\u00ed. Pobo\u010dku vol\u00edte podle m\u00edsta sv\u00e9ho trval\u00e9ho pobytu, jednotliv\u00e9 \u010d\u00e1sti Prahy jsou rozd\u011bleny podle k\u00f3du, ke kter\u00e9mu je p\u0159i\u0159azena konkr\u00e9tn\u00ed pobo\u010dka. Rozd\u011blen\u00ed pobo\u010dek najdete v\u00a0jednotliv\u00fdch m\u011bstsk\u00fdch \u010d\u00e1stech.<\/p>\n<ul class=\"bullet-links\">\n<li><a href=\"\/\/www.cssz.cz\/cz\/kontakty\/krajska-a-okresni-pracoviste\/praha\/\">Bli\u017e\u0161\u00ed kontakty na pobo\u010dky<\/a><\/li>\n<\/ul>\n<div class=\"box-fixa\">Str\u00e1nky PSSZ obsahuj\u00ed z\u00e1kladn\u00ed informace tak\u00e9 v angli\u010dtin\u011b, n\u011bm\u010din\u011b, francouz\u0161tin\u011b a ru\u0161tin\u011b.<\/div>\n<h3>Finan\u010dn\u00ed \u00fa\u0159ad pro hlavn\u00ed m\u011bsto Prahu<\/h3>\n<p>Na finan\u010dn\u00edm \u00fa\u0159ad\u011b vy\u0159\u00edd\u00edte z\u00e1le\u017eitosti t\u00fdkaj\u00edc\u00ed se plateb dan\u00ed. Konkr\u00e9tn\u011b jsou to n\u00e1sleduj\u00edc\u00ed dan\u011b: da\u0148 z p\u0159idan\u00e9 hodnoty, da\u0148 z p\u0159\u00edjm\u016f, silni\u010dn\u00ed da\u0148, da\u0148 z nemovit\u00fdch v\u011bc\u00ed, da\u0148 z nabyt\u00ed nemovit\u00fdch v\u011bc\u00ed, da\u0148 d\u011bdick\u00e1 a darovac\u00ed, spot\u0159ebn\u00ed dan\u011b, da\u0148 z hazardn\u00edch her a ekologick\u00e9 dan\u011b. Konkr\u00e9tn\u00ed pobo\u010dky a kontakty naleznete p\u0159\u00edmo u jednotliv\u00fdch m\u011bstsk\u00fdch \u010d\u00e1st\u00ed.<\/p>\n<p>V\u00edce informac\u00ed nejen o \u00fazemn\u00edch pracovi\u0161t\u00edch, ale i o jednotliv\u00fdch dan\u00edch a da\u0148ov\u00e9 tiskopisy naleznete <a href=\"\/\/www.financnisprava.cz\/\">na str\u00e1nk\u00e1ch Finan\u010dn\u00ed spr\u00e1vy.<\/a> Informace jsou na str\u00e1nk\u00e1ch tak\u00e9 v\u00a0angli\u010dtin\u011b.<\/p>\n<h3><strong>Org\u00e1ny m\u011bstsk\u00fdch \u010d\u00e1st\u00ed<\/strong><\/h3>\n<p>Stejn\u011b tak jako do Zastupitelstva hlavn\u00edho m\u011bsta Prahy vol\u00ed ob\u010dan\u00e9 v\u00a0komun\u00e1ln\u00edch volb\u00e1ch i zastupitelstvo ve sv\u00e9 m\u011bstsk\u00e9 \u010d\u00e1sti. Samospr\u00e1va m\u011bstsk\u00e9 \u010d\u00e1sti se tak skl\u00e1d\u00e1 ze zastupitelstva a rady, p\u0159edstavitelem m\u011bstsk\u00e9 \u010d\u00e1sti je starosta m\u011bstsk\u00e9 \u010d\u00e1sti.<\/p>\n<p><strong>Zastupitelstvo m\u011bstsk\u00e9 \u010d\u00e1sti <\/strong>vol\u00ed starostu m\u011bstsk\u00e9 \u010d\u00e1sti, z\u00e1stupce starosty m\u011bstsk\u00e9 \u010d\u00e1sti a dal\u0161\u00ed \u010dleny rady m\u011bstsk\u00e9 \u010d\u00e1sti a m\u016f\u017ee je odvol\u00e1vat z funkce. Zastupitelstvo se vyjad\u0159uje k n\u00e1vrhu \u00fazemn\u011b pl\u00e1novac\u00ed dokumentace hlavn\u00edho m\u011bsta Prahy, k n\u00e1vrhu rozpo\u010dtu hlavn\u00edho m\u011bsta Prahy, zakl\u00e1d\u00e1, z\u0159izuje a ru\u0161\u00ed pr\u00e1vnick\u00e9 osoby a organiza\u010dn\u00ed slo\u017eky jako za\u0159\u00edzen\u00ed bez pr\u00e1vn\u00ed subjektivity a schvaluje jejich zakladatelsk\u00e9 listiny a zakl\u00e1dac\u00ed smlouvy a stanovy, rozhoduje o \u00fa\u010dasti m\u011bstsk\u00e9 \u010d\u00e1sti v ji\u017e zalo\u017een\u00fdch nebo z\u0159\u00edzen\u00fdch pr\u00e1vnick\u00fdch osob\u00e1ch, rozhoduje o spolupr\u00e1ci m\u011bstsk\u00e9 \u010d\u00e1sti s jin\u00fdmi m\u011bstsk\u00fdmi \u010d\u00e1stmi. Zastupitelstvu m\u011bstsk\u00e9 \u010d\u00e1sti ale a\u017e na v\u00fdjimky nep\u0159\u00edslu\u0161\u00ed vyd\u00e1vat obecn\u011b z\u00e1vazn\u00e9 vyhl\u00e1\u0161ky \u2013 tato kompetence p\u0159\u00edslu\u0161\u00ed Zastupitelstvu hl. m. Prahy.<\/p>\n<p>Vedouc\u00edm \u00fa\u0159edn\u00edkem je v p\u0159\u00edpad\u011b m\u011bstsk\u00fdch \u010d\u00e1st\u00ed <strong>tajemn\u00edk m\u011bstsk\u00e9 \u010d\u00e1sti. <\/strong>K tajemn\u00edkovi \u00fa\u0159adu m\u016f\u017eete sm\u011b\u0159ovat st\u00ed\u017enosti na pr\u00e1ci \u00fa\u0159edn\u00edk\u016f nebo st\u00ed\u017enosti na mo\u017en\u00e9 korup\u010dn\u00ed jedn\u00e1n\u00ed, petice a \u017e\u00e1dosti o poskytnut\u00ed informac\u00ed podle z\u00e1kona o svobodn\u00e9m p\u0159\u00edstupu k informac\u00edm, kter\u00e9 se vztahuj\u00ed k p\u016fsobnosti m\u011bstsk\u00e9 \u010d\u00e1sti nebo rozhodovac\u00ed \u010dinnosti sv\u011b\u0159en\u00e9 mu z\u00e1konem.<\/p>","protected":false},"excerpt":{"rendered":"<p>Na t\u00e9to str\u00e1nce V\u00e1m porad\u00edme, na kter\u00fd m\u011bstsk\u00fd \u00fa\u0159ad se m\u016f\u017eete v\u00a0p\u0159\u00edpad\u011b pot\u0159eby obr\u00e1tit. Tak\u00e9 V\u00e1m p\u0159edstav\u00edme jejich jednotliv\u00e9 odbory a pop\u00ed\u0161eme, co zde m\u016f\u017eete vy\u0159\u00eddit. P\u0159edstav\u00edme V\u00e1m i dal\u0161\u00ed \u00fa\u0159ady (finan\u010dn\u00ed \u00fa\u0159ad, spr\u00e1vu soci\u00e1ln\u00edho zabezpe\u010den\u00ed a \u00fa\u0159ad pr\u00e1ce), jejich\u017e&#8230;<\/p>\n<a class=\"more-block\" href=\"https:\/\/metropolevsech.eu\/cs\/kontakty\/urady-v-praze\/mestske-casti\/obecne-informace\/\">\u010c\u00edst v\u00edce<\/a>","protected":false},"author":7,"featured_media":3610,"parent":856,"menu_order":0,"comment_status":"closed","ping_status":"closed","template":"","meta":[],"acf":[],"_links":{"self":[{"href":"https:\/\/metropolevsech.eu\/cs\/wp-json\/wp\/v2\/pages\/3401"}],"collection":[{"href":"https:\/\/metropolevsech.eu\/cs\/wp-json\/wp\/v2\/pages"}],"about":[{"href":"https:\/\/metropolevsech.eu\/cs\/wp-json\/wp\/v2\/types\/page"}],"author":[{"embeddable":true,"href":"https:\/\/metropolevsech.eu\/cs\/wp-json\/wp\/v2\/users\/7"}],"replies":[{"embeddable":true,"href":"https:\/\/metropolevsech.eu\/cs\/wp-json\/wp\/v2\/comments?post=3401"}],"version-history":[{"count":8,"href":"https:\/\/metropolevsech.eu\/cs\/wp-json\/wp\/v2\/pages\/3401\/revisions"}],"predecessor-version":[{"id":22414,"href":"https:\/\/metropolevsech.eu\/cs\/wp-json\/wp\/v2\/pages\/3401\/revisions\/22414"}],"up":[{"embeddable":true,"href":"https:\/\/metropolevsech.eu\/cs\/wp-json\/wp\/v2\/pages\/856"}],"wp:featuredmedia":[{"embeddable":true,"href":"https:\/\/metropolevsech.eu\/cs\/wp-json\/wp\/v2\/media\/3610"}],"wp:attachment":[{"href":"https:\/\/metropolevsech.eu\/cs\/wp-json\/wp\/v2\/media?parent=3401"}],"curies":[{"name":"wp","href":"https:\/\/api.w.org\/{rel}","templated":true}]}}