{"id":3406,"date":"2017-05-14T22:24:01","date_gmt":"2017-05-14T20:24:01","guid":{"rendered":"https:\/\/metropolevsech.eu\/?page_id=3406"},"modified":"2026-01-26T10:45:32","modified_gmt":"2026-01-26T09:45:32","slug":"jednotlive-mestske-casti","status":"publish","type":"page","link":"https:\/\/metropolevsech.eu\/cs\/kontakty\/urady-v-praze\/mestske-casti\/jednotlive-mestske-casti\/","title":{"rendered":"Jednotliv\u00e9 m\u011bstsk\u00e9 \u010d\u00e1sti"},"content":{"rendered":"<p><img loading=\"lazy\" class=\"aligncenter size-full wp-image-19775\" src=\"https:\/\/metropolevsech.eu\/wp-content\/uploads\/2023\/11\/pragueDistricts.png\" alt=\"\" width=\"1200\" height=\"630\" srcset=\"https:\/\/metropolevsech.eu\/wp-content\/uploads\/2023\/11\/pragueDistricts.png 1200w, https:\/\/metropolevsech.eu\/wp-content\/uploads\/2023\/11\/pragueDistricts-300x158.png 300w, https:\/\/metropolevsech.eu\/wp-content\/uploads\/2023\/11\/pragueDistricts-1040x546.png 1040w, https:\/\/metropolevsech.eu\/wp-content\/uploads\/2023\/11\/pragueDistricts-768x403.png 768w, https:\/\/metropolevsech.eu\/wp-content\/uploads\/2023\/11\/pragueDistricts-670x352.png 670w\" sizes=\"(max-width: 1200px) 100vw, 1200px\" \/><\/p>\n<p><em>Obdobn\u011b jako Magistr\u00e1t hl. m. Prahy se i jednotliv\u00e9 m\u011bstsk\u00e9 \u010d\u00e1sti postupn\u011b za\u010d\u00ednaj\u00ed \u010d\u00edm d\u00e1l t\u00edm v\u00edce zab\u00fdvat t\u00e9matem integrace migrant\u016f v Praze, a podpory sou\u017eit\u00ed a vz\u00e1jemn\u00e9ho pozn\u00e1v\u00e1n\u00ed se s m\u00edstn\u00edm obyvatelstvem dan\u00e9 m\u011bstsk\u00e9 \u010d\u00e1sti. Proto se tak\u00e9 v lokalit\u011b, kde \u017eijete, m\u016f\u017eete setkat s r\u016fzn\u00fdmi kulturn\u00edmi a multikulturn\u00edmi akcemi pro migranty a \u010cechy, kde se tyto skupiny mohou vz\u00e1jemn\u011b poznat. N\u011bkter\u00e9 m\u011bstsk\u00e9 \u010d\u00e1sti jsou aktivn\u00ed v podpo\u0159e jazykov\u00fdch kurz\u016f \u010desk\u00e9ho jazyka pro sv\u00e9 obyvatele, kte\u0159\u00ed je\u0161t\u011b nemluv\u00ed dob\u0159e \u010desky. Jinde zase naleznete podporu pro d\u011bti, kter\u00e9 se u\u010d\u00ed v pra\u017esk\u00fdch z\u00e1kladn\u00edch \u0161kol\u00e1ch apod. Pro tuto \u010d\u00e1st aktivit neexistuj\u00ed zvl\u00e1\u0161tn\u00ed odbory na m\u011bstsk\u00fdch \u010d\u00e1stech, ale speci\u00e1ln\u011b pov\u011b\u0159en\u00ed pracovn\u00edci. Kontakty a podrobnosti naleznete n\u00ed\u017ee pro ka\u017edou m\u011bstskou \u010d\u00e1st. <\/em><\/p>\n<div class=\"box-ok\"><em>Pokud se nedomluv\u00edte dob\u0159e \u010desky a pot\u0159ebujete v\u00edce informac\u00ed od \u00fa\u0159edn\u00edk\u016f Magistr\u00e1tu hl. m. Prahy nebo \u00fa\u0159edn\u00edk\u016f va\u0161\u00ed m\u011bstsk\u00e9 \u010d\u00e1sti, kontaktujte nap\u0159\u00edklad <\/em><a href=\"http:\/\/www.icpraha.com\/\"><em>Integra\u010dn\u00ed centrum Praha<\/em><\/a><em>, kter\u00e9 v\u00e1m pom\u016f\u017ee s p\u0159ekladem nebo v\u00e1m poskytne asistenci interkulturn\u00edho pracovn\u00edka.<\/em><\/div>\n<h3><strong>Mapa m\u011bstsk\u00fdch \u010d\u00e1st\u00ed<\/strong><\/h3>\n<ul class=\"bullet-links\">\n<li>Mapu najdete <a href=\"http:\/\/www.praha.eu\/jnp\/cz\/o_meste\/mestske_casti\/index.html\">zde<\/a>.<\/li>\n<\/ul>\n<h3><strong>Odkazy:<\/strong><\/h3>\n<ul class=\"bullet-links\">\n<li>V\u00edce informac\u00ed a kontakty na m\u011bstsk\u00e9 \u010d\u00e1sti naleznete <a href=\"http:\/\/www.praha.eu\/jnp\/cz\/o_meste\/mestske_casti\/index.html\">zde<\/a>.<\/li>\n<\/ul>\n<p><\/p>","protected":false},"excerpt":{"rendered":"<p>Obdobn\u011b jako Magistr\u00e1t hl. m. Prahy se i jednotliv\u00e9 m\u011bstsk\u00e9 \u010d\u00e1sti postupn\u011b za\u010d\u00ednaj\u00ed \u010d\u00edm d\u00e1l t\u00edm v\u00edce zab\u00fdvat t\u00e9matem integrace migrant\u016f v Praze, a podpory sou\u017eit\u00ed a vz\u00e1jemn\u00e9ho pozn\u00e1v\u00e1n\u00ed se s m\u00edstn\u00edm obyvatelstvem dan\u00e9 m\u011bstsk\u00e9 \u010d\u00e1sti. Proto se tak\u00e9 v&#8230;<\/p>\n<a class=\"more-block\" href=\"https:\/\/metropolevsech.eu\/cs\/kontakty\/urady-v-praze\/mestske-casti\/jednotlive-mestske-casti\/\">\u010c\u00edst v\u00edce<\/a>","protected":false},"author":7,"featured_media":0,"parent":856,"menu_order":2,"comment_status":"closed","ping_status":"closed","template":"","meta":[],"acf":[],"_links":{"self":[{"href":"https:\/\/metropolevsech.eu\/cs\/wp-json\/wp\/v2\/pages\/3406"}],"collection":[{"href":"https:\/\/metropolevsech.eu\/cs\/wp-json\/wp\/v2\/pages"}],"about":[{"href":"https:\/\/metropolevsech.eu\/cs\/wp-json\/wp\/v2\/types\/page"}],"author":[{"embeddable":true,"href":"https:\/\/metropolevsech.eu\/cs\/wp-json\/wp\/v2\/users\/7"}],"replies":[{"embeddable":true,"href":"https:\/\/metropolevsech.eu\/cs\/wp-json\/wp\/v2\/comments?post=3406"}],"version-history":[{"count":3,"href":"https:\/\/metropolevsech.eu\/cs\/wp-json\/wp\/v2\/pages\/3406\/revisions"}],"predecessor-version":[{"id":24602,"href":"https:\/\/metropolevsech.eu\/cs\/wp-json\/wp\/v2\/pages\/3406\/revisions\/24602"}],"up":[{"embeddable":true,"href":"https:\/\/metropolevsech.eu\/cs\/wp-json\/wp\/v2\/pages\/856"}],"wp:attachment":[{"href":"https:\/\/metropolevsech.eu\/cs\/wp-json\/wp\/v2\/media?parent=3406"}],"curies":[{"name":"wp","href":"https:\/\/api.w.org\/{rel}","templated":true}]}}