{"id":3410,"date":"2017-05-14T22:26:14","date_gmt":"2017-05-14T20:26:14","guid":{"rendered":"https:\/\/metropolevsech.eu\/?page_id=3410"},"modified":"2025-02-11T12:14:07","modified_gmt":"2025-02-11T11:14:07","slug":"mestska-cast-praha-2","status":"publish","type":"page","link":"https:\/\/metropolevsech.eu\/cs\/kontakty\/urady-v-praze\/mestske-casti\/jednotlive-mestske-casti\/mestska-cast-praha-2\/","title":{"rendered":"M\u010c Praha 2"},"content":{"rendered":"<p><\/p>\n<h3><strong>\u00da\u0158AD M\u011aSTSK\u00c9 \u010c\u00c1STI PRAHA 2<\/strong><\/h3>\n<p>&nbsp;<\/p>\n<p><strong>adresa:<\/strong> N\u00e1m\u011bst\u00ed M\u00edru 20\/600, 120 39 Praha 2<\/p>\n<p><strong>telefon \u00fast\u0159edna:<\/strong> 236 044 111<\/p>\n<p><strong>telefon informa\u010dn\u00ed kancel\u00e1\u0159:<\/strong> 236 044 246, 236 044 215<\/p>\n<p><strong>telefon podatelna:<\/strong> 236 044 230<\/p>\n<p><strong>e-mail: <\/strong><a href=\"mailto:posta@praha2.cz\">posta@praha2.cz<\/a><\/p>\n<p><strong>internetov\u00e1 adresa:<\/strong> <a href=\"http:\/\/www.praha2.cz\">www.praha2.cz<\/a><\/p>\n<p>&nbsp;<\/p>\n<p>M\u011bstsk\u00e1 \u010d\u00e1st Praha 2, kter\u00e1 se rozkl\u00e1d\u00e1 v centr\u00e1ln\u00ed \u010d\u00e1sti metropole na prav\u00e9m b\u0159ehu Vltavy, zahrnuje \u00fazem\u00ed Vy\u0161ehradu, Nov\u00e9ho M\u011bsta, Vinohrad a Nusl\u00ed. Nab\u00edz\u00ed spojen\u00ed historick\u00fdch skvost\u016f s v\u00fdstavn\u00edmi m\u011b\u0161\u0165ansk\u00fdmi domy a dostatek zelen\u00fdch ploch i ob\u010dansk\u00e9 vybavenosti.<\/p>\n<p>M\u011bstsk\u00e1 \u010d\u00e1st Praha 2 aktivn\u011b podporuje integraci migrant\u016f prost\u0159ednictv\u00edm mate\u0159sk\u00fdch a z\u00e1kladn\u00edch \u0161kol na sv\u00e9m \u00fazem\u00ed i v\u00a0r\u00e1mci vlastn\u00edch dota\u010dn\u00edch program\u016f zam\u011b\u0159en\u00fdch na mimo\u0161koln\u00ed \u010dinnost d\u011bt\u00ed a ml\u00e1de\u017ee. Z\u0160 Resslova za\u0161ti\u0165uje hojn\u011b vyu\u017e\u00edvanou bezplatnou v\u00fduku \u010desk\u00e9ho jazyka pro d\u011bti s\u00a0odli\u0161n\u00fdm mate\u0159sk\u00fdm jazykem.<\/p>\n<div class=\"box-ok\">\n<p><em>V\u00edce informac\u00ed z\u00edsk\u00e1te v informa\u010dn\u00ed kancel\u00e1\u0159i m\u011bstsk\u00e9 \u010d\u00e1sti, kde v\u00e1m pracovn\u00edci vyhledaj\u00ed kontakty na organizace, kter\u00e9 pom\u00e1haj\u00ed p\u0159i \u0159e\u0161en\u00ed n\u00e1ro\u010dn\u00fdch \u017eivotn\u00edch situac\u00ed, domluv\u00ed konzultaci s p\u0159\u00edslu\u0161n\u00fdmi pracovn\u00edky \u00fa\u0159adu a poskytnou informace o \u010dinnostech \u00fa\u0159adu a kulturn\u00edch akc\u00edch.<\/em><\/p>\n<ul class=\"bullet-links\">\n<li><em>Kontakt na informa\u010dn\u00ed kancel\u00e1\u0159e naleznete <a href=\"https:\/\/www.praha2.cz\/informacni%2Dkancelare\/ms-28105\/p1=28105\">zde<\/a>.<\/em> <\/div><\/li>\n<\/ul>\n<p>&nbsp;<\/p>\n<h4>Ostatn\u00ed \u00fa\u0159ady:<\/h4>\n<h4>Pobo\u010dka \u00fa\u0159adu pr\u00e1ce<\/h4>\n<p>Kontaktn\u00ed pracovi\u0161t\u011b <a href=\"https:\/\/www.uradprace.cz\/praha-2\">Praha 2<\/a> (pro Prahu 1 a 2)<\/p>\n<p><a href=\"https:\/\/www.uradprace.cz\/praha-2\">Kontakty na pracovi\u0161t\u011b<\/a>, <a href=\"https:\/\/www.uradprace.cz\/web\/cz\/volna-mista-v-cr\">Voln\u00e1 m\u00edsta<\/a><a href=\"https:\/\/www.uradprace.cz\/web\/cz\/kontakty-na-zamestnance-1\"><\/a><\/p>\n<p>&nbsp;<\/p>\n<h4><strong>Pra\u017esk\u00e1 spr\u00e1va soci\u00e1ln\u00edho zabezpe\u010den\u00ed (PSSZ)<\/strong><\/h4>\n<div class=\"box-ok\"><em>\u00dazemn\u00ed p\u016fsobnost \u00fa\u0159adu nen\u00ed d\u00e1na. M\u016f\u017eete tedy zvolit kter\u00e9koliv \u00fazemn\u00ed pracovi\u0161t\u011b bez ohledu na m\u00edsto pobytu \u010di s\u00eddlo.<\/em><\/p>\n<p><em><a href=\"http:\/\/www.cssz.cz\/cz\/kontakty\/krajska-a-okresni-pracoviste\/praha\/\">Kontakty na jednotliv\u00e1 \u00fazemn\u00ed pracovi\u0161t\u011b <\/a><\/em><\/div>\n<p><strong>\u00a0<\/strong><\/p>\n<h4><strong>Finan\u010dn\u00ed \u00fa\u0159ad<\/strong><\/h4>\n<p>\u00dazemn\u00ed pracovi\u0161t\u011b pro Prahu 2<\/p>\n<p><strong>Adresa:<\/strong> Vinohradsk\u00e1 2488\/49, 120 00 Praha 2<\/p>\n<p><a href=\"https:\/\/www.financnisprava.cz\/cs\/financni-sprava\/financni-sprava-cr\/organizacni-struktura\/organy-financni-spravy\/uzemni-pracoviste\/2002-uzemni-pracoviste-pro-prahu-2\">Kontaktn\u00ed informace<\/a><\/p>","protected":false},"excerpt":{"rendered":"<p>\u00da\u0158AD M\u011aSTSK\u00c9 \u010c\u00c1STI PRAHA 2 &nbsp; adresa: N\u00e1m\u011bst\u00ed M\u00edru 20\/600, 120 39 Praha 2 telefon \u00fast\u0159edna: 236 044 111 telefon informa\u010dn\u00ed kancel\u00e1\u0159: 236 044 246, 236 044 215 telefon podatelna: 236 044 230 e-mail: posta@praha2.cz internetov\u00e1 adresa: www.praha2.cz &nbsp; M\u011bstsk\u00e1&#8230;<\/p>\n<a class=\"more-block\" href=\"https:\/\/metropolevsech.eu\/cs\/kontakty\/urady-v-praze\/mestske-casti\/jednotlive-mestske-casti\/mestska-cast-praha-2\/\">\u010c\u00edst v\u00edce<\/a>","protected":false},"author":7,"featured_media":0,"parent":3406,"menu_order":2,"comment_status":"closed","ping_status":"closed","template":"","meta":[],"acf":[],"_links":{"self":[{"href":"https:\/\/metropolevsech.eu\/cs\/wp-json\/wp\/v2\/pages\/3410"}],"collection":[{"href":"https:\/\/metropolevsech.eu\/cs\/wp-json\/wp\/v2\/pages"}],"about":[{"href":"https:\/\/metropolevsech.eu\/cs\/wp-json\/wp\/v2\/types\/page"}],"author":[{"embeddable":true,"href":"https:\/\/metropolevsech.eu\/cs\/wp-json\/wp\/v2\/users\/7"}],"replies":[{"embeddable":true,"href":"https:\/\/metropolevsech.eu\/cs\/wp-json\/wp\/v2\/comments?post=3410"}],"version-history":[{"count":4,"href":"https:\/\/metropolevsech.eu\/cs\/wp-json\/wp\/v2\/pages\/3410\/revisions"}],"predecessor-version":[{"id":21849,"href":"https:\/\/metropolevsech.eu\/cs\/wp-json\/wp\/v2\/pages\/3410\/revisions\/21849"}],"up":[{"embeddable":true,"href":"https:\/\/metropolevsech.eu\/cs\/wp-json\/wp\/v2\/pages\/3406"}],"wp:attachment":[{"href":"https:\/\/metropolevsech.eu\/cs\/wp-json\/wp\/v2\/media?parent=3410"}],"curies":[{"name":"wp","href":"https:\/\/api.w.org\/{rel}","templated":true}]}}