{"id":3412,"date":"2017-05-14T22:27:09","date_gmt":"2017-05-14T20:27:09","guid":{"rendered":"https:\/\/metropolevsech.eu\/?page_id=3412"},"modified":"2025-04-01T20:46:11","modified_gmt":"2025-04-01T18:46:11","slug":"mestska-cast-praha-3","status":"publish","type":"page","link":"https:\/\/metropolevsech.eu\/cs\/kontakty\/urady-v-praze\/mestske-casti\/jednotlive-mestske-casti\/mestska-cast-praha-3\/","title":{"rendered":"M\u010c Praha 3"},"content":{"rendered":"<p><\/p>\n<h3><strong>\u00da\u0158AD M\u011aSTSK\u00c9 \u010c\u00c1STI PRAHA 3<\/strong><\/h3>\n<p>&nbsp;<\/p>\n<p><strong>adresa:<\/strong> Havl\u00ed\u010dkovo n\u00e1m. 700\/9, 130 85 Praha 3<\/p>\n<p><strong>telefon \u00fast\u0159edna:<\/strong> 222 116 111<\/p>\n<p><strong>e-mail:<\/strong> <a href=\"mailto:podatelna@praha3.cz\">podatelna@praha3.cz<\/a><\/p>\n<p><strong>internetov\u00e1 adresa:<\/strong><a href=\"\/\/www.praha3.cz\/\"> www.praha3.cz<\/a><\/p>\n<p>&nbsp;<\/p>\n<p>M\u011bstsk\u00e1 \u010d\u00e1st Praha 3, kterou na prav\u00e9m b\u0159ehu Vltavy tvo\u0159\u00ed \u010dtvr\u0165 \u017di\u017ekov a Vinohrady, v sob\u011b spojuje zem\u011bd\u011blskou minulost, pam\u011b\u0165 na husitsk\u00e9 boje i modern\u00ed architekturu. Zele\u0148 poskytuje prostor pro aktivn\u00ed tr\u00e1ven\u00ed voln\u00e9ho \u010dasu.<\/p>\n<p>M\u011bstsk\u00e1 \u010d\u00e1st Praha 3 aktivn\u011b podporuje integraci migrant\u016f. V roce 2018 po\u0159\u00e1dala kurzy \u010desk\u00e9ho jazyka pro cizince (n\u00edzkoprahov\u00e9 kurzy a uzav\u0159en\u00e9 kurzy), kulturn\u011b spole\u010denskou akci pro rodiny s d\u011btmi z \u0159ad cizinc\u016f a majority s\u00a0n\u00e1zvem \u201ePoznejme se soused\u00e9\u201c, projekt \u201eSo far, so near 2018\u201c \u2013 podprojekt na usnadn\u011bn\u00ed integrace \u017e\u00e1k\u016f cizinc\u016f na Z\u0160 Lup\u00e1\u010dova, podprojekt na usnadn\u011bn\u00ed integrace \u017e\u00e1k\u016f cizinc\u016f na Z\u0160 Jeseniova, dou\u010dov\u00e1n\u00ed \u010de\u0161tiny na Z\u0160 Jeseniova, Z\u0160 a M\u0160 Jaroslava Seiferta a Z\u0160 a M\u0160 n\u00e1m. Ji\u0159\u00edho z Lobkovic v Praze 3 a p\u0159edn\u00e1\u0161ky na pos\u00edlen\u00ed informovanosti ve\u0159ejnosti.<\/p>\n<h4><strong>\u00a0<\/strong><\/h4>\n<h4><strong>Odkazy:<\/strong><\/h4>\n<p>V n\u00e1sleduj\u00edc\u00edch odkazech najdete d\u016fle\u017eit\u00e9 informace \u00da\u0159adu m\u011bstsk\u00e9 \u010d\u00e1sti Praha 3 v r\u016fzn\u00fdch jazyc\u00edch:<\/p>\n<ul class=\"bullet-links\">\n<li><a href=\"https:\/\/www.praha3.cz\/urad\/informace-pro-cizince\">v\u00a0angli\u010dtin\u011b<\/a><\/li>\n<li><a href=\"https:\/\/www.praha3.cz\/urad\/informace-pro-cizince\">v\u00a0ru\u0161tin\u011b<\/a><\/li>\n<li><a href=\"https:\/\/www.praha3.cz\/urad\/informace-pro-cizince\">ve vietnam\u0161tin\u011b<\/a><\/li>\n<li><a href=\"https:\/\/www.praha3.cz\/urad\/informace-pro-cizince\">v ukrajin\u0161tin\u011b <\/a><\/li>\n<\/ul>\n<p>&nbsp;<\/p>\n<h3><strong>Ostatn\u00ed \u00fa\u0159ady: <\/strong><\/h3>\n<h4>Pobo\u010dka \u00fa\u0159adu pr\u00e1ce<\/h4>\n<p>Kontaktn\u00ed pracovi\u0161t\u011b <a href=\"https:\/\/www.uradprace.cz\/praha-2\">Praha 3<\/a><\/p>\n<p><a href=\"https:\/\/www.uradprace.cz\/praha-2\">Kontakty na pracovi\u0161t\u011b<\/a>, <a href=\"https:\/\/www.uradprace.cz\/web\/cz\/volna-mista-v-cr\">Voln\u00e1 m\u00edsta<\/a><a href=\"https:\/\/www.uradprace.cz\/web\/cz\/kontakty-na-zamestnance-1\"><\/a><\/p>\n<p><strong>\u00a0<\/strong><\/p>\n<h4><strong>Pra\u017esk\u00e1 spr\u00e1va soci\u00e1ln\u00edho zabezpe\u010den\u00ed (PSSZ)<\/strong><\/h4>\n<div class=\"box-ok\"><em>\u00dazemn\u00ed p\u016fsobnost \u00fa\u0159adu nen\u00ed d\u00e1na. M\u016f\u017eete tedy zvolit kter\u00e9koliv \u00fazemn\u00ed pracovi\u0161t\u011b bez ohledu na m\u00edsto pobytu \u010di s\u00eddlo. <\/em><\/p>\n<p><em><a href=\"\/\/www.cssz.cz\/cz\/kontakty\/krajska-a-okresni-pracoviste\/praha\/\">Kontakty na jednotliv\u00e1 \u00fazemn\u00ed pracovi\u0161t\u011b<\/a><\/em><\/div>\n<p><strong>\u00a0<\/strong><\/p>\n<h4><strong>Finan\u010dn\u00ed \u00fa\u0159ad<\/strong><\/h4>\n<p>\u00dazemn\u00ed pracovi\u0161t\u011b pro Prahu 3<\/p>\n<p><strong>Adresa:<\/strong> Drahobejlova 945\/48, 190 21 Praha 9<\/p>\n<p><a target=\"_blank\" href=\"https:\/\/www.financnisprava.cz\/cs\/financni-sprava\/financni-sprava-cr\/organizacni-struktura\/organy-financni-spravy\/uzemni-pracoviste\/2003-uzemni-pracoviste-pro-prahu-3\" rel=\"noopener\">Kontaktn\u00ed informace<\/a><\/p>","protected":false},"excerpt":{"rendered":"<p>\u00da\u0158AD M\u011aSTSK\u00c9 \u010c\u00c1STI PRAHA 3 &nbsp; adresa: Havl\u00ed\u010dkovo n\u00e1m. 700\/9, 130 85 Praha 3 telefon \u00fast\u0159edna: 222 116 111 e-mail: podatelna@praha3.cz internetov\u00e1 adresa: www.praha3.cz &nbsp; M\u011bstsk\u00e1 \u010d\u00e1st Praha 3, kterou na prav\u00e9m b\u0159ehu Vltavy tvo\u0159\u00ed \u010dtvr\u0165 \u017di\u017ekov a Vinohrady, v&#8230;<\/p>\n<a class=\"more-block\" href=\"https:\/\/metropolevsech.eu\/cs\/kontakty\/urady-v-praze\/mestske-casti\/jednotlive-mestske-casti\/mestska-cast-praha-3\/\">\u010c\u00edst v\u00edce<\/a>","protected":false},"author":7,"featured_media":0,"parent":3406,"menu_order":3,"comment_status":"closed","ping_status":"closed","template":"","meta":[],"acf":[],"_links":{"self":[{"href":"https:\/\/metropolevsech.eu\/cs\/wp-json\/wp\/v2\/pages\/3412"}],"collection":[{"href":"https:\/\/metropolevsech.eu\/cs\/wp-json\/wp\/v2\/pages"}],"about":[{"href":"https:\/\/metropolevsech.eu\/cs\/wp-json\/wp\/v2\/types\/page"}],"author":[{"embeddable":true,"href":"https:\/\/metropolevsech.eu\/cs\/wp-json\/wp\/v2\/users\/7"}],"replies":[{"embeddable":true,"href":"https:\/\/metropolevsech.eu\/cs\/wp-json\/wp\/v2\/comments?post=3412"}],"version-history":[{"count":6,"href":"https:\/\/metropolevsech.eu\/cs\/wp-json\/wp\/v2\/pages\/3412\/revisions"}],"predecessor-version":[{"id":22415,"href":"https:\/\/metropolevsech.eu\/cs\/wp-json\/wp\/v2\/pages\/3412\/revisions\/22415"}],"up":[{"embeddable":true,"href":"https:\/\/metropolevsech.eu\/cs\/wp-json\/wp\/v2\/pages\/3406"}],"wp:attachment":[{"href":"https:\/\/metropolevsech.eu\/cs\/wp-json\/wp\/v2\/media?parent=3412"}],"curies":[{"name":"wp","href":"https:\/\/api.w.org\/{rel}","templated":true}]}}