{"id":3414,"date":"2017-05-14T22:28:04","date_gmt":"2017-05-14T20:28:04","guid":{"rendered":"https:\/\/metropolevsech.eu\/?page_id=3414"},"modified":"2025-04-01T20:55:02","modified_gmt":"2025-04-01T18:55:02","slug":"mestska-cast-praha-4","status":"publish","type":"page","link":"https:\/\/metropolevsech.eu\/cs\/kontakty\/urady-v-praze\/mestske-casti\/jednotlive-mestske-casti\/mestska-cast-praha-4\/","title":{"rendered":"M\u010c Praha 4"},"content":{"rendered":"<p><\/p>\n<h3><strong>\u00da\u0158AD M\u011aSTSK\u00c9 \u010c\u00c1STI PRAHA 4<\/strong><\/h3>\n<p><strong>\u00a0<\/strong><\/p>\n<p><strong>adresa:<\/strong> Antala Sta\u0161ka 2059\/80b, 140 46 Praha 4 \u2013 Kr\u010d<\/p>\n<p><strong>telefon recepce:<\/strong> 800 194 237<\/p>\n<p><strong>fax<\/strong>: 241 741 743<\/p>\n<p><strong>e-mail: <\/strong><a href=\"mailto:radnice@praha4.cz\">radnice@praha4.cz<\/a>, <strong>podatelna:<\/strong> <a href=\"mailto:posta@praha4.cz\">posta@praha4.cz<\/a><\/p>\n<p><strong>internetov\u00e1 adresa:<\/strong> <a href=\"\/\/www.praha4.cz\">www.praha4.cz<\/a><\/p>\n<p>&nbsp;<\/p>\n<p>M\u011bstsk\u00e1 \u010d\u00e1st Praha 4, kter\u00e1 se rozkl\u00e1d\u00e1 na jihu metropole na prav\u00e9m b\u0159ehu Vltavy, spojuje katastr\u00e1ln\u00ed obce Nusle, Michli, Podol\u00ed, Bran\u00edk, Hodkovi\u010dky, Kr\u010d a \u010d\u00e1sti obce Lhotka, d\u00e1le \u010d\u00e1sti katastr\u00e1ln\u00edch \u00fazem\u00ed Z\u00e1b\u011bhlic a n\u011bkolik dom\u016f na Vinohradech. Tato m\u011bstsk\u00e1 \u010d\u00e1st za\u017eila velk\u00fd rozkv\u011bt na p\u0159elomu 19. a 20. stolet\u00ed v souvislosti s v\u00fdstavbou technick\u00fdch a ve\u0159ejn\u00fdch budov, dnes je vyhled\u00e1van\u00fdm reziden\u010dn\u00edm bydlen\u00edm a volno\u010dasovou oblast\u00ed.<\/p>\n<p>\u00da\u0159ad m\u011bstsk\u00e9 \u010d\u00e1sti Praha 4 je aktivn\u00ed v podpo\u0159e integrace migrant\u016f na sv\u00e9m \u00fazem\u00ed. V roce 2016 \u00fa\u0159ad organizoval nap\u0159\u00edklad multikulturn\u00ed festival Kaleidoskop v parku Na Pankr\u00e1ci. Akce se uskute\u010dnila 11. \u010dervna 2016 a do p\u0159\u00ed\u0161t\u00edho roku se mohou v\u0161ichni obyvatel\u00e9 Prahy 4 t\u011b\u0161it op\u011bt na nov\u00e9 mo\u017enosti jak se navz\u00e1jem poznat.<\/p>\n<div class=\"box-ok\"> <em>Praha 4 nab\u00edz\u00ed kurzy \u010de\u0161tiny pro d\u011bti i dosp\u011bl\u00e9 z \u0159ad cizinc\u016f <\/em><strong><em>ve spolupr\u00e1ci s Integra\u010dn\u00edm centrem Praha (ICP). <\/em><\/strong><em>Kurzy jsou pro cizince z Prahy 4 nab\u00edzeny zdarma. Kurzy doposud prob\u00edhaly na Z\u00e1kladn\u00ed \u0161kole Pol\u00e1\u010dkova a Z\u00e1kladn\u00ed \u0161kole B\u00edtovsk\u00e1 na Praze 4.<\/em><\/p>\n<p><em>V\u00edce informac\u00ed naleznete <a href=\"\/\/www.praha4.cz\">na webov\u00fdch str\u00e1nk\u00e1ch Prahy 4 <\/a><\/em><em>nebo <a href=\"\/\/www.praha4.cz\/Praha-4-nabizi-kurzy-cestiny-pro-deti-i-dospele-z-rad-cizincu.html\">na tomto odkazu<\/a>. <\/em><\/div>\n<h4><strong>\u00a0Odkazy:<\/strong><\/h4>\n<p>Na str\u00e1nk\u00e1ch n\u00ed\u017ee naleznete d\u016fle\u017eit\u00e9 informace \u00da\u0159adu m\u011bstsk\u00e9 \u010d\u00e1sti Praha 4 v r\u016fzn\u00fdch jazyc\u00edch:<\/p>\n<ul class=\"bullet-links\">\n<li><a href=\"\/\/www.praha4.cz\/file\/gl921\/RUS.pdf\">v ru\u0161tin\u011b<\/a><\/li>\n<li><a href=\"\/\/www.praha4.cz\/file\/cl921\/GUIDE-FOR-FOREIGNERS-ENG.pdf\">v angli\u010dtin\u011b<\/a><\/li>\n<li><a href=\"\/\/www.praha4.cz\/file\/el921\/HUONG-DAN-CHO-NGUOI-NUOC-NGOAI-VIET.pdf\">ve vietnam\u0161tin\u011b<\/a><\/li>\n<li><a href=\"https:\/\/www.praha4.cz\/file\/il921\/UKR.pdf\">v ukrajin\u0161tin\u011b<\/a><\/li>\n<\/ul>\n<p>&nbsp;<\/p>\n<h3><strong>Ostatn\u00ed \u00fa\u0159ady: <\/strong><\/h3>\n<h4><strong>Pobo\u010dka \u00fa\u0159adu pr\u00e1ce<\/strong><\/h4>\n<p>Kontaktn\u00ed pracovi\u0161t\u011b Praha 4 (pro Prahu 4, 11 a 12)<\/p>\n<p><a href=\"https:\/\/www.uradprace.cz\/praha-4\">Kontakty na pracovi\u0161t\u011b<\/a>, <a href=\"https:\/\/www.uradprace.cz\/web\/cz\/volna-mista-v-cr\">Voln\u00e1 m\u00edsta<\/a><a href=\"https:\/\/www.uradprace.cz\/kontakty-na-zamestnance-3\"><\/a><\/p>\n<p>&nbsp;<\/p>\n<h4><strong>Pra\u017esk\u00e1 spr\u00e1va soci\u00e1ln\u00edho zabezpe\u010den\u00ed (PSSZ)<\/strong><\/h4>\n<div class=\"box-ok\"><em>\u00dazemn\u00ed p\u016fsobnost \u00fa\u0159adu nen\u00ed d\u00e1na. M\u016f\u017eete tedy zvolit kter\u00e9koliv \u00fazemn\u00ed pracovi\u0161t\u011b bez ohledu na m\u00edsto pobytu \u010di s\u00eddlo. <\/em><\/p>\n<p><em><a href=\"\/\/www.cssz.cz\/cz\/kontakty\/krajska-a-okresni-pracoviste\/praha\/\">Kontakty na jednotliv\u00e1 \u00fazemn\u00ed pracovi\u0161t\u011b <\/a><\/em><\/div>\n<p><strong>\u00a0<\/strong><\/p>\n<h4><strong>Finan\u010dn\u00ed \u00fa\u0159ad<\/strong><\/h4>\n<p>\u00dazemn\u00ed pracovi\u0161t\u011b pro Prahu 4<\/p>\n<p><strong>Adresa:<\/strong> Bud\u011bjovick\u00e1 409\/1, 140 00 Praha 4<\/p>\n<p><a href=\"https:\/\/www.financnisprava.cz\/cs\/financni-sprava\/financni-sprava-cr\/organizacni-struktura\/organy-financni-spravy\/uzemni-pracoviste\/2004-uzemni-pracoviste-pro-prahu-4\">Kontaktn\u00ed informace<\/a><\/p>","protected":false},"excerpt":{"rendered":"<p>\u00da\u0158AD M\u011aSTSK\u00c9 \u010c\u00c1STI PRAHA 4 \u00a0 adresa: Antala Sta\u0161ka 2059\/80b, 140 46 Praha 4 \u2013 Kr\u010d telefon recepce: 800 194 237 fax: 241 741 743 e-mail: radnice@praha4.cz, podatelna: posta@praha4.cz internetov\u00e1 adresa: www.praha4.cz &nbsp; M\u011bstsk\u00e1 \u010d\u00e1st Praha 4, kter\u00e1 se rozkl\u00e1d\u00e1&#8230;<\/p>\n<a class=\"more-block\" href=\"https:\/\/metropolevsech.eu\/cs\/kontakty\/urady-v-praze\/mestske-casti\/jednotlive-mestske-casti\/mestska-cast-praha-4\/\">\u010c\u00edst v\u00edce<\/a>","protected":false},"author":7,"featured_media":0,"parent":3406,"menu_order":4,"comment_status":"closed","ping_status":"closed","template":"","meta":[],"acf":[],"_links":{"self":[{"href":"https:\/\/metropolevsech.eu\/cs\/wp-json\/wp\/v2\/pages\/3414"}],"collection":[{"href":"https:\/\/metropolevsech.eu\/cs\/wp-json\/wp\/v2\/pages"}],"about":[{"href":"https:\/\/metropolevsech.eu\/cs\/wp-json\/wp\/v2\/types\/page"}],"author":[{"embeddable":true,"href":"https:\/\/metropolevsech.eu\/cs\/wp-json\/wp\/v2\/users\/7"}],"replies":[{"embeddable":true,"href":"https:\/\/metropolevsech.eu\/cs\/wp-json\/wp\/v2\/comments?post=3414"}],"version-history":[{"count":8,"href":"https:\/\/metropolevsech.eu\/cs\/wp-json\/wp\/v2\/pages\/3414\/revisions"}],"predecessor-version":[{"id":22417,"href":"https:\/\/metropolevsech.eu\/cs\/wp-json\/wp\/v2\/pages\/3414\/revisions\/22417"}],"up":[{"embeddable":true,"href":"https:\/\/metropolevsech.eu\/cs\/wp-json\/wp\/v2\/pages\/3406"}],"wp:attachment":[{"href":"https:\/\/metropolevsech.eu\/cs\/wp-json\/wp\/v2\/media?parent=3414"}],"curies":[{"name":"wp","href":"https:\/\/api.w.org\/{rel}","templated":true}]}}