{"id":3416,"date":"2017-05-14T22:29:06","date_gmt":"2017-05-14T20:29:06","guid":{"rendered":"https:\/\/metropolevsech.eu\/?page_id=3416"},"modified":"2025-02-11T13:50:57","modified_gmt":"2025-02-11T12:50:57","slug":"mestska-cast-praha-5","status":"publish","type":"page","link":"https:\/\/metropolevsech.eu\/cs\/kontakty\/urady-v-praze\/mestske-casti\/jednotlive-mestske-casti\/mestska-cast-praha-5\/","title":{"rendered":"M\u010c Praha 5"},"content":{"rendered":"<p><\/p>\n<h3><strong>\u00da\u0158AD M\u011aSTSK\u00c9 \u010c\u00c1STI PRAHA 5<\/strong><\/h3>\n<p><strong>\u00a0<\/strong><\/p>\n<p><strong>adresa:<\/strong> n\u00e1m. 14. \u0159\u00edjna 381\/4, 150 22 Praha 5<\/p>\n<p><strong>telefon \u00fast\u0159edna<\/strong>: 257 000 111, 234 378 111<\/p>\n<p><strong>bezplatn\u00e1 infolinka:<\/strong> 800 800 005<\/p>\n<p><strong>e-mail:<\/strong> <a href=\"mailto:podatelna@praha5.cz\">podatelna@praha5.cz<\/a><\/p>\n<p><strong>internetov\u00e1 adresa:<\/strong><a href=\"http:\/\/www.praha5.cz\/\"> www.praha5.cz<\/a><\/p>\n<p>&nbsp;<\/p>\n<p>M\u011bstsk\u00e1 \u010d\u00e1st Praha 5, kter\u00e1 se rozkl\u00e1d\u00e1 na lev\u00e9m b\u0159ehu Vltavy, spojuje v sob\u011b p\u016fvodn\u011b samostatn\u00e9 obce Sm\u00edchov, Ko\u0161\u00ed\u0159e, Motol, Hlubo\u010depy, Radlice, Jinonice-Butovice a ji\u017en\u00ed v\u00fdb\u011b\u017eek Mal\u00e9 Strany \u2013 \u00dajezd. D\u0159\u00edve d\u011blnick\u00e1 a vilov\u00e1 z\u00e1stavba se prom\u011bnila v modern\u00ed administrativn\u011b-obchodn\u00ed centrum, kter\u00e9 spl\u0148uje i n\u00e1ro\u010dn\u00e9 podm\u00ednky sou\u010dasn\u00e9ho bydlen\u00ed.<\/p>\n<div class=\"box-ok\"><em>Praha 5 po\u0159\u00e1d\u00e1 kurzy \u010de\u0161tiny a r\u016fzn\u00e9 ve\u0159ejn\u00e9 akce, v roce 2016 se zde nap\u0159\u00edklad konala oslava Mezin\u00e1rodn\u00edho dne migrant\u016f. <\/em><\/div>\n<div class=\"box-ok\"><em>V\u00a0Z\u00e1kladn\u00ed \u0161kole Grafick\u00e1 prob\u00edh\u00e1 odpoledn\u00ed klub Imagion, jeho\u017e c\u00edlem je smyslupln\u00e9 tr\u00e1ven\u00ed voln\u00e9ho \u010dasu a aktivn\u00ed u\u010den\u00ed d\u011bt\u00ed v bezpe\u010dn\u00e9m prostoru za \u00fa\u010dasti vrstevn\u00edk\u016f s mo\u017enost\u00ed prezentace pr\u00e1ce rodi\u010d\u016fm a ve\u0159ejnosti a tak\u00e9 spolupr\u00e1ce s rodi\u010di, \u0161kolou a jin\u00fdmi neziskov\u00fdmi organizacemi. Klub je vhodn\u00fd pro d\u011bti, kter\u00e9 pot\u0159ebuj\u00ed podporu p\u0159i v\u00fduce \u010de\u0161tiny.<\/em> <em>Aktu\u00e1ln\u00ed projekt v\u00a0roce 2017 \u201ePozn\u00e1vejme se\u201c v\u00edce zde:\u00a0\u00a0 http:\/\/www.praha5.cz\/cs\/dokument\/212349-praha-5-podporuje-projekt-poznavejme-se <\/em><\/div>\n<p><strong>\u00a0<\/strong><\/p>\n<h3><strong>Ostatn\u00ed \u00fa\u0159ady: <\/strong><\/h3>\n<h4><strong>Pobo\u010dka \u00fa\u0159adu pr\u00e1ce <\/strong><\/h4>\n<p>Kontaktn\u00ed pracovi\u0161t\u011b <a href=\"https:\/\/www.uradprace.cz\/praha-5\">Praha 5<\/a> (pro Prahu 5, 13 a 16)<\/p>\n<p><a href=\"https:\/\/www.uradprace.cz\/praha-5\">Kontakty na pracovi\u0161t\u011b<\/a>, <a href=\"https:\/\/www.uradprace.cz\/web\/cz\/volna-mista-v-cr\">Voln\u00e1 m\u00edsta<\/a><a href=\"https:\/\/www.uradprace.cz\/kontakty-na-zamestnance-4\"><\/a><\/p>\n<p>&nbsp;<\/p>\n<h4><strong>Pra\u017esk\u00e1 spr\u00e1va soci\u00e1ln\u00edho zabezpe\u010den\u00ed (PSSZ)<\/strong><\/h4>\n<div class=\"box-ok\"><em>\u00dazemn\u00ed p\u016fsobnost \u00fa\u0159adu nen\u00ed d\u00e1na. M\u016f\u017eete tedy zvolit kter\u00e9koliv \u00fazemn\u00ed pracovi\u0161t\u011b bez ohledu na m\u00edsto pobytu \u010di s\u00eddlo.<\/em><\/p>\n<p><em><a href=\"http:\/\/www.cssz.cz\/cz\/kontakty\/krajska-a-okresni-pracoviste\/praha\/\">Kontakty na jednotliv\u00e1 \u00fazemn\u00ed pracovi\u0161t\u011b\u00a0 <\/a><\/em><\/div>\n<p>&nbsp;<\/p>\n<h4><strong>Finan\u010dn\u00ed \u00fa\u0159ad<\/strong><\/h4>\n<p>\u00dazemn\u00ed pracovi\u0161t\u011b pro Prahu 5<\/p>\n<p><strong>Adresa:<\/strong> Praha 5 (\u010d\u00e1st Radlice), Peroutkova 263\/61, 150\u00a000<\/p>\n<p><a href=\"https:\/\/www.financnisprava.cz\/cs\/financni-sprava\/financni-sprava-cr\/organizacni-struktura\/organy-financni-spravy\/uzemni-pracoviste\/2005-uzemni-pracoviste-pro-prahu-5\">Kontaktn\u00ed informace<\/a><\/p>","protected":false},"excerpt":{"rendered":"<p>\u00da\u0158AD M\u011aSTSK\u00c9 \u010c\u00c1STI PRAHA 5 \u00a0 adresa: n\u00e1m. 14. \u0159\u00edjna 381\/4, 150 22 Praha 5 telefon \u00fast\u0159edna: 257 000 111, 234 378 111 bezplatn\u00e1 infolinka: 800 800 005 e-mail: podatelna@praha5.cz internetov\u00e1 adresa: www.praha5.cz &nbsp; M\u011bstsk\u00e1 \u010d\u00e1st Praha 5, kter\u00e1 se&#8230;<\/p>\n<a class=\"more-block\" href=\"https:\/\/metropolevsech.eu\/cs\/kontakty\/urady-v-praze\/mestske-casti\/jednotlive-mestske-casti\/mestska-cast-praha-5\/\">\u010c\u00edst v\u00edce<\/a>","protected":false},"author":7,"featured_media":0,"parent":3406,"menu_order":5,"comment_status":"closed","ping_status":"closed","template":"","meta":[],"acf":[],"_links":{"self":[{"href":"https:\/\/metropolevsech.eu\/cs\/wp-json\/wp\/v2\/pages\/3416"}],"collection":[{"href":"https:\/\/metropolevsech.eu\/cs\/wp-json\/wp\/v2\/pages"}],"about":[{"href":"https:\/\/metropolevsech.eu\/cs\/wp-json\/wp\/v2\/types\/page"}],"author":[{"embeddable":true,"href":"https:\/\/metropolevsech.eu\/cs\/wp-json\/wp\/v2\/users\/7"}],"replies":[{"embeddable":true,"href":"https:\/\/metropolevsech.eu\/cs\/wp-json\/wp\/v2\/comments?post=3416"}],"version-history":[{"count":5,"href":"https:\/\/metropolevsech.eu\/cs\/wp-json\/wp\/v2\/pages\/3416\/revisions"}],"predecessor-version":[{"id":21855,"href":"https:\/\/metropolevsech.eu\/cs\/wp-json\/wp\/v2\/pages\/3416\/revisions\/21855"}],"up":[{"embeddable":true,"href":"https:\/\/metropolevsech.eu\/cs\/wp-json\/wp\/v2\/pages\/3406"}],"wp:attachment":[{"href":"https:\/\/metropolevsech.eu\/cs\/wp-json\/wp\/v2\/media?parent=3416"}],"curies":[{"name":"wp","href":"https:\/\/api.w.org\/{rel}","templated":true}]}}