{"id":3418,"date":"2017-05-14T22:29:59","date_gmt":"2017-05-14T20:29:59","guid":{"rendered":"https:\/\/metropolevsech.eu\/?page_id=3418"},"modified":"2025-02-11T13:53:07","modified_gmt":"2025-02-11T12:53:07","slug":"mestska-cast-praha-6","status":"publish","type":"page","link":"https:\/\/metropolevsech.eu\/cs\/kontakty\/urady-v-praze\/mestske-casti\/jednotlive-mestske-casti\/mestska-cast-praha-6\/","title":{"rendered":"M\u010c Praha 6"},"content":{"rendered":"<p><\/p>\n<h3><strong>\u00da\u0158AD M\u011aSTSK\u00c9 \u010c\u00c1STI PRAHA 6<\/strong><\/h3>\n<p>&nbsp;<\/p>\n<p><strong>adresa:<\/strong> \u010ceskoslovensk\u00e9 arm\u00e1dy 601\/23, 160 52 Praha 6<\/p>\n<p><strong>telefon \u00fast\u0159edna:<\/strong> 220 189 111<\/p>\n<p><strong>bezplatn\u00e1 infolinka:<\/strong> 800 800\u00a0001, <strong>podatelna:<\/strong> 220 189\u00a0202<\/p>\n<p><strong>telefon:<\/strong> 220 189 855<\/p>\n<p><strong>e-mail:<\/strong> <a href=\"mailto:podatelna@praha6.cz\">podatelna@praha6.cz<\/a>, <a href=\"mailto:ik-csarmady@praha6.cz\">ik-csarmady@praha6.cz<\/a><\/p>\n<p><strong>internetov\u00e1 adresa:<\/strong><a href=\"http:\/\/www.praha6.cz\/\"> www.praha6.cz<\/a><\/p>\n<p>&nbsp;<\/p>\n<p>M\u011bstsk\u00e1 \u010d\u00e1st Praha 6 zahrnuje cel\u00e1 katastr\u00e1ln\u00ed \u00fazem\u00ed Ruzyn\u011b, Liboce, Veleslav\u00edna, Vokovic, Dejvic, St\u0159e\u0161ovic a \u010d\u00e1sti katastr\u00e1ln\u00edch \u00fazem\u00ed B\u0159evnova, Sedlce, Buben\u010de a Hrad\u010dan. Pat\u0159\u00ed mezi obvody p\u0159ev\u00e1\u017en\u011b obytn\u00e9ho a rekrea\u010dn\u00edho charakteru, soust\u0159e\u010fuje se zde cel\u00e1 \u0159ada vysok\u00fdch i st\u0159edn\u00edch \u0161kol. Je tak\u00e9 m\u00edstem zahrani\u010dn\u00edch zastoupen\u00ed v \u010cesku. Na \u00fazem\u00ed t\u00e9to m\u011bstsk\u00e9 \u010d\u00e1sti se nach\u00e1z\u00ed Leti\u0161t\u011b V\u00e1clava Havla.<\/p>\n<p>&nbsp;<\/p>\n<h3><strong>Ostatn\u00ed \u00fa\u0159ady: <\/strong><\/h3>\n<h4>Pobo\u010dka \u00fa\u0159adu pr\u00e1ce<\/h4>\n<p>Kontaktn\u00ed pracovi\u0161t\u011b <a href=\"https:\/\/www.uradprace.cz\/praha-6\">Praha 6<\/a> (pro Prahu 6 a 17)<\/p>\n<p><a href=\"https:\/\/www.uradprace.cz\/praha-6\">Kontakty na pracovi\u0161t\u011b<\/a>, <a href=\"https:\/\/www.uradprace.cz\/web\/cz\/volna-mista-v-cr\">Voln\u00e1 m\u00edsta<\/a><a href=\"https:\/\/www.uradprace.cz\/kontakty-na-zamestnance-5\"><\/a><\/p>\n<p><strong>\u00a0<\/strong><\/p>\n<h4><strong>Pra\u017esk\u00e1 spr\u00e1va soci\u00e1ln\u00edho zabezpe\u010den\u00ed (PSSZ)<\/strong><\/h4>\n<div class=\"box-ok\"><em>\u00dazemn\u00ed p\u016fsobnost \u00fa\u0159adu nen\u00ed d\u00e1na. M\u016f\u017eete tedy zvolit kter\u00e9koliv \u00fazemn\u00ed pracovi\u0161t\u011b bez ohledu na m\u00edsto pobytu \u010di s\u00eddlo. <\/em><\/p>\n<p><em><a href=\"http:\/\/www.cssz.cz\/cz\/kontakty\/krajska-a-okresni-pracoviste\/praha\/\">Kontakty na jednotliv\u00e1 \u00fazemn\u00ed pracovi\u0161t\u011b <\/a><\/em><\/div>\n<p><strong>\u00a0<\/strong><\/p>\n<h4><strong>Finan\u010dn\u00ed \u00fa\u0159ad<\/strong><\/h4>\n<p>\u00dazemn\u00ed pracovi\u0161t\u011b pro Prahu 6<\/p>\n<p><strong>Adresa:<\/strong> Praha 7 (\u010d\u00e1st Hole\u0161ovice), N\u00e1b\u0159e\u017e\u00ed kpt. Jaro\u0161e 1000\/7, 170 00<\/p>\n<p><a href=\"https:\/\/www.financnisprava.cz\/cs\/financni-sprava\/financni-sprava-cr\/organizacni-struktura\/organy-financni-spravy\/uzemni-pracoviste\/2006-uzemni-pracoviste-pro-prahu-6\">Kontaktn\u00ed informace<\/a><\/p>","protected":false},"excerpt":{"rendered":"<p>\u00da\u0158AD M\u011aSTSK\u00c9 \u010c\u00c1STI PRAHA 6 &nbsp; adresa: \u010ceskoslovensk\u00e9 arm\u00e1dy 601\/23, 160 52 Praha 6 telefon \u00fast\u0159edna: 220 189 111 bezplatn\u00e1 infolinka: 800 800\u00a0001, podatelna: 220 189\u00a0202 telefon: 220 189 855 e-mail: podatelna@praha6.cz, ik-csarmady@praha6.cz internetov\u00e1 adresa: www.praha6.cz &nbsp; M\u011bstsk\u00e1 \u010d\u00e1st Praha&#8230;<\/p>\n<a class=\"more-block\" href=\"https:\/\/metropolevsech.eu\/cs\/kontakty\/urady-v-praze\/mestske-casti\/jednotlive-mestske-casti\/mestska-cast-praha-6\/\">\u010c\u00edst v\u00edce<\/a>","protected":false},"author":7,"featured_media":0,"parent":3406,"menu_order":6,"comment_status":"closed","ping_status":"closed","template":"","meta":[],"acf":[],"_links":{"self":[{"href":"https:\/\/metropolevsech.eu\/cs\/wp-json\/wp\/v2\/pages\/3418"}],"collection":[{"href":"https:\/\/metropolevsech.eu\/cs\/wp-json\/wp\/v2\/pages"}],"about":[{"href":"https:\/\/metropolevsech.eu\/cs\/wp-json\/wp\/v2\/types\/page"}],"author":[{"embeddable":true,"href":"https:\/\/metropolevsech.eu\/cs\/wp-json\/wp\/v2\/users\/7"}],"replies":[{"embeddable":true,"href":"https:\/\/metropolevsech.eu\/cs\/wp-json\/wp\/v2\/comments?post=3418"}],"version-history":[{"count":4,"href":"https:\/\/metropolevsech.eu\/cs\/wp-json\/wp\/v2\/pages\/3418\/revisions"}],"predecessor-version":[{"id":21857,"href":"https:\/\/metropolevsech.eu\/cs\/wp-json\/wp\/v2\/pages\/3418\/revisions\/21857"}],"up":[{"embeddable":true,"href":"https:\/\/metropolevsech.eu\/cs\/wp-json\/wp\/v2\/pages\/3406"}],"wp:attachment":[{"href":"https:\/\/metropolevsech.eu\/cs\/wp-json\/wp\/v2\/media?parent=3418"}],"curies":[{"name":"wp","href":"https:\/\/api.w.org\/{rel}","templated":true}]}}