{"id":3420,"date":"2017-05-14T22:31:59","date_gmt":"2017-05-14T20:31:59","guid":{"rendered":"https:\/\/metropolevsech.eu\/?page_id=3420"},"modified":"2025-04-01T21:09:47","modified_gmt":"2025-04-01T19:09:47","slug":"mestska-cast-praha-7","status":"publish","type":"page","link":"https:\/\/metropolevsech.eu\/cs\/kontakty\/urady-v-praze\/mestske-casti\/jednotlive-mestske-casti\/mestska-cast-praha-7\/","title":{"rendered":"M\u010c Praha 7"},"content":{"rendered":"<p><\/p>\n<h3><strong>\u00da\u0158AD M\u011aSTSK\u00c9 \u010c\u00c1STI PRAHA 7<\/strong><\/h3>\n<p>&nbsp;<\/p>\n<p><strong>adresa:<\/strong> n\u00e1b\u0159e\u017e\u00ed Kapit\u00e1na Jaro\u0161e 1000\/7, 170 00 Praha 7<\/p>\n<p><strong>telefon <\/strong><strong>\u00fast\u0159edna:<\/strong> 220 141 111<\/p>\n<p><strong>e-mail: <\/strong><a href=\"mailto:podatelna@p7.mepnet.cz\">podatelna@p7.mepnet.cz<\/a><\/p>\n<p><strong>internetov\u00e1 adresa:<\/strong> <a href=\"\/\/www.praha7.cz\">www.praha7.cz<\/a><\/p>\n<p><strong>odbor soci\u00e1ln\u00edho za\u010dle\u0148ov\u00e1n\u00ed &#8211; telefon:<\/strong> 220 144 190<\/p>\n<p>&nbsp;<\/p>\n<p>M\u011bstsk\u00e1 \u010d\u00e1st Praha 7 se rozkl\u00e1d\u00e1 severn\u011b od historick\u00e9ho centra Prahy, p\u0159ev\u00e1\u017en\u011b na lev\u00e9m b\u0159ehu Vltavy. Zahrnuje t\u00e9m\u011b\u0159 cel\u00e9 katastr\u00e1ln\u00ed \u00fazem\u00ed Hole\u0161ovic, asi polovinu katastru Buben\u010de a malou \u010d\u00e1st katastru Libn\u011b. Je to rozr\u016fstaj\u00edc\u00ed se \u010d\u00e1st m\u011bsta, kter\u00e1 je vedle bydlen\u00ed s plnou ob\u010danskou vybavenost\u00ed tak\u00e9 administrativn\u00edm centrem.<\/p>\n<div class=\"box-ok\"> <em>V m\u011bstsk\u00e9 \u010d\u00e1sti Praha 7 najdete <\/em><a href=\"https:\/\/www.praha7.cz\/radnice\/organizacni-struktura\/odbor-zivnostensky\/oddeleni-jednotne-kontaktni-misto\/\"><em>Jednotn\u00e9 kontaktn\u00ed m\u00edsto<\/em><\/a><em>, kde z\u00edsk\u00e1te pot\u0159ebn\u00e9 informace pro usnadn\u011bn\u00ed podnik\u00e1n\u00ed.<\/em>\u00a0<\/div>\n<h4><strong>\u00a0<\/strong><\/h4>\n<h4><strong>Odkazy:<\/strong><\/h4>\n<p>Odkaz n\u00ed\u017ee v\u00e1m poskytne d\u016fle\u017eit\u00e9 informace \u00da\u0159adu m\u011bstsk\u00e9 \u010d\u00e1sti Praha 7 <a href=\"https:\/\/www.praha7.cz\/temata\/cizinci-a-narodnostni-mensiny\/useful-information-for-foreigners-in-prague-7\/\">v angli\u010dtin\u011b<\/a>.<\/p>\n<p>Odbor soci\u00e1ln\u00edho za\u010dle\u0148ov\u00e1n\u00ed v r\u00e1mci koncep\u010dn\u00ed a soci\u00e1ln\u00ed pr\u00e1ce s cizinci organizuje nap\u0159. pravidelnou v\u00fduku \u010de\u0161tiny pro d\u011bti na \u0161kol\u00e1ch a r\u016fzn\u00e9 kulturn\u00ed akce. M\u016f\u017ee v\u00e1m zprost\u0159edkovat ale tak\u00e9 nap\u0159. doprovody na \u00fa\u0159ady, tlumo\u010den\u00ed a dal\u0161\u00ed interkulturn\u00ed pr\u00e1ci a poskytuje tak\u00e9 nejr\u016fzn\u011bj\u0161\u00ed poradenstv\u00ed. V p\u0159\u00edpad\u011b pot\u0159eby V\u00e1m doporu\u010d\u00ed dal\u0161\u00ed pom\u00e1haj\u00edc\u00ed organizace.<\/p>\n<p>&nbsp;<\/p>\n<h3><strong>Ostatn\u00ed \u00fa\u0159ady: <\/strong><\/h3>\n<h4>Pobo\u010dka \u00fa\u0159adu pr\u00e1ce<\/h4>\n<p>Kontaktn\u00ed pracovi\u0161t\u011b <a href=\"https:\/\/www.uradprace.cz\/praha-8\">Praha 8<\/a> (pro Prahu 7 a 8)<\/p>\n<p><a href=\"https:\/\/www.uradprace.cz\/praha-8\">Kontakty na pracovi\u0161t\u011b<\/a>, <a href=\"https:\/\/www.uradprace.cz\/web\/cz\/volna-mista-v-cr\">Voln\u00e1 m\u00edsta<\/a><a href=\"https:\/\/www.uradprace.cz\/kontakty-na-zamestnance-6\"><\/a><\/p>\n<p>&nbsp;<\/p>\n<h4><strong>Pra\u017esk\u00e1 spr\u00e1va soci\u00e1ln\u00edho zabezpe\u010den\u00ed (PSSZ)<\/strong><\/h4>\n<div class=\"box-ok\"><em>\u00dazemn\u00ed p\u016fsobnost \u00fa\u0159adu nen\u00ed d\u00e1na. M\u016f\u017eete tedy zvolit kter\u00e9koliv \u00fazemn\u00ed pracovi\u0161t\u011b bez ohledu na m\u00edsto pobytu \u010di s\u00eddlo. <\/em><\/p>\n<p><em><a href=\"\/\/www.cssz.cz\/cz\/kontakty\/krajska-a-okresni-pracoviste\/praha\/\">Kontakty na jednotliv\u00e1 \u00fazemn\u00ed pracovi\u0161t\u011b<\/a><\/em><\/div>\n<p><strong>\u00a0<\/strong><\/p>\n<h4><strong>Finan\u010dn\u00ed \u00fa\u0159ad<\/strong><\/h4>\n<p>\u00dazemn\u00ed pracovi\u0161t\u011b pro Prahu 7<\/p>\n<p><strong>Adresa:<\/strong> n\u00e1b\u0159. Kpt. Jaro\u0161e 1000\/7, 170 00 Praha 7<\/p>\n<p><a href=\"https:\/\/www.financnisprava.cz\/cs\/financni-sprava\/financni-sprava-cr\/organizacni-struktura\/organy-financni-spravy\/uzemni-pracoviste\/2007-uzemni-pracoviste-pro-prahu-7\">Kontaktn\u00ed informace<\/a><\/p>","protected":false},"excerpt":{"rendered":"<p>\u00da\u0158AD M\u011aSTSK\u00c9 \u010c\u00c1STI PRAHA 7 &nbsp; adresa: n\u00e1b\u0159e\u017e\u00ed Kapit\u00e1na Jaro\u0161e 1000\/7, 170 00 Praha 7 telefon \u00fast\u0159edna: 220 141 111 e-mail: podatelna@p7.mepnet.cz internetov\u00e1 adresa: www.praha7.cz odbor soci\u00e1ln\u00edho za\u010dle\u0148ov\u00e1n\u00ed &#8211; telefon: 220 144 190 &nbsp; M\u011bstsk\u00e1 \u010d\u00e1st Praha 7 se rozkl\u00e1d\u00e1&#8230;<\/p>\n<a class=\"more-block\" href=\"https:\/\/metropolevsech.eu\/cs\/kontakty\/urady-v-praze\/mestske-casti\/jednotlive-mestske-casti\/mestska-cast-praha-7\/\">\u010c\u00edst v\u00edce<\/a>","protected":false},"author":7,"featured_media":0,"parent":3406,"menu_order":7,"comment_status":"closed","ping_status":"closed","template":"","meta":[],"acf":[],"_links":{"self":[{"href":"https:\/\/metropolevsech.eu\/cs\/wp-json\/wp\/v2\/pages\/3420"}],"collection":[{"href":"https:\/\/metropolevsech.eu\/cs\/wp-json\/wp\/v2\/pages"}],"about":[{"href":"https:\/\/metropolevsech.eu\/cs\/wp-json\/wp\/v2\/types\/page"}],"author":[{"embeddable":true,"href":"https:\/\/metropolevsech.eu\/cs\/wp-json\/wp\/v2\/users\/7"}],"replies":[{"embeddable":true,"href":"https:\/\/metropolevsech.eu\/cs\/wp-json\/wp\/v2\/comments?post=3420"}],"version-history":[{"count":8,"href":"https:\/\/metropolevsech.eu\/cs\/wp-json\/wp\/v2\/pages\/3420\/revisions"}],"predecessor-version":[{"id":22419,"href":"https:\/\/metropolevsech.eu\/cs\/wp-json\/wp\/v2\/pages\/3420\/revisions\/22419"}],"up":[{"embeddable":true,"href":"https:\/\/metropolevsech.eu\/cs\/wp-json\/wp\/v2\/pages\/3406"}],"wp:attachment":[{"href":"https:\/\/metropolevsech.eu\/cs\/wp-json\/wp\/v2\/media?parent=3420"}],"curies":[{"name":"wp","href":"https:\/\/api.w.org\/{rel}","templated":true}]}}