{"id":3422,"date":"2017-05-14T22:32:56","date_gmt":"2017-05-14T20:32:56","guid":{"rendered":"https:\/\/metropolevsech.eu\/?page_id=3422"},"modified":"2025-02-11T14:49:33","modified_gmt":"2025-02-11T13:49:33","slug":"mestska-cast-praha-8","status":"publish","type":"page","link":"https:\/\/metropolevsech.eu\/cs\/kontakty\/urady-v-praze\/mestske-casti\/jednotlive-mestske-casti\/mestska-cast-praha-8\/","title":{"rendered":"M\u010c Praha 8"},"content":{"rendered":"<p><\/p>\n<h3><strong>\u00da\u0158AD M\u011aSTSK\u00c9 \u010c\u00c1STI PRAHA 8<\/strong><\/h3>\n<p>&nbsp;<\/p>\n<p><strong>adresa:<\/strong> Zenklova 1\/35, 180 48 Praha 8<\/p>\n<p><strong>telefon <\/strong><strong>\u00fast\u0159edna:<\/strong> 222 805 505<\/p>\n<p><strong>e-mail:<\/strong> <a href=\"mailto:posta@praha8.cz\">posta@praha8.cz<\/a><\/p>\n<p><strong>internetov\u00e1 adresa:<\/strong><a href=\"http:\/\/www.praha8.cz\/\"> www.praha8.cz<\/a><\/p>\n<p>&nbsp;<\/p>\n<p>\u00dazem\u00ed m\u011bstsk\u00e9 \u010d\u00e1sti Praha 8 zahrnuje dev\u011bt katastr\u00e1ln\u00edch \u00fazem\u00ed: \u010dty\u0159i z nich cel\u00e1 (Bohnice, Kobylisy, \u010cimice, Karl\u00edn) a \u010d\u00e1sti dal\u0161\u00edch p\u011bti (Libe\u0148, Troja, St\u0159\u00ed\u017ekov, Nov\u00e9 M\u011bsto a \u017di\u017ekov). Obvod Praha 8 je proto jak svou plochou, tak i charakterem r\u016fznorod\u00fd. Ji\u017en\u00ed \u010d\u00e1st \u2013 Karl\u00edn a Libe\u0148 \u2013 se bezprost\u0159edn\u011b dot\u00fdk\u00e1 centra m\u011bsta, Doln\u00ed Chabry a B\u0159ezin\u011bves jsou pak m\u011bstsk\u00e9 \u010d\u00e1sti na severn\u00edch hranic\u00edch m\u011bsta.<\/p>\n<h4><strong>\u00a0<\/strong><\/h4>\n<h4><strong>Odkaz:<\/strong><\/h4>\n<ul class=\"bullet-links\">\n<li>\u00a0<a href=\"http:\/\/www.praha8.cz\/?l=9\">Zde<\/a> naleznete d\u016fle\u017eit\u00e9 informace \u00da\u0159adu m\u011bstsk\u00e9 \u010d\u00e1sti Praha 8 v angli\u010dtin\u011b.<\/li>\n<\/ul>\n<p>&nbsp;<\/p>\n<h3><strong>Ostatn\u00ed \u00fa\u0159ady: <\/strong><\/h3>\n<h4>Pobo\u010dka \u00fa\u0159adu pr\u00e1ce<\/h4>\n<p>Kontaktn\u00ed pracovi\u0161t\u011b <a href=\"https:\/\/www.uradprace.cz\/praha-8\">Praha 8<\/a> (pro Prahu 7 a 8)<\/p>\n<p><a href=\"https:\/\/www.uradprace.cz\/praha-8\">Kontakty na pracovi\u0161t\u011b<\/a>, <a href=\"https:\/\/www.uradprace.cz\/web\/cz\/volna-mista-v-cr\">Voln\u00e1 m\u00edsta<\/a><a href=\"https:\/\/www.uradprace.cz\/kontakty-na-zamestnance-6\"><\/a><\/p>\n<p>&nbsp;<\/p>\n<h4><strong>Pra\u017esk\u00e1 spr\u00e1va soci\u00e1ln\u00edho zabezpe\u010den\u00ed (PSSZ)<\/strong><\/h4>\n<div class=\"box-ok\"><em>\u00dazemn\u00ed p\u016fsobnost \u00fa\u0159adu nen\u00ed d\u00e1na. M\u016f\u017eete tedy zvolit kter\u00e9koliv \u00fazemn\u00ed pracovi\u0161t\u011b bez ohledu na m\u00edsto pobytu \u010di s\u00eddlo. <\/em><\/p>\n<p><em><a href=\"http:\/\/www.cssz.cz\/cz\/kontakty\/krajska-a-okresni-pracoviste\/praha\/\">Kontakty na jednotliv\u00e1 \u00fazemn\u00ed pracovi\u0161t\u011b<\/a><\/em><\/div>\n<p><strong>\u00a0<\/strong><\/p>\n<h4><strong>Finan\u010dn\u00ed \u00fa\u0159ad<\/strong><\/h4>\n<p>\u00dazemn\u00ed pracovi\u0161t\u011b pro Prahu 8<\/p>\n<p><strong>Adresa:<\/strong> Trojsk\u00e1 13a, 180 00 Praha 8<\/p>\n<p><a href=\"https:\/\/www.financnisprava.cz\/cs\/financni-sprava\/financni-sprava-cr\/organizacni-struktura\/organy-financni-spravy\/uzemni-pracoviste\/2008-uzemni-pracoviste-pro-prahu-8\">Kontaktn\u00ed informace<\/a><\/p>","protected":false},"excerpt":{"rendered":"<p>\u00da\u0158AD M\u011aSTSK\u00c9 \u010c\u00c1STI PRAHA 8 &nbsp; adresa: Zenklova 1\/35, 180 48 Praha 8 telefon \u00fast\u0159edna: 222 805 505 e-mail: posta@praha8.cz internetov\u00e1 adresa: www.praha8.cz &nbsp; \u00dazem\u00ed m\u011bstsk\u00e9 \u010d\u00e1sti Praha 8 zahrnuje dev\u011bt katastr\u00e1ln\u00edch \u00fazem\u00ed: \u010dty\u0159i z nich cel\u00e1 (Bohnice, Kobylisy, \u010cimice,&#8230;<\/p>\n<a class=\"more-block\" href=\"https:\/\/metropolevsech.eu\/cs\/kontakty\/urady-v-praze\/mestske-casti\/jednotlive-mestske-casti\/mestska-cast-praha-8\/\">\u010c\u00edst v\u00edce<\/a>","protected":false},"author":7,"featured_media":0,"parent":3406,"menu_order":8,"comment_status":"closed","ping_status":"closed","template":"","meta":[],"acf":[],"_links":{"self":[{"href":"https:\/\/metropolevsech.eu\/cs\/wp-json\/wp\/v2\/pages\/3422"}],"collection":[{"href":"https:\/\/metropolevsech.eu\/cs\/wp-json\/wp\/v2\/pages"}],"about":[{"href":"https:\/\/metropolevsech.eu\/cs\/wp-json\/wp\/v2\/types\/page"}],"author":[{"embeddable":true,"href":"https:\/\/metropolevsech.eu\/cs\/wp-json\/wp\/v2\/users\/7"}],"replies":[{"embeddable":true,"href":"https:\/\/metropolevsech.eu\/cs\/wp-json\/wp\/v2\/comments?post=3422"}],"version-history":[{"count":4,"href":"https:\/\/metropolevsech.eu\/cs\/wp-json\/wp\/v2\/pages\/3422\/revisions"}],"predecessor-version":[{"id":21861,"href":"https:\/\/metropolevsech.eu\/cs\/wp-json\/wp\/v2\/pages\/3422\/revisions\/21861"}],"up":[{"embeddable":true,"href":"https:\/\/metropolevsech.eu\/cs\/wp-json\/wp\/v2\/pages\/3406"}],"wp:attachment":[{"href":"https:\/\/metropolevsech.eu\/cs\/wp-json\/wp\/v2\/media?parent=3422"}],"curies":[{"name":"wp","href":"https:\/\/api.w.org\/{rel}","templated":true}]}}