{"id":3424,"date":"2017-05-14T22:33:57","date_gmt":"2017-05-14T20:33:57","guid":{"rendered":"https:\/\/metropolevsech.eu\/?page_id=3424"},"modified":"2025-02-11T14:53:27","modified_gmt":"2025-02-11T13:53:27","slug":"mestska-cast-praha-9","status":"publish","type":"page","link":"https:\/\/metropolevsech.eu\/cs\/kontakty\/urady-v-praze\/mestske-casti\/jednotlive-mestske-casti\/mestska-cast-praha-9\/","title":{"rendered":"M\u010c Praha 9"},"content":{"rendered":"<p><\/p>\n<h3><strong>\u00da\u0158AD M\u011aSTSK\u00c9 \u010c\u00c1STI PRAHA 9<\/strong><\/h3>\n<p><strong>\u00a0<\/strong><\/p>\n<p><strong>adresa:<\/strong> Sokolovsk\u00e1 14\/324, 180 49 Praha 9<\/p>\n<p><strong>telefon <\/strong><strong>\u00fast\u0159edna:<\/strong> 283 091 111<\/p>\n<p><strong>telefon <\/strong><strong>informace:<\/strong> 283 091 101, 283 091 102<\/p>\n<p><strong>e-mail:<\/strong> <a href=\"mailto:podatelna@praha9.cz\">podatelna@praha9.cz<\/a><\/p>\n<p><strong>internetov\u00e1 adresa: <\/strong><a href=\"http:\/\/www.praha9.cz\">www.praha9.cz<\/a><\/p>\n<p>&nbsp;<\/p>\n<p>M\u011bstsk\u00e1 \u010d\u00e1st Praha 9 se skl\u00e1d\u00e1 z historick\u00fdch \u010dtvrt\u00ed: Vyso\u010dany, Prosek, St\u0159\u00ed\u017ekov, Hloub\u011bt\u00edn, Hrdlo\u0159ezy a \u010d\u00e1st Libn\u011b. D\u0159\u00edve d\u011blnick\u00e9 a tov\u00e1rn\u00ed osady jsou dnes p\u0159ev\u00e1\u017en\u011b obytn\u00fdmi \u010d\u00e1stmi a d\u016fle\u017eit\u00fdm m\u00edstem v \u017eelezni\u010dn\u00ed doprav\u011b.<\/p>\n<p>&nbsp;<\/p>\n<h3><strong>Ostatn\u00ed \u00fa\u0159ady: <\/strong><\/h3>\n<h4>Pobo\u010dka \u00fa\u0159adu pr\u00e1ce<\/h4>\n<p>Kontaktn\u00ed pracovi\u0161t\u011b <a href=\"https:\/\/www.uradprace.cz\/praha-9\">Praha 9<\/a> (pro Prahu 9, 14, 18, 19, 20 a 21)<\/p>\n<p><a href=\"https:\/\/www.uradprace.cz\/praha-9\">Kontakty na pracovi\u0161t\u011b<\/a>, <a href=\"https:\/\/www.uradprace.cz\/web\/cz\/volna-mista-v-cr\">Voln\u00e1 m\u00edsta<\/a><a href=\"https:\/\/www.uradprace.cz\/kontakty-na-zamestnance-7\"><\/a><\/p>\n<p><strong>\u00a0<\/strong><\/p>\n<h4><strong>Pra\u017esk\u00e1 spr\u00e1va soci\u00e1ln\u00edho zabezpe\u010den\u00ed (PSSZ)<\/strong><\/h4>\n<div class=\"box-ok\"> <em>\u00dazemn\u00ed p\u016fsobnost \u00fa\u0159adu nen\u00ed d\u00e1na. M\u016f\u017eete tedy zvolit kter\u00e9koliv \u00fazemn\u00ed pracovi\u0161t\u011b bez ohledu na m\u00edsto pobytu \u010di s\u00eddlo. <\/em><\/p>\n<p><em><a href=\"http:\/\/www.cssz.cz\/cz\/kontakty\/krajska-a-okresni-pracoviste\/praha\/\">Kontakty na jednotliv\u00e1 \u00fazemn\u00ed pracovi\u0161t\u011b<\/a><\/em> <\/div>\n<p><strong>\u00a0<\/strong><\/p>\n<h4><strong>Finan\u010dn\u00ed \u00fa\u0159ad<\/strong><\/h4>\n<p>\u00dazemn\u00ed pracovi\u0161t\u011b pro Prahu 9<\/p>\n<p><strong>Adresa:<\/strong> n\u00e1b\u0159. Kpt. Jaro\u0161e 1000\/7, 170 00 Praha 7<\/p>\n<p><a href=\"https:\/\/www.financnisprava.cz\/cs\/financni-sprava\/financni-sprava-cr\/organizacni-struktura\/organy-financni-spravy\/uzemni-pracoviste\/2009-uzemni-pracoviste-pro-prahu-9\">Kontaktn\u00ed informace<\/a><\/p>","protected":false},"excerpt":{"rendered":"<p>\u00da\u0158AD M\u011aSTSK\u00c9 \u010c\u00c1STI PRAHA 9 \u00a0 adresa: Sokolovsk\u00e1 14\/324, 180 49 Praha 9 telefon \u00fast\u0159edna: 283 091 111 telefon informace: 283 091 101, 283 091 102 e-mail: podatelna@praha9.cz internetov\u00e1 adresa: www.praha9.cz &nbsp; M\u011bstsk\u00e1 \u010d\u00e1st Praha 9 se skl\u00e1d\u00e1 z historick\u00fdch&#8230;<\/p>\n<a class=\"more-block\" href=\"https:\/\/metropolevsech.eu\/cs\/kontakty\/urady-v-praze\/mestske-casti\/jednotlive-mestske-casti\/mestska-cast-praha-9\/\">\u010c\u00edst v\u00edce<\/a>","protected":false},"author":7,"featured_media":0,"parent":3406,"menu_order":9,"comment_status":"closed","ping_status":"closed","template":"","meta":[],"acf":[],"_links":{"self":[{"href":"https:\/\/metropolevsech.eu\/cs\/wp-json\/wp\/v2\/pages\/3424"}],"collection":[{"href":"https:\/\/metropolevsech.eu\/cs\/wp-json\/wp\/v2\/pages"}],"about":[{"href":"https:\/\/metropolevsech.eu\/cs\/wp-json\/wp\/v2\/types\/page"}],"author":[{"embeddable":true,"href":"https:\/\/metropolevsech.eu\/cs\/wp-json\/wp\/v2\/users\/7"}],"replies":[{"embeddable":true,"href":"https:\/\/metropolevsech.eu\/cs\/wp-json\/wp\/v2\/comments?post=3424"}],"version-history":[{"count":5,"href":"https:\/\/metropolevsech.eu\/cs\/wp-json\/wp\/v2\/pages\/3424\/revisions"}],"predecessor-version":[{"id":21863,"href":"https:\/\/metropolevsech.eu\/cs\/wp-json\/wp\/v2\/pages\/3424\/revisions\/21863"}],"up":[{"embeddable":true,"href":"https:\/\/metropolevsech.eu\/cs\/wp-json\/wp\/v2\/pages\/3406"}],"wp:attachment":[{"href":"https:\/\/metropolevsech.eu\/cs\/wp-json\/wp\/v2\/media?parent=3424"}],"curies":[{"name":"wp","href":"https:\/\/api.w.org\/{rel}","templated":true}]}}