{"id":3426,"date":"2017-05-14T22:35:26","date_gmt":"2017-05-14T20:35:26","guid":{"rendered":"https:\/\/metropolevsech.eu\/?page_id=3426"},"modified":"2025-02-11T15:12:41","modified_gmt":"2025-02-11T14:12:41","slug":"mestska-cast-praha-10","status":"publish","type":"page","link":"https:\/\/metropolevsech.eu\/cs\/kontakty\/urady-v-praze\/mestske-casti\/jednotlive-mestske-casti\/mestska-cast-praha-10\/","title":{"rendered":"M\u010c Praha 10"},"content":{"rendered":"<p><\/p>\n<h3><strong>\u00da\u0158AD M\u011aSTSK\u00c9 \u010c\u00c1STI PRAHA 10<\/strong><\/h3>\n<p>&nbsp;<\/p>\n<p style=\"font-weight: 400;\"><strong>adresa:<\/strong>\u00a0Vinohradsk\u00e1 3218\/169, 100 00\u00a0 Praha 10\u00a0 &#8211;\u00a0<strong>NOV\u011a od 1.11.2023<\/strong><\/p>\n<p style=\"font-weight: 400;\"><strong>telefon informa\u010dn\u00ed kancel\u00e1\u0159:<\/strong> +420 267 093 111, \u00a0<strong>e-mail:\u00a0<\/strong><a href=\"mailto:info@praha10.cz\">info@praha10.cz<\/a><\/p>\n<p style=\"font-weight: 400;\"><strong>podatelna fax:<\/strong> +420\u00a0272 739 587,\u00a0<strong>e-mail: <\/strong><a href=\"mailto:posta@praha10.cz\">posta@praha10.cz\u00a0<\/a><\/p>\n<p style=\"font-weight: 400;\"><strong>internetov\u00e1 adresa:<\/strong><a href=\"https:\/\/www.praha10.cz\/\" data-saferedirecturl=\"https:\/\/www.google.com\/url?q=https:\/\/www.praha10.cz\/&amp;source=gmail&amp;ust=1699249116940000&amp;usg=AOvVaw2CbL3s5P2oIzjAOpA-4NdC\">\u00a0www.praha10.cz<\/a><\/p>\n<p style=\"font-weight: 400;\"><strong>datov\u00e1 schr\u00e1nka<\/strong>: \u00a0irnb7wg<\/p>\n<p style=\"font-weight: 400;\"><strong>kontaktn\u00ed osoba pro oblast integrace cizinc\u016f:<\/strong>\u00a0Bc. Marija Skyba<\/p>\n<p style=\"font-weight: 400;\"><strong>telefon:<\/strong>\u00a0+420\u00a0267\u00a0093\u00a0302,<\/p>\n<p style=\"font-weight: 400;\"><strong>e-mail:<\/strong>\u00a0<a href=\"mailto:marija.skyba@praha10.cz\">marija.skyba@praha10.cz<\/a><\/p>\n<p>&nbsp;<\/p>\n<p>Praha 10 je situov\u00e1na v jihov\u00fdchodn\u00ed \u010d\u00e1sti hlavn\u00edho m\u011bsta a zahrnuje historick\u00e9 obce Vr\u0161ovice, Stra\u0161nice, Male\u0161ice, Z\u00e1b\u011bhlice, Vinohrady a Michli. R\u016fznorod\u00e1 m\u011bstsk\u00e1 \u010d\u00e1st tak zahrnuje vilov\u00e9 \u010dtvrti, m\u011b\u0161\u0165ansk\u00e9 domy, s\u00eddli\u0161t\u011b, ale tak\u00e9 mnoho sportovi\u0161\u0165, zelen\u011b \u010di kulturn\u00edch prostor\u016f.<\/p>\n<p>V\u00a0roce 2016 si m\u011bstsk\u00e1 \u010d\u00e1st Praha 10 nechala zpracovat <a href=\"\/\/desitkapomaha.cz\/socialni-a-zdravotni-oblast\/odbor-socialni\/oddeleni-soc-prace\/referat-kuratoru-pro-dospele\/podpora-integrace-cizincu-v-mc-praha-10.aspx\">Anal\u00fdzu \u017eivota cizinc\u016f na m\u011bstsk\u00e9 \u010d\u00e1sti.<\/a>\u00a0 Vedle toho v\u00a0roce 2016 m\u011bstsk\u00e1 \u010d\u00e1st podpo\u0159ila bezplatnou v\u00fduku \u010desk\u00e9ho jazyka pro cizince a ve spolupr\u00e1ci s\u00a0Integra\u010dn\u00edm centrem Praha p\u0159ipravila dva bezplatn\u00e9 semin\u00e1\u0159e pro \u00fa\u0159edn\u00edky a zam\u011bstnance \u00fa\u0159adu m\u011bstsk\u00e9 \u010d\u00e1sti a pracovn\u00edky neziskov\u00fdch organizac\u00ed zam\u011b\u0159en\u00e9 na problematiku integrace cizinc\u016f. Na z\u00e1klad\u011b v\u00fd\u0161e uveden\u00e9 anal\u00fdzy pl\u00e1nuje zejm\u00e9na aktivity zam\u011b\u0159en\u00e9 na zv\u00fd\u0161en\u00ed informovanosti cizinc\u016f v\u00a0praktick\u00fdch ot\u00e1zk\u00e1ch \u017eivota v\u00a0\u010cR. V\u00a0r\u00e1mci komunitn\u00edho pl\u00e1nov\u00e1n\u00ed soci\u00e1ln\u00edch slu\u017eeb m\u011bstsk\u00e1 \u010d\u00e1st dlouhodob\u011b spolupracuje s\u00a0neziskov\u00fdmi organizacemi pro oblast integrace cizinc\u016f.<\/p>\n<h4><\/h4>\n<h4><strong>Odkaz:<\/strong><\/h4>\n<p>Zde naleznete d\u016fle\u017eit\u00e9 informace od \u00da\u0159adu m\u011bstsk\u00e9 \u010d\u00e1sti Praha 10<\/p>\n<ul class=\"bullet-links\">\n<li><a href=\"\/\/www.praha10.cz\">praha10.cz<\/a><\/li>\n<li><a href=\"\/\/desitkapomaha.cz\">desitkapomaha.cz<\/a><\/li>\n<\/ul>\n<p>&nbsp;<\/p>\n<h3><strong>Ostatn\u00ed \u00fa\u0159ady: <\/strong><\/h3>\n<h4>Pobo\u010dka \u00fa\u0159adu pr\u00e1ce<\/h4>\n<p>Kontaktn\u00ed pracovi\u0161t\u011b <a href=\"https:\/\/www.uradprace.cz\/praha-10\">Praha 10<\/a> (pro Prahu 10, 15 a 22)<\/p>\n<p><a href=\"https:\/\/www.uradprace.cz\/praha-10\">Kontakty na pracovi\u0161t\u011b<\/a>, <a href=\"https:\/\/www.uradprace.cz\/web\/cz\/volna-mista-v-cr\">Voln\u00e1 m\u00edsta<\/a><a href=\"https:\/\/www.uradprace.cz\/kontakty-na-zamestnance-8\"><\/a><\/p>\n<p><strong>\u00a0<\/strong><\/p>\n<h4><strong>Pra\u017esk\u00e1 spr\u00e1va soci\u00e1ln\u00edho zabezpe\u010den\u00ed (PSSZ)<\/strong><\/h4>\n<p>\u00dazemn\u00ed pracovi\u0161t\u011b pro Prahu 10<\/p>\n<p><strong>Adresa:<\/strong> V Korytech 1536\/8, 100 00 Praha 10<\/p>\n<p><a href=\"\/\/www.cssz.cz\/cz\/kontakty\/krajska-a-okresni-pracoviste\/praha\/\">Kontaktn\u00ed informace<\/a><\/p>\n<p><strong>\u00a0<\/strong><\/p>\n<h4><strong>Finan\u010dn\u00ed \u00fa\u0159ad<\/strong><\/h4>\n<p>\u00dazemn\u00ed pracovi\u0161t\u011b pro Prahu 10<\/p>\n<p><strong>Adresa:<\/strong> Praha 10 (\u010d\u00e1st Vr\u0161ovice), Petrohradsk\u00e1 6, 101\u00a000<\/p>\n<p><a href=\"https:\/\/www.financnisprava.cz\/cs\/financni-sprava\/financni-sprava-cr\/organizacni-struktura\/organy-financni-spravy\/uzemni-pracoviste\/2010-uzemni-pracoviste-pro-prahu-10\">Kontaktn\u00ed informace<\/a><\/p>","protected":false},"excerpt":{"rendered":"<p>\u00da\u0158AD M\u011aSTSK\u00c9 \u010c\u00c1STI PRAHA 10 &nbsp; adresa:\u00a0Vinohradsk\u00e1 3218\/169, 100 00\u00a0 Praha 10\u00a0 &#8211;\u00a0NOV\u011a od 1.11.2023 telefon informa\u010dn\u00ed kancel\u00e1\u0159: +420 267 093 111, \u00a0e-mail:\u00a0info@praha10.cz podatelna fax: +420\u00a0272 739 587,\u00a0e-mail: posta@praha10.cz\u00a0 internetov\u00e1 adresa:\u00a0www.praha10.cz datov\u00e1 schr\u00e1nka: \u00a0irnb7wg kontaktn\u00ed osoba pro oblast integrace cizinc\u016f:\u00a0Bc&#8230;.<\/p>\n<a class=\"more-block\" href=\"https:\/\/metropolevsech.eu\/cs\/kontakty\/urady-v-praze\/mestske-casti\/jednotlive-mestske-casti\/mestska-cast-praha-10\/\">\u010c\u00edst v\u00edce<\/a>","protected":false},"author":7,"featured_media":0,"parent":3406,"menu_order":10,"comment_status":"closed","ping_status":"closed","template":"","meta":[],"acf":[],"_links":{"self":[{"href":"https:\/\/metropolevsech.eu\/cs\/wp-json\/wp\/v2\/pages\/3426"}],"collection":[{"href":"https:\/\/metropolevsech.eu\/cs\/wp-json\/wp\/v2\/pages"}],"about":[{"href":"https:\/\/metropolevsech.eu\/cs\/wp-json\/wp\/v2\/types\/page"}],"author":[{"embeddable":true,"href":"https:\/\/metropolevsech.eu\/cs\/wp-json\/wp\/v2\/users\/7"}],"replies":[{"embeddable":true,"href":"https:\/\/metropolevsech.eu\/cs\/wp-json\/wp\/v2\/comments?post=3426"}],"version-history":[{"count":11,"href":"https:\/\/metropolevsech.eu\/cs\/wp-json\/wp\/v2\/pages\/3426\/revisions"}],"predecessor-version":[{"id":21865,"href":"https:\/\/metropolevsech.eu\/cs\/wp-json\/wp\/v2\/pages\/3426\/revisions\/21865"}],"up":[{"embeddable":true,"href":"https:\/\/metropolevsech.eu\/cs\/wp-json\/wp\/v2\/pages\/3406"}],"wp:attachment":[{"href":"https:\/\/metropolevsech.eu\/cs\/wp-json\/wp\/v2\/media?parent=3426"}],"curies":[{"name":"wp","href":"https:\/\/api.w.org\/{rel}","templated":true}]}}