{"id":3428,"date":"2017-05-14T22:36:38","date_gmt":"2017-05-14T20:36:38","guid":{"rendered":"https:\/\/metropolevsech.eu\/?page_id=3428"},"modified":"2025-04-01T21:19:27","modified_gmt":"2025-04-01T19:19:27","slug":"mestska-cast-praha-11","status":"publish","type":"page","link":"https:\/\/metropolevsech.eu\/cs\/kontakty\/urady-v-praze\/mestske-casti\/jednotlive-mestske-casti\/mestska-cast-praha-11\/","title":{"rendered":"M\u010c Praha 11"},"content":{"rendered":"<p><\/p>\n<h3><strong>\u00da\u0158AD M\u011aSTSK\u00c9 \u010c\u00c1STI PRAHA 11<\/strong><\/h3>\n<p>&nbsp;<\/p>\n<p><strong>adresa:<\/strong> Ocel\u00edkova 672\/1, 149 41 Praha 415<\/p>\n<p><strong>telefon<\/strong><strong>:<\/strong> 267 902 111<\/p>\n<p><strong>O-linka (pro dotazy)<\/strong>: 800 104 300, <strong>e-mail: <\/strong>obcanskalinka@praha11.cz<\/p>\n<p><strong>podatelna:<\/strong> <a href=\"mailto:podatelna@p11.mepnet.cz\">podatelna@p11.mepnet.cz<\/a>,<\/p>\n<p><strong>internetov\u00e1 adresa:<\/strong> <a href=\"\/\/www.praha11.cz\">www.praha11.cz<\/a><\/p>\n<p><span style=\"font-weight: 400;\">telefon a kontakt na Odbor soci\u00e1ln\u00edch v\u011bc\u00ed a zdravotnictv\u00ed: 267 902 156; <\/span><a href=\"mailto:matysovab@praha11.cz\"><span style=\"font-weight: 400;\">matysovab@praha11.cz<\/span><\/a><\/p>\n<p>&nbsp;<\/p>\n<p>Praha 11 se nach\u00e1z\u00ed ji\u017en\u011b a\u017e jihov\u00fdchodn\u011b od centra pra\u017esk\u00e9 aglomerace a je slo\u017eena z m\u011bstsk\u00fdch \u010d\u00e1st\u00ed Chodov a H\u00e1je, nejv\u011bt\u0161\u00ed \u010d\u00e1st Prahy 11 zauj\u00edmaj\u00ed s\u00eddli\u0161t\u011b Ji\u017en\u00ed M\u011bsto I. a Ji\u017en\u00ed M\u011bsto II.<\/p>\n<p><span style=\"font-weight: 400;\">Praha 11 je obec s roz\u0161\u00ed\u0159enou p\u016fsobnost\u00ed pro obce Praha-\u0160eberov, Praha-\u00dajezd u Pr\u016fhonic, Praha-K\u0159eslice.<\/span><\/p>\n<p><span style=\"font-weight: 400;\">Na \u00fa\u0159ad\u011b M\u010c Praha 11 je koordinace aktivit v\u00a0oblasti integrace cizinc\u016f rozd\u011blena mezi dva odbory: Odbor soci\u00e1ln\u00edch v\u011bc\u00ed a zdravotnictv\u00ed (koordin\u00e1torka pro rozvoj soci\u00e1ln\u00edch slu\u017eeb, extern\u00edch dotac\u00ed a pr\u00e1ce s cizinci) a Odbor \u0161kolstv\u00ed a kultury (samostatn\u00e1 odborn\u00e1 referentka koncepce a metodiky \u0161kolstv\u00ed \u2013 koncepce a metodika Z\u0160, SO\u0160, VO\u0160). Spole\u010dn\u011b koordinuj\u00ed integra\u010dn\u00ed aktivity, ve kter\u00fdch M\u010c finan\u010dn\u011b podporuje MV \u010cR a MHMP. M\u010c poskytuje rovn\u011b\u017e poradenstv\u00ed \u0161kol\u00e1m ohledn\u011b mo\u017enost\u00ed financov\u00e1n\u00ed z extern\u00edch zdroj\u016f.<\/span><\/p>\n<p>Pro informov\u00e1n\u00ed a sd\u00edlen\u00ed zpr\u00e1v o d\u011bn\u00ed nejen na m\u011bstsk\u00e9 \u010d\u00e1sti Praha 11 zalo\u017eil pro vietnamsk\u00e9 sousedy \u00fa\u0159ad M\u010c facebookovou str\u00e1nku <a href=\"\/\/www.facebook.com\/\u1ee6y-ban-Praha-11-104672784646928\/\">\u1ee6y ban Praha 11<\/a>. Budou zde sd\u00edleny jak praktick\u00e9 informace pro \u017eivot v Praze i na Ji\u017en\u00edm M\u011bst\u011b, tak informace z kulturn\u00edho a komunitn\u00edho d\u011bn\u00ed. Facebookov\u00e1 str\u00e1nka by m\u011bla pomoci zapojit v\u00edce vietnamsk\u00e9 sousedy do spole\u010densk\u00e9ho \u017eivota Prahy 11.<br \/>\n<a><\/a><br \/>\n<em><div class=\"box-ok\">V r\u00e1mci \u00fa\u0159adu p\u016fsob\u00ed interkulturn\u00ed pracovnice pro vietnamsky hovo\u0159\u00edc\u00ed obyvatele m\u011bstsk\u00e9 \u010d\u00e1sti:<\/em><\/p>\n<p><em><strong>Van Anh Tranov\u00e1<\/strong><\/em><br \/>\n<em>e-mail: <a target=\"_blank\" href=\"mailto:tranovava@praha11.cz\" rel=\"noopener\">tranovava@praha11.cz<\/a><\/em><br \/>\n<em>telefon: +420 778 527 939 <\/div><\/em><\/p>\n<h3><strong>Ostatn\u00ed \u00fa\u0159ady: <\/strong><\/h3>\n<h4><strong>Pobo\u010dka \u00fa\u0159adu pr\u00e1ce<\/strong><\/h4>\n<p>Kontaktn\u00ed pracovi\u0161t\u011b Praha 4 (pro Prahu 4, 11 a 12)<\/p>\n<p><a href=\"https:\/\/www.uradprace.cz\/praha-4\">Kontakty na pracovi\u0161t\u011b<\/a>, <a href=\"https:\/\/www.uradprace.cz\/web\/cz\/volna-mista-v-cr\">Voln\u00e1 m\u00edsta<\/a><a href=\"https:\/\/www.uradprace.cz\/kontakty-na-zamestnance-3\"><\/a><\/p>\n<p>&nbsp;<\/p>\n<h4><strong>Pra\u017esk\u00e1 spr\u00e1va soci\u00e1ln\u00edho zabezpe\u010den\u00ed (PSSZ)<\/strong><\/h4>\n<div class=\"box-ok\"><em>\u00dazemn\u00ed p\u016fsobnost \u00fa\u0159adu nen\u00ed d\u00e1na. M\u016f\u017eete tedy zvolit kter\u00e9koliv \u00fazemn\u00ed pracovi\u0161t\u011b bez ohledu na m\u00edsto pobytu \u010di s\u00eddlo. <\/em><\/p>\n<p><em><a href=\"\/\/www.cssz.cz\/cz\/kontakty\/krajska-a-okresni-pracoviste\/praha\/\">Kontakty na jednotliv\u00e1 \u00fazemn\u00ed pracovi\u0161t\u011b <\/a><\/em><\/div>\n<p><strong>\u00a0<\/strong><\/p>\n<h4><strong>Finan\u010dn\u00ed \u00fa\u0159ad<\/strong><\/h4>\n<p>\u00dazemn\u00ed pracovi\u0161t\u011b pro Prahu 4<\/p>\n<p><strong>Adresa:<\/strong> Bud\u011bjovick\u00e1 409\/1, 140 00 Praha 4<\/p>\n<p><a href=\"https:\/\/www.financnisprava.cz\/cs\/financni-sprava\/financni-sprava-cr\/organizacni-struktura\/organy-financni-spravy\/uzemni-pracoviste\/2004-uzemni-pracoviste-pro-prahu-4\">Kontaktn\u00ed informace<\/a><\/p>","protected":false},"excerpt":{"rendered":"<p>\u00da\u0158AD M\u011aSTSK\u00c9 \u010c\u00c1STI PRAHA 11 &nbsp; adresa: Ocel\u00edkova 672\/1, 149 41 Praha 415 telefon: 267 902 111 O-linka (pro dotazy): 800 104 300, e-mail: obcanskalinka@praha11.cz podatelna: podatelna@p11.mepnet.cz, internetov\u00e1 adresa: www.praha11.cz telefon a kontakt na Odbor soci\u00e1ln\u00edch v\u011bc\u00ed a zdravotnictv\u00ed: 267&#8230;<\/p>\n<a class=\"more-block\" href=\"https:\/\/metropolevsech.eu\/cs\/kontakty\/urady-v-praze\/mestske-casti\/jednotlive-mestske-casti\/mestska-cast-praha-11\/\">\u010c\u00edst v\u00edce<\/a>","protected":false},"author":7,"featured_media":0,"parent":3406,"menu_order":11,"comment_status":"closed","ping_status":"closed","template":"","meta":[],"acf":[],"_links":{"self":[{"href":"https:\/\/metropolevsech.eu\/cs\/wp-json\/wp\/v2\/pages\/3428"}],"collection":[{"href":"https:\/\/metropolevsech.eu\/cs\/wp-json\/wp\/v2\/pages"}],"about":[{"href":"https:\/\/metropolevsech.eu\/cs\/wp-json\/wp\/v2\/types\/page"}],"author":[{"embeddable":true,"href":"https:\/\/metropolevsech.eu\/cs\/wp-json\/wp\/v2\/users\/7"}],"replies":[{"embeddable":true,"href":"https:\/\/metropolevsech.eu\/cs\/wp-json\/wp\/v2\/comments?post=3428"}],"version-history":[{"count":9,"href":"https:\/\/metropolevsech.eu\/cs\/wp-json\/wp\/v2\/pages\/3428\/revisions"}],"predecessor-version":[{"id":22420,"href":"https:\/\/metropolevsech.eu\/cs\/wp-json\/wp\/v2\/pages\/3428\/revisions\/22420"}],"up":[{"embeddable":true,"href":"https:\/\/metropolevsech.eu\/cs\/wp-json\/wp\/v2\/pages\/3406"}],"wp:attachment":[{"href":"https:\/\/metropolevsech.eu\/cs\/wp-json\/wp\/v2\/media?parent=3428"}],"curies":[{"name":"wp","href":"https:\/\/api.w.org\/{rel}","templated":true}]}}