{"id":3430,"date":"2017-05-14T22:37:47","date_gmt":"2017-05-14T20:37:47","guid":{"rendered":"https:\/\/metropolevsech.eu\/?page_id=3430"},"modified":"2025-04-01T21:51:41","modified_gmt":"2025-04-01T19:51:41","slug":"mestska-cast-praha-12","status":"publish","type":"page","link":"https:\/\/metropolevsech.eu\/cs\/kontakty\/urady-v-praze\/mestske-casti\/jednotlive-mestske-casti\/mestska-cast-praha-12\/","title":{"rendered":"M\u010c Praha 12"},"content":{"rendered":"<p><\/p>\n<ul class=\"bullet\">\n<li><a href=\"#prague12\"><strong>M\u011bstsk\u00e1 \u010d\u00e1st Praha 12<\/strong><\/a><\/li>\n<li><strong><a href=\"#libus\">M\u011bstsk\u00e1 \u010d\u00e1st Praha &#8211; Libu\u0161<\/a>\u00a0 <\/strong><\/li>\n<\/ul>\n<p>&nbsp;<\/p>\n<h3><strong>M\u011bstsk\u00e1 \u010d\u00e1st Praha 12<\/strong><\/h3>\n<h3><strong>\u00da\u0158AD M\u011aSTSK\u00c9 \u010c\u00c1STI PRAHA 12<\/strong><\/h3>\n<p><strong>adresa:<\/strong> Gener\u00e1la \u0160i\u0161ky 2375\/6, 143 00 Praha 4 &#8211; Mod\u0159any<\/p>\n<p><strong>telefon <\/strong><strong>\u00fast\u0159edna, informa\u010dn\u00ed kancel\u00e1\u0159:<\/strong> 244 028 111<\/p>\n<p><strong>internetov\u00e1 adresa:<\/strong><a href=\"\/\/www.praha12.cz\/\"> www.praha12.cz<\/a><\/p>\n<p><strong>e-mail:<\/strong> <a href=\"mailto:podatelna@praha12.cz\">podatelna@praha12.cz<\/a><\/p>\n<p>&nbsp;<\/p>\n<p>M\u011bstskou \u010d\u00e1st Praha 12 tvo\u0159\u00ed p\u011bt katastr\u00e1ln\u00edch \u00fazem\u00ed: Mod\u0159any, Komo\u0159any, Cholupice, To\u010dn\u00e1 a Kam\u00fdk. Jsou zde s\u00eddli\u0161t\u011b i vilov\u00e9 \u010dtvrti, pod\u00e9l vltavsk\u00e9ho b\u0159ehu s\u00eddl\u00ed velk\u00e9 pr\u016fmyslov\u00e9 podniky, ale na \u00fazem\u00ed jsou i p\u0159\u00edrodn\u00ed pam\u00e1tky a chr\u00e1n\u011bn\u00e1 unik\u00e1tn\u00ed spole\u010denstva rostlin a \u017eivo\u010dich\u016f, kter\u00fdmi prov\u00e1d\u011bj\u00ed nau\u010dn\u00e9 stezky. Lesy, louky i \u0159eka nab\u00edz\u00ed p\u0159\u00edle\u017eitost k rekreaci, sportu.<\/p>\n<p><span style=\"font-weight: 400;\">\u00da\u0159ad m\u011bstsk\u00e9 \u010d\u00e1sti Praha 12 je dlouhodob\u011b aktivn\u00ed v podpo\u0159e integrace migrant\u016f do spole\u010dnosti. U\u017e od roku 2009 se c\u00edlen\u00e1 podpora zam\u011b\u0159uje na oblast vzd\u011bl\u00e1v\u00e1n\u00ed d\u011bt\u00ed a \u017e\u00e1k\u016f v mate\u0159sk\u00fdch a z\u00e1kladn\u00edch \u0161kol\u00e1ch, na spolupr\u00e1ci s rodi\u010di, na informovanost ve\u0159ejnosti a dal\u0161\u00ed body v souladu s aktu\u00e1ln\u00edmi pot\u0159ebami spole\u010dnosti. M<\/span><span style=\"font-weight: 400;\">\u011bstsk\u00e1 \u010d\u00e1st Praha 12 ve spolupr\u00e1ci s dal\u0161\u00edmi organizacemi podporuje v\u00fduku \u010desk\u00e9ho jazyka pro d\u011bti i dosp\u011bl\u00e9 s odli\u0161n\u00fdm mate\u0159sk\u00fdm jazykem. Jsou roz\u0161i\u0159ov\u00e1ny nov\u00e9, atraktivn\u00ed formy v\u00fduky \u010desk\u00e9ho jazyka nap\u0159. s vyu\u017eit\u00edm deskov\u00fdch her. Pozornost je v\u011bnov\u00e1na vzd\u011bl\u00e1v\u00e1n\u00ed u\u010ditel\u016f se zam\u011b\u0159en\u00edm na \u010de\u0161tinu pro cizince. <\/span><span style=\"font-weight: 400;\">\u0160koly v Praze 12 p\u0159ipravuj\u00ed spole\u010dn\u00e9 aktivity pro rodi\u010de a jejich d\u011bti, jejich\u017e c\u00edlem je mimo jin\u00e9 propojit cizince s m\u00edstn\u00ed komunitou. <\/span><span style=\"font-weight: 400;\">V Praze 12 funguje v sou\u010dasn\u00e9 dob\u011b pro cizince soci\u00e1ln\u00ed a pr\u00e1vn\u00ed poradenstv\u00ed. <\/span><span style=\"font-weight: 400;\">D\u00edky dlouhodob\u00e9 podpo\u0159e integrace cizinc\u016f na \u00fazem\u00ed vznikaj\u00ed i nez\u00e1visl\u00e9 integra\u010dn\u00ed projekty, jako je nap\u0159. \u010desko-\u010d\u00ednsk\u00e1 mate\u0159sk\u00e1 \u0161kolka.<\/span><\/p>\n<p>Do projektu hl. m. Prahy Syst\u00e9mov\u00e1 podpora v\u00fduky \u010de\u0161tiny jako ciz\u00edho jazyka se zapojila z\u00e1kladn\u00ed \u0161kola a mate\u0159sk\u00e1 \u0161kola ANGEL v\u00a0Praze 12.<\/p>\n<p>Prob\u00edh\u00e1 dou\u010dov\u00e1n\u00ed d\u011bt\u00ed v\u00a0M\u010c Praha 12 studenty z Erasmu v\u00a0r\u00e1mci pilotn\u00edho projektu. Doch\u00e1z\u00ed tak k\u00a0vylep\u0161en\u00ed jazykov\u00fdch schopnosti \u017e\u00e1k\u016f a z\u00e1rove\u0148 interkulturn\u00edmu za\u010dlen\u011bn\u00ed cizinc\u016f takzvan\u011b z\u00a0druh\u00e9 strany, co\u017e odpov\u00edd\u00e1 komplexn\u00edmu r\u00e1mci integrace M\u010c Praha 12.<\/p>\n<h4>Novinky<\/h4>\n<ul>\n<li>Informa\u010dn\u00ed bro\u017eury pro Z\u0160\u00a0 a M\u0160\u00a0 v Praze 12 pro aktu\u00e1ln\u00ed obdob\u00ed 2025\/2026 naleznete <a href=\"https:\/\/www.praha12.cz\/brozury-ms-a-zs-v-praze-12-prijdte-se-podivat\/d-87153\">zde<\/a>.<\/li>\n<li>Odkaz na noviny m\u011bstsk\u00e9 \u010d\u00e1sti Praha 12 neleznete <a href=\"https:\/\/www.praha12.cz\/noviny%2Dprahy%2D12\/ms-111931\/p1=111931\">zde<\/a>.<\/li>\n<\/ul>\n<p>&nbsp;<\/p>\n<p><b>Odkazy:<\/b><\/p>\n<p>Str\u00e1nky m\u011bstsk\u00e9 \u010d\u00e1sti Praha 12 naleznete v n\u011bkolika jazykov\u00fdch mutac\u00edch:<\/p>\n<ul class=\"bullet-links\">\n<li><a href=\"https:\/\/www.praha12.cz\/information-for-foreigners\/ds-1432\/p1=67384#en\"><span style=\"font-weight: 400;\">v angli\u010dtin\u011b<\/span><\/a><\/li>\n<li><a href=\"https:\/\/www.praha12.cz\/information-for-foreigners\/ds-1432\/p1=67384#rus\"><span style=\"font-weight: 400;\">v ru\u0161tin\u011b<\/span><\/a><\/li>\n<li><a href=\"https:\/\/www.praha12.cz\/information-for-foreigners\/ds-1432\/p1=67384#ukr\"><span style=\"font-weight: 400;\">v ukrajin\u0161tin\u011b<\/span><\/a><\/li>\n<li><a href=\"https:\/\/www.praha12.cz\/information-for-foreigners\/ds-1432\/p1=67384#viet\"><span style=\"font-weight: 400;\">ve vietnam\u0161tin\u011b<\/span><\/a><\/li>\n<\/ul>\n<p>&nbsp;<\/p>\n<h3><strong>M\u011bstsk\u00e1 \u010d\u00e1st Praha-Libu\u0161<\/strong><\/h3>\n<h3><strong>\u00da\u0158AD M\u011aSTSK\u00c9 \u010c\u00c1STI PRAHA-LIBU\u0160<\/strong><\/h3>\n<p><strong>\u00a0<\/strong><\/p>\n<p><strong>adresa:<\/strong> Libu\u0161sk\u00e1 35\/200, 142 00 Praha 4 \u2013 Libu\u0161<\/p>\n<p><strong>telefon &#8211; odbor kancel\u00e1\u0159e starosty a podatelna:<\/strong> + 420 244 471\u00a0884<\/p>\n<p><strong>e-mail:<\/strong> <a href=\"mailto:mc.libus@praha-libus.cz\">mc.libus@praha-libus.cz<\/a><\/p>\n<p><strong>internetov\u00e1 adresa:<\/strong> <a href=\"\/\/www.praha-libus.cz\">www.praha-libus.cz<\/a><\/p>\n<p>&nbsp;<\/p>\n<p>M\u011bstskou \u010d\u00e1st Praha-Libu\u0161 tvo\u0159\u00ed dv\u011b katastr\u00e1ln\u00ed \u00fazem\u00ed: P\u00edsnice a Libu\u0161. \u00da\u0159ad m\u011bstsk\u00e9 \u010d\u00e1sti vy\u0159izuje pro obyvatele pouze z\u00e1kladn\u00ed slu\u017eby, jako je p\u0159ihla\u0161ov\u00e1n\u00ed trval\u00e9ho pobytu, vyd\u00e1v\u00e1n\u00ed ryb\u00e1\u0159sk\u00e9ho l\u00edstku, povolov\u00e1n\u00ed k\u00e1cen\u00ed d\u0159evin rostouc\u00edch mimo les, ve\u0161ker\u00e9 slu\u017eby Czech point, spr\u00e1vu m\u00edstn\u00edch poplatk\u016f z\u00a0ubytovac\u00edch kapacit, z\u00a0rekrea\u010dn\u00edch pobyt\u016f, ze\u00a0ps\u016f, ze z\u00e1bor\u016f ve\u0159ejn\u00e9ho prostranstv\u00ed a p\u0159estupkovou agendu.<\/p>\n<p>&nbsp;<\/p>\n<div class=\"box-fixa\"><em>M\u011bstsk\u00e1 \u010d\u00e1st Praha-Libu\u0161 je v\u00a0r\u00e1mci organizace slu\u017eeb pro obyvatele hlavn\u00edho m\u011bsta Prahy sou\u010d\u00e1st\u00ed spr\u00e1vn\u00edho obvodu M\u011bstsk\u00e1 \u010d\u00e1st Praha 12, kde obyvatel\u00e9 naleznou zbyl\u00e9 slu\u017eby, jako je evidence obyvatel, vyd\u00e1v\u00e1n\u00ed ob\u010dansk\u00fdch pr\u016fkaz\u016f a pas\u016f, <a href=\"https:\/\/www.praha12.cz\/odbor-zivnostensky\/ms-63101\/p1=63101\">odbor \u017eivnostensk\u00fd<\/a>, <a href=\"https:\/\/www.praha12.cz\/odbor-socialnich-veci\/ms-63116\/p1=63116\">odbor soci\u00e1ln\u00edch v\u011bc\u00ed, <\/a><a href=\"https:\/\/www.praha12.cz\/odbor-dopravy\/ms-63151\/p1=63151\">odbor dopravy<\/a> a\u00a0<a href=\"https:\/\/www.praha12.cz\/odbor-zivotniho-prostredi\/ms-63096\/p1=63096\">odbor \u017eivotn\u00edho prost\u0159ed\u00ed<\/a>.<\/em><\/div>\n<p>&nbsp;<\/p>\n<p>Na m\u011bstsk\u00e9 \u010d\u00e1sti se prol\u00edn\u00e1 \u017eivot m\u011bsta s \u017eivotem vesnick\u00fdm. Bl\u00edzkost Mod\u0159ansk\u00e9 rokle poskytuje p\u0159\u00edle\u017eitost pro rekreaci. V\u00a0posledn\u00edch letech se v m\u011bstsk\u00e9 \u010d\u00e1sti us\u00eddluj\u00ed nov\u00e9 podnikatelsk\u00e9 subjekty a vyva\u017euj\u00ed svou pestrost\u00ed p\u0159\u00edtomnost velk\u00e9ho obchodn\u00edho celku Sapa.<\/p>\n<p>&nbsp;<\/p>\n<p>M\u011bstsk\u00e1 \u010d\u00e1st Praha-Libu\u0161 je dlouhodob\u011b aktivn\u00ed v podpo\u0159e integrace migrant\u016f do \u010desk\u00e9 spole\u010dnosti. Podpora se zam\u011b\u0159uje p\u0159edev\u0161\u00edm na oblast vzd\u011bl\u00e1v\u00e1n\u00ed d\u011bt\u00ed a \u017e\u00e1k\u016f v\u00a0mate\u0159sk\u00fdch a z\u00e1kladn\u00edch \u0161kol\u00e1ch, na vzd\u011bl\u00e1v\u00e1n\u00ed dosp\u00edvaj\u00edc\u00edch a dosp\u011bl\u00fdch cizinc\u016f a\u00a0komunitn\u00ed spolupr\u00e1ci p\u0159i p\u0159\u00edprav\u011b kulturn\u00edch spole\u010densk\u00fdch akc\u00ed. Opakovan\u011b tak na z\u00e1klad\u011b jednolet\u00fdch dotac\u00ed Ministerstva vnitra \u010cR zaji\u0161\u0165uje pro\u00a0obyvatele financov\u00e1n\u00ed syst\u00e9mu podp\u016frn\u00fdch a pomocn\u00fdch opat\u0159en\u00ed ve \u0161kol\u00e1ch a \u0161kolk\u00e1ch v\u010detn\u011b p\u0159\u00edpravn\u00fdch kurz\u016f a aktivit pro d\u011bti nehovo\u0159\u00edc\u00ed \u010desky p\u0159ed n\u00e1stupem do mate\u0159sk\u00e9 \u0161kolky a\u00a0z\u00e1kladn\u00ed \u0161koly, d\u00e1le paraleln\u011b \u010dty\u0159i sou\u010dasn\u011b b\u011b\u017e\u00edc\u00ed ve\u010dern\u00ed intenzivn\u00ed kurzy \u010desk\u00e9ho jazyka pro\u00a0dosp\u00edvaj\u00edc\u00ed a dosp\u011bl\u00e9 cizince hovo\u0159\u00edc\u00ed vietnamsky, p\u0159ipravuje \u010dty\u0159i velk\u00e9 spole\u010dn\u00e9 kulturn\u00ed komunitn\u00ed akce a\u00a0mno\u017estv\u00ed drobn\u011bj\u0161\u00edch aktivit jako tematick\u00e9 ve\u010dery, semin\u00e1\u0159e a workshopy pro \u0161irokou ve\u0159ejnost.<\/p>\n<p><em>\u00a0<\/em><\/p>\n<h4><strong>Odkazy:<\/strong><\/h4>\n<ul class=\"bullet-links\">\n<li><a href=\"\/\/www.praha-libus.cz\/index.php?catid=202#202\"><\/a>V sekci M\u010c Praha-Libu\u0161 najdete z\u00e1lo\u017eku <a href=\"https:\/\/www.praha-libus.cz\/informace-pro-cizince\">Informace pro cizince<\/a>.<\/li>\n<\/ul>\n<p>&nbsp;<\/p>\n<h3><strong>Ostatn\u00ed \u00fa\u0159ady: <\/strong><\/h3>\n<p><strong>Pobo\u010dka \u00fa\u0159adu pr\u00e1ce<\/strong><\/p>\n<p><strong>K<\/strong><strong>ontaktn\u00ed pracovi\u0161t\u011b Praha 4 (pro Prahu 4, 11 a 12)<\/strong><\/p>\n<p><strong><a href=\"https:\/\/www.uradprace.cz\/praha-4\">Kontakty na pracovi\u0161t\u011b<\/a><\/strong><strong>, <\/strong><strong><a href=\"https:\/\/www.uradprace.cz\/web\/cz\/volna-mista-v-cr\">Voln\u00e1 m\u00edsta<\/a><\/strong><a href=\"https:\/\/www.uradprace.cz\/kontakty-na-zamestnance-3\"><\/a><\/p>\n<p>&nbsp;<\/p>\n<p><strong>Pra\u017esk\u00e1 spr\u00e1va soci\u00e1ln\u00edho zabezpe\u010den\u00ed (PSSZ)<\/strong><\/p>\n<div class=\"box-ok\"><em>\u00dazemn\u00ed p\u016fsobnost \u00fa\u0159adu nen\u00ed d\u00e1na. M\u016f\u017eete tedy zvolit kter\u00e9koliv \u00fazemn\u00ed pracovi\u0161t\u011b bez ohledu na m\u00edsto pobytu \u010di s\u00eddlo.\u00a0<\/em><\/p>\n<p><em><a href=\"\/\/www.cssz.cz\/cz\/kontakty\/krajska-a-okresni-pracoviste\/praha\/\">Kontakty na jednotliv\u00e1 \u00fazemn\u00ed pracovi\u0161t\u011b<\/a><\/em><\/div>\n<p><strong>\u00a0<\/strong><\/p>\n<p><strong>Finan\u010dn\u00ed \u00fa\u0159ad<\/strong><\/p>\n<p>\u00dazemn\u00ed pracovi\u0161t\u011b pro Prahu 4<\/p>\n<p><strong>Adresa:<\/strong> Bud\u011bjovick\u00e1 409\/1, 140 00 Praha 4<\/p>\n<p><a href=\"https:\/\/www.financnisprava.cz\/cs\/financni-sprava\/financni-sprava-cr\/organizacni-struktura\/organy-financni-spravy\/uzemni-pracoviste\/2004-uzemni-pracoviste-pro-prahu-4\">Kontaktn\u00ed informace<\/a><\/p>","protected":false},"excerpt":{"rendered":"<p>M\u011bstsk\u00e1 \u010d\u00e1st Praha 12 M\u011bstsk\u00e1 \u010d\u00e1st Praha &#8211; Libu\u0161\u00a0 &nbsp; M\u011bstsk\u00e1 \u010d\u00e1st Praha 12 \u00da\u0158AD M\u011aSTSK\u00c9 \u010c\u00c1STI PRAHA 12 adresa: Gener\u00e1la \u0160i\u0161ky 2375\/6, 143 00 Praha 4 &#8211; Mod\u0159any telefon \u00fast\u0159edna, informa\u010dn\u00ed kancel\u00e1\u0159: 244 028 111 internetov\u00e1 adresa: www.praha12.cz e-mail:&#8230;<\/p>\n<a class=\"more-block\" href=\"https:\/\/metropolevsech.eu\/cs\/kontakty\/urady-v-praze\/mestske-casti\/jednotlive-mestske-casti\/mestska-cast-praha-12\/\">\u010c\u00edst v\u00edce<\/a>","protected":false},"author":7,"featured_media":0,"parent":3406,"menu_order":12,"comment_status":"closed","ping_status":"closed","template":"","meta":[],"acf":[],"_links":{"self":[{"href":"https:\/\/metropolevsech.eu\/cs\/wp-json\/wp\/v2\/pages\/3430"}],"collection":[{"href":"https:\/\/metropolevsech.eu\/cs\/wp-json\/wp\/v2\/pages"}],"about":[{"href":"https:\/\/metropolevsech.eu\/cs\/wp-json\/wp\/v2\/types\/page"}],"author":[{"embeddable":true,"href":"https:\/\/metropolevsech.eu\/cs\/wp-json\/wp\/v2\/users\/7"}],"replies":[{"embeddable":true,"href":"https:\/\/metropolevsech.eu\/cs\/wp-json\/wp\/v2\/comments?post=3430"}],"version-history":[{"count":10,"href":"https:\/\/metropolevsech.eu\/cs\/wp-json\/wp\/v2\/pages\/3430\/revisions"}],"predecessor-version":[{"id":22422,"href":"https:\/\/metropolevsech.eu\/cs\/wp-json\/wp\/v2\/pages\/3430\/revisions\/22422"}],"up":[{"embeddable":true,"href":"https:\/\/metropolevsech.eu\/cs\/wp-json\/wp\/v2\/pages\/3406"}],"wp:attachment":[{"href":"https:\/\/metropolevsech.eu\/cs\/wp-json\/wp\/v2\/media?parent=3430"}],"curies":[{"name":"wp","href":"https:\/\/api.w.org\/{rel}","templated":true}]}}