{"id":3432,"date":"2017-05-14T22:39:02","date_gmt":"2017-05-14T20:39:02","guid":{"rendered":"https:\/\/metropolevsech.eu\/?page_id=3432"},"modified":"2025-02-13T11:41:42","modified_gmt":"2025-02-13T10:41:42","slug":"mestska-cast-praha-13","status":"publish","type":"page","link":"https:\/\/metropolevsech.eu\/cs\/kontakty\/urady-v-praze\/mestske-casti\/jednotlive-mestske-casti\/mestska-cast-praha-13\/","title":{"rendered":"M\u010c Praha 13"},"content":{"rendered":"<p><\/p>\n<h3><strong>\u00da\u0158AD M\u011aSTSK\u00c9 \u010c\u00c1STI PRAHA 13<\/strong><\/h3>\n<p><strong>\u00a0<\/strong><\/p>\n<p><strong>adresa:<\/strong> Slune\u010dn\u00ed n\u00e1m\u011bst\u00ed 2580\/13, 158 00 Praha 5<\/p>\n<p><strong>telefon:<\/strong> 800 130 000, 235 011 111<\/p>\n<p><strong>internetov\u00e1 adresa:<\/strong><a href=\"http:\/\/www.praha13.cz\/\"> www.praha13.cz<\/a><\/p>\n<p>&nbsp;<\/p>\n<p>\u00dazem\u00ed Prahy 13 se skl\u00e1d\u00e1 z p\u011bti ucelen\u00fdch lokalit: Stod\u016flky, Lu\u017einy, Nov\u00e9 Butovice, Velk\u00e1 Ohrada a T\u0159ebonice. Na \u00fazem\u00ed Prahy 13, kter\u00e9 v sob\u011b za\u010dlenilo starou z\u00e1stavbu i panelov\u00e1 s\u00eddli\u0161t\u011b, za\u010d\u00edn\u00e1 i kon\u010d\u00ed d\u00e1lnice D5 ve sm\u011bru na Plze\u0148 a d\u00e1le do N\u011bmecka. M\u011bstsk\u00e1 \u010d\u00e1st je dob\u0159e dostupn\u00e1 metrem linkou B.<\/p>\n<p>&nbsp;<\/p>\n<p>M\u011bstsk\u00e1 \u010d\u00e1st Praha 13 je aktivn\u00ed v podpo\u0159e integrace migrant\u016f do \u010desk\u00e9 spole\u010dnosti na sv\u00e9m \u00fazem\u00ed. Podpora se zam\u011b\u0159uje na oblast vzd\u011bl\u00e1v\u00e1n\u00ed d\u011bt\u00ed a \u017e\u00e1k\u016f v mate\u0159sk\u00fdch a z\u00e1kladn\u00edch \u0161kol\u00e1ch a spole\u010dn\u00e9 sou\u017eit\u00ed.<\/p>\n<p>M\u011bstsk\u00e1 \u010d\u00e1st od roku 2010 realizuje projekt <em><strong><i>Spole\u010dn\u00e1 adresa \u2013 Praha 13<\/i><\/strong><\/em>, v r\u00e1mci n\u011bho\u017e pravideln\u011b po\u0159\u00e1d\u00e1 nap\u0159. kulturn\u00ed akci <em>Nejsme si ciz\u00ed<\/em> s odpoledn\u00edm programem pro d\u011bti i dosp\u011bl\u00e9. V t\u00e9to m\u011bstsk\u00e9 \u010d\u00e1sti tak\u00e9 pravideln\u011b prob\u00edhaj\u00ed kurzy \u010de\u0161tiny pro dosp\u011bl\u00e9 a dou\u010dov\u00e1n\u00ed pro d\u011bti na vybran\u00fdch mate\u0159sk\u00fdch a z\u00e1kladn\u00edch \u0161kol\u00e1ch<strong>. <\/strong><b>Informace o aktivit\u00e1ch projektu \u201eSpole\u010dn\u00e1 adresa \u2013 Praha 13\u201c najdete <\/b><a href=\"http:\/\/www.praha13.cz\/Integrace-cizincu\"><b>zde<\/b><\/a>.<\/p>\n<p><strong>\u00a0<\/strong><\/p>\n<h3><strong>Ostatn\u00ed \u00fa\u0159ady: <\/strong><\/h3>\n<h4><strong>Pobo\u010dka \u00fa\u0159adu pr\u00e1ce <\/strong><\/h4>\n<p>Kontaktn\u00ed pracovi\u0161t\u011b <a href=\"https:\/\/www.uradprace.cz\/praha-5\">Praha 5<\/a> (pro Prahu 5, 13 a 16)<\/p>\n<p><a href=\"https:\/\/www.uradprace.cz\/praha-5\">Kontakty na pracovi\u0161t\u011b<\/a>, <a href=\"https:\/\/www.uradprace.cz\/web\/cz\/volna-mista-v-cr\">Voln\u00e1 m\u00edsta<\/a><a href=\"https:\/\/www.uradprace.cz\/kontakty-na-zamestnance-4\"><\/a><\/p>\n<p>&nbsp;<\/p>\n<h4><strong>Pra\u017esk\u00e1 spr\u00e1va soci\u00e1ln\u00edho zabezpe\u010den\u00ed (PSSZ)<\/strong><\/h4>\n<div class=\"box-ok\"> <em>\u00dazemn\u00ed p\u016fsobnost \u00fa\u0159adu nen\u00ed d\u00e1na. M\u016f\u017eete tedy zvolit kter\u00e9koliv \u00fazemn\u00ed pracovi\u0161t\u011b bez ohledu na m\u00edsto pobytu \u010di s\u00eddlo.<\/em><\/p>\n<p><em><a href=\"http:\/\/www.cssz.cz\/cz\/kontakty\/krajska-a-okresni-pracoviste\/praha\/\">Kontakty na jednotliv\u00e1 \u00fazemn\u00ed pracovi\u0161t\u011b <\/a><\/em><\/div>\n<p><strong>\u00a0<\/strong><\/p>\n<h4><strong>Finan\u010dn\u00ed \u00fa\u0159ad<\/strong><\/h4>\n<p>\u00dazemn\u00ed pracovi\u0161t\u011b pro Prahu 5<\/p>\n<p><strong>Adresa:<\/strong> Praha 5 (\u010d\u00e1st Radlice), Peroutkova 263\/61, 150\u00a000<\/p>\n<p><a href=\"https:\/\/www.financnisprava.cz\/cs\/financni-sprava\/financni-sprava-cr\/organizacni-struktura\/organy-financni-spravy\/uzemni-pracoviste\/2005-uzemni-pracoviste-pro-prahu-5\">Kontaktn\u00ed informace<\/a><\/p>","protected":false},"excerpt":{"rendered":"<p>\u00da\u0158AD M\u011aSTSK\u00c9 \u010c\u00c1STI PRAHA 13 \u00a0 adresa: Slune\u010dn\u00ed n\u00e1m\u011bst\u00ed 2580\/13, 158 00 Praha 5 telefon: 800 130 000, 235 011 111 internetov\u00e1 adresa: www.praha13.cz &nbsp; \u00dazem\u00ed Prahy 13 se skl\u00e1d\u00e1 z p\u011bti ucelen\u00fdch lokalit: Stod\u016flky, Lu\u017einy, Nov\u00e9 Butovice, Velk\u00e1 Ohrada&#8230;<\/p>\n<a class=\"more-block\" href=\"https:\/\/metropolevsech.eu\/cs\/kontakty\/urady-v-praze\/mestske-casti\/jednotlive-mestske-casti\/mestska-cast-praha-13\/\">\u010c\u00edst v\u00edce<\/a>","protected":false},"author":7,"featured_media":0,"parent":3406,"menu_order":13,"comment_status":"closed","ping_status":"closed","template":"","meta":[],"acf":[],"_links":{"self":[{"href":"https:\/\/metropolevsech.eu\/cs\/wp-json\/wp\/v2\/pages\/3432"}],"collection":[{"href":"https:\/\/metropolevsech.eu\/cs\/wp-json\/wp\/v2\/pages"}],"about":[{"href":"https:\/\/metropolevsech.eu\/cs\/wp-json\/wp\/v2\/types\/page"}],"author":[{"embeddable":true,"href":"https:\/\/metropolevsech.eu\/cs\/wp-json\/wp\/v2\/users\/7"}],"replies":[{"embeddable":true,"href":"https:\/\/metropolevsech.eu\/cs\/wp-json\/wp\/v2\/comments?post=3432"}],"version-history":[{"count":4,"href":"https:\/\/metropolevsech.eu\/cs\/wp-json\/wp\/v2\/pages\/3432\/revisions"}],"predecessor-version":[{"id":21873,"href":"https:\/\/metropolevsech.eu\/cs\/wp-json\/wp\/v2\/pages\/3432\/revisions\/21873"}],"up":[{"embeddable":true,"href":"https:\/\/metropolevsech.eu\/cs\/wp-json\/wp\/v2\/pages\/3406"}],"wp:attachment":[{"href":"https:\/\/metropolevsech.eu\/cs\/wp-json\/wp\/v2\/media?parent=3432"}],"curies":[{"name":"wp","href":"https:\/\/api.w.org\/{rel}","templated":true}]}}