{"id":3434,"date":"2017-05-14T22:40:50","date_gmt":"2017-05-14T20:40:50","guid":{"rendered":"https:\/\/metropolevsech.eu\/?page_id=3434"},"modified":"2025-02-13T13:30:06","modified_gmt":"2025-02-13T12:30:06","slug":"mestska-cast-praha-14","status":"publish","type":"page","link":"https:\/\/metropolevsech.eu\/cs\/kontakty\/urady-v-praze\/mestske-casti\/jednotlive-mestske-casti\/mestska-cast-praha-14\/","title":{"rendered":"M\u010c Praha 14"},"content":{"rendered":"<p><\/p>\n<h3><strong>\u00da\u0158AD M\u011aSTSK\u00c9 \u010c\u00c1STI PRAHA 14<\/strong><\/h3>\n<p><strong>\u00a0<\/strong><\/p>\n<p><strong>adresa:<\/strong> Brat\u0159\u00ed Vencl\u00edk\u016f 1073\/8, 198 21 Praha 9-\u010cern\u00fd Most<\/p>\n<p><strong>telefon \u00fast\u0159edna<\/strong>: 225 295\u00a0101<\/p>\n<p><strong>telefon informa\u010dn\u00ed kancel\u00e1\u0159<\/strong>: 225 295\u00a0270<\/p>\n<p><strong>telefon podatelna<\/strong>: 281 912 861<\/p>\n<p><strong>e-mail<\/strong>: <a href=\"mailto:podatelna@praha14.cz\">podatelna@praha14.cz<\/a>, <a href=\"mailto:informace@praha14.cz\">informace@praha14.cz<\/a><\/p>\n<p><strong>internetov\u00e1 adresa<\/strong>: <a href=\"\/\/www.praha14.cz\">www.praha14.cz<\/a><\/p>\n<p>&nbsp;<\/p>\n<p><strong>kontaktn\u00ed osoba pro oblast migrace:<\/strong><\/p>\n<p><span style=\"font-weight: 400;\">Franti\u0161ek Brad\u00e1\u010d, DiS <\/span><a href=\"mailto:frantisek.bradac@praha14.cz\"><span style=\"font-weight: 400;\">frantisek.bradac@praha14.cz<\/span><\/a><\/p>\n<p><span style=\"font-weight: 400;\">Mgr. Liudmila Gasina <\/span><a href=\"mailto:liudmila.gasina@praha14.cz\"><span style=\"font-weight: 400;\">liudmila.gasina@praha14.cz<\/span><\/a><span style=\"font-weight: 400;\">\u00a0<\/span><\/p>\n<p><strong>telefon<\/strong>: 225\u00a0295\u00a0343<\/p>\n<p>&nbsp;<\/p>\n<p>M\u011bstsk\u00e1 \u010d\u00e1st Praha 14 se nach\u00e1z\u00ed na severov\u00fdchodn\u00edm okraji Prahy na \u00fazem\u00ed, kter\u00e9 zahrnuje p\u016fvodn\u00ed historick\u00e9 obce Kyje, Hloub\u011bt\u00edn a Hostavice a v ned\u00e1vn\u00e9 dob\u011b vznikl\u00e1 s\u00eddli\u0161t\u011b \u010cern\u00fd Most I a II.<\/p>\n<p>\u00da\u0159ad m\u011bstsk\u00e9 \u010d\u00e1sti Praha 14 je dlouhodob\u011b aktivn\u00ed v podpo\u0159e integrace migrant\u016f do \u010desk\u00e9 spole\u010dnosti na sv\u00e9m \u00fazem\u00ed. Ve sv\u00fdch aktivit\u00e1ch se m\u011bstsk\u00e1 \u010d\u00e1st zam\u011b\u0159uje na n\u00e1sleduj\u00edc\u00ed oblasti:<\/p>\n<ul class=\"bullet\">\n<li style=\"font-weight: 400;\"><a href=\"#Konzultace\"><b>Konzultace, poskytov\u00e1n\u00ed informac\u00ed a podpory cizinc\u016fm<\/b><\/a><\/li>\n<li style=\"font-weight: 400;\"><a href=\"#podpora\"><b>Podpora d\u011btem<\/b><\/a><\/li>\n<li style=\"font-weight: 400;\"><a href=\"#dospele\"><b>Vzd\u011bl\u00e1v\u00e1n\u00ed dosp\u011bl\u00fdch<\/b><\/a><\/li>\n<li style=\"font-weight: 400;\"><a href=\"#poradenstvi\"><b>Odborn\u00e9 poradenstv\u00ed<\/b><\/a><\/li>\n<li style=\"font-weight: 400;\"><a href=\"#akce\"><b>Komunitn\u00ed akce s integra\u010dn\u00edm potenci\u00e1lem<\/b><\/a><\/li>\n<li style=\"font-weight: 400;\"><a href=\"#kulturni\"><b>Kulturn\u00ed \u017eivot\u00a0<\/b><\/a><\/li>\n<li style=\"font-weight: 400;\"><a href=\"#sluzby\"><b>U\u017eite\u010dn\u00e9 slu\u017eby \u00fa\u0159adu Prahy 14<\/b><\/a><\/li>\n<\/ul>\n<p>&nbsp;<\/p>\n<h2><span style=\"color: #ff0000;\"><b>Konzultace, poskytov\u00e1n\u00ed informac\u00ed a podpory cizinc\u016fm<\/b><\/span><\/h2>\n<p><b>Vyu\u017e\u00edv\u00e1n\u00ed soci\u00e1ln\u00edch s\u00edt\u00ed M\u010c Praha 14<\/b><\/p>\n<p><span style=\"font-weight: 400;\">V\u011bt\u0161ina zpr\u00e1v o \u017eivot\u011b okresu na hlavn\u00edch port\u00e1lech je poskytov\u00e1na v \u010de\u0161tin\u011b,<\/span><span style=\"font-weight: 400;\"> z toho d\u016fvodu Praha<\/span><span style=\"font-weight: 400;\"> 14 zalo\u017eila<\/span><span style=\"font-weight: 400;\"> vlastn\u00ed soci\u00e1ln\u00ed s\u00edt\u011b, <\/span><span style=\"font-weight: 400;\">na nich\u017e sd\u00edl\u00ed<\/span><span style=\"font-weight: 400;\"> relevantn\u00ed zpr\u00e1vy a zaj\u00edmav\u00e9 ud\u00e1losti v ru\u0161tin\u011b (Vkontakte), angli\u010dtin\u011b a vietnam\u0161tin\u011b (Facebook).\u00a0<\/span><\/p>\n<p><b>Prague 14 Neighbours<\/b><\/p>\n<p><a href=\"\/\/www.facebook.com\/groups\/prague14neighbours\/\"><span style=\"font-weight: 400;\">\/\/www.facebook.com\/groups\/prague14neighbours\/<\/span><\/a><\/p>\n<p><b>C\u1ed9ng \u0111\u1ed3ng Praha 14<\/b><\/p>\n<p><a href=\"\/\/www.facebook.com\/groups\/congdongpraha14\/\"><span style=\"font-weight: 400;\">\/\/www.facebook.com\/groups\/congdongpraha14\/<\/span><\/a><\/p>\n<p><b>\u0421\u043e\u0441\u0435\u0434\u0438 \u041f\u0440\u0430\u0433\u0438 14<\/b><\/p>\n<p><a href=\"\/\/vk.com\/sosediprahy14\"><span style=\"font-weight: 400;\">\/\/vk.com\/sosediprahy14<\/span><\/a><\/p>\n<p>&nbsp;<\/p>\n<h3><span style=\"color: #ff0000;\"><b>Realizace interkulturn\u00ed a komunitn\u00ed pr\u00e1ce<\/b><\/span><\/h3>\n<p><span style=\"font-weight: 400;\">M\u010c Praha 14 <\/span><span style=\"font-weight: 400;\">nab\u00edz\u00ed bezplatn\u00e9 slu\u017eby <\/span><span style=\"font-weight: 400;\">interkulturn\u00edho pracovn\u00edka, <\/span><span style=\"font-weight: 400;\">kter\u00fd migrant\u016fm poskytuje pomoc v \u0159ad\u011b oblast\u00ed<\/span><span style=\"font-weight: 400;\">. Kontaktujte na\u0161eho pracovn\u00edka <\/span><span style=\"font-weight: 400;\">v t\u011bchto p\u0159\u00edpadech<\/span><span style=\"font-weight: 400;\">:<\/span><\/p>\n<ul>\n<li><span style=\"font-weight: 400;\"> \u2022 \u00a0Pr\u00e1v\u011b jste p\u0159ijeli a chcete zjistit z\u00e1kladn\u00ed informace o bydlen\u00ed, vyhled\u00e1n\u00ed l\u00e9ka\u0159e, \u0161koly nebo pr\u00e1ce (atd.).<\/span><\/li>\n<li><span style=\"font-weight: 400;\"> \u2022 \u00a0Pot\u0159ebujete pr\u00e1vn\u00ed nebo soci\u00e1ln\u00ed poradenstv\u00ed.<\/span><\/li>\n<li><span style=\"font-weight: 400;\"> \u2022 \u00a0Hled\u00e1te bezplatn\u00e9 kurzy \u010de\u0161tiny.<\/span><\/li>\n<li><span style=\"font-weight: 400;\"> \u2022 \u00a0Pot\u0159ebujete tlumo\u010dn\u00edka, proto\u017ee va\u0161e \u010de\u0161tina je\u0161t\u011b nen\u00ed na dostate\u010dn\u00e9 \u00farovni.<\/span><\/li>\n<\/ul>\n<p><span style=\"font-weight: 400;\">Interkulturn\u00ed pracovn\u00edk d\u00e1le poskytuje informace o podp\u016frn\u00fdch programech pro migranty <\/span><span style=\"font-weight: 400;\">organizovan\u00fdch M\u010c Praha 14<\/span><span style=\"font-weight: 400;\">, <\/span><span style=\"font-weight: 400;\">o programech a akc\u00edch kulturn\u00edch center<\/span><span style=\"font-weight: 400;\"> KC Plech\u00e1rna, KC Karda\u0161ovsk\u00e1, KC H55 a KD Kyje. <\/span><span style=\"font-weight: 400;\">V\u0161ech t\u011bchto ud\u00e1lost\u00ed se m\u016f\u017eete \u00fa\u010dastnit aktivn\u011b, bezplatn\u011b nebo za minim\u00e1ln\u00ed poplatky.<\/span><\/p>\n<p><span style=\"font-weight: 400;\">Mimo to v\u00e1m poskytneme informace, jak realizovat<\/span><span style=\"font-weight: 400;\"> komunitn\u00ed akce nebo sv\u00e9 n\u00e1pady v M\u010c Praha 14.\u00a0<\/span><\/p>\n<p><span style=\"font-weight: 400;\">M\u00e1te-li dotazy, kontaktujte na\u0161eho pracovn\u00edka:\u00a0<\/span><\/p>\n<p><span style=\"font-weight: 400;\">Mgr. Liudmila Gasina<\/span><\/p>\n<p><span style=\"font-weight: 400;\">e-mail: <a href=\"mailto:liudmila.gasina@praha14.cz\">liudmila.gasina@praha14.cz<\/a><\/span><\/p>\n<h2><\/h2>\n<h2><span style=\"color: #ff0000;\"><b>Podpora d\u011bt\u00ed s odli\u0161n\u00fdm mate\u0159sk\u00fdm jazykem<\/b><\/span><\/h2>\n<p><span style=\"font-weight: 400;\">V r\u00e1mci agendy integrace cizinc\u016f se klade velk\u00fd d\u016fraz na podporu d\u011bt\u00ed migrant\u016f p\u0159i v\u00fduce \u010desk\u00e9ho jazyka. M\u010c Praha 14 realizuje \u0159adu program\u016f, zam\u011b\u0159en\u00fdch na co nejefektivn\u011bj\u0161\u00ed za\u0159azen\u00ed d\u011bt\u00ed do \u010desk\u00e9ho prost\u0159ed\u00ed.<\/span><\/p>\n<p><span style=\"font-weight: 400;\">U\u010ditel\u00e9 a zam\u011bstnanci mate\u0159sk\u00fdch a z\u00e1kladn\u00edch \u0161kol pom\u00e1haj\u00ed ka\u017ed\u00e9mu d\u00edt\u011bti. D\u00edky\u00a0 bohat\u00fdm zku\u0161enostem s integrac\u00ed cizinc\u016f do \u010desk\u00e9ho prost\u0159ed\u00ed se d\u011bti rychle za\u010d\u00ednaj\u00ed orientovat ve \u0161koln\u00edch osnov\u00e1ch a komunikovat se spolu\u017e\u00e1ky. Chcete-li, aby va\u0161e d\u00edt\u011b nav\u0161t\u011bvovalo \u0161kolu s integra\u010dn\u00edm programem, kontaktujte jednu z n\u00e1sleduj\u00edc\u00edch:<\/span><\/p>\n<ul>\n<li style=\"font-weight: 400;\"><span style=\"font-weight: 400;\">\u2022 \u00a0Z\u0160 Praha 9, Lehovec, Chvaletick\u00e1 918,<\/span><\/li>\n<li style=\"font-weight: 400;\"><span style=\"font-weight: 400;\">\u2022 \u00a0Z\u0160 Praha 9, \u010cern\u00fd Most, Vyb\u00edralova 964,<\/span><\/li>\n<li style=\"font-weight: 400;\"><span style=\"font-weight: 400;\">\u2022 \u00a0Z\u0160 Hloub\u011bt\u00ednsk\u00e1 700, Lehovec,<br \/>\n<\/span><\/li>\n<li style=\"font-weight: 400;\"><span style=\"font-weight: 400;\">\u2022 \u00a0Z\u0160 Brat\u0159\u00ed Vencl\u00edk\u016f, \u010cern\u00fd Most, B\u0159\u00ed. Vencl\u00edk\u016f 1140,<\/span><\/li>\n<li style=\"font-weight: 400;\"><span style=\"font-weight: 400;\">\u2022 \u00a0Z\u0160 Gener\u00e1la Janou\u0161ka, \u010cern\u00fd Most, Gen. Janou\u0161ka 1006,<\/span><\/li>\n<li style=\"font-weight: 400;\"><span style=\"font-weight: 400;\">\u2022 \u00a0M\u0160 Kor\u00e1lek, Bobkova 766,<\/span><\/li>\n<li style=\"font-weight: 400;\"><span style=\"font-weight: 400;\">\u2022 \u00a0M\u0160 Obl\u00e1\u010dek, \u0160ebelova 874,<\/span><\/li>\n<li style=\"font-weight: 400;\"><span style=\"font-weight: 400;\">\u2022 \u00a0M\u0160 Vyb\u00edralova 968,<\/span><\/li>\n<li style=\"font-weight: 400;\"><span style=\"font-weight: 400;\">\u2022 \u00a0M\u0160 Paculova 1115,<\/span><\/li>\n<li style=\"font-weight: 400;\"><span style=\"font-weight: 400;\">\u2022 \u00a0M\u0160 Slun\u00ed\u010dko, \u010cern\u00fd Most, Gen. Janou\u0161ka 1005.<\/span><\/li>\n<\/ul>\n<p><span style=\"font-weight: 400;\">\u00da\u010dast na v\u0161ech kurzech \u010de\u0161tiny je zdarma.<\/span><\/p>\n<p>&nbsp;<\/p>\n<h2><span style=\"color: #ff0000;\"><b>Vzd\u011bl\u00e1v\u00e1n\u00ed dosp\u011bl\u00fdch<\/b><\/span><\/h2>\n<p><span style=\"font-weight: 400;\">Integrace dosp\u011bl\u00fdch migrant\u016f je nem\u00e9n\u011b d\u016fle\u017eit\u00e1 jako integrace d\u011bt\u00ed. Z tohoto d\u016fvodu M\u010c Praha 14 rozv\u00edj\u00ed tuto oblast ji\u017e n\u011bkolik let.\u00a0<\/span><\/p>\n<p><span style=\"font-weight: 400;\">Dosp\u011bl\u00ed maj\u00ed mo\u017enost p\u0159ihl\u00e1sit se do kurz\u016f, kde se mohou za\u010d\u00edt u\u010dit \u010desky. Rovn\u011b\u017e maj\u00ed p\u0159\u00edle\u017eitost \u00fa\u010dastnit se neform\u00e1ln\u00edch akc\u00ed, kde se mohou setk\u00e1vat s dal\u0161\u00edmi lidmi a pozn\u00e1vat \u010deskou kulturu.<\/span><\/p>\n<p><span style=\"font-weight: 400;\">Krom\u011b uveden\u00e9ho po\u0159\u00e1d\u00e1me sociokulturn\u00ed semin\u00e1\u0159e, kter\u00e9 napom\u00e1haj\u00ed integraci do m\u00edstn\u00edho prost\u0159ed\u00ed a pochopen\u00ed pr\u00e1v a povinnost\u00ed ob\u010dan\u016f.<\/span><\/p>\n<p><strong>\u00a0<\/strong><\/p>\n<h3><span style=\"color: #ff0000;\"><b>V\u00fduka \u010desk\u00e9ho jazyka<\/b><\/span><\/h3>\n<p><b><i>Farn\u00ed charita Praha 14<\/i><\/b><\/p>\n<p><span style=\"font-weight: 400;\">Bezplatn\u00e9 kurzy \u010de\u0161tiny po\u0159\u00e1d\u00e1 pobo\u010dka Arcidiec\u00e9zn\u00ed charity Praha \u2013 Farn\u00ed charita. <\/span><\/p>\n<p><a href=\"https:\/\/praha14.charita.cz\/jak-pomahame\/\">praha14.charita.cz\/jak-pomahame\/<\/a><\/p>\n<p>&nbsp;<\/p>\n<h2><span style=\"color: #ff0000;\"><b>Odborn\u00e9 poradenstv\u00ed<\/b><\/span><\/h2>\n<p><b>Organizace pro pomoc uprchl\u00edk\u016fm (OPU)<\/b><\/p>\n<p><span style=\"font-weight: 400;\">Na Praze 14 funguje ter\u00e9nn\u00ed poradenstv\u00ed neziskov\u00e9 organizace OPU, kter\u00e1 se specializuje na pomoc migrant\u016fm a uprchl\u00edk\u016fm v pr\u00e1vn\u00edch a soci\u00e1ln\u00edch v\u011bcech. V p\u0159\u00edpad\u011b pot\u0159eby se na n\u011b m\u016f\u017eete kdykoliv obr\u00e1tit.<\/span><\/p>\n<p><span style=\"font-weight: 400;\">Kvalifikovan\u00fd soci\u00e1ln\u00ed pracovn\u00edk a jeden z interkulturn\u00edch pracovn\u00edk\u016f (vietnamsky nebo rusky mluv\u00edc\u00ed) v r\u00e1mci ter\u00e9nn\u00ed pr\u00e1ce komunikuj\u00ed s migranty a poskytuj\u00ed jim pomoc a poradenstv\u00ed na m\u00edst\u011b.<\/span><\/p>\n<p><span style=\"font-weight: 400;\">Kontakt: +420 730 158 779, e-mail: <a href=\"mailto:opu@opu.cz\">opu@opu.cz<\/a><\/span><\/p>\n<p><strong>\u00a0<\/strong><\/p>\n<p><b>Integra\u010dn\u00ed centrum Praha (ICP)<\/b><\/p>\n<p><span style=\"font-weight: 400;\">ICP m\u00e1 svou vlastn\u00ed pobo\u010dku v Praze 14. Zde m\u00e1te mo\u017enost nav\u0161t\u00edvit bezplatnou konzultaci s pr\u00e1vn\u00edkem nebo soci\u00e1ln\u00edm pracovn\u00edkem.<\/span><\/p>\n<p><span style=\"font-weight: 400;\">V\u00edce informac\u00ed na: <\/span><a href=\"\/\/icpraha.com\/en\/\"><span style=\"font-weight: 400;\">icpraha.com\/en\/<\/span><\/a><span style=\"font-weight: 400;\">\u00a0<\/span><\/p>\n<p><span style=\"font-weight: 400;\">Adresa: Ku\u010derova 727\/3, Praha 14<\/span><strong><br \/>\n<\/strong><\/p>\n<p>&nbsp;<\/p>\n<h2><span style=\"color: #ff0000;\"><b>U\u017eite\u010dn\u00e9 slu\u017eby \u00fa\u0159adu Prahy 14<\/b><span style=\"font-weight: 400;\">\u00a0<\/span><\/span><\/h2>\n<h3><span style=\"color: #ff0000;\"><b>Pobo\u010dka \u00fa\u0159adu pr\u00e1ce<\/b><\/span><\/h3>\n<p><span style=\"font-weight: 400;\">Kontaktn\u00ed pracovi\u0161t\u011b<\/span> <span style=\"font-weight: 400;\">Praha 9<\/span><span style=\"font-weight: 400;\"> (pro Prahu 9, 14, 18, 19, 20 a 21)<\/span><\/p>\n<p><a href=\"\/\/www.uradprace.cz\/web\/cz\/kontakty-na-zamestnance-9\"><span style=\"font-weight: 400;\">\/\/www.uradprace.cz\/web\/cz\/kontakty-na-zamestnance-9<\/span><\/a><\/p>\n<p><a href=\"\/\/www.uradprace.cz\/web\/cz\/praha-9\"><span style=\"font-weight: 400;\">\/\/www.uradprace.cz\/web\/cz\/praha-9<\/span><\/a><\/p>\n<p><a href=\"\/\/www.uradprace.cz\/web\/cz\/volna-mista-v-cr\"><span style=\"font-weight: 400;\">\/\/www.uradprace.cz\/web\/cz\/volna-mista-v-cr<\/span><\/a><span style=\"font-weight: 400;\">\u00a0<\/span><\/p>\n<p><a href=\"\/\/portal.mpsv.cz\/upcr\/kp\/pha\/kop\/praha_9\/kontakty\"><span style=\"font-weight: 400;\">Kontakty na pracovi\u0161t\u011b<\/span><\/a><span style=\"font-weight: 400;\">,<\/span><a href=\"\/\/portal.mpsv.cz\/upcr\/kp\/pha\/kop\/praha_9\/vm\"> <span style=\"font-weight: 400;\">Voln\u00e1 m\u00edsta<\/span><\/a><\/p>\n<p><a><\/a><br \/>\n<b>\u00a0<\/b><span style=\"font-weight: 400;\">\u00a0<\/span><\/p>\n<h3><span style=\"color: #ff0000;\"><b>Kulturn\u00ed \u017eivot<\/b><\/span><\/h3>\n<p><span style=\"font-weight: 400;\">Na \u00fazem\u00ed Prahy 14 p\u016fsob\u00ed celkem 3 kulturn\u00ed domy. Jste-li obyvateli Prahy 14 a nev\u00edte o nich, doporu\u010dujeme sezn\u00e1mit se s nimi a jejich \u010dinnost\u00ed.<\/span><\/p>\n<p><span style=\"font-weight: 400;\">Kulturn\u00ed domy se vyzna\u010duj\u00ed bohat\u00fdm programem (po\u0159\u00e1d\u00e1n\u00ed kulturn\u00edch, z\u00e1bavn\u00edch, vzd\u011bl\u00e1vac\u00edch a sportovn\u00edch akc\u00ed) s n\u00edzk\u00fdm, pop\u0159\u00edpad\u011b \u017e\u00e1dn\u00fdm vstupn\u00fdm. O mnoha akc\u00edch a mistrovsk\u00fdch kurzech, kter\u00e9 se konaj\u00ed zcela zdarma, se m\u016f\u017eete dozv\u011bd\u011bt\u00a0 na str\u00e1nk\u00e1ch n\u011bkter\u00e9ho z t\u011bchto dom\u016f.<\/span><\/p>\n<p><span style=\"font-weight: 400;\">H55<\/span><\/p>\n<p><a href=\"\/\/www.h55.cz\/\"><span style=\"font-weight: 400;\">\/\/www.h55.cz\/<\/span><\/a><span style=\"font-weight: 400;\">\u00a0<\/span><\/p>\n<p><span style=\"font-weight: 400;\">Plech\u00e1rna<\/span><\/p>\n<p><a href=\"http:\/\/www.plecharnacernymost.cz\/cz\"><span style=\"font-weight: 400;\">\/\/www.plecharnacernymost.cz\/<\/span><\/a><span style=\"font-weight: 400;\">\u00a0<\/span><\/p>\n<p><span style=\"font-weight: 400;\">KD Kyje<\/span><\/p>\n<p><a href=\"http:\/\/www.kdkyje.cz\/\"><span style=\"font-weight: 400;\">\/\/www.kdkyje.cz\/<\/span><\/a><span style=\"font-weight: 400;\">\u00a0<\/span><\/p>\n<p><strong>\u00a0<\/strong><\/p>\n<p><span style=\"font-weight: 400;\">Kalend\u00e1\u0159 akc\u00ed v Praze 14<\/span><\/p>\n<p><span style=\"font-weight: 400;\">Nev\u00edte, kter\u00e9 kulturn\u00ed centrum si vybrat? Vyu\u017eijte kalend\u00e1\u0159 Prahy 14, nechte si zas\u00edlat informace o kulturn\u00edch akc\u00edch a podle va\u0161eho z\u00e1jmu a \u010dasov\u00fdch mo\u017enost\u00ed zvolte ten, kter\u00fd v\u00e1m nejv\u00edce vyhovuje.\u00a0<\/span><\/p>\n<p><a href=\"\/\/www.praha14.cz\/zivot-na-praze-14\/akce\/\"><span style=\"font-weight: 400;\">\/\/www.praha14.cz\/zivot-na-praze-14\/akce\/<\/span><\/a><span style=\"font-weight: 400;\">\u00a0<\/span><\/p>\n<p>&nbsp;<\/p>\n<h3><strong>Ostatn\u00ed \u00fa\u0159ady: <\/strong><\/h3>\n<h4>Pobo\u010dka \u00fa\u0159adu pr\u00e1ce<\/h4>\n<p>Kontaktn\u00ed pracovi\u0161t\u011b <a href=\"https:\/\/www.uradprace.cz\/praha-9\">Praha 9<\/a> (pro Prahu 9, 14, 18, 19, 20 a 21)<\/p>\n<p><a href=\"https:\/\/www.uradprace.cz\/praha-9\">Kontakty na pracovi\u0161t\u011b<\/a>, <a href=\"https:\/\/www.uradprace.cz\/web\/cz\/volna-mista-v-cr\">Voln\u00e1 m\u00edsta<\/a><\/p>\n<p><strong>\u00a0<\/strong><\/p>\n<h4><strong>Pra\u017esk\u00e1 spr\u00e1va soci\u00e1ln\u00edho zabezpe\u010den\u00ed (PSSZ)<\/strong><\/h4>\n<div class=\"box-ok\"><em>\u00dazemn\u00ed p\u016fsobnost \u00fa\u0159adu nen\u00ed d\u00e1na. M\u016f\u017eete tedy zvolit kter\u00e9koliv \u00fazemn\u00ed pracovi\u0161t\u011b bez ohledu na m\u00edsto pobytu \u010di s\u00eddlo.\u00a0<\/em><\/p>\n<p><em><a href=\"\/\/www.cssz.cz\/cz\/kontakty\/krajska-a-okresni-pracoviste\/praha\/\">Kontakty na jednotliv\u00e1 \u00fazemn\u00ed pracovi\u0161t\u011b<\/a><\/em><\/div>\n<p><strong>\u00a0<\/strong><\/p>\n<h4><strong>Finan\u010dn\u00ed \u00fa\u0159ad<\/strong><\/h4>\n<p>\u00dazemn\u00ed pracovi\u0161t\u011b pro Prahu 9<\/p>\n<p><strong>Adresa:<\/strong> n\u00e1b\u0159. Kpt. Jaro\u0161e 1000\/7, 170 00 Praha 7<\/p>\n<p><a href=\"https:\/\/www.financnisprava.cz\/cs\/financni-sprava\/financni-sprava-cr\/organizacni-struktura\/organy-financni-spravy\/uzemni-pracoviste\/2009-uzemni-pracoviste-pro-prahu-9\">Kontaktn\u00ed informace<\/a><\/p>","protected":false},"excerpt":{"rendered":"<p>\u00da\u0158AD M\u011aSTSK\u00c9 \u010c\u00c1STI PRAHA 14 \u00a0 adresa: Brat\u0159\u00ed Vencl\u00edk\u016f 1073\/8, 198 21 Praha 9-\u010cern\u00fd Most telefon \u00fast\u0159edna: 225 295\u00a0101 telefon informa\u010dn\u00ed kancel\u00e1\u0159: 225 295\u00a0270 telefon podatelna: 281 912 861 e-mail: podatelna@praha14.cz, informace@praha14.cz internetov\u00e1 adresa: www.praha14.cz &nbsp; kontaktn\u00ed osoba pro oblast&#8230;<\/p>\n<a class=\"more-block\" href=\"https:\/\/metropolevsech.eu\/cs\/kontakty\/urady-v-praze\/mestske-casti\/jednotlive-mestske-casti\/mestska-cast-praha-14\/\">\u010c\u00edst v\u00edce<\/a>","protected":false},"author":7,"featured_media":0,"parent":3406,"menu_order":14,"comment_status":"closed","ping_status":"closed","template":"","meta":[],"acf":[],"_links":{"self":[{"href":"https:\/\/metropolevsech.eu\/cs\/wp-json\/wp\/v2\/pages\/3434"}],"collection":[{"href":"https:\/\/metropolevsech.eu\/cs\/wp-json\/wp\/v2\/pages"}],"about":[{"href":"https:\/\/metropolevsech.eu\/cs\/wp-json\/wp\/v2\/types\/page"}],"author":[{"embeddable":true,"href":"https:\/\/metropolevsech.eu\/cs\/wp-json\/wp\/v2\/users\/7"}],"replies":[{"embeddable":true,"href":"https:\/\/metropolevsech.eu\/cs\/wp-json\/wp\/v2\/comments?post=3434"}],"version-history":[{"count":6,"href":"https:\/\/metropolevsech.eu\/cs\/wp-json\/wp\/v2\/pages\/3434\/revisions"}],"predecessor-version":[{"id":21876,"href":"https:\/\/metropolevsech.eu\/cs\/wp-json\/wp\/v2\/pages\/3434\/revisions\/21876"}],"up":[{"embeddable":true,"href":"https:\/\/metropolevsech.eu\/cs\/wp-json\/wp\/v2\/pages\/3406"}],"wp:attachment":[{"href":"https:\/\/metropolevsech.eu\/cs\/wp-json\/wp\/v2\/media?parent=3434"}],"curies":[{"name":"wp","href":"https:\/\/api.w.org\/{rel}","templated":true}]}}