{"id":3436,"date":"2017-05-14T22:41:51","date_gmt":"2017-05-14T20:41:51","guid":{"rendered":"https:\/\/metropolevsech.eu\/?page_id=3436"},"modified":"2025-02-20T13:07:40","modified_gmt":"2025-02-20T12:07:40","slug":"mestska-cast-praha-15","status":"publish","type":"page","link":"https:\/\/metropolevsech.eu\/cs\/kontakty\/urady-v-praze\/mestske-casti\/jednotlive-mestske-casti\/mestska-cast-praha-15\/","title":{"rendered":"M\u010c Praha 15"},"content":{"rendered":"<p><\/p>\n<h3><strong>\u00da\u0158AD M\u011aSTSK\u00c9 \u010c\u00c1STI PRAHA 15<\/strong><\/h3>\n<p>&nbsp;<\/p>\n<p><strong>adresa:<\/strong> Bolo\u0148sk\u00e1 478\/1, 109 00 Praha 10 \u2013 Horn\u00ed M\u011bcholupy<\/p>\n<p><strong>telefon \u00fast\u0159edna:<\/strong> 281 003 111<\/p>\n<p><strong>telefon informa\u010dn\u00ed kancel\u00e1\u0159:<\/strong> 281 003 190, 281 003 191<\/p>\n<p><strong>telefon podatelna:<\/strong> 281 003 192, 281 003 193<\/p>\n<p><strong>e-mail:<\/strong> <a href=\"mailto:podatelna@praha15.cz\">podatelna@praha15.cz<\/a><\/p>\n<p><strong>internetov\u00e1 adresa:<\/strong> <a href=\"\/\/www.praha15.cz\">www.praha15.cz<\/a><\/p>\n<p>&nbsp;<\/p>\n<div class=\"box-fixa\">Tato m\u011bstsk\u00e1 \u010d\u00e1st vykon\u00e1v\u00e1 \u00fakoly m\u011bstsk\u00e9 spr\u00e1vy i pro m\u011bstsk\u00e9 \u010d\u00e1sti Praha &#8211; Doln\u00ed M\u011bcholupy, Dube\u010d, Petrovice a \u0160t\u011brboholy.<\/div>\n<p>M\u011bstsk\u00e1 \u010d\u00e1st Praha 15 s po\u010dtem obyvatel v\u00edce ne\u017e 30 000 a rozlohou 10,2 km\u00b2 le\u017e\u00ed v jihov\u00fdchodn\u00ed \u010d\u00e1sti metropole a vznikla v roce 1994 spojen\u00edm katastr\u00e1ln\u00edch \u00fazem\u00ed <strong>Horn\u00ed M\u011bcholupy a Hostiva\u0159<\/strong>. Nach\u00e1z\u00ed se zde Hostiva\u0159sk\u00e1 p\u0159ehrada<strong>\u00a0<\/strong>s p\u0159ilehl\u00fdm lesoparkem a sportovn\u00ed are\u00e1l s kryt\u00fdm baz\u00e9nem a v\u00edce\u00fa\u010delovou halou. V bl\u00edzk\u00e9m okol\u00ed p\u0159ehrady se nach\u00e1zej\u00ed meandry Boti\u010de, kter\u00e9 byly vyhl\u00e1\u0161eny za chr\u00e1n\u011bn\u00e9 p\u0159\u00edrodn\u00ed \u00fazem\u00ed a oblast\u00a0Star\u00e9 Hostiva\u0159e<strong>\u00a0<\/strong>za pam\u00e1tkovou z\u00f3nu. <strong>Nad Hostiva\u0159skou p\u0159ehradou se nach\u00e1z\u00ed <\/strong>archeologick\u00e1 pam\u00e1tka I. kategorie<strong> Hradi\u0161t\u011b Hostiva\u0159.\u00a0<\/strong>Nejv\u00fdznamn\u011bj\u0161\u00ed\u00a0nemovit\u00e1 kulturn\u00ed\u00a0pam\u00e1tka Hostiva\u0159e <strong>Kostel St\u011bt\u00ed sv. Jana K\u0159titele<\/strong>\u00a0v Domk\u00e1\u0159sk\u00e9 ulici, pat\u0159\u00ed mezi nejstar\u0161\u00ed pra\u017esk\u00e9 svatyn\u011b.<\/p>\n<p>V sou\u010dasn\u00e9 dob\u011b je m\u011bstsk\u00e1 \u010d\u00e1st Praha 15 vyhled\u00e1vanou reziden\u010dn\u00ed \u010dtvrt\u00ed a volno\u010dasovou oblast\u00ed. S\u00a0rozvojem m\u011bstsk\u00e9 \u010d\u00e1sti a novou \u0159adovou v\u00fdstavbou vzniklo na \u00fazem\u00ed spr\u00e1vn\u00edho obvodu n\u011bkolik sportovi\u0161\u0165 a m\u00edst slou\u017e\u00edc\u00edch k\u00a0rekrea\u010dn\u00edm \u00fa\u010del\u016fm. Mezi v\u00fdznamn\u00e9 m\u016f\u017eeme za\u0159adit nap\u0159. golfov\u00e9 h\u0159i\u0161t\u011b, cyklostezky, lanov\u00fd park a nov\u00e1 \u00faprava hostiva\u0159sk\u00e9 p\u0159ehrady.<br \/>\nObyvatel\u00e9 M\u010c Praha 15 se mohou sch\u00e1zet a tr\u00e1vit sv\u016fj voln\u00fd \u010das v\u00a0z\u00e1jmov\u00fdch spolc\u00edch a organizac\u00edch, nap\u0159. Obec bar\u00e1\u010dn\u00edk\u016f, Ryb\u00e1\u0159sk\u00fd svaz, Sbor dobrovoln\u00fdch hasi\u010d\u016f, senio\u0159i pak v Klubu senior\u016f, nebo ve Svazu senior\u016f \u2013 Aktivn\u00ed senio\u0159i Praha 15 a mnoho dal\u0161\u00edch.<\/p>\n<p>M\u011bstsk\u00e1 \u010d\u00e1st Praha 15 podporuje z\u00e1kladn\u00ed \u0161koly p\u0159i vzd\u011bl\u00e1v\u00e1n\u00ed d\u011bt\u00ed cizinc\u016f pomoc\u00ed v\u00fduky \u010desk\u00e9ho jazyka, \u00fazce spolupracuje s\u00a0Interven\u010dn\u00edm centrem Praha p\u0159i \u0159e\u0161en\u00ed individu\u00e1ln\u00edch pot\u0159eb cizinc\u016f, v\u00a0r\u00e1mci dota\u010dn\u00edho programu p\u0159isp\u00edv\u00e1 ka\u017edoro\u010dn\u011b finan\u010dn\u00edmi prost\u0159edky na kulturn\u00ed akce po\u0159\u00e1dan\u00e9 ve spr\u00e1vn\u00edm obvod\u011b pro n\u00e1rodnostn\u00ed men\u0161iny.<\/p>\n<p>&nbsp;<\/p>\n<h3><strong>Ostatn\u00ed \u00fa\u0159ady: <\/strong><\/h3>\n<h4><strong>Pobo\u010dka \u00fa\u0159adu pr\u00e1ce<\/strong><\/h4>\n<p>K<strong>ontaktn\u00ed pracovi\u0161t\u011b <\/strong><a href=\"https:\/\/www.uradprace.cz\/praha-10\"><strong>Praha 10<\/strong><\/a> <strong>(pro Prahu 10, 15 a 22)<\/strong><\/p>\n<p><strong><a href=\"https:\/\/www.uradprace.cz\/praha-10\">Kontakty na pracovi\u0161t\u011b<\/a><\/strong><strong>, <\/strong><strong><a href=\"https:\/\/www.uradprace.cz\/web\/cz\/volna-mista-v-cr\">Voln\u00e1 m\u00edsta<\/a><\/strong><a href=\"https:\/\/www.uradprace.cz\/kontakty-na-zamestnance-8\"><\/a><\/p>\n<p><strong>\u00a0<\/strong><\/p>\n<h4><strong>Pra\u017esk\u00e1 spr\u00e1va soci\u00e1ln\u00edho zabezpe\u010den\u00ed (PSSZ)<\/strong><\/h4>\n<div class=\"box-ok\"><em>\u00dazemn\u00ed p\u016fsobnost \u00fa\u0159adu nen\u00ed d\u00e1na. M\u016f\u017eete tedy zvolit kter\u00e9koliv \u00fazemn\u00ed pracovi\u0161t\u011b bez ohledu na m\u00edsto pobytu \u010di s\u00eddlo. <\/em><\/p>\n<p><em><a href=\"\/\/www.cssz.cz\/cz\/kontakty\/krajska-a-okresni-pracoviste\/praha\/\">Kontakty na jednotliv\u00e1 \u00fazemn\u00ed pracovi\u0161t\u011b<\/a><\/em><\/div>\n<p><strong>\u00a0<\/strong><\/p>\n<h4><strong>Finan\u010dn\u00ed \u00fa\u0159ad<\/strong><\/h4>\n<p>\u00dazemn\u00ed pracovi\u0161t\u011b pro Prahu 10<\/p>\n<p><strong>Adresa:<\/strong> Praha 10 (\u010d\u00e1st Vr\u0161ovice), Petrohradsk\u00e1 6, 101\u00a000<\/p>\n<p><a href=\"https:\/\/www.financnisprava.cz\/cs\/financni-sprava\/financni-sprava-cr\/organizacni-struktura\/organy-financni-spravy\/uzemni-pracoviste\/2010-uzemni-pracoviste-pro-prahu-10\">Kontaktn\u00ed informace<\/a><\/p>","protected":false},"excerpt":{"rendered":"<p>\u00da\u0158AD M\u011aSTSK\u00c9 \u010c\u00c1STI PRAHA 15 &nbsp; adresa: Bolo\u0148sk\u00e1 478\/1, 109 00 Praha 10 \u2013 Horn\u00ed M\u011bcholupy telefon \u00fast\u0159edna: 281 003 111 telefon informa\u010dn\u00ed kancel\u00e1\u0159: 281 003 190, 281 003 191 telefon podatelna: 281 003 192, 281 003 193 e-mail: podatelna@praha15.cz&#8230;<\/p>\n<a class=\"more-block\" href=\"https:\/\/metropolevsech.eu\/cs\/kontakty\/urady-v-praze\/mestske-casti\/jednotlive-mestske-casti\/mestska-cast-praha-15\/\">\u010c\u00edst v\u00edce<\/a>","protected":false},"author":7,"featured_media":0,"parent":3406,"menu_order":15,"comment_status":"closed","ping_status":"closed","template":"","meta":[],"acf":[],"_links":{"self":[{"href":"https:\/\/metropolevsech.eu\/cs\/wp-json\/wp\/v2\/pages\/3436"}],"collection":[{"href":"https:\/\/metropolevsech.eu\/cs\/wp-json\/wp\/v2\/pages"}],"about":[{"href":"https:\/\/metropolevsech.eu\/cs\/wp-json\/wp\/v2\/types\/page"}],"author":[{"embeddable":true,"href":"https:\/\/metropolevsech.eu\/cs\/wp-json\/wp\/v2\/users\/7"}],"replies":[{"embeddable":true,"href":"https:\/\/metropolevsech.eu\/cs\/wp-json\/wp\/v2\/comments?post=3436"}],"version-history":[{"count":5,"href":"https:\/\/metropolevsech.eu\/cs\/wp-json\/wp\/v2\/pages\/3436\/revisions"}],"predecessor-version":[{"id":21917,"href":"https:\/\/metropolevsech.eu\/cs\/wp-json\/wp\/v2\/pages\/3436\/revisions\/21917"}],"up":[{"embeddable":true,"href":"https:\/\/metropolevsech.eu\/cs\/wp-json\/wp\/v2\/pages\/3406"}],"wp:attachment":[{"href":"https:\/\/metropolevsech.eu\/cs\/wp-json\/wp\/v2\/media?parent=3436"}],"curies":[{"name":"wp","href":"https:\/\/api.w.org\/{rel}","templated":true}]}}