{"id":3438,"date":"2017-05-14T22:43:04","date_gmt":"2017-05-14T20:43:04","guid":{"rendered":"https:\/\/metropolevsech.eu\/?page_id=3438"},"modified":"2025-02-20T12:18:15","modified_gmt":"2025-02-20T11:18:15","slug":"mestska-cast-praha-17","status":"publish","type":"page","link":"https:\/\/metropolevsech.eu\/cs\/kontakty\/urady-v-praze\/mestske-casti\/jednotlive-mestske-casti\/mestska-cast-praha-17\/","title":{"rendered":"M\u010c Praha 17"},"content":{"rendered":"<p><\/p>\n<h3><strong>\u00da\u0158AD M\u011aSTSK\u00c9 \u010c\u00c1STI PRAHA 17<\/strong><\/h3>\n<p><strong>adresa:<\/strong> \u017dalansk\u00e9ho 291\/12b, 163 00 Praha-\u0158epy<\/p>\n<p><strong>telefon <\/strong><strong>\u00fast\u0159edna:<\/strong> 234 683 111, 235 300\u00a0005,<\/p>\n<p><strong>fax:<\/strong> 235 300 129<\/p>\n<p><strong>e-mail:<\/strong> <a href=\"mailto:podatelna@praha17.cz\">podatelna@praha17.cz<\/a><\/p>\n<p><strong>internetov\u00e1 adresa:<\/strong> <a href=\"\/\/www.repy.cz\">www.repy.cz<\/a><\/p>\n<div class=\"box-fixa\"><em>Tento samostatn\u00fd spr\u00e1vn\u00ed obvod vznikl v\u00a0roce 2001 a vykon\u00e1v\u00e1 st\u00e1tn\u00ed spr\u00e1vu pro katastr\u00e1ln\u00ed \u00fazem\u00ed \u0158epy, Zli\u010d\u00edn a \u010d\u00e1st T\u0159ebonic.\u00a0<\/em><\/div>\n<p><strong>\u0158epy<\/strong> (n\u011bmecky R\u00fcben) jsou <a href=\"\/\/cs.wikipedia.org\/wiki\/Katastr%C3%A1ln%C3%AD_%C3%BAzem%C3%AD\">katastr\u00e1ln\u00ed \u00fazem\u00ed<\/a> <a href=\"\/\/cs.wikipedia.org\/wiki\/Praha\">Prahy<\/a>, tvo\u0159\u00edc\u00ed \u00fazem\u00ed <a href=\"\/\/cs.wikipedia.org\/wiki\/M%C4%9Bstsk%C3%A1_%C4%8D%C3%A1st_a_m%C4%9Bstsk%C3%BD_obvod\">m\u011bstsk\u00e9 \u010d\u00e1sti<\/a> <strong>Praha 17<\/strong> v <a href=\"\/\/cs.wikipedia.org\/wiki\/M%C4%9Bstsk%C3%A1_%C4%8D%C3%A1st_a_m%C4%9Bstsk%C3%BD_obvod\">m\u011bstsk\u00e9m obvod\u011b<\/a> <a href=\"\/\/cs.wikipedia.org\/wiki\/Praha_6\">Praha 6<\/a>. Nach\u00e1zej\u00ed se na z\u00e1pad\u011b m\u011bsta, severn\u011b od vjezdu <a href=\"\/\/cs.wikipedia.org\/wiki\/D%C3%A1lnice_D5\">d\u00e1lnice D5<\/a> do Prahy. Prvn\u00ed p\u00edsemn\u00e1 zm\u00ednka o \u0158ep\u00edch poch\u00e1z\u00ed z roku 993 ze zakl\u00e1dac\u00ed listiny <a href=\"\/\/cs.wikipedia.org\/wiki\/B%C5%99evnovsk%C3%BD_kl%C3%A1%C5%A1ter\">B\u0159evnovsk\u00e9ho kl\u00e1\u0161tera<\/a>.<\/p>\n<p>V\u00a0roce 2016 M\u010c Praha 17 poprv\u00e9 vyu\u017eila dota\u010dn\u00edho programu na podporu integrace cizinc\u016f, v\u00a0jeho\u017e r\u00e1mci nab\u00eddla mate\u0159sk\u00fdm a z\u00e1kladn\u00edm \u0161kol\u00e1m v\u00a0regionu akreditovan\u00e9 vzd\u011bl\u00e1vac\u00ed kurzy pro pedagogy, v\u00fdchovn\u011b-vzd\u011bl\u00e1vac\u00ed workshopy pro \u017e\u00e1ky, kurz \u010desk\u00e9ho jazyka pro p\u0159ed\u0161kol\u00e1ky a d\u00e1le podporu mate\u0159sk\u00fdch a z\u00e1kladn\u00edch \u0161kol, zam\u011b\u0159enou na p\u0159eklad a tlumo\u010den\u00ed p\u0159i z\u00e1pisech, t\u0159\u00eddn\u00edch sch\u016fzk\u00e1ch a dal\u0161\u00edch situac\u00edch vy\u017eaduj\u00edc\u00edch tlumo\u010den\u00ed a mediaci.<\/p>\n<p>Dal\u0161\u00ed u\u017eite\u010dn\u00e9 informace nejen k\u00a0aktivit\u00e1m projektu v\u00a0roce 2016, ale i kontakty na n\u00e1vazn\u00e9 slu\u017eby, p\u0159\u00edpadn\u011b odkazy na dal\u0161\u00ed instituce \u010di organizace, zab\u00fdvaj\u00edc\u00ed se problematikou integrace cizinc\u016f, naleznete na n\u00e1sleduj\u00edc\u00edch webov\u00fdch str\u00e1nk\u00e1ch.<\/p>\n<ul class=\"bullet-links\">\n<li><a href=\"\/\/www.repy.cz\/mc\/integrace-cizincu-v-mestske-casti-praha-17?highlightWords=integrace+cizinc%C5%AF\">M\u011bstsk\u00e1 \u010d\u00e1st Praha 17 \u0158epy<\/a><\/li>\n<li><a href=\"\/\/www.repy.cz\/mc\/projekt-jsme-sousede\">Projekt jsme soused\u00e9<\/a><\/li>\n<\/ul>\n<p>&nbsp;<\/p>\n<p><strong>Ostatn\u00ed \u00fa\u0159ady: <\/strong><\/p>\n<h4>Pobo\u010dka \u00fa\u0159adu pr\u00e1ce<\/h4>\n<p><strong>Kontaktn\u00ed pracovi\u0161t\u011b <\/strong><a href=\"https:\/\/www.uradprace.cz\/praha-6\"><strong>Praha 6<\/strong><\/a> <strong>(pro Prahu 6 a 17)<\/strong><\/p>\n<p><a href=\"https:\/\/www.uradprace.cz\/praha-6\">Kontakty na pracovi\u0161t\u011b<\/a>, <a href=\"https:\/\/www.uradprace.cz\/web\/cz\/volna-mista-v-cr\">Voln\u00e1 m\u00edsta<\/a><\/p>\n<p><strong>\u00a0<\/strong><\/p>\n<h4><strong>Pra\u017esk\u00e1 spr\u00e1va soci\u00e1ln\u00edho zabezpe\u010den\u00ed (PSSZ)<\/strong><\/h4>\n<div class=\"box-ok\"><em>\u00dazemn\u00ed p\u016fsobnost \u00fa\u0159adu nen\u00ed d\u00e1na. M\u016f\u017eete tedy zvolit kter\u00e9koliv \u00fazemn\u00ed pracovi\u0161t\u011b bez ohledu na m\u00edsto pobytu \u010di s\u00eddlo.<\/em><\/p>\n<p><em><a href=\"\/\/www.cssz.cz\/cz\/kontakty\/krajska-a-okresni-pracoviste\/praha\/\">Kontakty na jednotliv\u00e1 \u00fazemn\u00ed pracovi\u0161t\u011b<\/a><\/em><\/p>\n<p><strong>\u00a0<\/strong><\/div>\n<p>&nbsp;<\/p>\n<h4><strong>Finan\u010dn\u00ed \u00fa\u0159ad<\/strong><\/h4>\n<p>\u00dazemn\u00ed pracovi\u0161t\u011b pro Prahu 6<\/p>\n<p><strong>Adresa:<\/strong> Praha 7 (\u010d\u00e1st Hole\u0161ovice), n\u00e1b\u0159e\u017e\u00ed kpt. Jaro\u0161e 1000\/7, 170 00<\/p>\n<p><a href=\"https:\/\/www.financnisprava.cz\/cs\/financni-sprava\/financni-sprava-cr\/organizacni-struktura\/organy-financni-spravy\/uzemni-pracoviste\/2006-uzemni-pracoviste-pro-prahu-6\">Kontaktn\u00ed informace<\/a><\/p>\n<p>&nbsp;<\/p>","protected":false},"excerpt":{"rendered":"<p>\u00da\u0158AD M\u011aSTSK\u00c9 \u010c\u00c1STI PRAHA 17 adresa: \u017dalansk\u00e9ho 291\/12b, 163 00 Praha-\u0158epy telefon \u00fast\u0159edna: 234 683 111, 235 300\u00a0005, fax: 235 300 129 e-mail: podatelna@praha17.cz internetov\u00e1 adresa: www.repy.cz \u0158epy (n\u011bmecky R\u00fcben) jsou katastr\u00e1ln\u00ed \u00fazem\u00ed Prahy, tvo\u0159\u00edc\u00ed \u00fazem\u00ed m\u011bstsk\u00e9 \u010d\u00e1sti Praha 17&#8230;<\/p>\n<a class=\"more-block\" href=\"https:\/\/metropolevsech.eu\/cs\/kontakty\/urady-v-praze\/mestske-casti\/jednotlive-mestske-casti\/mestska-cast-praha-17\/\">\u010c\u00edst v\u00edce<\/a>","protected":false},"author":7,"featured_media":0,"parent":3406,"menu_order":17,"comment_status":"closed","ping_status":"closed","template":"","meta":[],"acf":[],"_links":{"self":[{"href":"https:\/\/metropolevsech.eu\/cs\/wp-json\/wp\/v2\/pages\/3438"}],"collection":[{"href":"https:\/\/metropolevsech.eu\/cs\/wp-json\/wp\/v2\/pages"}],"about":[{"href":"https:\/\/metropolevsech.eu\/cs\/wp-json\/wp\/v2\/types\/page"}],"author":[{"embeddable":true,"href":"https:\/\/metropolevsech.eu\/cs\/wp-json\/wp\/v2\/users\/7"}],"replies":[{"embeddable":true,"href":"https:\/\/metropolevsech.eu\/cs\/wp-json\/wp\/v2\/comments?post=3438"}],"version-history":[{"count":4,"href":"https:\/\/metropolevsech.eu\/cs\/wp-json\/wp\/v2\/pages\/3438\/revisions"}],"predecessor-version":[{"id":21905,"href":"https:\/\/metropolevsech.eu\/cs\/wp-json\/wp\/v2\/pages\/3438\/revisions\/21905"}],"up":[{"embeddable":true,"href":"https:\/\/metropolevsech.eu\/cs\/wp-json\/wp\/v2\/pages\/3406"}],"wp:attachment":[{"href":"https:\/\/metropolevsech.eu\/cs\/wp-json\/wp\/v2\/media?parent=3438"}],"curies":[{"name":"wp","href":"https:\/\/api.w.org\/{rel}","templated":true}]}}