{"id":3440,"date":"2017-05-14T22:44:07","date_gmt":"2017-05-14T20:44:07","guid":{"rendered":"https:\/\/metropolevsech.eu\/?page_id=3440"},"modified":"2025-02-20T13:08:19","modified_gmt":"2025-02-20T12:08:19","slug":"mestska-cast-praha-16-2","status":"publish","type":"page","link":"https:\/\/metropolevsech.eu\/cs\/kontakty\/urady-v-praze\/mestske-casti\/jednotlive-mestske-casti\/mestska-cast-praha-16-2\/","title":{"rendered":"M\u010c Praha 16"},"content":{"rendered":"<p><\/p>\n<h3><strong>\u00da\u0158AD M\u011aSTSK\u00c9 \u010c\u00c1STI PRAHA 16<\/strong><\/h3>\n<p>&nbsp;<\/p>\n<p><strong>adresa:<\/strong> V\u00e1clava Bal\u00e9ho 23\/3, 153 00 Praha-Radot\u00edn<\/p>\n<p><strong>telefon \u00fast\u0159edna:<\/strong> 234 128 111, fax: 234 128 999<\/p>\n<p><strong>e-mail: <\/strong><a href=\"mailto:elpodatelna@praha16.eu\">elpodatelna@praha16.eu<\/a>, <a href=\"mailto:sekretariat@praha16.eu\">sekretariat@praha16.eu<\/a><\/p>\n<p><strong>internetov\u00e1 adresa: <\/strong><a href=\"http:\/\/www.praha16.eu\">www.praha16.eu<\/a><\/p>\n<p>&nbsp;<\/p>\n<p>M\u011bstskou \u010d\u00e1st Praha 16 tvo\u0159\u00ed katastr\u00e1ln\u00ed \u00fazem\u00ed Radot\u00edn, kter\u00e9 se rozkl\u00e1d\u00e1 na lev\u00e9m b\u0159ehu \u0159eky Berounky nedaleko soutoku s Vltavou na jihoz\u00e1padn\u00edm okraji Prahy.<\/p>\n<p>&nbsp;<\/p>\n<h3><strong>Ostatn\u00ed \u00fa\u0159ady: <\/strong><\/h3>\n<h4><strong>Pobo\u010dka \u00fa\u0159adu pr\u00e1ce <\/strong><\/h4>\n<p>Kontaktn\u00ed pracovi\u0161t\u011b <a href=\"https:\/\/www.uradprace.cz\/web\/cz\/praha-5#praha-16\">Praha 5<\/a> (pro Prahu 5, 13 a 16)<\/p>\n<p><a href=\"https:\/\/www.uradprace.cz\/web\/cz\/praha-5#praha-16\">Kontakty na pracovi\u0161t\u011b<\/a>, <a href=\"https:\/\/www.uradprace.cz\/web\/cz\/volna-mista-v-cr\">Voln\u00e1 m\u00edsta<\/a><\/p>\n<p>&nbsp;<\/p>\n<h4><strong>Pra\u017esk\u00e1 spr\u00e1va soci\u00e1ln\u00edho zabezpe\u010den\u00ed (PSSZ)<\/strong><\/h4>\n<div class=\"box-ok\"><\/p>\n<p><em>\u00dazemn\u00ed p\u016fsobnost \u00fa\u0159adu nen\u00ed d\u00e1na. M\u016f\u017eete tedy zvolit kter\u00e9koliv \u00fazemn\u00ed pracovi\u0161t\u011b bez ohledu na m\u00edsto pobytu \u010di s\u00eddlo.<\/em><\/p>\n<p><em><a href=\"http:\/\/www.cssz.cz\/cz\/kontakty\/krajska-a-okresni-pracoviste\/praha\/\">Kontakty na jednotliv\u00e1 \u00fazemn\u00ed pracovi\u0161t\u011b<\/a><\/em><\/p>\n<p><\/div>\n<p><strong>\u00a0<\/strong><\/p>\n<h4><strong>Finan\u010dn\u00ed \u00fa\u0159ad<\/strong><\/h4>\n<p>\u00dazemn\u00ed pracovi\u0161t\u011b pro Prahu 5<\/p>\n<p><strong>Adresa:<\/strong> Praha 5 (\u010d\u00e1st Radlice), Peroutkova 263\/61, 150\u00a000<\/p>\n<p><a href=\"https:\/\/www.financnisprava.cz\/cs\/financni-sprava\/financni-sprava-cr\/organizacni-struktura\/organy-financni-spravy\/uzemni-pracoviste\/2005-uzemni-pracoviste-pro-prahu-5\">Kontaktn\u00ed informace<\/a><\/p>","protected":false},"excerpt":{"rendered":"<p>\u00da\u0158AD M\u011aSTSK\u00c9 \u010c\u00c1STI PRAHA 16 &nbsp; adresa: V\u00e1clava Bal\u00e9ho 23\/3, 153 00 Praha-Radot\u00edn telefon \u00fast\u0159edna: 234 128 111, fax: 234 128 999 e-mail: elpodatelna@praha16.eu, sekretariat@praha16.eu internetov\u00e1 adresa: www.praha16.eu &nbsp; M\u011bstskou \u010d\u00e1st Praha 16 tvo\u0159\u00ed katastr\u00e1ln\u00ed \u00fazem\u00ed Radot\u00edn, kter\u00e9 se rozkl\u00e1d\u00e1&#8230;<\/p>\n<a class=\"more-block\" href=\"https:\/\/metropolevsech.eu\/cs\/kontakty\/urady-v-praze\/mestske-casti\/jednotlive-mestske-casti\/mestska-cast-praha-16-2\/\">\u010c\u00edst v\u00edce<\/a>","protected":false},"author":7,"featured_media":0,"parent":3406,"menu_order":16,"comment_status":"closed","ping_status":"closed","template":"","meta":[],"acf":[],"_links":{"self":[{"href":"https:\/\/metropolevsech.eu\/cs\/wp-json\/wp\/v2\/pages\/3440"}],"collection":[{"href":"https:\/\/metropolevsech.eu\/cs\/wp-json\/wp\/v2\/pages"}],"about":[{"href":"https:\/\/metropolevsech.eu\/cs\/wp-json\/wp\/v2\/types\/page"}],"author":[{"embeddable":true,"href":"https:\/\/metropolevsech.eu\/cs\/wp-json\/wp\/v2\/users\/7"}],"replies":[{"embeddable":true,"href":"https:\/\/metropolevsech.eu\/cs\/wp-json\/wp\/v2\/comments?post=3440"}],"version-history":[{"count":5,"href":"https:\/\/metropolevsech.eu\/cs\/wp-json\/wp\/v2\/pages\/3440\/revisions"}],"predecessor-version":[{"id":21918,"href":"https:\/\/metropolevsech.eu\/cs\/wp-json\/wp\/v2\/pages\/3440\/revisions\/21918"}],"up":[{"embeddable":true,"href":"https:\/\/metropolevsech.eu\/cs\/wp-json\/wp\/v2\/pages\/3406"}],"wp:attachment":[{"href":"https:\/\/metropolevsech.eu\/cs\/wp-json\/wp\/v2\/media?parent=3440"}],"curies":[{"name":"wp","href":"https:\/\/api.w.org\/{rel}","templated":true}]}}